{"id":10712,"date":"2020-11-02T12:27:55","date_gmt":"2020-11-02T11:27:55","guid":{"rendered":"http:\/\/icewp.udg.edu\/?page_id=10712"},"modified":"2022-09-26T11:37:45","modified_gmt":"2022-09-26T09:37:45","slug":"aprenentatge-reflexiu","status":"publish","type":"page","link":"https:\/\/iceberg.udg.edu\/?page_id=10712","title":{"rendered":"Aprenentatge Reflexiu"},"content":{"rendered":"\n<div class=\"wp-block-columns is-layout-flex wp-container-core-columns-is-layout-9d6595d7 wp-block-columns-is-layout-flex\">\n<div class=\"wp-block-column is-layout-flow wp-block-column-is-layout-flow\" style=\"flex-basis:30%\">\n<figure class=\"wp-block-image size-full\"><img loading=\"lazy\" decoding=\"async\" width=\"500\" height=\"334\" src=\"https:\/\/iceberg.udg.edu\/wp-content\/uploads\/2020\/11\/img_met_deco_1.jpg\" alt=\"\" class=\"wp-image-10732\" srcset=\"https:\/\/iceberg.udg.edu\/wp-content\/uploads\/2020\/11\/img_met_deco_1.jpg 500w, https:\/\/iceberg.udg.edu\/wp-content\/uploads\/2020\/11\/img_met_deco_1-300x200.jpg 300w\" sizes=\"auto, (max-width: 500px) 100vw, 500px\" \/><\/figure>\n<\/div>\n\n\n\n<div class=\"wp-block-column is-layout-flow wp-block-column-is-layout-flow\">\n<p>L\u2019objectiu d\u2019aquesta metodologia \u00e9s que l\u2019estudiant prengui consci\u00e8ncia del seu proc\u00e9s d\u2019aprenentatge. Els estudiants poden con\u00e8ixer les seves pr\u00f2pies potencialitats, detectar els seus punts forts i els seus punts febles i valorar l\u2019oportunitat de desenvolupar actituds personals i acad\u00e8miques que incideixin positivament en el seu proc\u00e9s d\u2019aprenentatge i desenvolupament acad\u00e8mic.<\/p>\n\n\n\n<p>Algunes de les estrat\u00e8gies que s\u2019utilitzen per fomentar aquest tipus d\u2019aprenentatge s\u00f3n el portafoli docent i el diari de pr\u00e0ctiques.<\/p>\n<\/div>\n<\/div>\n\n\n\n<div style=\"height:80px\" aria-hidden=\"true\" class=\"wp-block-spacer\"><\/div>\n\n\n<div  class=\"wp-block-ultimate-post-heading ultp-block-45665c\"><div class=\"ultp-block-wrapper\"><div class=\"ultp-heading-wrap ultp-heading-style9 ultp-heading-left\"><h2 class=\"ultp-heading-inner\"><span>Exemple d&#8217;aplicaci\u00f3<\/span><\/h2><\/div><\/div><\/div>\n\n\n<h3 class=\"wp-block-heading\">Aprenentatge Reflexiu aplicat a la F\u00edsica<\/h3>\n\n\n\n<div class=\"wp-block-columns is-layout-flex wp-container-core-columns-is-layout-9d6595d7 wp-block-columns-is-layout-flex\">\n<div class=\"wp-block-column is-layout-flow wp-block-column-is-layout-flow\">\n<p><strong>Tipus d\u2019assignatura<\/strong>: B\u00e0sica<br><strong>Grau<\/strong>: Graus de la Facultat de Ci\u00e8ncies (primer curs)<\/p>\n\n\n\n<p>Una part de l\u2019assignatura es dissenya a partir de definir activitats centrades en l\u2019estudiant. En l\u2019entorn de classe, l\u2019activitat s\u2019organitza al voltant d\u2019un conjunt d\u2019experiments en f\u00edsica. La base dels enfocaments \u00e9s la realitzaci\u00f3 d\u2019experiments a l\u2019aula o l\u2019experimentaci\u00f3 a partir d\u2019un v\u00eddeo sobre un experiment de f\u00edsica. Es defineixen tres tipus d\u2019activitats.<\/p>\n\n\n\n<p>En el primer conjunt d\u2019activitats, s\u2019estableix un enfocament centrat en el coneixement (KA) en el qual es fomenta la comprensi\u00f3 conceptual i l\u2019organitzaci\u00f3 del coneixement. \u00c9s a dir, s\u2019activa l\u2019aprensi\u00f3 i la intenci\u00f3 a trav\u00e9s d\u2019experi\u00e8ncies concretes i de reflexi\u00f3. Es demana als alumnes que escriguin un informe que descrigui cadascun dels experiments de f\u00edsica i que responguin al q\u00fcestionari RLQuest en relaci\u00f3 amb el proc\u00e9s reflexiu (taula 1).<\/p>\n<\/div>\n<\/div>\n\n\n\n<hr class=\"wp-block-separator has-text-color has-black-color has-css-opacity has-black-background-color has-background is-style-wide\"\/>\n\n\n\n<p><strong>Taula 1 <\/strong><\/p>\n\n\n\n<h4 class=\"wp-block-heading\">Preguntes sobre l\u2019avaluaci\u00f3 de l\u2019aprenentatge reflexiu<\/h4>\n\n\n\n<ol class=\"wp-block-list\"><li><strong>Coneixement d\u2019un mateix<\/strong><\/li><\/ol>\n\n\n\n<ul class=\"wp-block-list\"><li>P1. Analitzo el meu comportament davant les situacions professionals i quotidianes.<\/li><li>P2. Analitzo quines s\u00f3n les meves emocions quan s\u2019enfronten situacions professionals i quotidianes.<\/li><\/ul>\n\n\n\n<ol class=\"wp-block-list\" start=\"2\"><li><strong>Connexi\u00f3 de l\u2019experi\u00e8ncia amb el coneixement<\/strong><\/li><\/ol>\n\n\n\n<ul class=\"wp-block-list\"><li>P3. Connecto el coneixement amb les meves pr\u00f2pies experi\u00e8ncies, emocions i actituds.<\/li><li>P4. Selecciono la informaci\u00f3 rellevant en una situaci\u00f3 determinada.<\/li><li>P5. Realitzo hip\u00f2tesis de formulaci\u00f3 \/ contrast en una situaci\u00f3 determinada.<\/li><li>P6. Expresso raons i arguments per a la presa de decisions en una situaci\u00f3 determinada.<\/li><\/ul>\n\n\n\n<ol class=\"wp-block-list\" start=\"3\"><li><strong>Auto-reflexi\u00f3 sobre el proc\u00e9s d\u2019aprenentatge<\/strong><\/li><\/ol>\n\n\n\n<ul class=\"wp-block-list\"><li>P7. Milloro les meves habilitats de comunicaci\u00f3 escrita.<\/li><li>P8. Milloro les meves habilitats de comunicaci\u00f3 oral.<\/li><li>P9. Identifico els aspectes positius dels meus coneixements i habilitats.<\/li><li>P10. Identifico els aspectes negatius dels meus coneixements i habilitats.<\/li><li>P11. Identifico els aspectes positius de les meves actituds.<\/li><li>P12. Identifico els aspectes negatius de les meves actituds.<\/li><li>P13. Conec el que aprenc i com ho aprenc.<\/li><li>P14. Comprenc el que aprenc i com ho aprenc \u00e9s significatiu per a mi.<\/li><\/ul>\n\n\n\n<ol class=\"wp-block-list\" start=\"4\"><li><strong>Aprenentatge autoregulador<\/strong><\/li><\/ol>\n\n\n\n<ul class=\"wp-block-list\"><li>P15. Planifico el meu aprenentatge: els passos a seguir, organitzeu el material i el temps.<\/li><li>P16. Determino qui o qu\u00e8 he de consultar.<\/li><li>P17. Regulo el meu aprenentatge, analitzo les dificultats que tinc i avaluo com resoldre els problemes que trobo.<\/li><li>P18. Avaluo com planifico el meu aprenentatge, el resultat i el que he de fer per millorar.<\/li><\/ul>\n\n\n\n<p>Les activitats KA volen ajudar els estudiants a desenvolupar ecologies conceptuals de context, robustes i transferibles que es reconcilien completament amb les seves experi\u00e8ncies, percepcions i comprensions pr\u00e8vies. A m\u00e9s, els estudiants participen en un extens discurs dial\u00f2gic sobre idees cient\u00edfiques i les seves aplicacions, establertes en el context de q\u00fcestions i problemes rics i desafiants.<\/p>\n\n\n\n<p>En el segon conjunt d\u2019activitats, es demana als alumnes que descriguin cada activitat, per\u00f2 aquesta vegada amb un enfocament centrat en la formaci\u00f3. En aquest cas, el professor suggereix una s\u00e8rie de preguntes formatives (que figuren a la taula 2) per promoure comentaris positius (AFA). Les deu preguntes de la taula 2 s\u2019han triat per alinear-se amb el marc te\u00f2ric per mesurar els nivells de pensament reflexiu, a saber: acci\u00f3 habitual \/ no reflexi\u00f3, comprensi\u00f3, reflexi\u00f3 i reflexi\u00f3 cr\u00edtica. Els estudiants tamb\u00e9 responen al q\u00fcestionari RLQuest al final del proc\u00e9s (taula 1).<\/p>\n\n\n\n<hr class=\"wp-block-separator has-text-color has-black-color has-css-opacity has-black-background-color has-background is-style-wide\"\/>\n\n\n\n<p><strong>Taula 2 <\/strong><\/p>\n\n\n\n<h4 class=\"wp-block-heading\">Q\u00fcestions reflexives posteriors a les activitats de classe per guiar els estudiants a trav\u00e9s del proc\u00e9s de reflexi\u00f3 en els enfocaments d\u2019avaluaci\u00f3, AFA i SFA.<\/h4>\n\n\n\n<ol class=\"wp-block-list\"><li>Formulo preguntes de cerca que ajuden a analitzar les meves pr\u00f2pies accions \/ pensaments durant tot el proc\u00e9s de visualitzaci\u00f3, analitzant, escrivint l\u2019experi\u00e8ncia.<\/li><li>Quins coneixements \/ sentiments \/ valors \/ experi\u00e8ncies anteriors utilitzo per formular les meves respostes.<\/li><li>Qu\u00e8 necessito per descriure l\u2019experi\u00e8ncia? Identifico els coneixements \/ habilitats necessaris per descriure l\u2019experiment?<\/li><li>Qui o qu\u00e8 he de consultar per descriure l\u2019experiment?<\/li><li>Com m\u2019organitzo per desenvolupar l\u2019experiment?<\/li><li>Identifico les dificultats que hi ha darrere de la definici\u00f3 de la comprensi\u00f3 de l\u2019experiment.<\/li><li>He planejat el calendari del proc\u00e9s d\u2019elaboraci\u00f3 de les activitats.<\/li><li>Qu\u00e8 he de fer per millorar el proc\u00e9s de l\u2019activitat?<\/li><li>Quin ser\u00e0 el resultat del proc\u00e9s?<\/li><li>Qu\u00e8 he apr\u00e8s a trav\u00e9s de la comprensi\u00f3 de l\u2019experi\u00e8ncia?<\/li><\/ol>\n\n\n\n<hr class=\"wp-block-separator has-text-color has-black-color has-css-opacity has-black-background-color has-background is-style-wide\"\/>\n\n\n\n<p><strong>Taula 3 <\/strong><\/p>\n\n\n\n<h4 class=\"wp-block-heading\">Preguntes estructurades plantejades en l\u2019enfocament formatiu estructurat (SFA)<\/h4>\n\n\n\n<p>En el tercer conjunt d\u2019activitats, s\u2019utilitza un enfocament contextualitzat en el qual el professor contextualitza la instrucci\u00f3 del coneixement (Taula 3) i l\u2019aprenentatge reflexiu (Taula 2) fent refer\u00e8ncia a pr\u00e0ctiques aut\u00e8ntiques que abasten els enfocaments primer i segon. \u00c9s a dir, els estudiants escriuen un informe sobre cadascuna de les activitats basades en les deu preguntes reflexives de la Taula 2 i les sis preguntes de la Taula 3. Els estudiants tamb\u00e9 responen al q\u00fcestionari RLQuest al final del proc\u00e9s (taula 1). Les preguntes de la taula 3 s\u2019han dissenyat per guiar els estudiants a trav\u00e9s del proc\u00e9s de descripci\u00f3 d\u2019un experiment cient\u00edfic, on els processos d\u2019aprenentatge s\u00f3n particularment millorats mitjan\u00e7ant la conceptualitzaci\u00f3 abstracta.<\/p>\n\n\n\n<ol class=\"wp-block-list\"><li>Descripci\u00f3 de l\u2019experiment. Resumiu-ho escrivint un breu resum que descrigui l\u2019experiment.<\/li><li>Descriu els passos metodol\u00f2gics utilitzats en l\u2019experiment.<\/li><li>Escriu la hip\u00f2tesi que va ser recolzada per l\u2019experiment.<\/li><li>Descriu l\u2019an\u00e0lisi de les dades obtingudes de l\u2019experiment.<\/li><li>Formula preguntes derivades de l\u2019experiment.<\/li><li>Llista el nou coneixement que has creat a partir de l\u2019experiment.<\/li><\/ol>\n\n\n\n<hr class=\"wp-block-separator has-text-color has-black-color has-css-opacity has-black-background-color has-background is-style-wide\"\/>\n\n\n\n<p><strong>\u00das de Moodle<\/strong>:<\/p>\n\n\n\n<p>En aquest cas, Moodle es pot convertir en l\u2019espai central de l\u2019assignatura. Un lloc on es recolliran tots els resultats de les tres fases del proc\u00e9s. A m\u00e9s, dins de la plataforma es poden plantejar les tasques que han de resoldre els estudiants i q\u00fcestionaris per respondre les preguntes plantejades. Tamb\u00e9 es poden crear f\u00f2rums de discussi\u00f3 per afavorir el debat dels temes plantejats. Finalment, tamb\u00e9 es pot utilitzar per a plantejar tasques d\u2019autoavaluaci\u00f3 on seran els propis alumnes que faran una reflexi\u00f3 sobre la seva participaci\u00f3 a l\u2019assignatura i sobre com han anat avan\u00e7ant en els continguts plantejats.<\/p>\n\n\n\n<p><em>(Exemple aportat per Jordi Colomer, de la XID sobre Aprenentatge Reflexiu. ICE J. Pallach de la Universitat de Girona)<\/em><\/p>\n\n\n\n<div style=\"height:80px\" aria-hidden=\"true\" class=\"wp-block-spacer\"><\/div>\n\n\n<div  class=\"wp-block-ultimate-post-heading ultp-block-94d55b\"><div class=\"ultp-block-wrapper\"><div class=\"ultp-heading-wrap ultp-heading-style9 ultp-heading-left\"><h2 class=\"ultp-heading-inner\"><span>Refer\u00e8ncies<\/span><\/h2><\/div><\/div><\/div>\n\n\n<div class=\"wp-block-columns is-layout-flex wp-container-core-columns-is-layout-9d6595d7 wp-block-columns-is-layout-flex\">\n<div class=\"wp-block-column is-layout-flow wp-block-column-is-layout-flow\">\n<p class=\"has-normal-font-size\"><strong>The Challenges and Possibilities of Reflective Learning in Higher Education. Research focused from the perspective of university students on four different degree courses<\/strong><br>Colomer, J.; Fern\u00e1ndez Pe\u00f1a, R.; Alsina, A.; Ayll\u00f3n, S.; Pallisera, M.; P\u00e9rez-Burriel, M.; Serra, L. (2014) <a rel=\"noreferrer noopener\" href=\"http:\/\/library.iated.org\/view\/COLOMER2014CHA%20\" target=\"_blank\">The Challenges and Possibilities of Reflective Learning in Higher Education. Research focused from the perspective of university students on four different degree courses.<\/a>&nbsp;<em>ICERI2014 Proceedings<\/em>. 7th International Conference of Education, Research and Innovation, 4770-4777<\/p>\n<\/div>\n\n\n\n<div class=\"wp-block-column is-layout-flow wp-block-column-is-layout-flow\">\n<p class=\"has-normal-font-size\"><strong>Improving and evaluating reflective narratives: A rubric for higher education students<\/strong><br>Alsina, \u00c1.; Ayll\u00f3n, S.; Colomer, J.; Fern\u00e1ndez, R.; Fullana, J. ; Pallisera, M.; P\u00e9rez-Burriel, M.; Serra, L. (2017):<em>&nbsp;<a rel=\"noreferrer noopener\" href=\"https:\/\/www.sciencedirect.com\/science\/article\/pii\/S0742051X16303420\" target=\"_blank\">Improving and evaluating reflective narratives: A rubric for higher education students<\/a>, Teaching and Teacher Education, 63, 148-158<\/em><\/p>\n\n\n\n<p class=\"has-normal-font-size\"><\/p>\n<\/div>\n<\/div>\n\n\n\n<p><\/p>\n","protected":false},"excerpt":{"rendered":"<p>L\u2019objectiu d\u2019aquesta metodologia \u00e9s que l\u2019estudiant prengui consci\u00e8ncia del seu proc\u00e9s d\u2019aprenentatge. Els estudiants poden con\u00e8ixer les seves pr\u00f2pies potencialitats, detectar els seus punts forts i els seus punts febles i valorar l\u2019oportunitat de desenvolupar actituds personals i acad\u00e8miques que incideixin positivament en el seu proc\u00e9s d\u2019aprenentatge i desenvolupament acad\u00e8mic. Algunes de les estrat\u00e8gies que [&hellip;]<\/p>\n","protected":false},"author":1,"featured_media":0,"parent":74,"menu_order":0,"comment_status":"closed","ping_status":"closed","template":"","meta":{"footnotes":""},"class_list":["post-10712","page","type-page","status-publish","hentry"],"_links":{"self":[{"href":"https:\/\/iceberg.udg.edu\/index.php?rest_route=\/wp\/v2\/pages\/10712","targetHints":{"allow":["GET"]}}],"collection":[{"href":"https:\/\/iceberg.udg.edu\/index.php?rest_route=\/wp\/v2\/pages"}],"about":[{"href":"https:\/\/iceberg.udg.edu\/index.php?rest_route=\/wp\/v2\/types\/page"}],"author":[{"embeddable":true,"href":"https:\/\/iceberg.udg.edu\/index.php?rest_route=\/wp\/v2\/users\/1"}],"replies":[{"embeddable":true,"href":"https:\/\/iceberg.udg.edu\/index.php?rest_route=%2Fwp%2Fv2%2Fcomments&post=10712"}],"version-history":[{"count":12,"href":"https:\/\/iceberg.udg.edu\/index.php?rest_route=\/wp\/v2\/pages\/10712\/revisions"}],"predecessor-version":[{"id":15222,"href":"https:\/\/iceberg.udg.edu\/index.php?rest_route=\/wp\/v2\/pages\/10712\/revisions\/15222"}],"up":[{"embeddable":true,"href":"https:\/\/iceberg.udg.edu\/index.php?rest_route=\/wp\/v2\/pages\/74"}],"wp:attachment":[{"href":"https:\/\/iceberg.udg.edu\/index.php?rest_route=%2Fwp%2Fv2%2Fmedia&parent=10712"}],"curies":[{"name":"wp","href":"https:\/\/api.w.org\/{rel}","templated":true}]}}