{"id":10958,"date":"2020-11-09T13:41:18","date_gmt":"2020-11-09T12:41:18","guid":{"rendered":"http:\/\/icewp.udg.edu\/?page_id=10958"},"modified":"2020-11-18T11:42:06","modified_gmt":"2020-11-18T10:42:06","slug":"subscriu-te-al-butlleti","status":"publish","type":"page","link":"https:\/\/iceberg.udg.edu\/?page_id=10958","title":{"rendered":"Subscriu-te al nostre butllet\u00ed"},"content":{"rendered":"  \n  \n  <div class=\"\n    mailpoet_form_popup_overlay\n      \"><\/div>\n  <div\n    id=\"mailpoet_form_1\"\n    class=\"\n      mailpoet_form\n      mailpoet_form_shortcode\n      mailpoet_form_position_\n      mailpoet_form_animation_\n    \"\n      >\n\n    <style type=\"text\/css\">\n     #mailpoet_form_1 .mailpoet_form {  }\n#mailpoet_form_1 .mailpoet_column_with_background { padding: 10px; }\n#mailpoet_form_1 .mailpoet_form_column:not(:first-child) { margin-left: 20px; }\n#mailpoet_form_1 .mailpoet_paragraph { line-height: 20px; margin-bottom: 20px; }\n#mailpoet_form_1 .mailpoet_segment_label, #mailpoet_form_1 .mailpoet_text_label, #mailpoet_form_1 .mailpoet_textarea_label, #mailpoet_form_1 .mailpoet_select_label, #mailpoet_form_1 .mailpoet_radio_label, #mailpoet_form_1 .mailpoet_checkbox_label, #mailpoet_form_1 .mailpoet_list_label, #mailpoet_form_1 .mailpoet_date_label { display: block; font-weight: normal; }\n#mailpoet_form_1 .mailpoet_text, #mailpoet_form_1 .mailpoet_textarea, #mailpoet_form_1 .mailpoet_select, #mailpoet_form_1 .mailpoet_date_month, #mailpoet_form_1 .mailpoet_date_day, #mailpoet_form_1 .mailpoet_date_year, #mailpoet_form_1 .mailpoet_date { display: block; }\n#mailpoet_form_1 .mailpoet_text, #mailpoet_form_1 .mailpoet_textarea { width: 200px; }\n#mailpoet_form_1 .mailpoet_checkbox {  }\n#mailpoet_form_1 .mailpoet_submit {  }\n#mailpoet_form_1 .mailpoet_divider {  }\n#mailpoet_form_1 .mailpoet_message {  }\n#mailpoet_form_1 .mailpoet_form_loading { width: 30px; text-align: center; line-height: normal; }\n#mailpoet_form_1 .mailpoet_form_loading > span { width: 5px; height: 5px; background-color: #5b5b5b; }#mailpoet_form_1{border-radius: 7px;background: #f8f8f8;color: #000000;text-align: left;}#mailpoet_form_1 form.mailpoet_form {padding: 25px;}#mailpoet_form_1{width: 100%;}#mailpoet_form_1 .mailpoet_message {margin: 0; padding: 0 20px;}\n        #mailpoet_form_1 .mailpoet_validate_success {color: #8d999e}\n        #mailpoet_form_1 input.parsley-success {color: #8d999e}\n        #mailpoet_form_1 select.parsley-success {color: #8d999e}\n        #mailpoet_form_1 textarea.parsley-success {color: #8d999e}\n      #mailpoet_form_1 .mailpoet_paragraph.last {margin-bottom: 0} @media (max-width: 500px) {#mailpoet_form_1 {background: #f8f8f8;}} @media (min-width: 500px) {#mailpoet_form_1 .last .mailpoet_paragraph:last-child {margin-bottom: 0}}  @media (max-width: 500px) {#mailpoet_form_1 .mailpoet_form_column:last-child .mailpoet_paragraph:last-child {margin-bottom: 0}} \n    <\/style>\n\n    <form\n      target=\"_self\"\n      method=\"post\"\n      action=\"https:\/\/iceberg.udg.edu\/wp-admin\/admin-post.php?action=mailpoet_subscription_form\"\n      class=\"mailpoet_form mailpoet_form_form mailpoet_form_shortcode\"\n      novalidate\n      data-delay=\"\"\n      data-exit-intent-enabled=\"\"\n      data-trigger-mode=\"\"\n      data-click-trigger-selector=\"\"\n      data-font-family=\"\"\n      data-cookie-expiration-time=\"\"\n    >\n      <input type=\"hidden\" name=\"data[form_id]\" value=\"1\" \/>\n      <input type=\"hidden\" name=\"token\" value=\"43831d010b\" \/>\n      <input type=\"hidden\" name=\"api_version\" value=\"v1\" \/>\n      <input type=\"hidden\" name=\"endpoint\" value=\"subscribers\" \/>\n      <input type=\"hidden\" name=\"mailpoet_method\" value=\"subscribe\" \/>\n\n      <label class=\"mailpoet_hp_email_label\" style=\"display: none !important;\">Deixa aquest camp buit<input type=\"email\" name=\"data[email]\"\/><\/label><div class=\"mailpoet_paragraph \"><label for=\"form_first_name_1\" class=\"mailpoet_text_label\" style=\"font-size: 13px;line-height: 1.2;\" data-automation-id=\"form_first_name_label\" >Nom<\/label><input type=\"text\" autocomplete=\"given-name\" class=\"mailpoet_text\" id=\"form_first_name_1\" name=\"data[form_field_MzZhY2RkNjgzZGUyX2ZpcnN0X25hbWU=]\" title=\"Nom\" value=\"\" style=\"width:100%;box-sizing:border-box;padding:5px;margin: 0 auto 0 0;font-family:&#039;Arial&#039;;font-size:13px;line-height:1.5;height:auto;\" data-automation-id=\"form_first_name\" data-parsley-errors-container=\".mailpoet_error_xy42l\" data-parsley-names='[&quot;Especifica un nom v\u00e0lid.&quot;,&quot;Les adreces en els noms no estan permeses, si us plau afegiu-hi el vostre nom.&quot;]'\/><span class=\"mailpoet_error_xy42l\"><\/span><\/div>\n<div class=\"mailpoet_paragraph \"><label for=\"form_last_name_1\" class=\"mailpoet_text_label\" style=\"font-size: 13px;line-height: 1.2;\" data-automation-id=\"form_last_name_label\" >Cognom<\/label><input type=\"text\" autocomplete=\"family-name\" class=\"mailpoet_text\" id=\"form_last_name_1\" name=\"data[form_field_MjAwMmMwYzI1YWE3X2xhc3RfbmFtZQ==]\" title=\"Cognom\" value=\"\" style=\"width:100%;box-sizing:border-box;padding:5px;margin: 0 auto 0 0;font-family:&#039;Arial&#039;;font-size:13px;line-height:1.5;height:auto;\" data-automation-id=\"form_last_name\" data-parsley-errors-container=\".mailpoet_error_l2939\" data-parsley-names='[&quot;Especifica un nom v\u00e0lid.&quot;,&quot;Les adreces en els noms no estan permeses, si us plau afegiu-hi el vostre nom.&quot;]'\/><span class=\"mailpoet_error_l2939\"><\/span><\/div>\n<div class=\"mailpoet_paragraph \"><label for=\"form_email_1\" class=\"mailpoet_text_label\" style=\"font-size: 13px;line-height: 1.2;\" data-automation-id=\"form_email_label\" >Correu electr\u00f2nic&nbsp;<span class=\"mailpoet_required\" aria-hidden=\"true\">*<\/span><\/label><input type=\"email\" autocomplete=\"email\" class=\"mailpoet_text\" id=\"form_email_1\" name=\"data[form_field_MzkxZjVjMjA3MWYzX2VtYWls]\" title=\"Correu electr\u00f2nic\" value=\"\" style=\"width:100%;box-sizing:border-box;padding:5px;margin: 0 auto 0 0;font-family:&#039;Arial&#039;;font-size:13px;line-height:1.5;height:auto;\" data-automation-id=\"form_email\" data-parsley-errors-container=\".mailpoet_error_37x7s\" data-parsley-required=\"true\" required aria-required=\"true\" data-parsley-minlength=\"6\" data-parsley-maxlength=\"150\" data-parsley-type-message=\"Aquest valor ha de ser un correu electr\u00f2nic v\u00e0lid.\" data-parsley-required-message=\"Aquest camp \u00e9s obligatori.\"\/><span class=\"mailpoet_error_37x7s\"><\/span><\/div>\n<div class=\"mailpoet_paragraph \"><input type=\"submit\" class=\"mailpoet_submit\" value=\"Subscriu-te!\" data-automation-id=\"subscribe-submit-button\" style=\"padding:5px;margin: 0 auto 0 0;font-family:&#039;Arial&#039;;font-size:13px;line-height:1.5;height:auto;border-color:transparent;\" \/><span class=\"mailpoet_form_loading\"><span class=\"mailpoet_bounce1\"><\/span><span class=\"mailpoet_bounce2\"><\/span><span class=\"mailpoet_bounce3\"><\/span><\/span><\/div>\n<div class=\"mailpoet_paragraph \" style=\"font-size: 13px;line-height: 1.2;\"><strong>Informaci\u00f3 b\u00e0sica sobre protecci\u00f3 de dades:<\/strong><br \/>\n<em>Responsable de tractament:<\/em> Universitat de Girona.<br \/>\n<em>Finalitat:<\/em> registre de les persones interessades en rebre aquest butllet\u00ed informatiu.<br \/>\n<em>Legitimaci\u00f3:<\/em> consentiment de la persona interessada (art. 6.1.a RGPD). La persona interessada pot revocar el seu consentiment en qualsevol moment.<br \/>\n<em>Destinataris:<\/em> les dades no es comuniquen a altres persones.<br \/>\n<em>Drets de les persones interessades:<\/em> es poden exercir els drets d\u2019acc\u00e9s, rectificaci\u00f3, supressi\u00f3, oposici\u00f3 al tractament i sol\u00b7licitud de la limitaci\u00f3 del tractament adre\u00e7ant-se a l\u2019ICE Josep Pallach de la UdG.<br \/>\nPodeu consultar informaci\u00f3 addicional i detallada sobre protecci\u00f3 de dades en <a href=\"https:\/\/www.udg.edu\/ca\/protecciodedades\">aquest enlla\u00e7<\/a>.<br \/>\n<\/div>\n\n      <div class=\"mailpoet_message\">\n        <p class=\"mailpoet_validate_success\"\n                style=\"display:none;\"\n                >Comprova la safata d&#039;entrada o la carpeta de correu no desitjat de la teva b\u00fastia per confirmar la teva subscripci\u00f3.\n        <\/p>\n        <p class=\"mailpoet_validate_error\"\n                style=\"display:none;\"\n                >        <\/p>\n      <\/div>\n    <\/form>\n\n      <\/div>\n\n  \n","protected":false},"excerpt":{"rendered":"","protected":false},"author":1,"featured_media":0,"parent":0,"menu_order":0,"comment_status":"closed","ping_status":"closed","template":"","meta":{"footnotes":""},"class_list":["post-10958","page","type-page","status-publish","hentry"],"_links":{"self":[{"href":"https:\/\/iceberg.udg.edu\/index.php?rest_route=\/wp\/v2\/pages\/10958","targetHints":{"allow":["GET"]}}],"collection":[{"href":"https:\/\/iceberg.udg.edu\/index.php?rest_route=\/wp\/v2\/pages"}],"about":[{"href":"https:\/\/iceberg.udg.edu\/index.php?rest_route=\/wp\/v2\/types\/page"}],"author":[{"embeddable":true,"href":"https:\/\/iceberg.udg.edu\/index.php?rest_route=\/wp\/v2\/users\/1"}],"replies":[{"embeddable":true,"href":"https:\/\/iceberg.udg.edu\/index.php?rest_route=%2Fwp%2Fv2%2Fcomments&post=10958"}],"version-history":[{"count":2,"href":"https:\/\/iceberg.udg.edu\/index.php?rest_route=\/wp\/v2\/pages\/10958\/revisions"}],"predecessor-version":[{"id":11455,"href":"https:\/\/iceberg.udg.edu\/index.php?rest_route=\/wp\/v2\/pages\/10958\/revisions\/11455"}],"wp:attachment":[{"href":"https:\/\/iceberg.udg.edu\/index.php?rest_route=%2Fwp%2Fv2%2Fmedia&parent=10958"}],"curies":[{"name":"wp","href":"https:\/\/api.w.org\/{rel}","templated":true}]}}