{"id":11146,"date":"2020-11-16T13:57:56","date_gmt":"2020-11-16T12:57:56","guid":{"rendered":"http:\/\/icewp.udg.edu\/?page_id=11146"},"modified":"2024-01-18T09:37:13","modified_gmt":"2024-01-18T08:37:13","slug":"he-fet-servir-poc-moodle-per-on-comenco","status":"publish","type":"page","link":"https:\/\/iceberg.udg.edu\/?page_id=11146","title":{"rendered":"He fet servir poc Moodle. Per on comen\u00e7o?"},"content":{"rendered":"\n<h2 class=\"wp-block-heading\">Acc\u00e9s i configuraci\u00f3 b\u00e0sica<\/h2>\n\n\n\n<p>No et preocupis. En aquest v\u00eddeo t\u2019explicarem com accedir a Moodle, quina estructura b\u00e0sica t\u00e9 i qu\u00e8 \u00e9s all\u00f2 que has de dominar per poder gestionar correctament la teva assignatura:<\/p>\n\n\n\n<ul class=\"wp-block-list\">\n<li>Accedir a la teva assignatura de Moodle.<\/li>\n\n\n\n<li>Activar l\u2019edici\u00f3 per poder fer els canvis que vulguis.<\/li>\n\n\n\n<li>Afegir temes nous.<\/li>\n\n\n\n<li>Afegir recursos i activitats.<\/li>\n<\/ul>\n\n\n\n<figure class=\"wp-block-embed is-type-video is-provider-youtube wp-block-embed-youtube wp-embed-aspect-16-9 wp-has-aspect-ratio\"><div class=\"wp-block-embed__wrapper\">\n<iframe loading=\"lazy\" title=\"Moodle ba\u0300sic\" width=\"1200\" height=\"675\" src=\"https:\/\/www.youtube-nocookie.com\/embed\/3su41JXXW2E?feature=oembed\" frameborder=\"0\" allow=\"accelerometer; autoplay; clipboard-write; encrypted-media; gyroscope; picture-in-picture; web-share\" allowfullscreen><\/iframe>\n<\/div><\/figure>\n\n\n\n<h2 class=\"wp-block-heading\">Recomanaci\u00f3<\/h2>\n\n\n\n<p>Si ja feies la mateixa assignatura el curs passat i havies utilitzat Moodle, pots importar tot el que tenies a l\u2019assignatura d\u2019aquest curs. Descobreix com fer-ho en aquest v\u00eddeo:<\/p>\n\n\n\n<figure class=\"wp-block-embed is-type-video is-provider-youtube wp-block-embed-youtube wp-embed-aspect-16-9 wp-has-aspect-ratio\"><div class=\"wp-block-embed__wrapper\">\n<iframe loading=\"lazy\" title=\"Importar continguts entre cursos Moodle\" width=\"1200\" height=\"675\" src=\"https:\/\/www.youtube-nocookie.com\/embed\/d40zmfFC460?feature=oembed\" frameborder=\"0\" allow=\"accelerometer; autoplay; clipboard-write; encrypted-media; gyroscope; picture-in-picture; web-share\" allowfullscreen><\/iframe>\n<\/div><\/figure>\n\n\n\n<h2 class=\"wp-block-heading\">Vols fer un pas m\u00e9s?<\/h2>\n\n\n\n<p>En un bon principi, totes les assignatures de Moodle tenen un aspecte similar. \u00c9s una bona idea personalitzar la nostra amb alguna imatge de cap\u00e7alera que la diferenci\u00ef de les altres i ajudi l\u2019estudiantat a situar-se. Descobreix com fer-ho (i alguna cosa m\u00e9s) en aquest&nbsp;v\u00eddeo:<\/p>\n\n\n\n<figure class=\"wp-block-embed is-type-video is-provider-youtube wp-block-embed-youtube wp-embed-aspect-16-9 wp-has-aspect-ratio\"><div class=\"wp-block-embed__wrapper\">\n<iframe loading=\"lazy\" title=\"Personalitzar una assignatura de Moodle\" width=\"1200\" height=\"675\" src=\"https:\/\/www.youtube-nocookie.com\/embed\/P9WTwzPBcxA?feature=oembed\" frameborder=\"0\" allow=\"accelerometer; autoplay; clipboard-write; encrypted-media; gyroscope; picture-in-picture; web-share\" allowfullscreen><\/iframe>\n<\/div><\/figure>\n","protected":false},"excerpt":{"rendered":"<p>Acc\u00e9s i configuraci\u00f3 b\u00e0sica No et preocupis. En aquest v\u00eddeo t\u2019explicarem com accedir a Moodle, quina estructura b\u00e0sica t\u00e9 i qu\u00e8 \u00e9s all\u00f2 que has de dominar per poder gestionar correctament la teva assignatura: Recomanaci\u00f3 Si ja feies la mateixa assignatura el curs passat i havies utilitzat Moodle, pots importar tot el que tenies a [&hellip;]<\/p>\n","protected":false},"author":1,"featured_media":0,"parent":10283,"menu_order":0,"comment_status":"closed","ping_status":"closed","template":"","meta":{"footnotes":""},"class_list":["post-11146","page","type-page","status-publish","hentry"],"_links":{"self":[{"href":"https:\/\/iceberg.udg.edu\/index.php?rest_route=\/wp\/v2\/pages\/11146","targetHints":{"allow":["GET"]}}],"collection":[{"href":"https:\/\/iceberg.udg.edu\/index.php?rest_route=\/wp\/v2\/pages"}],"about":[{"href":"https:\/\/iceberg.udg.edu\/index.php?rest_route=\/wp\/v2\/types\/page"}],"author":[{"embeddable":true,"href":"https:\/\/iceberg.udg.edu\/index.php?rest_route=\/wp\/v2\/users\/1"}],"replies":[{"embeddable":true,"href":"https:\/\/iceberg.udg.edu\/index.php?rest_route=%2Fwp%2Fv2%2Fcomments&post=11146"}],"version-history":[{"count":5,"href":"https:\/\/iceberg.udg.edu\/index.php?rest_route=\/wp\/v2\/pages\/11146\/revisions"}],"predecessor-version":[{"id":17096,"href":"https:\/\/iceberg.udg.edu\/index.php?rest_route=\/wp\/v2\/pages\/11146\/revisions\/17096"}],"up":[{"embeddable":true,"href":"https:\/\/iceberg.udg.edu\/index.php?rest_route=\/wp\/v2\/pages\/10283"}],"wp:attachment":[{"href":"https:\/\/iceberg.udg.edu\/index.php?rest_route=%2Fwp%2Fv2%2Fmedia&parent=11146"}],"curies":[{"name":"wp","href":"https:\/\/api.w.org\/{rel}","templated":true}]}}