{"id":11254,"date":"2020-11-17T09:13:30","date_gmt":"2020-11-17T08:13:30","guid":{"rendered":"http:\/\/icewp.udg.edu\/?page_id=11254"},"modified":"2020-11-17T09:14:04","modified_gmt":"2020-11-17T08:14:04","slug":"com-puc-proposar-activitats","status":"publish","type":"page","link":"https:\/\/iceberg.udg.edu\/?page_id=11254","title":{"rendered":"Com puc proposar activitats?"},"content":{"rendered":"\n<h2 class=\"wp-block-heading\">Tasca<\/h2>\n\n\n\n<p>L\u2019activitat cl\u00e0ssica de Moodle \u00e9s la que permet plantejar un treball a l\u2019estudiantat i aquest, com a resposta, ha de generar un document que s\u2019ha de lliurar a trav\u00e9s de la plataforma. Es tracta de l\u2019activitat del tipus Tasca. Aquest treball que elaboren els estudiants pot ser de diversos formats: document de text, imatge, v\u00eddeo, \u00e0udio\u2026 Es pot permetre que, en una mateixa tasca es pengin fins a 20 documents d\u2019un m\u00e0xim de 100Mb per document.<\/p>\n\n\n\n<p>Podeu veure com crear una tasca a Moodle en aquest\u00a0<a rel=\"noreferrer noopener\" href=\"https:\/\/youtu.be\/sy8hMKd-yMw\" target=\"_blank\">v\u00eddeo sobre &#8220;Activtat tasca&#8221;<\/a>.<\/p>\n\n\n\n<p>Recomanacions:<\/p>\n\n\n\n<ul class=\"wp-block-list\"><li>Pots crear una tasca on l\u2019estudiantat hagi de combinar la seva resposta escrivint un text en l\u00ednia i enviant un arxiu. En el text en l\u00ednia hi poden escriure, per exemple, un resum del seu treball, una refer\u00e8ncia de les fonts consultades o les paraules clau de la seva producci\u00f3.<\/li><li>\u00c9s important tenir en compte que Moodle utilitza, per defecte, una escala de puntuaci\u00f3 sobre 100. Ho podem deixar d\u2019aquesta manera o canviar aquest valor a 10 mentre estem editant la tasca, a\u00a0<em>Qualificaci\u00f3 > Puntuaci\u00f3 m\u00e0xima<\/em>.<\/li><\/ul>\n\n\n\n<h2 class=\"wp-block-heading\">F\u00f2rums<\/h2>\n\n\n\n<p>Els f\u00f2rums s\u00f3n espais de discussi\u00f3 as\u00edncrona en grup. Permeten debatre sobre qualsevol tema relacionat amb l\u2019assignatura. S\u00f3n accessibles a tothom i aix\u00f2 vol dir que els participants a l\u2019assignatura poden respondre qualsevol missatge i poden obrir fils de discussi\u00f3 nous. Pots aprendre com crear i gestionar f\u00f2rums en aquest\u00a0<a rel=\"noreferrer noopener\" href=\"https:\/\/youtu.be\/eW1zxVoh9DM\" target=\"_blank\">v\u00eddeo sobre els f\u00f2rums de debat<\/a>.<\/p>\n\n\n\n<h2 class=\"wp-block-heading\">Q\u00fcestionaris<\/h2>\n\n\n\n<p>Amb els q\u00fcestionaris de Moodle podrem proposar bateries de preguntes que l\u2019estudiantat haur\u00e0 de respondre. \u00c9s un tipus d\u2019activitat autocorrectiva (nom\u00e9s requerir\u00e0 la nostra intervenci\u00f3 en el cas de les preguntes de resposta oberta). Podem crear q\u00fcestionaris amb finalitats diferents. Per exemple:<\/p>\n\n\n\n<ul class=\"wp-block-list\"><li>Q\u00fcestionaris que serveixin com activitat de formaci\u00f3 per a l\u2019estudiantat on hi hagi preguntes relatives al contingut de l\u2019assignatura.<\/li><li>Q\u00fcestionaris que serveixin com a tasca d\u2019avaluaci\u00f3.<\/li><\/ul>\n\n\n\n<p>En qualsevol cas, el proc\u00e9s de creaci\u00f3 d\u2019un q\u00fcestionari ser\u00e0 sempre el mateix. Pots veure com es creen q\u00fcestionaris en aquest\u00a0<a rel=\"noreferrer noopener\" href=\"https:\/\/www.youtube.com\/watch?v=Upau0VIoxLE\" target=\"_blank\">v\u00eddeo sobre com crear un q\u00fcestionari de Moodle<\/a>.<\/p>\n\n\n\n<p>Recomanacions:<\/p>\n\n\n\n<ul class=\"wp-block-list\"><li>Per tenir un banc de preguntes ben organitzat haurem de crear tantes categories i subcategories com ens facin falta. D\u2019aquesta manera, trobar una pregunta ser\u00e0 molt m\u00e9s senzill. Apr\u00e8n a organitzar les preguntes dins del banc de preguntes en aquest\u00a0<a rel=\"noreferrer noopener\" href=\"https:\/\/www.youtube.com\/watch?v=kUyQIILZAFM\" target=\"_blank\">v\u00eddeo sobre com organitzar les preguntes dels q\u00fcestionaris en categories<\/a>.<\/li><li>Pots veure el <a rel=\"noreferrer noopener\" href=\"https:\/\/docs.moodle.org\/38\/en\/Questions\" target=\"_blank\">funcionament de tots els tipus de preguntes que es poden fer a Moodle<\/a> (en angl\u00e8s).<\/li><\/ul>\n\n\n\n<h2 class=\"wp-block-heading\">Vols fer un pas m\u00e9s?<\/h2>\n\n\n\n<h3 class=\"wp-block-heading\">Q\u00fcestionaris de tipus test<\/h3>\n\n\n\n<p>Una pr\u00e0ctica habitual entre la comunitat docent \u00e9s la de crear q\u00fcestionaris on les preguntes que es responen correctament sumen punts, les que es responen malament en resten i on les preguntes que es deixen en blanc ni sumen ni resten punts. A Moodle podem crear aquest tipus de q\u00fcestionaris seguint les indicacions d\u2019aquest\u00a0<a rel=\"noreferrer noopener\" href=\"https:\/\/www.youtube.com\/watch?v=sRniQZoqW0k\" target=\"_blank\">v\u00eddeo sobre q\u00fcestionaris tipus test<\/a>.<\/p>\n\n\n\n<h3 class=\"wp-block-heading\">Importar preguntes des d\u2019un document de text<\/h3>\n\n\n\n<p>Es pot donar el cas que tinguis preguntes escrites en un document de text. Podem ajustar aquest document al format Aiken, que permetr\u00e0 fer una importaci\u00f3 massiva de preguntes directament al banc de preguntes de la nostra assignatura. Pots descobrir com es fa en aquest\u00a0<a rel=\"noreferrer noopener\" href=\"https:\/\/www.youtube.com\/watch?v=XElhIeoqkP0\" target=\"_blank\">v\u00eddeo sobre preguntes en format Aiken<\/a>.<\/p>\n\n\n\n<h3 class=\"wp-block-heading\">Els estudiants s\u2019avaluen entre ells<\/h3>\n\n\n\n<p>Si ja estem familiaritzats amb Moodle, podem plantejar-nos de proposar una activitat d\u2019avaluaci\u00f3 entre iguals, on cada estudiant haur\u00e0 de revisar la feina d\u2019uns quants companys i companyes de classe. Es tracta de l\u2019activitat del tipus Taller.<\/p>\n\n\n\n<p>La seva configuraci\u00f3 \u00e9s una mica m\u00e9s complexa. Per\u00f2 si ho vols provar, pots consultar aquest\u00a0<a rel=\"noreferrer noopener\" href=\"https:\/\/www.youtube.com\/watch?v=UrOC0re9THs\" target=\"_blank\">v\u00eddeo sobre com configurar &#8220;activitat taller&#8221;<\/a>\u00a0per veure com es configura l\u2019activitat taller.<\/p>\n\n\n\n<p>En aquest altre\u00a0<a rel=\"noreferrer noopener\" href=\"https:\/\/www.youtube.com\/watch?v=mVQywsmiCTc\" target=\"_blank\">v\u00eddeo sobre trameses, assignaci\u00f3 de revisions i avaluaci\u00f3 de l'&#8221;activitat taller&#8221;<\/a>\u00a0s\u2019explica com es fa el seguiment i l\u2019avaluaci\u00f3 en aquest tipus d\u2019activitat.<\/p>\n","protected":false},"excerpt":{"rendered":"<p>Tasca L\u2019activitat cl\u00e0ssica de Moodle \u00e9s la que permet plantejar un treball a l\u2019estudiantat i aquest, com a resposta, ha de generar un document que s\u2019ha de lliurar a trav\u00e9s de la plataforma. Es tracta de l\u2019activitat del tipus Tasca. Aquest treball que elaboren els estudiants pot ser de diversos formats: document de text, imatge, [&hellip;]<\/p>\n","protected":false},"author":1,"featured_media":0,"parent":10283,"menu_order":0,"comment_status":"closed","ping_status":"closed","template":"","meta":{"footnotes":""},"class_list":["post-11254","page","type-page","status-publish","hentry"],"_links":{"self":[{"href":"https:\/\/iceberg.udg.edu\/index.php?rest_route=\/wp\/v2\/pages\/11254","targetHints":{"allow":["GET"]}}],"collection":[{"href":"https:\/\/iceberg.udg.edu\/index.php?rest_route=\/wp\/v2\/pages"}],"about":[{"href":"https:\/\/iceberg.udg.edu\/index.php?rest_route=\/wp\/v2\/types\/page"}],"author":[{"embeddable":true,"href":"https:\/\/iceberg.udg.edu\/index.php?rest_route=\/wp\/v2\/users\/1"}],"replies":[{"embeddable":true,"href":"https:\/\/iceberg.udg.edu\/index.php?rest_route=%2Fwp%2Fv2%2Fcomments&post=11254"}],"version-history":[{"count":1,"href":"https:\/\/iceberg.udg.edu\/index.php?rest_route=\/wp\/v2\/pages\/11254\/revisions"}],"predecessor-version":[{"id":11255,"href":"https:\/\/iceberg.udg.edu\/index.php?rest_route=\/wp\/v2\/pages\/11254\/revisions\/11255"}],"up":[{"embeddable":true,"href":"https:\/\/iceberg.udg.edu\/index.php?rest_route=\/wp\/v2\/pages\/10283"}],"wp:attachment":[{"href":"https:\/\/iceberg.udg.edu\/index.php?rest_route=%2Fwp%2Fv2%2Fmedia&parent=11254"}],"curies":[{"name":"wp","href":"https:\/\/api.w.org\/{rel}","templated":true}]}}