{"id":11273,"date":"2020-11-17T10:25:15","date_gmt":"2020-11-17T09:25:15","guid":{"rendered":"http:\/\/icewp.udg.edu\/?page_id=11273"},"modified":"2023-04-26T09:03:58","modified_gmt":"2023-04-26T07:03:58","slug":"us-de-la-imatge-personal-i-dels-canals-telematics","status":"publish","type":"page","link":"https:\/\/iceberg.udg.edu\/?page_id=11273","title":{"rendered":"\u00das de la imatge personal i dels canals telem\u00e0tics"},"content":{"rendered":"\n<p>La doc\u00e8ncia i l&#8217;avaluaci\u00f3 no presencials fan que calgui tenir en compte un conjunt de consideracions i que&nbsp; haguem&nbsp; de prendre determinades mesures referents a l&#8217;\u00fas de canals telem\u00e0tics i de la imatge personal.<\/p>\n\n\n\n<p>La Secretaria General de la UdG ha elaborat documentaci\u00f3 que fa refer\u00e8ncia a aquests aspectes i que us relacionem tot seguit:<\/p>\n\n\n\n<ul class=\"wp-block-list\">\n<li><a href=\"https:\/\/seu.udg.edu\/ca-es\/boudg\/ebou?disposicio=2101&amp;_ga=2.213652628.1837902651.1607079188-73310240.1542615896\">Instrucci\u00f3 de Secretaria General n\u00fam. 5\/2020, de 19 de juny de 2020, relativa a l&#8217;\u00fas de canals telem\u00e0tics en les activitats docents, incloses les avaluacions<\/a>,\u00a0eBOU-2101.<\/li>\n<\/ul>\n","protected":false},"excerpt":{"rendered":"<p>La doc\u00e8ncia i l&#8217;avaluaci\u00f3 no presencials fan que calgui tenir en compte un conjunt de consideracions i que&nbsp; haguem&nbsp; de prendre determinades mesures referents a l&#8217;\u00fas de canals telem\u00e0tics i de la imatge personal. La Secretaria General de la UdG ha elaborat documentaci\u00f3 que fa refer\u00e8ncia a aquests aspectes i que us relacionem tot seguit:<\/p>\n","protected":false},"author":1,"featured_media":0,"parent":10283,"menu_order":0,"comment_status":"closed","ping_status":"closed","template":"","meta":{"footnotes":""},"class_list":["post-11273","page","type-page","status-publish","hentry"],"_links":{"self":[{"href":"https:\/\/iceberg.udg.edu\/index.php?rest_route=\/wp\/v2\/pages\/11273","targetHints":{"allow":["GET"]}}],"collection":[{"href":"https:\/\/iceberg.udg.edu\/index.php?rest_route=\/wp\/v2\/pages"}],"about":[{"href":"https:\/\/iceberg.udg.edu\/index.php?rest_route=\/wp\/v2\/types\/page"}],"author":[{"embeddable":true,"href":"https:\/\/iceberg.udg.edu\/index.php?rest_route=\/wp\/v2\/users\/1"}],"replies":[{"embeddable":true,"href":"https:\/\/iceberg.udg.edu\/index.php?rest_route=%2Fwp%2Fv2%2Fcomments&post=11273"}],"version-history":[{"count":3,"href":"https:\/\/iceberg.udg.edu\/index.php?rest_route=\/wp\/v2\/pages\/11273\/revisions"}],"predecessor-version":[{"id":16212,"href":"https:\/\/iceberg.udg.edu\/index.php?rest_route=\/wp\/v2\/pages\/11273\/revisions\/16212"}],"up":[{"embeddable":true,"href":"https:\/\/iceberg.udg.edu\/index.php?rest_route=\/wp\/v2\/pages\/10283"}],"wp:attachment":[{"href":"https:\/\/iceberg.udg.edu\/index.php?rest_route=%2Fwp%2Fv2%2Fmedia&parent=11273"}],"curies":[{"name":"wp","href":"https:\/\/api.w.org\/{rel}","templated":true}]}}