{"id":11326,"date":"2020-11-17T12:49:10","date_gmt":"2020-11-17T11:49:10","guid":{"rendered":"http:\/\/icewp.udg.edu\/?page_id=11326"},"modified":"2020-11-17T12:49:11","modified_gmt":"2020-11-17T11:49:11","slug":"qualificador","status":"publish","type":"page","link":"https:\/\/iceberg.udg.edu\/?page_id=11326","title":{"rendered":"Qualificador"},"content":{"rendered":"\n<p>A l\u2019hora de plantejar les activitats d\u2019avaluaci\u00f3, \u00e9s molt important comen\u00e7ar organitzant b\u00e9 el Qualificador de Moodle perqu\u00e8 a mesura que es vagin posant notes a les diferents tasques o es vagin corregint o autocorregint q\u00fcestionaris, ja es vagi fent el c\u00e0lcul corresponent d\u2019aquestes notes per obtenir la nota final de cada estudiant.<\/p>\n\n\n\n<ul class=\"wp-block-list\"><li>Gesti\u00f3 del Qualificador de Moodle.&nbsp;<a href=\"https:\/\/youtu.be\/aj0R6-6wIMM\" target=\"_blank\" rel=\"noreferrer noopener\">Categories d\u2019avaluaci\u00f3 i ponderacions<\/a><\/li><li>Qualificador de Moodle:&nbsp;<a href=\"https:\/\/youtu.be\/s2SFwkLIl38\" target=\"_blank\" rel=\"noreferrer noopener\">cel\u00b7les bloquejades al qualificador<\/a><\/li><li>Qualificador de Moodle:&nbsp;<a href=\"https:\/\/youtu.be\/P_GVu-8MoHk\" target=\"_blank\" rel=\"noreferrer noopener\">mostrar els totals a l\u2019esquerra<\/a><\/li><li>Qualificador de Moodle:&nbsp;<a href=\"https:\/\/youtu.be\/vmTBck55Wck\" target=\"_blank\" rel=\"noreferrer noopener\">posar els totals de categoria i de curs sobre 10<\/a><\/li><\/ul>\n","protected":false},"excerpt":{"rendered":"<p>A l\u2019hora de plantejar les activitats d\u2019avaluaci\u00f3, \u00e9s molt important comen\u00e7ar organitzant b\u00e9 el Qualificador de Moodle perqu\u00e8 a mesura que es vagin posant notes a les diferents tasques o es vagin corregint o autocorregint q\u00fcestionaris, ja es vagi fent el c\u00e0lcul corresponent d\u2019aquestes notes per obtenir la nota final de cada estudiant. Gesti\u00f3 del [&hellip;]<\/p>\n","protected":false},"author":1,"featured_media":0,"parent":11054,"menu_order":0,"comment_status":"closed","ping_status":"closed","template":"","meta":{"footnotes":""},"class_list":["post-11326","page","type-page","status-publish","hentry"],"_links":{"self":[{"href":"https:\/\/iceberg.udg.edu\/index.php?rest_route=\/wp\/v2\/pages\/11326","targetHints":{"allow":["GET"]}}],"collection":[{"href":"https:\/\/iceberg.udg.edu\/index.php?rest_route=\/wp\/v2\/pages"}],"about":[{"href":"https:\/\/iceberg.udg.edu\/index.php?rest_route=\/wp\/v2\/types\/page"}],"author":[{"embeddable":true,"href":"https:\/\/iceberg.udg.edu\/index.php?rest_route=\/wp\/v2\/users\/1"}],"replies":[{"embeddable":true,"href":"https:\/\/iceberg.udg.edu\/index.php?rest_route=%2Fwp%2Fv2%2Fcomments&post=11326"}],"version-history":[{"count":1,"href":"https:\/\/iceberg.udg.edu\/index.php?rest_route=\/wp\/v2\/pages\/11326\/revisions"}],"predecessor-version":[{"id":11327,"href":"https:\/\/iceberg.udg.edu\/index.php?rest_route=\/wp\/v2\/pages\/11326\/revisions\/11327"}],"up":[{"embeddable":true,"href":"https:\/\/iceberg.udg.edu\/index.php?rest_route=\/wp\/v2\/pages\/11054"}],"wp:attachment":[{"href":"https:\/\/iceberg.udg.edu\/index.php?rest_route=%2Fwp%2Fv2%2Fmedia&parent=11326"}],"curies":[{"name":"wp","href":"https:\/\/api.w.org\/{rel}","templated":true}]}}