{"id":11363,"date":"2020-11-17T14:26:09","date_gmt":"2020-11-17T13:26:09","guid":{"rendered":"http:\/\/icewp.udg.edu\/?page_id=11363"},"modified":"2022-05-16T09:46:16","modified_gmt":"2022-05-16T07:46:16","slug":"alice-keeler-i-manel-trenchs","status":"publish","type":"page","link":"https:\/\/iceberg.udg.edu\/?page_id=11363","title":{"rendered":"Alice Keeler i Manel Trenchs"},"content":{"rendered":"\n<h1 class=\"wp-block-heading\">Engage students and use technology to interact better<\/h1>\n\n\n\n<figure class=\"wp-block-gallery columns-3 is-cropped wp-block-gallery-2 is-layout-flex wp-block-gallery-is-layout-flex\"><ul class=\"blocks-gallery-grid\"><li class=\"blocks-gallery-item\"><figure><a href=\"https:\/\/iceberg.udg.edu\/wp-content\/uploads\/2020\/11\/icedays_sessio3_1.jpg\"><img loading=\"lazy\" decoding=\"async\" width=\"600\" height=\"350\" src=\"https:\/\/iceberg.udg.edu\/wp-content\/uploads\/2020\/11\/icedays_sessio3_1.jpg\" alt=\"\" data-id=\"11696\" data-full-url=\"https:\/\/iceberg.udg.edu\/wp-content\/uploads\/2020\/11\/icedays_sessio3_1.jpg\" data-link=\"https:\/\/iceberg.udg.edu\/?attachment_id=11696\" class=\"wp-image-11696\" srcset=\"https:\/\/iceberg.udg.edu\/wp-content\/uploads\/2020\/11\/icedays_sessio3_1.jpg 600w, https:\/\/iceberg.udg.edu\/wp-content\/uploads\/2020\/11\/icedays_sessio3_1-300x175.jpg 300w\" sizes=\"auto, (max-width: 600px) 100vw, 600px\" \/><\/a><\/figure><\/li><li class=\"blocks-gallery-item\"><figure><a href=\"https:\/\/iceberg.udg.edu\/wp-content\/uploads\/2020\/11\/icedays_sessio3_2.jpg\"><img loading=\"lazy\" decoding=\"async\" width=\"600\" height=\"350\" src=\"https:\/\/iceberg.udg.edu\/wp-content\/uploads\/2020\/11\/icedays_sessio3_2.jpg\" alt=\"\" data-id=\"11697\" data-full-url=\"https:\/\/iceberg.udg.edu\/wp-content\/uploads\/2020\/11\/icedays_sessio3_2.jpg\" data-link=\"https:\/\/iceberg.udg.edu\/?attachment_id=11697\" class=\"wp-image-11697\" srcset=\"https:\/\/iceberg.udg.edu\/wp-content\/uploads\/2020\/11\/icedays_sessio3_2.jpg 600w, https:\/\/iceberg.udg.edu\/wp-content\/uploads\/2020\/11\/icedays_sessio3_2-300x175.jpg 300w\" sizes=\"auto, (max-width: 600px) 100vw, 600px\" \/><\/a><\/figure><\/li><li class=\"blocks-gallery-item\"><figure><a href=\"https:\/\/iceberg.udg.edu\/wp-content\/uploads\/2020\/11\/icedays_sessio3_3.jpg\"><img loading=\"lazy\" decoding=\"async\" width=\"600\" height=\"350\" src=\"https:\/\/iceberg.udg.edu\/wp-content\/uploads\/2020\/11\/icedays_sessio3_3.jpg\" alt=\"\" data-id=\"11698\" data-full-url=\"https:\/\/iceberg.udg.edu\/wp-content\/uploads\/2020\/11\/icedays_sessio3_3.jpg\" data-link=\"https:\/\/iceberg.udg.edu\/?attachment_id=11698\" class=\"wp-image-11698\" srcset=\"https:\/\/iceberg.udg.edu\/wp-content\/uploads\/2020\/11\/icedays_sessio3_3.jpg 600w, https:\/\/iceberg.udg.edu\/wp-content\/uploads\/2020\/11\/icedays_sessio3_3-300x175.jpg 300w\" sizes=\"auto, (max-width: 600px) 100vw, 600px\" \/><\/a><\/figure><\/li><li class=\"blocks-gallery-item\"><figure><a href=\"https:\/\/iceberg.udg.edu\/wp-content\/uploads\/2020\/11\/icedays_sessio3_4.jpg\"><img loading=\"lazy\" decoding=\"async\" width=\"600\" height=\"350\" src=\"https:\/\/iceberg.udg.edu\/wp-content\/uploads\/2020\/11\/icedays_sessio3_4.jpg\" alt=\"\" data-id=\"11699\" data-full-url=\"https:\/\/iceberg.udg.edu\/wp-content\/uploads\/2020\/11\/icedays_sessio3_4.jpg\" data-link=\"https:\/\/iceberg.udg.edu\/?attachment_id=11699\" class=\"wp-image-11699\" srcset=\"https:\/\/iceberg.udg.edu\/wp-content\/uploads\/2020\/11\/icedays_sessio3_4.jpg 600w, https:\/\/iceberg.udg.edu\/wp-content\/uploads\/2020\/11\/icedays_sessio3_4-300x175.jpg 300w\" sizes=\"auto, (max-width: 600px) 100vw, 600px\" \/><\/a><\/figure><\/li><li class=\"blocks-gallery-item\"><figure><a href=\"https:\/\/iceberg.udg.edu\/wp-content\/uploads\/2020\/11\/icedays_sessio3_5.jpg\"><img loading=\"lazy\" decoding=\"async\" width=\"600\" height=\"350\" src=\"https:\/\/iceberg.udg.edu\/wp-content\/uploads\/2020\/11\/icedays_sessio3_5.jpg\" alt=\"\" data-id=\"11700\" data-full-url=\"https:\/\/iceberg.udg.edu\/wp-content\/uploads\/2020\/11\/icedays_sessio3_5.jpg\" data-link=\"https:\/\/iceberg.udg.edu\/?attachment_id=11700\" class=\"wp-image-11700\" srcset=\"https:\/\/iceberg.udg.edu\/wp-content\/uploads\/2020\/11\/icedays_sessio3_5.jpg 600w, https:\/\/iceberg.udg.edu\/wp-content\/uploads\/2020\/11\/icedays_sessio3_5-300x175.jpg 300w\" sizes=\"auto, (max-width: 600px) 100vw, 600px\" \/><\/a><\/figure><\/li><li class=\"blocks-gallery-item\"><figure><a href=\"https:\/\/iceberg.udg.edu\/wp-content\/uploads\/2020\/11\/icedays_sessio3_6.jpg\"><img loading=\"lazy\" decoding=\"async\" width=\"600\" height=\"350\" src=\"https:\/\/iceberg.udg.edu\/wp-content\/uploads\/2020\/11\/icedays_sessio3_6.jpg\" alt=\"\" data-id=\"11701\" data-full-url=\"https:\/\/iceberg.udg.edu\/wp-content\/uploads\/2020\/11\/icedays_sessio3_6.jpg\" data-link=\"https:\/\/iceberg.udg.edu\/?attachment_id=11701\" class=\"wp-image-11701\" srcset=\"https:\/\/iceberg.udg.edu\/wp-content\/uploads\/2020\/11\/icedays_sessio3_6.jpg 600w, https:\/\/iceberg.udg.edu\/wp-content\/uploads\/2020\/11\/icedays_sessio3_6-300x175.jpg 300w\" sizes=\"auto, (max-width: 600px) 100vw, 600px\" \/><\/a><\/figure><\/li><\/ul><\/figure>\n\n\n\n<div style=\"height:100px\" aria-hidden=\"true\" class=\"wp-block-spacer\"><\/div>\n\n\n\n<div class=\"wp-block-columns is-layout-flex wp-container-core-columns-is-layout-9d6595d7 wp-block-columns-is-layout-flex\">\n<div class=\"wp-block-column is-layout-flow wp-block-column-is-layout-flow\">\n<figure class=\"wp-block-image size-full\"><img loading=\"lazy\" decoding=\"async\" width=\"350\" height=\"483\" src=\"https:\/\/iceberg.udg.edu\/wp-content\/uploads\/2020\/11\/alice_keeler.jpg\" alt=\"\" class=\"wp-image-11666\" srcset=\"https:\/\/iceberg.udg.edu\/wp-content\/uploads\/2020\/11\/alice_keeler.jpg 350w, https:\/\/iceberg.udg.edu\/wp-content\/uploads\/2020\/11\/alice_keeler-217x300.jpg 217w\" sizes=\"auto, (max-width: 350px) 100vw, 350px\" \/><\/figure>\n<\/div>\n\n\n\n<div class=\"wp-block-column is-layout-flow wp-block-column-is-layout-flow\">\n<p>S\u00f3c l\u2019<a href=\"https:\/\/alicekeeler.com\/\" target=\"_blank\" rel=\"noreferrer noopener\"><strong>Alice Keeler<\/strong><\/a>.\u00a0S\u00f3c una educadora apassionada que creu que el\u00a0desenvolupament professional no s\u2019ha de fer sempre de manera formal.<\/p>\n\n\n\n<p>Em considero una missionera tecnol\u00f2gica, en una missi\u00f3 per a inspirar i ajudar els professors a provar coses noves. M\u00e9s que compartir idees, treballo amb els docents per fer realitat una visi\u00f3. No em conformar\u00e9 amb l\u2019<em>statu quo<\/em>, sempre hi ha una manera millor de fer una cosa i la tecnologia ens pot ajudar a fer-ho.<\/p>\n\n\n\n<p><\/p>\n<\/div>\n\n\n\n<div class=\"wp-block-column is-layout-flow wp-block-column-is-layout-flow\">\n<p>S\u00f3c una apassionada dels estudiants que aprenen, comprenen i s\u00f3n capa\u00e7os d\u2019aplicar el seu aprenentatge. M\u2019interessa aplicar els principis del joc a l\u2019educaci\u00f3 per augmentar la motivaci\u00f3,&nbsp; saber en quin punt es troba cada estudiant i&nbsp; personalitzar la seva experi\u00e8ncia d\u2019aprenentatge per ajudar-lo a assolir el seu m\u00e0xim potencial.<\/p>\n<\/div>\n<\/div>\n\n\n\n<hr class=\"wp-block-separator has-text-color has-background has-black-background-color has-black-color is-style-wide\"\/>\n\n\n\n<div class=\"wp-block-columns is-layout-flex wp-container-core-columns-is-layout-9d6595d7 wp-block-columns-is-layout-flex\">\n<div class=\"wp-block-column is-layout-flow wp-block-column-is-layout-flow\">\n<figure class=\"wp-block-image size-full\"><img loading=\"lazy\" decoding=\"async\" width=\"350\" height=\"483\" src=\"https:\/\/iceberg.udg.edu\/wp-content\/uploads\/2020\/11\/manel_trenchs.jpg\" alt=\"\" class=\"wp-image-11667\" srcset=\"https:\/\/iceberg.udg.edu\/wp-content\/uploads\/2020\/11\/manel_trenchs.jpg 350w, https:\/\/iceberg.udg.edu\/wp-content\/uploads\/2020\/11\/manel_trenchs-217x300.jpg 217w\" sizes=\"auto, (max-width: 350px) 100vw, 350px\" \/><\/figure>\n<\/div>\n\n\n\n<div class=\"wp-block-column is-layout-flow wp-block-column-is-layout-flow\">\n<p>S\u00f3c en&nbsp;<a rel=\"noreferrer noopener\" href=\"http:\/\/www.maneltrenchs.com\/\" target=\"_blank\"><strong>Manel Trenchs<\/strong><\/a>.&nbsp;S\u00f3c professor d\u2019Hist\u00f2ria de l\u2019Art a l\u2019Escola Pia Santa Anna de Matar\u00f3.<\/p>\n\n\n\n<p>S\u00f3c membre de la&nbsp;<em>Flipped Learning Network<\/em>&nbsp;i del&nbsp;<em>Remind Teacher Advisory Board<\/em>. Formador Google. Ambaixador de Symbaloo, Plickers i Quizlet. Membre i editor de l\u2019espai web&nbsp;<em>The Flipped Classroom<\/em>.<\/p>\n\n\n\n<p>Comunicador a: FlipCon2015 (Michigan, USA), FlipCon Spain 2016 (Saragossa), SIMO Educaci\u00f3n 2016 (Madrid), Bett Show 2017 (London), FlipCon Spain 2017 (Madrid)\u2026<\/p>\n\n\n\n<p><\/p>\n<\/div>\n\n\n\n<div class=\"wp-block-column is-layout-flow wp-block-column-is-layout-flow\">\n<p>Estic interessat en repensar noves formes d\u2019aprenentatge, en l\u2019\u00fas de les tecnologies de la informaci\u00f3 i de la comunicaci\u00f3 i en tots aquells aspectes educatius que serveixin per millorar l\u2019educaci\u00f3 dels estudiants del segle XXI.<\/p>\n<\/div>\n<\/div>\n","protected":false},"excerpt":{"rendered":"<p>Engage students and use technology to interact better S\u00f3c l\u2019Alice Keeler.\u00a0S\u00f3c una educadora apassionada que creu que el\u00a0desenvolupament professional no s\u2019ha de fer sempre de manera formal. Em considero una missionera tecnol\u00f2gica, en una missi\u00f3 per a inspirar i ajudar els professors a provar coses noves. M\u00e9s que compartir idees, treballo amb els docents per [&hellip;]<\/p>\n","protected":false},"author":1,"featured_media":0,"parent":81,"menu_order":0,"comment_status":"closed","ping_status":"closed","template":"","meta":{"footnotes":""},"class_list":["post-11363","page","type-page","status-publish","hentry"],"_links":{"self":[{"href":"https:\/\/iceberg.udg.edu\/index.php?rest_route=\/wp\/v2\/pages\/11363","targetHints":{"allow":["GET"]}}],"collection":[{"href":"https:\/\/iceberg.udg.edu\/index.php?rest_route=\/wp\/v2\/pages"}],"about":[{"href":"https:\/\/iceberg.udg.edu\/index.php?rest_route=\/wp\/v2\/types\/page"}],"author":[{"embeddable":true,"href":"https:\/\/iceberg.udg.edu\/index.php?rest_route=\/wp\/v2\/users\/1"}],"replies":[{"embeddable":true,"href":"https:\/\/iceberg.udg.edu\/index.php?rest_route=%2Fwp%2Fv2%2Fcomments&post=11363"}],"version-history":[{"count":18,"href":"https:\/\/iceberg.udg.edu\/index.php?rest_route=\/wp\/v2\/pages\/11363\/revisions"}],"predecessor-version":[{"id":14684,"href":"https:\/\/iceberg.udg.edu\/index.php?rest_route=\/wp\/v2\/pages\/11363\/revisions\/14684"}],"up":[{"embeddable":true,"href":"https:\/\/iceberg.udg.edu\/index.php?rest_route=\/wp\/v2\/pages\/81"}],"wp:attachment":[{"href":"https:\/\/iceberg.udg.edu\/index.php?rest_route=%2Fwp%2Fv2%2Fmedia&parent=11363"}],"curies":[{"name":"wp","href":"https:\/\/api.w.org\/{rel}","templated":true}]}}