{"id":11549,"date":"2020-11-19T10:22:46","date_gmt":"2020-11-19T09:22:46","guid":{"rendered":"http:\/\/icewp.udg.edu\/?page_id=11549"},"modified":"2022-06-30T08:38:59","modified_gmt":"2022-06-30T06:38:59","slug":"activitats","status":"publish","type":"page","link":"https:\/\/iceberg.udg.edu\/?page_id=11549","title":{"rendered":"Activitats"},"content":{"rendered":"<div  class=\"ultp-post-grid-block wp-block-ultimate-post-post-grid-1 ultp-block-131be0\"><div class=\"ultp-block-wrapper\"><div class=\"ultp-loading\"><div class=\"ultp-loading-blocks\" style=\"width:100%;height:100%;\"><div style=\"left: 0;top: 0;animation-delay:0s;\"><\/div><div style=\"left: 21px;top: 0;animation-delay:0.125s;\"><\/div><div style=\"left: 42px;top: 0;animation-delay:0.25s;\"><\/div><div style=\"left: 0;top: 21px;animation-delay:0.875s;\"><\/div><div style=\"left: 42px;top: 21px;animation-delay:0.375s;\"><\/div><div style=\"left: 0;top: 42px;animation-delay:0.75s;\"><\/div><div style=\"left: 42px;top: 42px;animation-delay:0.625s;\"><\/div><div style=\"left: 21px;top: 42px;animation-delay:0.5s;\"><\/div><\/div><\/div><div class=\"ultp-heading-filter\"><div class=\"ultp-heading-filter-in\"><div class=\"ultp-filter-navigation\"><\/div><\/div><\/div><div class=\"ultp-block-items-wrap ultp-block-row ultp-pg1a-style1 ultp-grid1-responsive ultp-block-column-4 ultp-sm-column-2 ultp-xs-column-1 ultp-layout1\"><div class=\"ultp-block-item post-id-22342\"><div class=\"ultp-block-content-wrap\"><div class=\"ultp-block-image ultp-block-image-zoomIn\"><a href=\"https:\/\/iceberg.udg.edu\/?p=22342\" ><img decoding=\"async\"  class=\"ultp-block-image-content\"  alt=\"Intel\u00b7lig\u00e8ncia artificial aplicada al m\u00e0rqueting digital\"  src=\"https:\/\/iceberg.udg.edu\/wp-content\/uploads\/2026\/05\/35122400300.jpg\" \/><\/a><\/div><div class=\"ultp-block-content\"><h3 class=\"ultp-block-title \"><a href=\"https:\/\/iceberg.udg.edu\/?p=22342\" >Intel\u00b7lig\u00e8ncia artificial aplicada al m\u00e0rqueting digital<\/a><\/h3><\/div><\/div><\/div><div class=\"ultp-block-item post-id-22229\"><div class=\"ultp-block-content-wrap\"><div class=\"ultp-block-image ultp-block-image-zoomIn\"><a href=\"https:\/\/iceberg.udg.edu\/?p=22229\" ><img decoding=\"async\"  class=\"ultp-block-image-content\"  alt=\"Disseny de newsletters efectives\"  src=\"https:\/\/iceberg.udg.edu\/wp-content\/uploads\/2026\/04\/35114_400x300.jpg\" \/><\/a><\/div><div class=\"ultp-block-content\"><h3 class=\"ultp-block-title \"><a href=\"https:\/\/iceberg.udg.edu\/?p=22229\" >Disseny de newsletters efectives<\/a><\/h3><\/div><\/div><\/div><div class=\"ultp-block-item post-id-22324\"><div class=\"ultp-block-content-wrap\"><div class=\"ultp-block-image ultp-block-image-zoomIn\"><a href=\"https:\/\/iceberg.udg.edu\/?p=22324\" ><img decoding=\"async\"  class=\"ultp-block-image-content\"  alt=\"Curs d\u2019actualitzaci\u00f3 del GERI\u00d3\"  src=\"https:\/\/iceberg.udg.edu\/wp-content\/uploads\/2025\/10\/GERIO_400x300.jpg\" \/><\/a><\/div><div class=\"ultp-block-content\"><h3 class=\"ultp-block-title \"><a href=\"https:\/\/iceberg.udg.edu\/?p=22324\" >Curs d\u2019actualitzaci\u00f3 del GERI\u00d3<\/a><\/h3><\/div><\/div><\/div><div class=\"ultp-block-item post-id-22327\"><div class=\"ultp-block-content-wrap\"><div class=\"ultp-block-image ultp-block-image-zoomIn\"><a href=\"https:\/\/iceberg.udg.edu\/?p=22327\" ><img decoding=\"async\"  class=\"ultp-block-image-content\"  alt=\"Sessi\u00f3 de reflexi\u00f3 i intercanvi per al professorat i per al PTGAS\"  src=\"https:\/\/iceberg.udg.edu\/wp-content\/uploads\/2025\/11\/3203122222.jpg\" \/><\/a><\/div><div class=\"ultp-block-content\"><h3 class=\"ultp-block-title \"><a href=\"https:\/\/iceberg.udg.edu\/?p=22327\" >Sessi\u00f3 de reflexi\u00f3 i intercanvi per al professorat i per al PTGAS<\/a><\/h3><\/div><\/div><\/div><div class=\"ultp-block-item post-id-22292\"><div class=\"ultp-block-content-wrap\"><div class=\"ultp-block-image ultp-block-image-zoomIn\"><a href=\"https:\/\/iceberg.udg.edu\/?p=22292\" ><img decoding=\"async\"  class=\"ultp-block-image-content\"  alt=\"Eines digitals per dinamitzar la doc\u00e8ncia\"  src=\"https:\/\/iceberg.udg.edu\/wp-content\/uploads\/2025\/03\/25841.png\" \/><\/a><\/div><div class=\"ultp-block-content\"><h3 class=\"ultp-block-title \"><a href=\"https:\/\/iceberg.udg.edu\/?p=22292\" >Eines digitals per dinamitzar la doc\u00e8ncia<\/a><\/h3><\/div><\/div><\/div><div class=\"ultp-block-item post-id-22252\"><div class=\"ultp-block-content-wrap\"><div class=\"ultp-block-image ultp-block-image-zoomIn\"><a href=\"https:\/\/iceberg.udg.edu\/?p=22252\" ><img decoding=\"async\"  class=\"ultp-block-image-content\"  alt=\"Introducci\u00f3 a la simulaci\u00f3 cl\u00ednica i \u00fas docent de la plataforma e-Learning Space\"  src=\"https:\/\/iceberg.udg.edu\/wp-content\/uploads\/2026\/04\/35109_.jpg\" \/><\/a><\/div><div class=\"ultp-block-content\"><h3 class=\"ultp-block-title \"><a href=\"https:\/\/iceberg.udg.edu\/?p=22252\" >Introducci\u00f3 a la simulaci\u00f3 cl\u00ednica i \u00fas docent de la plataforma e-Learning Space<\/a><\/h3><\/div><\/div><\/div><div class=\"ultp-block-item post-id-22279\"><div class=\"ultp-block-content-wrap\"><div class=\"ultp-block-image ultp-block-image-zoomIn\"><a href=\"https:\/\/iceberg.udg.edu\/?p=22279\" ><img decoding=\"async\"  class=\"ultp-block-image-content\"  alt=\"Atenci\u00f3 a persones amb discapacitat\"  src=\"https:\/\/iceberg.udg.edu\/wp-content\/uploads\/2025\/05\/28905_400x300.jpg\" \/><\/a><\/div><div class=\"ultp-block-content\"><h3 class=\"ultp-block-title \"><a href=\"https:\/\/iceberg.udg.edu\/?p=22279\" >Atenci\u00f3 a persones amb discapacitat<\/a><\/h3><\/div><\/div><\/div><div class=\"ultp-block-item post-id-22260\"><div class=\"ultp-block-content-wrap\"><div class=\"ultp-block-image ultp-block-image-zoomIn\"><a href=\"https:\/\/iceberg.udg.edu\/?p=22260\" ><img decoding=\"async\"  class=\"ultp-block-image-content\"  alt=\"Com afavorir unes relacions lliures de discriminacions a la Universitat\"  src=\"https:\/\/iceberg.udg.edu\/wp-content\/uploads\/2026\/04\/35121_.png\" \/><\/a><\/div><div class=\"ultp-block-content\"><h3 class=\"ultp-block-title \"><a href=\"https:\/\/iceberg.udg.edu\/?p=22260\" >Com afavorir unes relacions lliures de discriminacions a la Universitat<\/a><\/h3><\/div><\/div><\/div><div class=\"ultp-block-item post-id-22249\"><div class=\"ultp-block-content-wrap\"><div class=\"ultp-block-image ultp-block-image-zoomIn\"><a href=\"https:\/\/iceberg.udg.edu\/?p=22249\" ><img decoding=\"async\"  class=\"ultp-block-image-content\"  alt=\"Introducci\u00f3 a la gamificaci\u00f3 a l\u2019aula\"  src=\"https:\/\/iceberg.udg.edu\/wp-content\/uploads\/2026\/04\/25842_.jpg\" \/><\/a><\/div><div class=\"ultp-block-content\"><h3 class=\"ultp-block-title \"><a href=\"https:\/\/iceberg.udg.edu\/?p=22249\" >Introducci\u00f3 a la gamificaci\u00f3 a l\u2019aula<\/a><\/h3><\/div><\/div><\/div><div class=\"ultp-block-item post-id-22281\"><div class=\"ultp-block-content-wrap\"><div class=\"ultp-block-image ultp-block-image-zoomIn\"><a href=\"https:\/\/iceberg.udg.edu\/?p=22281\" ><img decoding=\"async\"  class=\"ultp-block-image-content\"  alt=\"Gesti\u00f3 del programa de manteniment d&#8217;equips cient\u00edfics i tecnol\u00f2gics (GMAO) &#8211; Nivell avan\u00e7at\"  src=\"https:\/\/iceberg.udg.edu\/wp-content\/uploads\/2025\/01\/ac.....7...2-1.jpg\" \/><\/a><\/div><div class=\"ultp-block-content\"><h3 class=\"ultp-block-title \"><a href=\"https:\/\/iceberg.udg.edu\/?p=22281\" >Gesti\u00f3 del programa de manteniment d&#8217;equips cient\u00edfics i tecnol\u00f2gics (GMAO) &#8211; Nivell avan\u00e7at<\/a><\/h3><\/div><\/div><\/div><div class=\"ultp-block-item post-id-22256\"><div class=\"ultp-block-content-wrap\"><div class=\"ultp-block-image ultp-block-image-zoomIn\"><a href=\"https:\/\/iceberg.udg.edu\/?p=22256\" ><img decoding=\"async\"  class=\"ultp-block-image-content\"  alt=\"Crea i comparteix els teus mapes amb ArcGIS Online i Experience Builder\"  src=\"https:\/\/iceberg.udg.edu\/wp-content\/uploads\/2026\/04\/32038_.png\" \/><\/a><\/div><div class=\"ultp-block-content\"><h3 class=\"ultp-block-title \"><a href=\"https:\/\/iceberg.udg.edu\/?p=22256\" >Crea i comparteix els teus mapes amb ArcGIS Online i Experience Builder<\/a><\/h3><\/div><\/div><\/div><div class=\"ultp-block-item post-id-22181\"><div class=\"ultp-block-content-wrap\"><div class=\"ultp-block-image ultp-block-image-zoomIn\"><a href=\"https:\/\/iceberg.udg.edu\/?p=22181\" ><img decoding=\"async\"  class=\"ultp-block-image-content\"  alt=\"Creaci\u00f3 d\u2019una base de dades en SPSS\"  src=\"https:\/\/iceberg.udg.edu\/wp-content\/uploads\/2026\/03\/35104_400x300.jpg\" \/><\/a><\/div><div class=\"ultp-block-content\"><h3 class=\"ultp-block-title \"><a href=\"https:\/\/iceberg.udg.edu\/?p=22181\" >Creaci\u00f3 d\u2019una base de dades en SPSS<\/a><\/h3><\/div><\/div><\/div><div class=\"ultp-block-item post-id-22185\"><div class=\"ultp-block-content-wrap\"><div class=\"ultp-block-image ultp-block-image-zoomIn\"><a href=\"https:\/\/iceberg.udg.edu\/?p=22185\" ><img decoding=\"async\"  class=\"ultp-block-image-content\"  alt=\"Modelitzaci\u00f3 estad\u00edstica amb SPSS\"  src=\"https:\/\/iceberg.udg.edu\/wp-content\/uploads\/2026\/03\/35105.jpg\" \/><\/a><\/div><div class=\"ultp-block-content\"><h3 class=\"ultp-block-title \"><a href=\"https:\/\/iceberg.udg.edu\/?p=22185\" >Modelitzaci\u00f3 estad\u00edstica amb SPSS<\/a><\/h3><\/div><\/div><\/div><div class=\"ultp-block-item post-id-22154\"><div class=\"ultp-block-content-wrap\"><div class=\"ultp-block-image ultp-block-image-zoomIn\"><a href=\"https:\/\/iceberg.udg.edu\/?p=22154\" ><img decoding=\"async\"  class=\"ultp-block-image-content\"  alt=\"Direcci\u00f3 de grups de recerca\"  src=\"https:\/\/iceberg.udg.edu\/wp-content\/uploads\/2025\/02\/activitat_004_primera_Q_marc25.jpeg\" \/><\/a><\/div><div class=\"ultp-block-content\"><h3 class=\"ultp-block-title \"><a href=\"https:\/\/iceberg.udg.edu\/?p=22154\" >Direcci\u00f3 de grups de recerca<\/a><\/h3><\/div><\/div><\/div><div class=\"ultp-block-item post-id-22117\"><div class=\"ultp-block-content-wrap\"><div class=\"ultp-block-image ultp-block-image-zoomIn\"><a href=\"https:\/\/iceberg.udg.edu\/?p=22117\" ><img decoding=\"async\"  class=\"ultp-block-image-content\"  alt=\"Introducci\u00f3 a SIG i R\"  src=\"https:\/\/iceberg.udg.edu\/wp-content\/uploads\/2026\/02\/32036_400x300.jpg\" \/><\/a><\/div><div class=\"ultp-block-content\"><h3 class=\"ultp-block-title \"><a href=\"https:\/\/iceberg.udg.edu\/?p=22117\" >Introducci\u00f3 a SIG i R<\/a><\/h3><\/div><\/div><\/div><div class=\"ultp-block-item post-id-22120\"><div class=\"ultp-block-content-wrap\"><div class=\"ultp-block-image ultp-block-image-zoomIn\"><a href=\"https:\/\/iceberg.udg.edu\/?p=22120\" ><img decoding=\"async\"  class=\"ultp-block-image-content\"  alt=\"ZOTERO &#8211; Funcionament del gestor bibliogr\u00e0fic\"  src=\"https:\/\/iceberg.udg.edu\/wp-content\/uploads\/2026\/02\/22766_400x300.jpg\" \/><\/a><\/div><div class=\"ultp-block-content\"><h3 class=\"ultp-block-title \"><a href=\"https:\/\/iceberg.udg.edu\/?p=22120\" >ZOTERO &#8211; Funcionament del gestor bibliogr\u00e0fic<\/a><\/h3><\/div><\/div><\/div><div class=\"ultp-block-item post-id-22122\"><div class=\"ultp-block-content-wrap\"><div class=\"ultp-block-image ultp-block-image-zoomIn\"><a href=\"https:\/\/iceberg.udg.edu\/?p=22122\" ><img decoding=\"async\"  class=\"ultp-block-image-content\"  alt=\"Curs d&#8217;edici\u00f3 del web de la UdG\"  src=\"https:\/\/iceberg.udg.edu\/wp-content\/uploads\/2026\/02\/23764_400x300.jpg\" \/><\/a><\/div><div class=\"ultp-block-content\"><h3 class=\"ultp-block-title \"><a href=\"https:\/\/iceberg.udg.edu\/?p=22122\" >Curs d&#8217;edici\u00f3 del web de la UdG<\/a><\/h3><\/div><\/div><\/div><div class=\"ultp-block-item post-id-21898\"><div class=\"ultp-block-content-wrap\"><div class=\"ultp-block-image ultp-block-image-zoomIn\"><a href=\"https:\/\/iceberg.udg.edu\/?p=21898\" ><img decoding=\"async\"  class=\"ultp-block-image-content\"  alt=\"Sessi\u00f3 de reflexi\u00f3 i intercanvi per al professorat: Diversitat sexual i de g\u00e8nere a la Universitat\"  src=\"https:\/\/iceberg.udg.edu\/wp-content\/uploads\/2025\/11\/3203122222.jpg\" \/><\/a><\/div><div class=\"ultp-block-content\"><h3 class=\"ultp-block-title \"><a href=\"https:\/\/iceberg.udg.edu\/?p=21898\" >Sessi\u00f3 de reflexi\u00f3 i intercanvi per al professorat: Diversitat sexual i de g\u00e8nere a la Universitat<\/a><\/h3><\/div><\/div><\/div><div class=\"ultp-block-item post-id-22027\"><div class=\"ultp-block-content-wrap\"><div class=\"ultp-block-image ultp-block-image-zoomIn\"><a href=\"https:\/\/iceberg.udg.edu\/?p=22027\" ><img decoding=\"async\"  class=\"ultp-block-image-content\"  alt=\"ORCID i altres identificadors d\u2019autor. Xarxes socials acad\u00e8miques\"  src=\"https:\/\/iceberg.udg.edu\/wp-content\/uploads\/2026\/02\/34081.png\" \/><\/a><\/div><div class=\"ultp-block-content\"><h3 class=\"ultp-block-title \"><a href=\"https:\/\/iceberg.udg.edu\/?p=22027\" >ORCID i altres identificadors d\u2019autor. Xarxes socials acad\u00e8miques<\/a><\/h3><\/div><\/div><\/div><div class=\"ultp-block-item post-id-21857\"><div class=\"ultp-block-content-wrap\"><div class=\"ultp-block-image ultp-block-image-zoomIn\"><a href=\"https:\/\/iceberg.udg.edu\/?p=21857\" ><img decoding=\"async\"  class=\"ultp-block-image-content\"  alt=\"Mou-te a la feina (cervicals i lumbars)\"  src=\"https:\/\/iceberg.udg.edu\/wp-content\/uploads\/2026\/01\/9901_400_300.jpg\" \/><\/a><\/div><div class=\"ultp-block-content\"><h3 class=\"ultp-block-title \"><a href=\"https:\/\/iceberg.udg.edu\/?p=21857\" >Mou-te a la feina (cervicals i lumbars)<\/a><\/h3><\/div><\/div><\/div><\/div><div class=\"ultp-pagination-wrap ultp-pagination-ajax-action\" data-paged=\"1\" data-expost=\"\"  data-blockid=\"131be0\" data-postid=\"11549\" data-pages=\"19\" data-blockname=\"ultimate-post_post-grid-1\" data-selfpostid=\"no\"><ul class=\"ultp-pagination\"><li class=\"ultp-prev-page-numbers\" style=\"display:none\"><a href=\"https:\/\/iceberg.udg.edu\/index.php?rest_route=%2Fwp%2Fv2%2Fpages%2F11549\"><svg xmlns=\"http:\/\/www.w3.org\/2000\/svg\" fill=\"none\" viewBox=\"0 0 24 24\">\n  <path stroke=\"currentColor\" stroke-linecap=\"round\" stroke-linejoin=\"round\" stroke-width=\"1.5\" d=\"m15 18-6-6 6-6\"\/>\n<\/svg>\n Previous<\/a><\/li><li class=\"ultp-first-pages\" style=\"display:none\" data-current=\"1\"><a href=\"https:\/\/iceberg.udg.edu\/index.php?rest_route=%2Fwp%2Fv2%2Fpages%2F11549\">1<\/a><\/li><li class=\"ultp-first-dot\"style=\"display:none\"><a href=\"#\">&#8230;<\/a><\/li><li class=\"ultp-center-item pagination-active\" data-current=\"1\"><a href=\"https:\/\/iceberg.udg.edu\/index.php?rest_route=%2Fwp%2Fv2%2Fpages%2F11549\">1<\/a><\/li><li class=\"ultp-center-item\" data-current=\"2\" ><a href=\"https:\/\/iceberg.udg.edu\/index.php?rest_route=%2Fwp%2Fv2%2Fpages%2F11549&#038;paged=2\">2<\/a><\/li><li class=\"ultp-center-item\" data-current=\"3\" ><a href=\"https:\/\/iceberg.udg.edu\/index.php?rest_route=%2Fwp%2Fv2%2Fpages%2F11549&#038;paged=3\">3<\/a><\/li><li class=\"ultp-last-dot\" ><a href=\"#\">&#8230;<\/a><\/li><li class=\"ultp-last-pages\" data-current=\"19\"><a href=\"https:\/\/iceberg.udg.edu\/index.php?rest_route=%2Fwp%2Fv2%2Fpages%2F11549&#038;paged=19\">19<\/a><\/li><li class=\"ultp-next-page-numbers\"><a href=\"https:\/\/iceberg.udg.edu\/index.php?rest_route=%2Fwp%2Fv2%2Fpages%2F11549&#038;paged=2\">Next<svg xmlns=\"http:\/\/www.w3.org\/2000\/svg\" fill=\"none\" viewBox=\"0 0 24 24\">\n  <path stroke=\"currentColor\" stroke-linecap=\"round\" stroke-linejoin=\"round\" stroke-width=\"1.5\" d=\"m9 18 6-6-6-6\"\/>\n<\/svg>\n<\/a><\/li><\/ul><\/div><\/div><div class=\"pagination-block-html\" aria-hidden=\"true\" style=\"display: none;\"><\/div><\/div>","protected":false},"excerpt":{"rendered":"","protected":false},"author":1,"featured_media":0,"parent":10469,"menu_order":0,"comment_status":"closed","ping_status":"closed","template":"","meta":{"footnotes":""},"class_list":["post-11549","page","type-page","status-publish","hentry"],"_links":{"self":[{"href":"https:\/\/iceberg.udg.edu\/index.php?rest_route=\/wp\/v2\/pages\/11549","targetHints":{"allow":["GET"]}}],"collection":[{"href":"https:\/\/iceberg.udg.edu\/index.php?rest_route=\/wp\/v2\/pages"}],"about":[{"href":"https:\/\/iceberg.udg.edu\/index.php?rest_route=\/wp\/v2\/types\/page"}],"author":[{"embeddable":true,"href":"https:\/\/iceberg.udg.edu\/index.php?rest_route=\/wp\/v2\/users\/1"}],"replies":[{"embeddable":true,"href":"https:\/\/iceberg.udg.edu\/index.php?rest_route=%2Fwp%2Fv2%2Fcomments&post=11549"}],"version-history":[{"count":9,"href":"https:\/\/iceberg.udg.edu\/index.php?rest_route=\/wp\/v2\/pages\/11549\/revisions"}],"predecessor-version":[{"id":16582,"href":"https:\/\/iceberg.udg.edu\/index.php?rest_route=\/wp\/v2\/pages\/11549\/revisions\/16582"}],"up":[{"embeddable":true,"href":"https:\/\/iceberg.udg.edu\/index.php?rest_route=\/wp\/v2\/pages\/10469"}],"wp:attachment":[{"href":"https:\/\/iceberg.udg.edu\/index.php?rest_route=%2Fwp%2Fv2%2Fmedia&parent=11549"}],"curies":[{"name":"wp","href":"https:\/\/api.w.org\/{rel}","templated":true}]}}