{"id":11554,"date":"2020-11-19T10:30:17","date_gmt":"2020-11-19T09:30:17","guid":{"rendered":"http:\/\/icewp.udg.edu\/?page_id=11554"},"modified":"2022-06-30T08:45:48","modified_gmt":"2022-06-30T06:45:48","slug":"informacions","status":"publish","type":"page","link":"https:\/\/iceberg.udg.edu\/?page_id=11554","title":{"rendered":"Informacions"},"content":{"rendered":"<div  class=\"ultp-post-grid-block wp-block-ultimate-post-post-grid-1 ultp-block-49a534\"><div class=\"ultp-block-wrapper\"><div class=\"ultp-loading\"><div class=\"ultp-loading-blocks\" style=\"width:100%;height:100%;\"><div style=\"left: 0;top: 0;animation-delay:0s;\"><\/div><div style=\"left: 21px;top: 0;animation-delay:0.125s;\"><\/div><div style=\"left: 42px;top: 0;animation-delay:0.25s;\"><\/div><div style=\"left: 0;top: 21px;animation-delay:0.875s;\"><\/div><div style=\"left: 42px;top: 21px;animation-delay:0.375s;\"><\/div><div style=\"left: 0;top: 42px;animation-delay:0.75s;\"><\/div><div style=\"left: 42px;top: 42px;animation-delay:0.625s;\"><\/div><div style=\"left: 21px;top: 42px;animation-delay:0.5s;\"><\/div><\/div><\/div><div class=\"ultp-heading-filter\"><div class=\"ultp-heading-filter-in\"><div class=\"ultp-filter-navigation\"><\/div><\/div><\/div><div class=\"ultp-block-items-wrap ultp-block-row ultp-pg1a-style1 ultp-grid1-responsive ultp-block-column-4 ultp-sm-column-2 ultp-xs-column-1 ultp-layout1\"><div class=\"ultp-block-item post-id-17196\"><div class=\"ultp-block-content-wrap\"><div class=\"ultp-block-image ultp-block-image-zoomIn\"><a href=\"https:\/\/iceberg.udg.edu\/?p=17196\" ><img decoding=\"async\"  class=\"ultp-block-image-content\"  alt=\"Cicle de C\u00e0psules de Transfer\u00e8ncia de Coneixement. 06\/02 &#8211; OITT: C\u00e0psula sobre la transfer\u00e8ncia tecnol\u00f2gica i cas d&#8217;\u00e8xit\"  src=\"https:\/\/iceberg.udg.edu\/wp-content\/uploads\/2024\/02\/logoudg-800x570.jpg\" \/><\/a><\/div><div class=\"ultp-block-content\"><h3 class=\"ultp-block-title \"><a href=\"https:\/\/iceberg.udg.edu\/?p=17196\" >Cicle de C\u00e0psules de Transfer\u00e8ncia de Coneixement. 06\/02 &#8211; OITT: C\u00e0psula sobre la transfer\u00e8ncia tecnol\u00f2gica i cas d&#8217;\u00e8xit<\/a><\/h3><\/div><\/div><\/div><div class=\"ultp-block-item post-id-17169\"><div class=\"ultp-block-content-wrap\"><div class=\"ultp-block-image ultp-block-image-zoomIn\"><a href=\"https:\/\/iceberg.udg.edu\/?p=17169\" ><img decoding=\"async\"  class=\"ultp-block-image-content\"  alt=\"Sessions de formaci\u00f3 trimestral sobre l&#8217;eiNa DMP i l&#8217;RDR.\u00a0\"  src=\"https:\/\/iceberg.udg.edu\/wp-content\/uploads\/2024\/02\/CSUC.jpg\" \/><\/a><\/div><div class=\"ultp-block-content\"><h3 class=\"ultp-block-title \"><a href=\"https:\/\/iceberg.udg.edu\/?p=17169\" >Sessions de formaci\u00f3 trimestral sobre l&#8217;eiNa DMP i l&#8217;RDR.\u00a0<\/a><\/h3><\/div><\/div><\/div><div class=\"ultp-block-item post-id-17161\"><div class=\"ultp-block-content-wrap\"><div class=\"ultp-block-image ultp-block-image-zoomIn\"><a href=\"https:\/\/iceberg.udg.edu\/?p=17161\" ><img decoding=\"async\"  class=\"ultp-block-image-content\"  alt=\"Catal\u00e0 C1 (nivell sufici\u00e8ncia) 2n semestre\"  src=\"https:\/\/iceberg.udg.edu\/wp-content\/uploads\/2024\/02\/dictionary-698538_1280-1.jpg\" \/><\/a><\/div><div class=\"ultp-block-content\"><h3 class=\"ultp-block-title \"><a href=\"https:\/\/iceberg.udg.edu\/?p=17161\" >Catal\u00e0 C1 (nivell sufici\u00e8ncia) 2n semestre<\/a><\/h3><\/div><\/div><\/div><div class=\"ultp-block-item post-id-17113\"><div class=\"ultp-block-content-wrap\"><div class=\"ultp-block-image ultp-block-image-zoomIn\"><a href=\"https:\/\/iceberg.udg.edu\/?p=17113\" ><img decoding=\"async\"  class=\"ultp-block-image-content\"  alt=\"Perill, material fr\u00e0gil. La IA a l&#8217;educaci\u00f3: entre l&#8217;esperan\u00e7a i la distopia\"  src=\"https:\/\/iceberg.udg.edu\/wp-content\/uploads\/2024\/01\/nova-foto-per-exploratori.png\" \/><\/a><\/div><div class=\"ultp-block-content\"><h3 class=\"ultp-block-title \"><a href=\"https:\/\/iceberg.udg.edu\/?p=17113\" >Perill, material fr\u00e0gil. La IA a l&#8217;educaci\u00f3: entre l&#8217;esperan\u00e7a i la distopia<\/a><\/h3><\/div><\/div><\/div><div class=\"ultp-block-item post-id-16960\"><div class=\"ultp-block-content-wrap\"><div class=\"ultp-block-image ultp-block-image-zoomIn\"><a href=\"https:\/\/iceberg.udg.edu\/?p=16960\" ><img decoding=\"async\"  class=\"ultp-block-image-content\"  alt=\"Creaci\u00f3 i gesti\u00f3 de dades espacials\"  src=\"https:\/\/iceberg.udg.edu\/wp-content\/uploads\/2023\/11\/16515.jpg\" \/><\/a><\/div><div class=\"ultp-block-content\"><h3 class=\"ultp-block-title \"><a href=\"https:\/\/iceberg.udg.edu\/?p=16960\" >Creaci\u00f3 i gesti\u00f3 de dades espacials<\/a><\/h3><\/div><\/div><\/div><div class=\"ultp-block-item post-id-16955\"><div class=\"ultp-block-content-wrap\"><div class=\"ultp-block-image ultp-block-image-zoomIn\"><a href=\"https:\/\/iceberg.udg.edu\/?p=16955\" ><img decoding=\"async\"  class=\"ultp-block-image-content\"  alt=\"Taller per implementar a l&#8217;aula un projecte personal d&#8217;Aprenentatge per Projectes (semipresencial)\"  src=\"https:\/\/iceberg.udg.edu\/wp-content\/uploads\/2023\/11\/5043.jpg\" \/><\/a><\/div><div class=\"ultp-block-content\"><h3 class=\"ultp-block-title \"><a href=\"https:\/\/iceberg.udg.edu\/?p=16955\" >Taller per implementar a l&#8217;aula un projecte personal d&#8217;Aprenentatge per Projectes (semipresencial)<\/a><\/h3><\/div><\/div><\/div><div class=\"ultp-block-item post-id-16946\"><div class=\"ultp-block-content-wrap\"><div class=\"ultp-block-image ultp-block-image-zoomIn\"><a href=\"https:\/\/iceberg.udg.edu\/?p=16946\" ><img decoding=\"async\"  class=\"ultp-block-image-content\"  alt=\"Cursos d&#8217;angl\u00e8s per al PDI\"  src=\"https:\/\/iceberg.udg.edu\/wp-content\/uploads\/2023\/11\/englishcursos.jpg\" \/><\/a><\/div><div class=\"ultp-block-content\"><h3 class=\"ultp-block-title \"><a href=\"https:\/\/iceberg.udg.edu\/?p=16946\" >Cursos d&#8217;angl\u00e8s per al PDI<\/a><\/h3><\/div><\/div><\/div><div class=\"ultp-block-item post-id-16926\"><div class=\"ultp-block-content-wrap\"><div class=\"ultp-block-image ultp-block-image-zoomIn\"><a href=\"https:\/\/iceberg.udg.edu\/?p=16926\" ><img decoding=\"async\"  class=\"ultp-block-image-content\"  alt=\"Tercer cicle de webinars REDU 2023-2024\"  src=\"https:\/\/iceberg.udg.edu\/wp-content\/uploads\/2023\/11\/fotoredu400x300.jpg\" \/><\/a><\/div><div class=\"ultp-block-content\"><h3 class=\"ultp-block-title \"><a href=\"https:\/\/iceberg.udg.edu\/?p=16926\" >Tercer cicle de webinars REDU 2023-2024<\/a><\/h3><\/div><\/div><\/div><div class=\"ultp-block-item post-id-16850\"><div class=\"ultp-block-content-wrap\"><div class=\"ultp-block-image ultp-block-image-zoomIn\"><a href=\"https:\/\/iceberg.udg.edu\/?p=16850\" ><img decoding=\"async\"  class=\"ultp-block-image-content\"  alt=\"Seminari sobre seguretat en la manipulaci\u00f3 de gasos.\"  src=\"https:\/\/iceberg.udg.edu\/wp-content\/uploads\/2023\/10\/formacio_gas.jpg\" \/><\/a><\/div><div class=\"ultp-block-content\"><h3 class=\"ultp-block-title \"><a href=\"https:\/\/iceberg.udg.edu\/?p=16850\" >Seminari sobre seguretat en la manipulaci\u00f3 de gasos.<\/a><\/h3><\/div><\/div><\/div><div class=\"ultp-block-item post-id-15051\"><div class=\"ultp-block-content-wrap\"><div class=\"ultp-block-image ultp-block-image-zoomIn\"><a href=\"https:\/\/iceberg.udg.edu\/?p=15051\" ><img decoding=\"async\"  class=\"ultp-block-image-content\"  alt=\"Projecte guanyador 18a convocat\u00f2ria Beca Josep Pallach\"  src=\"https:\/\/iceberg.udg.edu\/wp-content\/uploads\/2019\/10\/josep_pallach3.jpg\" \/><\/a><\/div><div class=\"ultp-block-content\"><h3 class=\"ultp-block-title \"><a href=\"https:\/\/iceberg.udg.edu\/?p=15051\" >Projecte guanyador 18a convocat\u00f2ria Beca Josep Pallach<\/a><\/h3><\/div><\/div><\/div><div class=\"ultp-block-item post-id-13804\"><div class=\"ultp-block-content-wrap\"><div class=\"ultp-block-image ultp-block-image-zoomIn\"><a href=\"https:\/\/iceberg.udg.edu\/?p=13804\" ><img decoding=\"async\"  class=\"ultp-block-image-content\"  alt=\"L&#8217;aprenentatge mitjan\u00e7ant la simulaci\u00f3 cl\u00ednica, una experi\u00e8ncia de la Facultat d&#8217;Infermeria\"  src=\"https:\/\/iceberg.udg.edu\/wp-content\/uploads\/2021\/09\/learningspace.jpg\" \/><\/a><\/div><div class=\"ultp-block-content\"><h3 class=\"ultp-block-title \"><a href=\"https:\/\/iceberg.udg.edu\/?p=13804\" >L&#8217;aprenentatge mitjan\u00e7ant la simulaci\u00f3 cl\u00ednica, una experi\u00e8ncia de la Facultat d&#8217;Infermeria<\/a><\/h3><\/div><\/div><\/div><div class=\"ultp-block-item post-id-13732\"><div class=\"ultp-block-content-wrap\"><div class=\"ultp-block-image ultp-block-image-zoomIn\"><a href=\"https:\/\/iceberg.udg.edu\/?p=13732\" ><img decoding=\"async\"  class=\"ultp-block-image-content\"  alt=\"Qu\u00e8 \u00e9s l&#8217;aprenentatge col\u00b7laboratiu en l\u00ednia a COIL?\"  src=\"https:\/\/iceberg.udg.edu\/wp-content\/uploads\/2021\/03\/coil.jpg\" \/><\/a><\/div><div class=\"ultp-block-content\"><h3 class=\"ultp-block-title \"><a href=\"https:\/\/iceberg.udg.edu\/?p=13732\" >Qu\u00e8 \u00e9s l&#8217;aprenentatge col\u00b7laboratiu en l\u00ednia a COIL?<\/a><\/h3><\/div><\/div><\/div><div class=\"ultp-block-item post-id-9077\"><div class=\"ultp-block-content-wrap\"><div class=\"ultp-block-image ultp-block-image-zoomIn\"><a href=\"https:\/\/iceberg.udg.edu\/?p=9077\" ><img decoding=\"async\"  class=\"ultp-block-image-content\"  alt=\"Incid\u00e8ncia per COVID-19\"  src=\"https:\/\/iceberg.udg.edu\/wp-content\/uploads\/2020\/04\/COVID19400300.jpg\" \/><\/a><\/div><div class=\"ultp-block-content\"><h3 class=\"ultp-block-title \"><a href=\"https:\/\/iceberg.udg.edu\/?p=9077\" >Incid\u00e8ncia per COVID-19<\/a><\/h3><\/div><\/div><\/div><div class=\"ultp-block-item post-id-9020\"><div class=\"ultp-block-content-wrap\"><div class=\"ultp-block-image ultp-block-image-zoomIn\"><a href=\"https:\/\/iceberg.udg.edu\/?p=9020\" ><img decoding=\"async\"  class=\"ultp-block-image-content\"  alt=\"Recomanacions per participar en videoconfer\u00e8ncies\"  src=\"https:\/\/iceberg.udg.edu\/wp-content\/uploads\/2020\/04\/videoconferenciesb.jpg\" \/><\/a><\/div><div class=\"ultp-block-content\"><h3 class=\"ultp-block-title \"><a href=\"https:\/\/iceberg.udg.edu\/?p=9020\" >Recomanacions per participar en videoconfer\u00e8ncies<\/a><\/h3><\/div><\/div><\/div><div class=\"ultp-block-item post-id-8052\"><div class=\"ultp-block-content-wrap\"><div class=\"ultp-block-image ultp-block-image-zoomIn\"><a href=\"https:\/\/iceberg.udg.edu\/?p=8052\" ><img decoding=\"async\"  class=\"ultp-block-image-content\"  alt=\"Membres de les XID d&#8217;Aprenentatge Reflexiu i d&#8217;Aprenentatge Cooperatiu i el GID en F\u00edsica, publiquen a la revista Sustainibility\"  src=\"https:\/\/iceberg.udg.edu\/wp-content\/uploads\/2019\/11\/sustainibility2.jpg\" \/><\/a><\/div><div class=\"ultp-block-content\"><h3 class=\"ultp-block-title \"><a href=\"https:\/\/iceberg.udg.edu\/?p=8052\" >Membres de les XID d&#8217;Aprenentatge Reflexiu i d&#8217;Aprenentatge Cooperatiu i el GID en F\u00edsica, publiquen a la revista Sustainibility<\/a><\/h3><\/div><\/div><\/div><div class=\"ultp-block-item post-id-7898\"><div class=\"ultp-block-content-wrap\"><div class=\"ultp-block-image ultp-block-image-zoomIn\"><a href=\"https:\/\/iceberg.udg.edu\/?p=7898\" ><img decoding=\"async\"  class=\"ultp-block-image-content\"  alt=\"45 anys d&#8217;ICE Josep Pallach\"  src=\"https:\/\/iceberg.udg.edu\/wp-content\/uploads\/2019\/10\/45anys.png\" \/><\/a><\/div><div class=\"ultp-block-content\"><h3 class=\"ultp-block-title \"><a href=\"https:\/\/iceberg.udg.edu\/?p=7898\" >45 anys d&#8217;ICE Josep Pallach<\/a><\/h3><\/div><\/div><\/div><div class=\"ultp-block-item post-id-7869\"><div class=\"ultp-block-content-wrap\"><div class=\"ultp-block-image ultp-block-image-zoomIn\"><a href=\"https:\/\/iceberg.udg.edu\/?p=7869\" ><img decoding=\"async\"  class=\"ultp-block-image-content\"  alt=\"Pla d&#8217;activitats de l&#8217;ICE 2019-20\"  src=\"https:\/\/iceberg.udg.edu\/wp-content\/uploads\/2019\/10\/pla.png\" \/><\/a><\/div><div class=\"ultp-block-content\"><h3 class=\"ultp-block-title \"><a href=\"https:\/\/iceberg.udg.edu\/?p=7869\" >Pla d&#8217;activitats de l&#8217;ICE 2019-20<\/a><\/h3><\/div><\/div><\/div><div class=\"ultp-block-item post-id-7872\"><div class=\"ultp-block-content-wrap\"><div class=\"ultp-block-image ultp-block-image-zoomIn\"><a href=\"https:\/\/iceberg.udg.edu\/?p=7872\" ><img decoding=\"async\"  class=\"ultp-block-image-content\"  alt=\"Cursos de Llengua Anglesa per a la doc\u00e8ncia\"  src=\"https:\/\/iceberg.udg.edu\/wp-content\/uploads\/2018\/09\/english-e1543840789867.jpg\" \/><\/a><\/div><div class=\"ultp-block-content\"><h3 class=\"ultp-block-title \"><a href=\"https:\/\/iceberg.udg.edu\/?p=7872\" >Cursos de Llengua Anglesa per a la doc\u00e8ncia<\/a><\/h3><\/div><\/div><\/div><div class=\"ultp-block-item post-id-7752\"><div class=\"ultp-block-content-wrap\"><div class=\"ultp-block-image ultp-block-image-zoomIn\"><a href=\"https:\/\/iceberg.udg.edu\/?p=7752\" ><img decoding=\"async\"  class=\"ultp-block-image-content\"  alt=\"Sessions de formaci\u00f3 en Moodle per a centres i departaments\"  src=\"https:\/\/iceberg.udg.edu\/wp-content\/uploads\/2019\/09\/moodle.jpg\" \/><\/a><\/div><div class=\"ultp-block-content\"><h3 class=\"ultp-block-title \"><a href=\"https:\/\/iceberg.udg.edu\/?p=7752\" >Sessions de formaci\u00f3 en Moodle per a centres i departaments<\/a><\/h3><\/div><\/div><\/div><div class=\"ultp-block-item post-id-7736\"><div class=\"ultp-block-content-wrap\"><div class=\"ultp-block-image ultp-block-image-zoomIn\"><a href=\"https:\/\/iceberg.udg.edu\/?p=7736\" ><img decoding=\"async\"  class=\"ultp-block-image-content\"  alt=\"Cursos virtuals de Catal\u00e0 C1 i C2 per al PDI\"  src=\"https:\/\/iceberg.udg.edu\/wp-content\/uploads\/2019\/09\/catala.png\" \/><\/a><\/div><div class=\"ultp-block-content\"><h3 class=\"ultp-block-title \"><a href=\"https:\/\/iceberg.udg.edu\/?p=7736\" >Cursos virtuals de Catal\u00e0 C1 i C2 per al PDI<\/a><\/h3><\/div><\/div><\/div><\/div><div class=\"ultp-pagination-wrap ultp-pagination-ajax-action\" data-paged=\"1\" data-expost=\"\"  data-blockid=\"49a534\" data-postid=\"11554\" data-pages=\"3\" data-blockname=\"ultimate-post_post-grid-1\" data-selfpostid=\"no\"><ul class=\"ultp-pagination\"><li class=\"ultp-prev-page-numbers\" style=\"display:none\"><a href=\"https:\/\/iceberg.udg.edu\/index.php?rest_route=%2Fwp%2Fv2%2Fpages%2F11554\"><svg xmlns=\"http:\/\/www.w3.org\/2000\/svg\" fill=\"none\" viewBox=\"0 0 24 24\">\n  <path stroke=\"currentColor\" stroke-linecap=\"round\" stroke-linejoin=\"round\" stroke-width=\"1.5\" d=\"m15 18-6-6 6-6\"\/>\n<\/svg>\n Previous<\/a><\/li><li class=\"ultp-center-item pagination-active\" data-current=\"1\"><a href=\"https:\/\/iceberg.udg.edu\/index.php?rest_route=%2Fwp%2Fv2%2Fpages%2F11554\">1<\/a><\/li><li class=\"ultp-center-item\" data-current=\"2\" ><a href=\"https:\/\/iceberg.udg.edu\/index.php?rest_route=%2Fwp%2Fv2%2Fpages%2F11554&#038;paged=2\">2<\/a><\/li><li class=\"ultp-center-item\" data-current=\"3\" ><a href=\"https:\/\/iceberg.udg.edu\/index.php?rest_route=%2Fwp%2Fv2%2Fpages%2F11554&#038;paged=3\">3<\/a><\/li><li class=\"ultp-next-page-numbers\"><a href=\"https:\/\/iceberg.udg.edu\/index.php?rest_route=%2Fwp%2Fv2%2Fpages%2F11554&#038;paged=2\">Next<svg xmlns=\"http:\/\/www.w3.org\/2000\/svg\" fill=\"none\" viewBox=\"0 0 24 24\">\n  <path stroke=\"currentColor\" stroke-linecap=\"round\" stroke-linejoin=\"round\" stroke-width=\"1.5\" d=\"m9 18 6-6-6-6\"\/>\n<\/svg>\n<\/a><\/li><\/ul><\/div><\/div><div class=\"pagination-block-html\" aria-hidden=\"true\" style=\"display: none;\"><\/div><\/div>","protected":false},"excerpt":{"rendered":"","protected":false},"author":1,"featured_media":0,"parent":10469,"menu_order":3,"comment_status":"closed","ping_status":"closed","template":"","meta":{"footnotes":""},"class_list":["post-11554","page","type-page","status-publish","hentry"],"_links":{"self":[{"href":"https:\/\/iceberg.udg.edu\/index.php?rest_route=\/wp\/v2\/pages\/11554","targetHints":{"allow":["GET"]}}],"collection":[{"href":"https:\/\/iceberg.udg.edu\/index.php?rest_route=\/wp\/v2\/pages"}],"about":[{"href":"https:\/\/iceberg.udg.edu\/index.php?rest_route=\/wp\/v2\/types\/page"}],"author":[{"embeddable":true,"href":"https:\/\/iceberg.udg.edu\/index.php?rest_route=\/wp\/v2\/users\/1"}],"replies":[{"embeddable":true,"href":"https:\/\/iceberg.udg.edu\/index.php?rest_route=%2Fwp%2Fv2%2Fcomments&post=11554"}],"version-history":[{"count":4,"href":"https:\/\/iceberg.udg.edu\/index.php?rest_route=\/wp\/v2\/pages\/11554\/revisions"}],"predecessor-version":[{"id":14769,"href":"https:\/\/iceberg.udg.edu\/index.php?rest_route=\/wp\/v2\/pages\/11554\/revisions\/14769"}],"up":[{"embeddable":true,"href":"https:\/\/iceberg.udg.edu\/index.php?rest_route=\/wp\/v2\/pages\/10469"}],"wp:attachment":[{"href":"https:\/\/iceberg.udg.edu\/index.php?rest_route=%2Fwp%2Fv2%2Fmedia&parent=11554"}],"curies":[{"name":"wp","href":"https:\/\/api.w.org\/{rel}","templated":true}]}}