{"id":11558,"date":"2020-11-19T10:32:34","date_gmt":"2020-11-19T09:32:34","guid":{"rendered":"http:\/\/icewp.udg.edu\/?page_id=11558"},"modified":"2022-06-30T08:46:46","modified_gmt":"2022-06-30T06:46:46","slug":"altres-propostes","status":"publish","type":"page","link":"https:\/\/iceberg.udg.edu\/?page_id=11558","title":{"rendered":"Altres propostes"},"content":{"rendered":"<div  class=\"ultp-post-grid-block wp-block-ultimate-post-post-grid-1 ultp-block-c8a547\"><div class=\"ultp-block-wrapper\"><div class=\"ultp-loading\"><div class=\"ultp-loading-blocks\" style=\"width:100%;height:100%;\"><div style=\"left: 0;top: 0;animation-delay:0s;\"><\/div><div style=\"left: 21px;top: 0;animation-delay:0.125s;\"><\/div><div style=\"left: 42px;top: 0;animation-delay:0.25s;\"><\/div><div style=\"left: 0;top: 21px;animation-delay:0.875s;\"><\/div><div style=\"left: 42px;top: 21px;animation-delay:0.375s;\"><\/div><div style=\"left: 0;top: 42px;animation-delay:0.75s;\"><\/div><div style=\"left: 42px;top: 42px;animation-delay:0.625s;\"><\/div><div style=\"left: 21px;top: 42px;animation-delay:0.5s;\"><\/div><\/div><\/div><div class=\"ultp-heading-filter\"><div class=\"ultp-heading-filter-in\"><div class=\"ultp-filter-navigation\"><\/div><\/div><\/div><div class=\"ultp-block-items-wrap ultp-block-row ultp-pg1a-style1 ultp-grid1-responsive ultp-block-column-4 ultp-sm-column-2 ultp-xs-column-1 ultp-layout1\"><div class=\"ultp-block-item post-id-22232\"><div class=\"ultp-block-content-wrap\"><div class=\"ultp-block-image ultp-block-image-zoomIn\"><a href=\"https:\/\/iceberg.udg.edu\/?p=22232\" ><img decoding=\"async\"  class=\"ultp-block-image-content\"  alt=\"Joc negre. Misteris per a resoldre\"  src=\"https:\/\/iceberg.udg.edu\/wp-content\/uploads\/2026\/04\/joc.negre_400x300.jpg\" \/><\/a><\/div><div class=\"ultp-block-content\"><h3 class=\"ultp-block-title \"><a href=\"https:\/\/iceberg.udg.edu\/?p=22232\" >Joc negre. Misteris per a resoldre<\/a><\/h3><\/div><\/div><\/div><div class=\"ultp-block-item post-id-21659\"><div class=\"ultp-block-content-wrap\"><div class=\"ultp-block-image ultp-block-image-zoomIn\"><a href=\"https:\/\/iceberg.udg.edu\/?p=21659\" ><img decoding=\"async\"  class=\"ultp-block-image-content\"  alt=\"La plataforma ABPxODS: una eina per dissenyar projectes i reptes per a la sostenibilitat\"  src=\"https:\/\/iceberg.udg.edu\/wp-content\/uploads\/2025\/12\/Logo_ABPxODS_400.png\" \/><\/a><\/div><div class=\"ultp-block-content\"><h3 class=\"ultp-block-title \"><a href=\"https:\/\/iceberg.udg.edu\/?p=21659\" >La plataforma ABPxODS: una eina per dissenyar projectes i reptes per a la sostenibilitat<\/a><\/h3><\/div><\/div><\/div><div class=\"ultp-block-item post-id-21636\"><div class=\"ultp-block-content-wrap\"><div class=\"ultp-block-image ultp-block-image-zoomIn\"><a href=\"https:\/\/iceberg.udg.edu\/?p=21636\" ><img decoding=\"async\"  class=\"ultp-block-image-content\"  alt=\"Explora les oportunitats de finan\u00e7ament europeu de la RDI pel 2026 (Horizon Europe)\"  src=\"https:\/\/iceberg.udg.edu\/wp-content\/uploads\/2024\/11\/unnamed-1.jpg\" \/><\/a><\/div><div class=\"ultp-block-content\"><h3 class=\"ultp-block-title \"><a href=\"https:\/\/iceberg.udg.edu\/?p=21636\" >Explora les oportunitats de finan\u00e7ament europeu de la RDI pel 2026 (Horizon Europe)<\/a><\/h3><\/div><\/div><\/div><div class=\"ultp-block-item post-id-21480\"><div class=\"ultp-block-content-wrap\"><div class=\"ultp-block-image ultp-block-image-zoomIn\"><a href=\"https:\/\/iceberg.udg.edu\/?p=21480\" ><img decoding=\"async\"  class=\"ultp-block-image-content\"  alt=\"Community Engagement in Higher Education (Short Training Series for Academic and Professional Staff)\"  src=\"https:\/\/iceberg.udg.edu\/wp-content\/uploads\/2025\/04\/altres_primera_q_maig_25.jpg\" \/><\/a><\/div><div class=\"ultp-block-content\"><h3 class=\"ultp-block-title \"><a href=\"https:\/\/iceberg.udg.edu\/?p=21480\" >Community Engagement in Higher Education (Short Training Series for Academic and Professional Staff)<\/a><\/h3><\/div><\/div><\/div><div class=\"ultp-block-item post-id-20371\"><div class=\"ultp-block-content-wrap\"><div class=\"ultp-block-image ultp-block-image-zoomIn\"><a href=\"https:\/\/iceberg.udg.edu\/?p=20371\" ><img decoding=\"async\"  class=\"ultp-block-image-content\"  alt=\"International Forum on Skills Intelligence (IFSI) in Post-Secondary &amp; Higher Education\"  src=\"https:\/\/iceberg.udg.edu\/wp-content\/uploads\/2025\/06\/unnamed-1.jpg\" \/><\/a><\/div><div class=\"ultp-block-content\"><h3 class=\"ultp-block-title \"><a href=\"https:\/\/iceberg.udg.edu\/?p=20371\" >International Forum on Skills Intelligence (IFSI) in Post-Secondary &amp; Higher Education<\/a><\/h3><\/div><\/div><\/div><div class=\"ultp-block-item post-id-19982\"><div class=\"ultp-block-content-wrap\"><div class=\"ultp-block-image ultp-block-image-zoomIn\"><a href=\"https:\/\/iceberg.udg.edu\/?p=19982\" ><img decoding=\"async\"  class=\"ultp-block-image-content\"  alt=\"2a Edici\u00f3 del \u201cCicle de C\u00e0psules de Transfer\u00e8ncia de Coneixement\u201d\"  src=\"https:\/\/iceberg.udg.edu\/wp-content\/uploads\/2025\/05\/altres2.jpg\" \/><\/a><\/div><div class=\"ultp-block-content\"><h3 class=\"ultp-block-title \"><a href=\"https:\/\/iceberg.udg.edu\/?p=19982\" >2a Edici\u00f3 del \u201cCicle de C\u00e0psules de Transfer\u00e8ncia de Coneixement\u201d<\/a><\/h3><\/div><\/div><\/div><div class=\"ultp-block-item post-id-19923\"><div class=\"ultp-block-content-wrap\"><div class=\"ultp-block-image ultp-block-image-zoomIn\"><a href=\"https:\/\/iceberg.udg.edu\/?p=19923\" ><img decoding=\"async\"  class=\"ultp-block-image-content\"  alt=\"Community Engagement in Higher Education (Short Training Series for Academic and Professional Staff) [Telepresencial]\"  src=\"https:\/\/iceberg.udg.edu\/wp-content\/uploads\/2025\/04\/altres_primera_q_maig_25.jpg\" \/><\/a><\/div><div class=\"ultp-block-content\"><h3 class=\"ultp-block-title \"><a href=\"https:\/\/iceberg.udg.edu\/?p=19923\" >Community Engagement in Higher Education (Short Training Series for Academic and Professional Staff) [Telepresencial]<\/a><\/h3><\/div><\/div><\/div><div class=\"ultp-block-item post-id-19633\"><div class=\"ultp-block-content-wrap\"><div class=\"ultp-block-image ultp-block-image-zoomIn\"><a href=\"https:\/\/iceberg.udg.edu\/?p=19633\" ><img decoding=\"async\"  class=\"ultp-block-image-content\"  alt=\"VIII Congr\u00e9s Internacional EDO. Impacte de la IA en la gesti\u00f3 del coneixement\"  src=\"https:\/\/iceberg.udg.edu\/wp-content\/uploads\/2025\/02\/edo25-400300.jpg\" \/><\/a><\/div><div class=\"ultp-block-content\"><h3 class=\"ultp-block-title \"><a href=\"https:\/\/iceberg.udg.edu\/?p=19633\" >VIII Congr\u00e9s Internacional EDO. Impacte de la IA en la gesti\u00f3 del coneixement<\/a><\/h3><\/div><\/div><\/div><div class=\"ultp-block-item post-id-19322\"><div class=\"ultp-block-content-wrap\"><div class=\"ultp-block-image ultp-block-image-zoomIn\"><a href=\"https:\/\/iceberg.udg.edu\/?p=19322\" ><img decoding=\"async\"  class=\"ultp-block-image-content\"  alt=\"\u201cT&#8217;Acompanyem\u201d. Ampliant Mirades a l&#8217;\u00e0mbit educatiu\"  src=\"https:\/\/iceberg.udg.edu\/wp-content\/uploads\/2024\/11\/activitats.altres.primera_Q_des24.jpg\" \/><\/a><\/div><div class=\"ultp-block-content\"><h3 class=\"ultp-block-title \"><a href=\"https:\/\/iceberg.udg.edu\/?p=19322\" >\u201cT&#8217;Acompanyem\u201d. Ampliant Mirades a l&#8217;\u00e0mbit educatiu<\/a><\/h3><\/div><\/div><\/div><div class=\"ultp-block-item post-id-19287\"><div class=\"ultp-block-content-wrap\"><div class=\"ultp-block-image ultp-block-image-zoomIn\"><a href=\"https:\/\/iceberg.udg.edu\/?p=19287\" ><img decoding=\"async\"  class=\"ultp-block-image-content\"  alt=\"Community Engagement in Higher Education (Short Training Series for Academic and Professional Staff) [Telepresencial]\"  src=\"https:\/\/iceberg.udg.edu\/wp-content\/uploads\/2024\/11\/altres.primera_Q_des24.jpg\" \/><\/a><\/div><div class=\"ultp-block-content\"><h3 class=\"ultp-block-title \"><a href=\"https:\/\/iceberg.udg.edu\/?p=19287\" >Community Engagement in Higher Education (Short Training Series for Academic and Professional Staff) [Telepresencial]<\/a><\/h3><\/div><\/div><\/div><div class=\"ultp-block-item post-id-19277\"><div class=\"ultp-block-content-wrap\"><div class=\"ultp-block-image ultp-block-image-zoomIn\"><a href=\"https:\/\/iceberg.udg.edu\/?p=19277\" ><img decoding=\"async\"  class=\"ultp-block-image-content\"  alt=\"Explora oportunitats de finan\u00e7ament en el marc de les Associacions Europees\"  src=\"https:\/\/iceberg.udg.edu\/wp-content\/uploads\/2024\/11\/unnamed-1.jpg\" \/><\/a><\/div><div class=\"ultp-block-content\"><h3 class=\"ultp-block-title \"><a href=\"https:\/\/iceberg.udg.edu\/?p=19277\" >Explora oportunitats de finan\u00e7ament en el marc de les Associacions Europees<\/a><\/h3><\/div><\/div><\/div><div class=\"ultp-block-item post-id-19201\"><div class=\"ultp-block-content-wrap\"><div class=\"ultp-block-image ultp-block-image-zoomIn\"><a href=\"https:\/\/iceberg.udg.edu\/?p=19201\" ><img decoding=\"async\"  class=\"ultp-block-image-content\"  alt=\"Jornada sobre les oportunitats de finan\u00e7ament pel 2025 del Consell Europeu de la Innovaci\u00f3\"  src=\"https:\/\/iceberg.udg.edu\/wp-content\/uploads\/2024\/11\/altres.18.11.24.jpg\" \/><\/a><\/div><div class=\"ultp-block-content\"><h3 class=\"ultp-block-title \"><a href=\"https:\/\/iceberg.udg.edu\/?p=19201\" >Jornada sobre les oportunitats de finan\u00e7ament pel 2025 del Consell Europeu de la Innovaci\u00f3<\/a><\/h3><\/div><\/div><\/div><div class=\"ultp-block-item post-id-19007\"><div class=\"ultp-block-content-wrap\"><div class=\"ultp-block-image ultp-block-image-zoomIn\"><a href=\"https:\/\/iceberg.udg.edu\/?p=19007\" ><img decoding=\"async\"  class=\"ultp-block-image-content\"  alt=\"La revoluci\u00f3 de les dades: Big Data, IA i Computaci\u00f3 Qu\u00e0ntica\"  src=\"https:\/\/iceberg.udg.edu\/wp-content\/uploads\/2024\/11\/altres_primera_Q_nov24.jpg\" \/><\/a><\/div><div class=\"ultp-block-content\"><h3 class=\"ultp-block-title \"><a href=\"https:\/\/iceberg.udg.edu\/?p=19007\" >La revoluci\u00f3 de les dades: Big Data, IA i Computaci\u00f3 Qu\u00e0ntica<\/a><\/h3><\/div><\/div><\/div><div class=\"ultp-block-item post-id-18964\"><div class=\"ultp-block-content-wrap\"><div class=\"ultp-block-image ultp-block-image-zoomIn\"><a href=\"https:\/\/iceberg.udg.edu\/?p=18964\" ><img decoding=\"async\"  class=\"ultp-block-image-content\"  alt=\"VIII Congr\u00e9s Internacional EDO 2025\"  src=\"https:\/\/iceberg.udg.edu\/wp-content\/uploads\/2024\/10\/altres.congres.22.10.24.jpg\" \/><\/a><\/div><div class=\"ultp-block-content\"><h3 class=\"ultp-block-title \"><a href=\"https:\/\/iceberg.udg.edu\/?p=18964\" >VIII Congr\u00e9s Internacional EDO 2025<\/a><\/h3><\/div><\/div><\/div><div class=\"ultp-block-item post-id-18511\"><div class=\"ultp-block-content-wrap\"><div class=\"ultp-block-image ultp-block-image-zoomIn\"><a href=\"https:\/\/iceberg.udg.edu\/?p=18511\" ><img decoding=\"async\"  class=\"ultp-block-image-content\"  alt=\"XI Jornadas Iberoamericanas de Innovaci\u00f3n Educativa en el \u00c1mbito de las TIC y las TAC (InnoEducaTIC 2024)\"  src=\"https:\/\/iceberg.udg.edu\/wp-content\/uploads\/2024\/09\/innoeducatic.png\" \/><\/a><\/div><div class=\"ultp-block-content\"><h3 class=\"ultp-block-title \"><a href=\"https:\/\/iceberg.udg.edu\/?p=18511\" >XI Jornadas Iberoamericanas de Innovaci\u00f3n Educativa en el \u00c1mbito de las TIC y las TAC (InnoEducaTIC 2024)<\/a><\/h3><\/div><\/div><\/div><div class=\"ultp-block-item post-id-18499\"><div class=\"ultp-block-content-wrap\"><div class=\"ultp-block-image ultp-block-image-zoomIn\"><a href=\"https:\/\/iceberg.udg.edu\/?p=18499\" ><img decoding=\"async\"  class=\"ultp-block-image-content\"  alt=\"Seminari OEIAC &#8211; La infraestructuralitzaci\u00f3 de la intel\u00b7lig\u00e8ncia artificial: implicacions per als drets fonamentals\"  src=\"https:\/\/iceberg.udg.edu\/wp-content\/uploads\/2024\/09\/seminari-oeiac.jpg\" \/><\/a><\/div><div class=\"ultp-block-content\"><h3 class=\"ultp-block-title \"><a href=\"https:\/\/iceberg.udg.edu\/?p=18499\" >Seminari OEIAC &#8211; La infraestructuralitzaci\u00f3 de la intel\u00b7lig\u00e8ncia artificial: implicacions per als drets fonamentals<\/a><\/h3><\/div><\/div><\/div><div class=\"ultp-block-item post-id-17862\"><div class=\"ultp-block-content-wrap\"><div class=\"ultp-block-image ultp-block-image-zoomIn\"><a href=\"https:\/\/iceberg.udg.edu\/?p=17862\" ><img decoding=\"async\"  class=\"ultp-block-image-content\"  alt=\"1a Escola d&#8217;Estiu d&#8217;Antiracisme: Antiracisme i Educaci\u00f3\"  src=\"https:\/\/iceberg.udg.edu\/wp-content\/uploads\/2024\/06\/escoladestiuantiracisme-negre-768x468-1.png\" \/><\/a><\/div><div class=\"ultp-block-content\"><h3 class=\"ultp-block-title \"><a href=\"https:\/\/iceberg.udg.edu\/?p=17862\" >1a Escola d&#8217;Estiu d&#8217;Antiracisme: Antiracisme i Educaci\u00f3<\/a><\/h3><\/div><\/div><\/div><div class=\"ultp-block-item post-id-17349\"><div class=\"ultp-block-content-wrap\"><div class=\"ultp-block-image ultp-block-image-zoomIn\"><a href=\"https:\/\/iceberg.udg.edu\/?p=17349\" ><img decoding=\"async\"  class=\"ultp-block-image-content\"  alt=\"Taller per a la prevenci\u00f3 i actuaci\u00f3 davant la conducta su\u00efcida en el marc de la Jornada #TrioLaVida [Presencial]\"  src=\"https:\/\/iceberg.udg.edu\/wp-content\/uploads\/2024\/03\/desperate-2293377_1280-1.jpg\" \/><\/a><\/div><div class=\"ultp-block-content\"><h3 class=\"ultp-block-title \"><a href=\"https:\/\/iceberg.udg.edu\/?p=17349\" >Taller per a la prevenci\u00f3 i actuaci\u00f3 davant la conducta su\u00efcida en el marc de la Jornada #TrioLaVida [Presencial]<\/a><\/h3><\/div><\/div><\/div><div class=\"ultp-block-item post-id-17344\"><div class=\"ultp-block-content-wrap\"><div class=\"ultp-block-image ultp-block-image-zoomIn\"><a href=\"https:\/\/iceberg.udg.edu\/?p=17344\" ><img decoding=\"async\"  class=\"ultp-block-image-content\"  alt=\"Sessi\u00f3 sobre la Convocat\u00f2ria 2024 d&#8217;Ajuts postdoctorals Marie Sklowdoska Curie [Telepresencial]\"  src=\"https:\/\/iceberg.udg.edu\/wp-content\/uploads\/2024\/03\/jornada-oitt.jpg\" \/><\/a><\/div><div class=\"ultp-block-content\"><h3 class=\"ultp-block-title \"><a href=\"https:\/\/iceberg.udg.edu\/?p=17344\" >Sessi\u00f3 sobre la Convocat\u00f2ria 2024 d&#8217;Ajuts postdoctorals Marie Sklowdoska Curie [Telepresencial]<\/a><\/h3><\/div><\/div><\/div><div class=\"ultp-block-item post-id-17333\"><div class=\"ultp-block-content-wrap\"><div class=\"ultp-block-image ultp-block-image-zoomIn\"><a href=\"https:\/\/iceberg.udg.edu\/?p=17333\" ><img decoding=\"async\"  class=\"ultp-block-image-content\"  alt=\"Cicle de C\u00e0psules de Transfer\u00e8ncia de Coneixement: tercera i quarta c\u00e0psules [Telepresencial]\"  src=\"https:\/\/iceberg.udg.edu\/wp-content\/uploads\/2024\/03\/oitt.jpg\" \/><\/a><\/div><div class=\"ultp-block-content\"><h3 class=\"ultp-block-title \"><a href=\"https:\/\/iceberg.udg.edu\/?p=17333\" >Cicle de C\u00e0psules de Transfer\u00e8ncia de Coneixement: tercera i quarta c\u00e0psules [Telepresencial]<\/a><\/h3><\/div><\/div><\/div><\/div><div class=\"ultp-pagination-wrap ultp-pagination-ajax-action\" data-paged=\"1\" data-expost=\"\"  data-blockid=\"c8a547\" data-postid=\"11558\" data-pages=\"5\" data-blockname=\"ultimate-post_post-grid-1\" data-selfpostid=\"no\"><ul class=\"ultp-pagination\"><li class=\"ultp-prev-page-numbers\" style=\"display:none\"><a href=\"https:\/\/iceberg.udg.edu\/index.php?rest_route=%2Fwp%2Fv2%2Fpages%2F11558\"><svg xmlns=\"http:\/\/www.w3.org\/2000\/svg\" fill=\"none\" viewBox=\"0 0 24 24\">\n  <path stroke=\"currentColor\" stroke-linecap=\"round\" stroke-linejoin=\"round\" stroke-width=\"1.5\" d=\"m15 18-6-6 6-6\"\/>\n<\/svg>\n Previous<\/a><\/li><li class=\"ultp-first-pages\" style=\"display:none\" data-current=\"1\"><a href=\"https:\/\/iceberg.udg.edu\/index.php?rest_route=%2Fwp%2Fv2%2Fpages%2F11558\">1<\/a><\/li><li class=\"ultp-first-dot\"style=\"display:none\"><a href=\"#\">&#8230;<\/a><\/li><li class=\"ultp-center-item pagination-active\" data-current=\"1\"><a href=\"https:\/\/iceberg.udg.edu\/index.php?rest_route=%2Fwp%2Fv2%2Fpages%2F11558\">1<\/a><\/li><li class=\"ultp-center-item\" data-current=\"2\" ><a href=\"https:\/\/iceberg.udg.edu\/index.php?rest_route=%2Fwp%2Fv2%2Fpages%2F11558&#038;paged=2\">2<\/a><\/li><li class=\"ultp-center-item\" data-current=\"3\" ><a href=\"https:\/\/iceberg.udg.edu\/index.php?rest_route=%2Fwp%2Fv2%2Fpages%2F11558&#038;paged=3\">3<\/a><\/li><li class=\"ultp-last-dot\" ><a href=\"#\">&#8230;<\/a><\/li><li class=\"ultp-last-pages\" data-current=\"5\"><a href=\"https:\/\/iceberg.udg.edu\/index.php?rest_route=%2Fwp%2Fv2%2Fpages%2F11558&#038;paged=5\">5<\/a><\/li><li class=\"ultp-next-page-numbers\"><a href=\"https:\/\/iceberg.udg.edu\/index.php?rest_route=%2Fwp%2Fv2%2Fpages%2F11558&#038;paged=2\">Next<svg xmlns=\"http:\/\/www.w3.org\/2000\/svg\" fill=\"none\" viewBox=\"0 0 24 24\">\n  <path stroke=\"currentColor\" stroke-linecap=\"round\" stroke-linejoin=\"round\" stroke-width=\"1.5\" d=\"m9 18 6-6-6-6\"\/>\n<\/svg>\n<\/a><\/li><\/ul><\/div><\/div><div class=\"pagination-block-html\" aria-hidden=\"true\" style=\"display: none;\"><\/div><\/div>","protected":false},"excerpt":{"rendered":"","protected":false},"author":1,"featured_media":0,"parent":10469,"menu_order":5,"comment_status":"closed","ping_status":"closed","template":"","meta":{"footnotes":""},"class_list":["post-11558","page","type-page","status-publish","hentry"],"_links":{"self":[{"href":"https:\/\/iceberg.udg.edu\/index.php?rest_route=\/wp\/v2\/pages\/11558","targetHints":{"allow":["GET"]}}],"collection":[{"href":"https:\/\/iceberg.udg.edu\/index.php?rest_route=\/wp\/v2\/pages"}],"about":[{"href":"https:\/\/iceberg.udg.edu\/index.php?rest_route=\/wp\/v2\/types\/page"}],"author":[{"embeddable":true,"href":"https:\/\/iceberg.udg.edu\/index.php?rest_route=\/wp\/v2\/users\/1"}],"replies":[{"embeddable":true,"href":"https:\/\/iceberg.udg.edu\/index.php?rest_route=%2Fwp%2Fv2%2Fcomments&post=11558"}],"version-history":[{"count":4,"href":"https:\/\/iceberg.udg.edu\/index.php?rest_route=\/wp\/v2\/pages\/11558\/revisions"}],"predecessor-version":[{"id":14771,"href":"https:\/\/iceberg.udg.edu\/index.php?rest_route=\/wp\/v2\/pages\/11558\/revisions\/14771"}],"up":[{"embeddable":true,"href":"https:\/\/iceberg.udg.edu\/index.php?rest_route=\/wp\/v2\/pages\/10469"}],"wp:attachment":[{"href":"https:\/\/iceberg.udg.edu\/index.php?rest_route=%2Fwp%2Fv2%2Fmedia&parent=11558"}],"curies":[{"name":"wp","href":"https:\/\/api.w.org\/{rel}","templated":true}]}}