{"id":12896,"date":"2021-04-21T12:48:56","date_gmt":"2021-04-21T10:48:56","guid":{"rendered":"https:\/\/icebergng.udg.edu\/?page_id=12896"},"modified":"2021-07-20T14:50:31","modified_gmt":"2021-07-20T12:50:31","slug":"premis-iceberg","status":"publish","type":"page","link":"https:\/\/iceberg.udg.edu\/?page_id=12896","title":{"rendered":"Premi ICEberg"},"content":{"rendered":"\n<figure class=\"wp-block-image size-large is-resized\"><img loading=\"lazy\" decoding=\"async\" src=\"https:\/\/iceberg.udg.edu\/wp-content\/uploads\/2021\/05\/2aediciocaratula.jpg\" alt=\"\" class=\"wp-image-13192\" width=\"562\" height=\"421\" srcset=\"https:\/\/iceberg.udg.edu\/wp-content\/uploads\/2021\/05\/2aediciocaratula.jpg 800w, https:\/\/iceberg.udg.edu\/wp-content\/uploads\/2021\/05\/2aediciocaratula-300x225.jpg 300w, https:\/\/iceberg.udg.edu\/wp-content\/uploads\/2021\/05\/2aediciocaratula-768x576.jpg 768w\" sizes=\"auto, (max-width: 562px) 100vw, 562px\" \/><\/figure>\n\n\n\n<h2 class=\"wp-block-heading\">Premi d\u2019innovaci\u00f3 docent ICEberg UdG. Segona edici\u00f3<\/h2>\n\n\n\n<p>L\u2019<a rel=\"noreferrer noopener\" href=\"https:\/\/www.udg.edu\/ca\/ice\" target=\"_blank\">Institut de Ci\u00e8ncies de l\u2019Educaci\u00f3 Josep Pallach&nbsp;<\/a>va convocar la segona edici\u00f3 del Premi ICEberg UdG, amb la finalitat de fomentar la innovaci\u00f3 docent a la Universitat de Girona i premiar les millors iniciatives dutes a terme en el context d\u2019un o varis estudis de la Universitat de Girona.<\/p>\n\n\n\n<p>El jurat d&#8217;aquesta segona edici\u00f3 del Premi d\u2019Innovaci\u00f3 docent ICEberg UdG va considerar de forma consensuada que el projecte guanyador de la segona edici\u00f3 del Premi d\u2019innovaci\u00f3 docent ICEberg UdG era el que portava per t\u00edtol:<strong> \u201cEscriptures i llenguatges audiovisuals o com crear contingut online per a un client real\u201c<\/strong>, presentat per S\u00edlvia Espinosa, Aida Fuentes, i Albert Costa, dels estudis de Publicitat i Relacions P\u00fabliques de la Facultat de Turisme.<\/p>\n\n\n\n<p>El Premi ICEberg UdG consisteix en:<\/p>\n\n\n\n<ol class=\"wp-block-list\"><li>La gravaci\u00f3 d\u2019un <a href=\"https:\/\/youtu.be\/pSkbcKzh5Iw\" target=\"_blank\" rel=\"noreferrer noopener\">v\u00eddeo curt de difusi\u00f3 de l\u2019experi\u00e8ncia premiada<\/a>.<\/li><li>Un ajut per participar en un congr\u00e9s de doc\u00e8ncia universit\u00e0ria internacional presentant aquesta experi\u00e8ncia.<\/li><\/ol>\n\n\n\n<p><a href=\"https:\/\/www.udg.edu\/ca\/ice\/beques-i-premis\/premi-iceberg\" target=\"_blank\" rel=\"noreferrer noopener\">M\u00e9s informaci\u00f3 sobre el premi<\/a><\/p>\n","protected":false},"excerpt":{"rendered":"<p>Premi d\u2019innovaci\u00f3 docent ICEberg UdG. Segona edici\u00f3 L\u2019Institut de Ci\u00e8ncies de l\u2019Educaci\u00f3 Josep Pallach&nbsp;va convocar la segona edici\u00f3 del Premi ICEberg UdG, amb la finalitat de fomentar la innovaci\u00f3 docent a la Universitat de Girona i premiar les millors iniciatives dutes a terme en el context d\u2019un o varis estudis de la Universitat de Girona. [&hellip;]<\/p>\n","protected":false},"author":1,"featured_media":0,"parent":12883,"menu_order":0,"comment_status":"closed","ping_status":"closed","template":"","meta":{"footnotes":""},"class_list":["post-12896","page","type-page","status-publish","hentry"],"_links":{"self":[{"href":"https:\/\/iceberg.udg.edu\/index.php?rest_route=\/wp\/v2\/pages\/12896","targetHints":{"allow":["GET"]}}],"collection":[{"href":"https:\/\/iceberg.udg.edu\/index.php?rest_route=\/wp\/v2\/pages"}],"about":[{"href":"https:\/\/iceberg.udg.edu\/index.php?rest_route=\/wp\/v2\/types\/page"}],"author":[{"embeddable":true,"href":"https:\/\/iceberg.udg.edu\/index.php?rest_route=\/wp\/v2\/users\/1"}],"replies":[{"embeddable":true,"href":"https:\/\/iceberg.udg.edu\/index.php?rest_route=%2Fwp%2Fv2%2Fcomments&post=12896"}],"version-history":[{"count":7,"href":"https:\/\/iceberg.udg.edu\/index.php?rest_route=\/wp\/v2\/pages\/12896\/revisions"}],"predecessor-version":[{"id":13460,"href":"https:\/\/iceberg.udg.edu\/index.php?rest_route=\/wp\/v2\/pages\/12896\/revisions\/13460"}],"up":[{"embeddable":true,"href":"https:\/\/iceberg.udg.edu\/index.php?rest_route=\/wp\/v2\/pages\/12883"}],"wp:attachment":[{"href":"https:\/\/iceberg.udg.edu\/index.php?rest_route=%2Fwp%2Fv2%2Fmedia&parent=12896"}],"curies":[{"name":"wp","href":"https:\/\/api.w.org\/{rel}","templated":true}]}}