{"id":12898,"date":"2021-04-21T12:49:13","date_gmt":"2021-04-21T10:49:13","guid":{"rendered":"https:\/\/icebergng.udg.edu\/?page_id=12898"},"modified":"2021-07-30T12:40:56","modified_gmt":"2021-07-30T10:40:56","slug":"dades-de-participacio","status":"publish","type":"page","link":"https:\/\/iceberg.udg.edu\/?page_id=12898","title":{"rendered":"Dades de participaci\u00f3"},"content":{"rendered":"\n<h2 class=\"wp-block-heading\">An\u00e0lisis d&#8217;activitats<\/h2>\n\n\n\n<hr class=\"wp-block-separator is-style-wide\"\/>\n\n\n\n<nobr>\n<h4><a href=\"#texto-ancla1\" style=\"text-decoration:none\">1. Activitats realitzades segons \u00e0mbits tem\u00e0tics<\/a><\/h4>\n<h4><a href=\"#texto-ancla2\" style=\"text-decoration:none\">2. Webinars realitzats com a complement als cursos en l\u00ednia sobre compet\u00e8ncies b\u00e0siques &#8220;Moodle a l&#8217;abast&#8221;, <\/a><\/h4>\n<h4><a href=\"#texto-ancla2\" style=\"text-decoration:none\"><span style=\"padding-left:3em\">&#8220;Entorn UdG: qu\u00e8 \u00e9s el que has de saber?&#8221; i &#8220;Eines de doc\u00e8ncia i treball a dist\u00e0ncia&#8221;<\/span><\/a><\/h4>\n<h4><a href=\"#texto-ancla3\" style=\"text-decoration:none\">3. Cursos en l\u00ednia sobre Compet\u00e8ncies B\u00e0siques habilitats a La Meva per a tot el PDI<\/a><\/h4>\n<h4><a href=\"#texto-ancla4\" style=\"text-decoration:none\">4. Participaci\u00f3 en les activitats segons departament<\/a><\/h4>\n<h4><a href=\"#texto-ancla5\" style=\"text-decoration:none\">5. Participaci\u00f3 en les activitats segons Facultat o Col\u00b7lectiu<\/a><\/h4>\n<\/nobr>\n<\/br>\n\n\n\n<hr class=\"wp-block-separator is-style-wide\"\/>\n\n\n\n<a id=\"texto-ancla1\"><\/a>\n<\/br><h3>1. Activitats realitzades segons \u00e0mbits tem\u00e0tics<\/h3>\n\n\n\n<figure class=\"wp-block-table is-style-stripes\"><table><thead><tr><th class=\"has-text-align-left\" data-align=\"left\">\u00c0mbit tem\u00e0tic<\/th><th class=\"has-text-align-center\" data-align=\"center\">Activitats<\/th><th class=\"has-text-align-center\" data-align=\"center\">Participants<\/th><th class=\"has-text-align-center\" data-align=\"center\">Aptes<\/th><th class=\"has-text-align-center\" data-align=\"center\">Llista d&#8217;espera<\/th><th class=\"has-text-align-center\" data-align=\"center\">Anul\u00b7lats<\/th><\/tr><\/thead><tbody><tr><td class=\"has-text-align-left\" data-align=\"left\">Doc\u00e8ncia Universit\u00e0ria<\/td><td class=\"has-text-align-center\" data-align=\"center\">32<\/td><td class=\"has-text-align-center\" data-align=\"center\">154<\/td><td class=\"has-text-align-center\" data-align=\"center\">92<\/td><td class=\"has-text-align-center\" data-align=\"center\">0<\/td><td class=\"has-text-align-center\" data-align=\"center\">12<\/td><\/tr><tr><td class=\"has-text-align-left\" data-align=\"left\">Metodologies Docents<\/td><td class=\"has-text-align-center\" data-align=\"center\">9<\/td><td class=\"has-text-align-center\" data-align=\"center\">194<\/td><td class=\"has-text-align-center\" data-align=\"center\">171<\/td><td class=\"has-text-align-center\" data-align=\"center\">0<\/td><td class=\"has-text-align-center\" data-align=\"center\">12<\/td><\/tr><tr><td class=\"has-text-align-left\" data-align=\"left\">Recerca<\/td><td class=\"has-text-align-center\" data-align=\"center\">7<\/td><td class=\"has-text-align-center\" data-align=\"center\">133<\/td><td class=\"has-text-align-center\" data-align=\"center\">86<\/td><td class=\"has-text-align-center\" data-align=\"center\">35<\/td><td class=\"has-text-align-center\" data-align=\"center\">13<\/td><\/tr><tr><td class=\"has-text-align-left\" data-align=\"left\">Recursos Docents<\/td><td class=\"has-text-align-center\" data-align=\"center\">47<\/td><td class=\"has-text-align-center\" data-align=\"center\">2371<\/td><td class=\"has-text-align-center\" data-align=\"center\">2140<\/td><td class=\"has-text-align-center\" data-align=\"center\">31<\/td><td class=\"has-text-align-center\" data-align=\"center\">67<\/td><\/tr><tr><td class=\"has-text-align-left\" data-align=\"left\">Salut Laboral<\/td><td class=\"has-text-align-center\" data-align=\"center\">1<\/td><td class=\"has-text-align-center\" data-align=\"center\">45<\/td><td class=\"has-text-align-center\" data-align=\"center\">0<\/td><td class=\"has-text-align-center\" data-align=\"center\">0<\/td><td class=\"has-text-align-center\" data-align=\"center\">1<\/td><\/tr><tr><td class=\"has-text-align-left\" data-align=\"left\">TIC<\/td><td class=\"has-text-align-center\" data-align=\"center\">21<\/td><td class=\"has-text-align-center\" data-align=\"center\">1218<\/td><td class=\"has-text-align-center\" data-align=\"center\">680<\/td><td class=\"has-text-align-center\" data-align=\"center\">14<\/td><td class=\"has-text-align-center\" data-align=\"center\">49<\/td><\/tr><\/tbody><tfoot><tr><td class=\"has-text-align-left\" data-align=\"left\"><strong>Total<\/strong><\/td><td class=\"has-text-align-center\" data-align=\"center\">117<\/td><td class=\"has-text-align-center\" data-align=\"center\">4115<\/td><td class=\"has-text-align-center\" data-align=\"center\">3169<\/td><td class=\"has-text-align-center\" data-align=\"center\">80<\/td><td class=\"has-text-align-center\" data-align=\"center\">154<\/td><\/tr><\/tfoot><\/table><\/figure>\n\n\n\n<a id=\"texto-ancla2\"><\/a>\n<\/br><h3>2. Webinars realitzats com a complement als cursos en l\u00ednia sobre compet\u00e8ncies b\u00e0siques &#8220;Moodle a l&#8217;abast&#8221;, &#8220;Entorn UdG: qu\u00e8 \u00e9s el que has de saber?&#8221; i &#8220;Eines de doc\u00e8ncia i treball a dist\u00e0ncia&#8221;<\/h3>\n\n\n\n<figure class=\"wp-block-table is-style-stripes\"><table><thead><tr><th class=\"has-text-align-left\" data-align=\"left\">Webinars<\/th><th class=\"has-text-align-center\" data-align=\"center\">Activitats<\/th><th class=\"has-text-align-center\" data-align=\"center\">Participants<\/th><\/tr><\/thead><tbody><tr><\/tr><tr><td class=\"has-text-align-left\" data-align=\"left\">Moodle<\/td><td class=\"has-text-align-center\" data-align=\"center\">1<\/td><td class=\"has-text-align-center\" data-align=\"center\">42<\/td><\/tr><tr><td class=\"has-text-align-left\" data-align=\"left\">Dret a la protecci\u00f3 de dades i dret a la pr\u00f2pia imatge<\/td><td class=\"has-text-align-center\" data-align=\"center\">2<\/td><td class=\"has-text-align-center\" data-align=\"center\">32<\/td><\/tr><tr><td class=\"has-text-align-left\" data-align=\"left\">Drets d\u2019autor: crear, reutilitzar i difondre<\/td><td class=\"has-text-align-center\" data-align=\"center\">1<\/td><td class=\"has-text-align-center\" data-align=\"center\">11<\/td><\/tr><tr><td class=\"has-text-align-left\" data-align=\"left\">Habilitats fonamentals per parlar en p\u00fablic<\/td><td class=\"has-text-align-center\" data-align=\"center\">1<\/td><td class=\"has-text-align-center\" data-align=\"center\">8<\/td><\/tr><tr><td class=\"has-text-align-left\" data-align=\"left\">Llibre d&#8217;estil UdG: pautes d&#8217;\u00fas en materials docents<\/td><td class=\"has-text-align-center\" data-align=\"center\">1<\/td><td class=\"has-text-align-center\" data-align=\"center\">25<\/td><\/tr><tr><td class=\"has-text-align-left\" data-align=\"left\">Seguretat i salut en l&#8217;activitat docent<\/td><td class=\"has-text-align-center\" data-align=\"center\">1<\/td><td class=\"has-text-align-center\" data-align=\"center\">45<\/td><\/tr><tr><td class=\"has-text-align-left\" data-align=\"left\">Blackboard Collaborate<\/td><td class=\"has-text-align-center\" data-align=\"center\">7<\/td><td class=\"has-text-align-center\" data-align=\"center\">373<\/td><\/tr><\/tbody><tfoot><tr><td class=\"has-text-align-left\" data-align=\"left\"><strong>Total<\/strong><\/td><td class=\"has-text-align-center\" data-align=\"center\">14<\/td><td class=\"has-text-align-center\" data-align=\"center\">534<\/td><\/tr><\/tfoot><\/table><\/figure>\n\n\n\n<a id=\"texto-ancla3\"><\/a>\n<\/br><h3>3. Cursos en l\u00ednia sobre Compet\u00e8ncies B\u00e0siques habilitats a La Meva per a tot el PDI<\/h3>\n\n\n\n<figure class=\"wp-block-table is-style-stripes\"><table><thead><tr><th class=\"has-text-align-left\" data-align=\"left\">Webinars<\/th><th class=\"has-text-align-center\" data-align=\"center\">Participants<\/th><\/tr><\/thead><tbody><tr><td class=\"has-text-align-left\" data-align=\"left\">Entorn UdG: qu\u00e8 \u00e9s el que has de saber?<\/td><td class=\"has-text-align-center\" data-align=\"center\">313<\/td><\/tr><tr><td class=\"has-text-align-left\" data-align=\"left\">\u00das de la plataforma Blackboard Collaborate<\/td><td class=\"has-text-align-center\" data-align=\"center\">521<\/td><\/tr><tr><td class=\"has-text-align-left\" data-align=\"left\">Moodle a l&#8217;abast: nivell b\u00e0sic<\/td><td class=\"has-text-align-center\" data-align=\"center\">512<\/td><\/tr><tr><td class=\"has-text-align-left\" data-align=\"left\">Conceptes b\u00e0sics de la plataforma Microsoft Teams<\/td><td class=\"has-text-align-center\" data-align=\"center\">413<\/td><\/tr><tr><td class=\"has-text-align-left\" data-align=\"left\">\u00das de la plataforma Google Meet<\/td><td class=\"has-text-align-center\" data-align=\"center\">462<\/td><\/tr><\/tbody><tfoot><tr><td class=\"has-text-align-left\" data-align=\"left\"><strong>Total<\/strong><\/td><td class=\"has-text-align-center\" data-align=\"center\">2224<\/td><\/tr><\/tfoot><\/table><\/figure>\n\n\n\n<a id=\"texto-ancla4\"><\/a>\n<\/br><h3>4. Participaci\u00f3 en les activitats segons departament<\/h3>\n\n\n\n<figure class=\"wp-block-table is-style-stripes\"><table><thead><tr><th class=\"has-text-align-left\" data-align=\"left\">Departament<\/th><th class=\"has-text-align-center\" data-align=\"center\">Participants<\/th><\/tr><\/thead><tbody><tr><td class=\"has-text-align-left\" data-align=\"left\">Arquitectura i Enginyeria de La Construcci\u00f3<\/td><td class=\"has-text-align-center\" data-align=\"center\">83<\/td><\/tr><tr><td class=\"has-text-align-left\" data-align=\"left\">Arquitectura i Tecnologia de Computadors<\/td><td class=\"has-text-align-center\" data-align=\"center\">64<\/td><\/tr><tr><td class=\"has-text-align-left\" data-align=\"left\">Biologia<\/td><td class=\"has-text-align-center\" data-align=\"center\">186<\/td><\/tr><tr><td class=\"has-text-align-left\" data-align=\"left\">Ci\u00e8ncies Ambientals<\/td><td class=\"has-text-align-center\" data-align=\"center\">85<\/td><\/tr><tr><td class=\"has-text-align-left\" data-align=\"left\">Ci\u00e8ncies M\u00e8diques<\/td><td class=\"has-text-align-center\" data-align=\"center\">195<\/td><\/tr><tr><td class=\"has-text-align-left\" data-align=\"left\">Did\u00e0ctiques Espec\u00edfiques<\/td><td class=\"has-text-align-center\" data-align=\"center\">220<\/td><\/tr><tr><td class=\"has-text-align-left\" data-align=\"left\">Dret Privat<\/td><td class=\"has-text-align-center\" data-align=\"center\">85<\/td><\/tr><tr><td class=\"has-text-align-left\" data-align=\"left\">Dret P\u00fablic<\/td><td class=\"has-text-align-center\" data-align=\"center\">195<\/td><\/tr><tr><td class=\"has-text-align-left\" data-align=\"left\">Economia&nbsp;<\/td><td class=\"has-text-align-center\" data-align=\"center\">184<\/td><\/tr><tr><td class=\"has-text-align-left\" data-align=\"left\">Enginyeria El\u00e8ctrica, Electr\u00f2nica i Autom\u00e0tica<\/td><td class=\"has-text-align-center\" data-align=\"center\">65<\/td><\/tr><tr><td class=\"has-text-align-left\" data-align=\"left\">Empresa<\/td><td class=\"has-text-align-center\" data-align=\"center\">160<\/td><\/tr><tr><td class=\"has-text-align-left\" data-align=\"left\">Enginyeria Mec\u00e0nica i De la Construcci\u00f3 Industrial<\/td><td class=\"has-text-align-center\" data-align=\"center\">100<\/td><\/tr><tr><td class=\"has-text-align-left\" data-align=\"left\">Enginyeria Qu\u00edmica, Agr\u00e0ria i Tecnologia Agroaliment\u00e0ria<\/td><td class=\"has-text-align-center\" data-align=\"center\">244<\/td><\/tr><tr><td class=\"has-text-align-left\" data-align=\"left\">F\u00edsica<\/td><td class=\"has-text-align-center\" data-align=\"center\">59<\/td><\/tr><tr><td class=\"has-text-align-left\" data-align=\"left\">Filologia i Comunicaci\u00f3<\/td><td class=\"has-text-align-center\" data-align=\"center\">176<\/td><\/tr><tr><td class=\"has-text-align-left\" data-align=\"left\">Filosofia<\/td><td class=\"has-text-align-center\" data-align=\"center\">58<\/td><\/tr><tr><td class=\"has-text-align-left\" data-align=\"left\">Geografia<\/td><td class=\"has-text-align-center\" data-align=\"center\">132<\/td><\/tr><tr><td class=\"has-text-align-left\" data-align=\"left\">Hist\u00f2ria i Hist\u00f2ria de L&#8217;art<\/td><td class=\"has-text-align-center\" data-align=\"center\">172<\/td><\/tr><tr><td class=\"has-text-align-left\" data-align=\"left\">Infermeria<\/td><td class=\"has-text-align-center\" data-align=\"center\">312<\/td><\/tr><tr><td class=\"has-text-align-left\" data-align=\"left\">Institut d\u2019Ecologia Aqu\u00e0tica<\/td><td class=\"has-text-align-center\" data-align=\"center\">30<\/td><\/tr><tr><td class=\"has-text-align-left\" data-align=\"left\">Inform\u00e0tica, Matem\u00e0tica Aplicada i Estad\u00edstica<\/td><td class=\"has-text-align-center\" data-align=\"center\">132<\/td><\/tr><tr><td class=\"has-text-align-left\" data-align=\"left\">Organitzaci\u00f3, Gesti\u00f3 Empresarial i Disseny del Producte<\/td><td class=\"has-text-align-center\" data-align=\"center\">164<\/td><\/tr><tr><td class=\"has-text-align-left\" data-align=\"left\">Pedagogia<\/td><td class=\"has-text-align-center\" data-align=\"center\">304<\/td><\/tr><tr><td class=\"has-text-align-left\" data-align=\"left\">Psicologia<\/td><td class=\"has-text-align-center\" data-align=\"center\">226<\/td><\/tr><tr><td class=\"has-text-align-left\" data-align=\"left\">Qu\u00edmica<\/td><td class=\"has-text-align-center\" data-align=\"center\">226<\/td><\/tr><tr><td class=\"has-text-align-left\" data-align=\"left\">\u00c0rea d&#8217;Estudis de Ci\u00e8ncies<\/td><td class=\"has-text-align-center\" data-align=\"center\">3<\/td><\/tr><tr><td class=\"has-text-align-left\" data-align=\"left\">\u00c0rea d&#8217;Estudis de Dret i d&#8217;Econ\u00f2miques<\/td><td class=\"has-text-align-center\" data-align=\"center\">4<\/td><\/tr><tr><td class=\"has-text-align-left\" data-align=\"left\">\u00c0rea d&#8217;Estudis de la Salut<\/td><td class=\"has-text-align-center\" data-align=\"center\">5<\/td><\/tr><tr><td class=\"has-text-align-left\" data-align=\"left\">\u00c0rea d&#8217;Estudis de Lletres i de Turisme<\/td><td class=\"has-text-align-center\" data-align=\"center\">8<\/td><\/tr><tr><td class=\"has-text-align-left\" data-align=\"left\">\u00c0rea d&#8217;Estudis d&#8217;Educaci\u00f3 i Psicologia<\/td><td class=\"has-text-align-center\" data-align=\"center\">7<\/td><\/tr><tr><td class=\"has-text-align-left\" data-align=\"left\">\u00c0rea d&#8217;Estudis T\u00e8cnics<\/td><td class=\"has-text-align-center\" data-align=\"center\">7<\/td><\/tr><tr><td class=\"has-text-align-left\" data-align=\"left\">Biblioteca<\/td><td class=\"has-text-align-center\" data-align=\"center\">6<\/td><\/tr><tr><td class=\"has-text-align-left\" data-align=\"left\">Gabinet de Planificaci\u00f3 i Avaluaci\u00f3<\/td><td class=\"has-text-align-center\" data-align=\"center\">1<\/td><\/tr><tr><td class=\"has-text-align-left\" data-align=\"left\">Institut de Ci\u00e8ncies de l&#8217;Educaci\u00f3 Josep Pallach i de Lleng\u00fces Modernes<\/td><td class=\"has-text-align-center\" data-align=\"center\">22<\/td><\/tr><tr><td class=\"has-text-align-left\" data-align=\"left\">Servei Inform\u00e0tic<\/td><td class=\"has-text-align-center\" data-align=\"center\">3<\/td><\/tr><tr><td class=\"has-text-align-left\" data-align=\"left\">Altres (dels quals 100 son membres d&#8217;IdibGi)<\/td><td class=\"has-text-align-center\" data-align=\"center\">189<\/td><\/tr><\/tbody><tfoot><tr><td class=\"has-text-align-left\" data-align=\"left\"><strong>Total<\/strong><\/td><td class=\"has-text-align-center\" data-align=\"center\">4115<\/td><\/tr><\/tfoot><\/table><\/figure>\n\n\n\n<a id=\"texto-ancla5\"><\/a>\n<\/br><h3>5. Participaci\u00f3 en les activitats segons Facultat o Col\u00b7lectiu<\/h3>\n\n\n\n<figure class=\"wp-block-table is-style-stripes\"><table><thead><tr><th class=\"has-text-align-left\" data-align=\"left\">Facultat<\/th><th class=\"has-text-align-center\" data-align=\"center\">Participants<\/th><\/tr><\/thead><tbody><tr><td class=\"has-text-align-left\" data-align=\"left\">Doctorat<\/td><td class=\"has-text-align-center\" data-align=\"center\">21<\/td><\/tr><tr><td class=\"has-text-align-left\" data-align=\"left\">Escola Polit\u00e8cnica Superior<\/td><td class=\"has-text-align-center\" data-align=\"center\">738<\/td><\/tr><tr><td class=\"has-text-align-left\" data-align=\"left\">Facultat de Ci\u00e8ncies&nbsp;<\/td><td class=\"has-text-align-center\" data-align=\"center\">603<\/td><\/tr><tr><td class=\"has-text-align-left\" data-align=\"left\">Facultat d&#8217;Educaci\u00f3 i Psicologia<\/td><td class=\"has-text-align-center\" data-align=\"center\">773<\/td><\/tr><tr><td class=\"has-text-align-left\" data-align=\"left\">Facultat de Dret<\/td><td class=\"has-text-align-center\" data-align=\"center\">275<\/td><\/tr><tr><td class=\"has-text-align-left\" data-align=\"left\">Facultat de Ci\u00e8ncies Econ\u00f2miques i Empresarials&nbsp;<\/td><td class=\"has-text-align-center\" data-align=\"center\">286<\/td><\/tr><tr><td class=\"has-text-align-left\" data-align=\"left\">Facultat de Lletres<\/td><td class=\"has-text-align-center\" data-align=\"center\">381<\/td><\/tr><tr><td class=\"has-text-align-left\" data-align=\"left\">Facultat d&#8217;Infermeria<\/td><td class=\"has-text-align-center\" data-align=\"center\">338<\/td><\/tr><tr><td class=\"has-text-align-left\" data-align=\"left\">Facultat de Medicina<\/td><td class=\"has-text-align-center\" data-align=\"center\">221<\/td><\/tr><tr><td class=\"has-text-align-left\" data-align=\"left\">Facultat de Turisme<\/td><td class=\"has-text-align-center\" data-align=\"center\">289<\/td><\/tr><tr><td class=\"has-text-align-left\" data-align=\"left\">Altres (dels quals 100 son membres d&#8217;IdibGi)<\/td><td class=\"has-text-align-center\" data-align=\"center\">190<\/td><\/tr><\/tbody><tfoot><tr><td class=\"has-text-align-left\" data-align=\"left\"><strong>Total<\/strong><\/td><td class=\"has-text-align-center\" data-align=\"center\">4115<\/td><\/tr><\/tfoot><\/table><\/figure>\n\n\n\n<p><\/p>\n","protected":false},"excerpt":{"rendered":"<p>An\u00e0lisis d&#8217;activitats 1. Activitats realitzades segons \u00e0mbits tem\u00e0tics 2. Webinars realitzats com a complement als cursos en l\u00ednia sobre compet\u00e8ncies b\u00e0siques &#8220;Moodle a l&#8217;abast&#8221;, &#8220;Entorn UdG: qu\u00e8 \u00e9s el que has de saber?&#8221; i &#8220;Eines de doc\u00e8ncia i treball a dist\u00e0ncia&#8221; 3. Cursos en l\u00ednia sobre Compet\u00e8ncies B\u00e0siques habilitats a La Meva per a tot [&hellip;]<\/p>\n","protected":false},"author":1,"featured_media":0,"parent":12883,"menu_order":0,"comment_status":"closed","ping_status":"closed","template":"","meta":{"footnotes":""},"class_list":["post-12898","page","type-page","status-publish","hentry"],"_links":{"self":[{"href":"https:\/\/iceberg.udg.edu\/index.php?rest_route=\/wp\/v2\/pages\/12898","targetHints":{"allow":["GET"]}}],"collection":[{"href":"https:\/\/iceberg.udg.edu\/index.php?rest_route=\/wp\/v2\/pages"}],"about":[{"href":"https:\/\/iceberg.udg.edu\/index.php?rest_route=\/wp\/v2\/types\/page"}],"author":[{"embeddable":true,"href":"https:\/\/iceberg.udg.edu\/index.php?rest_route=\/wp\/v2\/users\/1"}],"replies":[{"embeddable":true,"href":"https:\/\/iceberg.udg.edu\/index.php?rest_route=%2Fwp%2Fv2%2Fcomments&post=12898"}],"version-history":[{"count":14,"href":"https:\/\/iceberg.udg.edu\/index.php?rest_route=\/wp\/v2\/pages\/12898\/revisions"}],"predecessor-version":[{"id":13617,"href":"https:\/\/iceberg.udg.edu\/index.php?rest_route=\/wp\/v2\/pages\/12898\/revisions\/13617"}],"up":[{"embeddable":true,"href":"https:\/\/iceberg.udg.edu\/index.php?rest_route=\/wp\/v2\/pages\/12883"}],"wp:attachment":[{"href":"https:\/\/iceberg.udg.edu\/index.php?rest_route=%2Fwp%2Fv2%2Fmedia&parent=12898"}],"curies":[{"name":"wp","href":"https:\/\/api.w.org\/{rel}","templated":true}]}}