{"id":12900,"date":"2021-04-21T12:49:34","date_gmt":"2021-04-21T10:49:34","guid":{"rendered":"https:\/\/icebergng.udg.edu\/?page_id=12900"},"modified":"2021-06-18T12:44:05","modified_gmt":"2021-06-18T10:44:05","slug":"publicacions","status":"publish","type":"page","link":"https:\/\/iceberg.udg.edu\/?page_id=12900","title":{"rendered":"Publicacions"},"content":{"rendered":"\n<div class=\"wp-block-columns is-layout-flex wp-container-core-columns-is-layout-9d6595d7 wp-block-columns-is-layout-flex\">\n<div class=\"wp-block-column is-layout-flow wp-block-column-is-layout-flow\" style=\"flex-basis:33.33%\">\n<figure class=\"wp-block-image size-large is-resized\"><img loading=\"lazy\" decoding=\"async\" src=\"https:\/\/iceberg.udg.edu\/wp-content\/uploads\/2021\/05\/guiamap.png\" alt=\"\" class=\"wp-image-13160\" width=\"348\" height=\"491\" srcset=\"https:\/\/iceberg.udg.edu\/wp-content\/uploads\/2021\/05\/guiamap.png 594w, https:\/\/iceberg.udg.edu\/wp-content\/uploads\/2021\/05\/guiamap-212x300.png 212w\" sizes=\"auto, (max-width: 348px) 100vw, 348px\" \/><\/figure>\n<\/div>\n\n\n\n<div class=\"wp-block-column is-layout-flow wp-block-column-is-layout-flow\" style=\"flex-basis:66.66%\">\n<h2 class=\"wp-block-heading\">Guia del Model Acad\u00e8mic dels estudis de grau en Psicologia de la Universitat de Girona<\/h2>\n\n\n\n<p><a href=\"https:\/\/www.udg.edu\/ca\/ice\/innovacio-docent\/grups-dinnovacio-docent\/gid-model-academic-de-psicologia\" target=\"_blank\" rel=\"noreferrer noopener\">Guia elaborada pels membres del Grup d&#8217;Innovaci\u00f3 Docent Model Acad\u00e8mic de Psicologia (GID MAP-UdG)<\/a><\/p>\n\n\n\n<p>Els estudis de grau en Psicologia de la Universitat de Girona han anat desenvolupant en els darrers anys diferents iniciatives d\u2019innovaci\u00f3 docent que s\u2019han articulat al voltant d\u2019un&nbsp;Model Acad\u00e8mic de Psicologia (MAP), que es va desplegant de manera integrada, progressiva i col\u00b7laborativa gr\u00e0cies a l\u2019esfor\u00e7 de l\u2019equip docent, l\u2019alumnat i el suport institucional.<br><br>Aquest document presenta el model acad\u00e8mic dels estudis de psicologia de la Universitat de Girona a l\u2019inici del curs 2020-2021, defineix els objectius i l\u2019estructura del MAP, les principals dimensions i les \u00e0rees de treball.&nbsp;<\/p>\n\n\n\n<p><a href=\"https:\/\/www.udg.edu\/ca\/Portals\/51\/pdfs\/Guia%20MAP%20UdG.pdf?ver=D8wQep15Tc7WwXO1BTOfeA%3d%3d&amp;timestamp=1621247355018\" target=\"_blank\" rel=\"noreferrer noopener\">Desc\u00e0rrega en PDF<\/a><\/p>\n<\/div>\n<\/div>\n","protected":false},"excerpt":{"rendered":"<p>Guia del Model Acad\u00e8mic dels estudis de grau en Psicologia de la Universitat de Girona Guia elaborada pels membres del Grup d&#8217;Innovaci\u00f3 Docent Model Acad\u00e8mic de Psicologia (GID MAP-UdG) Els estudis de grau en Psicologia de la Universitat de Girona han anat desenvolupant en els darrers anys diferents iniciatives d\u2019innovaci\u00f3 docent que s\u2019han articulat al [&hellip;]<\/p>\n","protected":false},"author":1,"featured_media":0,"parent":12883,"menu_order":0,"comment_status":"closed","ping_status":"closed","template":"","meta":{"footnotes":""},"class_list":["post-12900","page","type-page","status-publish","hentry"],"_links":{"self":[{"href":"https:\/\/iceberg.udg.edu\/index.php?rest_route=\/wp\/v2\/pages\/12900","targetHints":{"allow":["GET"]}}],"collection":[{"href":"https:\/\/iceberg.udg.edu\/index.php?rest_route=\/wp\/v2\/pages"}],"about":[{"href":"https:\/\/iceberg.udg.edu\/index.php?rest_route=\/wp\/v2\/types\/page"}],"author":[{"embeddable":true,"href":"https:\/\/iceberg.udg.edu\/index.php?rest_route=\/wp\/v2\/users\/1"}],"replies":[{"embeddable":true,"href":"https:\/\/iceberg.udg.edu\/index.php?rest_route=%2Fwp%2Fv2%2Fcomments&post=12900"}],"version-history":[{"count":5,"href":"https:\/\/iceberg.udg.edu\/index.php?rest_route=\/wp\/v2\/pages\/12900\/revisions"}],"predecessor-version":[{"id":13333,"href":"https:\/\/iceberg.udg.edu\/index.php?rest_route=\/wp\/v2\/pages\/12900\/revisions\/13333"}],"up":[{"embeddable":true,"href":"https:\/\/iceberg.udg.edu\/index.php?rest_route=\/wp\/v2\/pages\/12883"}],"wp:attachment":[{"href":"https:\/\/iceberg.udg.edu\/index.php?rest_route=%2Fwp%2Fv2%2Fmedia&parent=12900"}],"curies":[{"name":"wp","href":"https:\/\/api.w.org\/{rel}","templated":true}]}}