{"id":12902,"date":"2021-04-21T12:49:49","date_gmt":"2021-04-21T10:49:49","guid":{"rendered":"https:\/\/icebergng.udg.edu\/?page_id=12902"},"modified":"2022-11-11T09:16:34","modified_gmt":"2022-11-11T08:16:34","slug":"difusio","status":"publish","type":"page","link":"https:\/\/iceberg.udg.edu\/?page_id=12902","title":{"rendered":"Difusi\u00f3"},"content":{"rendered":"\n<p>La difusi\u00f3 de les accions i activitats s&#8217;ha realitzat a trav\u00e9s de diferents canals<\/p>\n\n\n\n<ol class=\"wp-block-list\"><li>P\u00e0gines web<\/li><li>Butlletins informatius<\/li><li>Xarxes socials<\/li><li>YouTube<\/li><li>Linktree<\/li><\/ol>\n\n\n\n<h2 class=\"wp-block-heading\">1. P\u00e0gines web<\/h2>\n\n\n\n<ul class=\"wp-block-list\"><li><a rel=\"noreferrer noopener\" href=\"https:\/\/www.udg.edu\/ca\/ice\" target=\"_blank\">Web de l\u2019Institut de Ci\u00e8ncies de l\u2019Educaci\u00f3 Josep Pallach<\/a><\/li><li><a rel=\"noreferrer noopener\" href=\"https:\/\/iceberg.udg.edu\/\" target=\"_blank\">Web ICEberg<\/a><\/li><\/ul>\n\n\n\n<h2 class=\"wp-block-heading\">2. Butlletins informatius<\/h2>\n\n\n\n<p>A partir de l\u2019espai web ICEberg, elaborat amb WordPress, s&#8217;ha editat quinzenalment el Butllet\u00ed informatiu ICEberg.<\/p>\n\n\n\n<p>Aquest butllet\u00ed va adre\u00e7at priorit\u00e0riament a tot el PDI de la UdG. Tamb\u00e9 s\u2019envia a altres membres de la comunitat UdG (caps de servei, administradors de centre, t\u00e8cnics i altres persones d\u2019administraci\u00f3 i serveis).<\/p>\n\n\n\n<p>Tamb\u00e9 est\u00e0 obert a la subscripci\u00f3 de professionals externs (acad\u00e8mics i t\u00e8cnics d\u2019altres universitats, docents d\u2019altres nivells educatius, etc).<\/p>\n\n\n\n<p>El Butllet\u00ed recull informacions i novetats sobre l\u2019actuaci\u00f3 de l\u2019ICE en relaci\u00f3 a la innovaci\u00f3 docent i les accions de suport a la millora de la doc\u00e8ncia, les activitats de formaci\u00f3 i actualitzaci\u00f3, recursos tic i aplicacions docents, esdeveniments sobre doc\u00e8ncia universit\u00e0ria i altres projectes d\u2019aquest \u00e0mbit.<\/p>\n\n\n\n<p><strong>Les diferents informacions s\u2019estructuren en base als apartats seg\u00fcents:<\/strong><\/p>\n\n\n\n<ul class=\"wp-block-list\"><li>Activitats amb matr\u00edcula oberta<\/li><li>Recursos<\/li><li>Not\u00edcies<\/li><li>Altres propostes<\/li><\/ul>\n\n\n\n<p>A continuaci\u00f3 es mostren imatges d\u2019un dels Butlletins enviats aquest curs:<\/p>\n\n\n\n<div class=\"wp-block-columns is-layout-flex wp-container-core-columns-is-layout-9d6595d7 wp-block-columns-is-layout-flex\">\n<div class=\"wp-block-column is-layout-flow wp-block-column-is-layout-flow\"><div  class=\"wp-block-ultimate-post-image ultp-block-a57ed2\"><div class=\"ultp-block-wrapper\"><figure class=\"ultp-image-block-wrapper\"><div class=\"ultp-image-block ultp-image-block-none\"><img decoding=\"async\"  class=\"ultp-image\"  alt=\"Image\"  src=\"https:\/\/iceberg.udg.edu\/wp-content\/uploads\/2021\/07\/Butlleti-20-21-1.png\" \/><\/div><\/figure><\/div><\/div><\/div>\n\n\n\n<div class=\"wp-block-column is-layout-flow wp-block-column-is-layout-flow\"><div  class=\"wp-block-ultimate-post-image ultp-block-71b1ba\"><div class=\"ultp-block-wrapper\"><figure class=\"ultp-image-block-wrapper\"><div class=\"ultp-image-block ultp-image-block-none\"><img decoding=\"async\"  class=\"ultp-image\"  alt=\"Image\"  src=\"https:\/\/iceberg.udg.edu\/wp-content\/uploads\/2021\/07\/Butlleti-20-21-2.png\" \/><\/div><\/figure><\/div><\/div><\/div>\n\n\n\n<div class=\"wp-block-column is-layout-flow wp-block-column-is-layout-flow\"><div  class=\"wp-block-ultimate-post-image ultp-block-23d2d5\"><div class=\"ultp-block-wrapper\"><figure class=\"ultp-image-block-wrapper\"><div class=\"ultp-image-block ultp-image-block-none\"><img decoding=\"async\"  class=\"ultp-image\"  alt=\"Image\"  src=\"https:\/\/iceberg.udg.edu\/wp-content\/uploads\/2021\/07\/Butlleti-20-21-3.png\" \/><\/div><\/figure><\/div><\/div><\/div>\n<\/div>\n\n\n\n<p><\/p>\n\n\n\n<h2 class=\"wp-block-heading\">3. Xarxes socials<\/h2>\n\n\n\n<p><strong>Twitter<\/strong><br>Des del compte&nbsp;<a rel=\"noreferrer noopener\" href=\"https:\/\/twitter.com\/iceudg\" target=\"_blank\">@iceudg<\/a>, s&#8217;han anat publicant tamb\u00e9 peri\u00f2dicament a Twitter informacions de les activitats realitzades i per realitzar. Tamb\u00e9 s&#8217;hi han compartit not\u00edcies rellevants, informaci\u00f3 sobre recursos interessants i altres.<\/p>\n\n\n<div  class=\"wp-block-ultimate-post-image ultp-block-608008\"><div class=\"ultp-block-wrapper\"><figure class=\"ultp-image-block-wrapper\"><div class=\"ultp-image-block ultp-image-block-none\"><img decoding=\"async\"  class=\"ultp-image\"  alt=\"Image\"  src=\"https:\/\/iceberg.udg.edu\/wp-content\/uploads\/2021\/07\/Perfil-Twitter-20-21.jpg\" \/><\/div><\/figure><\/div><\/div>\n\n\n<p><\/p>\n\n\n\n<p>A m\u00e9s, tamb\u00e9 s&#8217;ha utilitzat el compte obert el curs anterior,\u00a0<a rel=\"noreferrer noopener\" href=\"https:\/\/twitter.com\/ICEUdGinnovacio\" target=\"_blank\"><\/a><a href=\"https:\/\/twitter.com\/ICEUdGinnova\">@ICEUdGinnova<\/a>. Aquest compte \u00e9s utilitzat principalment per la difusi\u00f3 de les accions que es realitzen a trav\u00e9s de les Xarxes d\u2019Innovaci\u00f3 Docent i dels Grups d\u2019Innovaci\u00f3 Docent, i contribuir a la divulgaci\u00f3 de les innovacions i projectes de millora en doc\u00e8ncia que es duen a terme a la Universitat de Girona.<\/p>\n\n\n\n<p><strong>Instagram<\/strong><br>A m\u00e9s, a principis del mes de mar\u00e7 d&#8217;aquest curs es va habilitar un compte d&#8217;Instagram, tamb\u00e9 sota el nom <a rel=\"noreferrer noopener\" href=\"https:\/\/www.instagram.com\/iceudg\/\" target=\"_blank\">@iceudg<\/a>. Aquest compte ha funcionat juntament amb el de Twitter, ja que es fan publicacions de manera peri\u00f2dica sobre activitats, not\u00edcies, recursos i d&#8217;altres. A m\u00e9s, aquest compte ha perm\u00e9s trobar noves maneres m\u00e9s visuals per compartir informaci\u00f3, com s\u00f3n per exemple les <em>stories<\/em>.<\/p>\n\n\n<div  class=\"wp-block-ultimate-post-image ultp-block-ea46bd\"><div class=\"ultp-block-wrapper\"><figure class=\"ultp-image-block-wrapper\"><div class=\"ultp-image-block ultp-image-block-none\"><img decoding=\"async\"  class=\"ultp-image\"  alt=\"Image\"  src=\"https:\/\/iceberg.udg.edu\/wp-content\/uploads\/2021\/07\/Perfil-Instagram-20-21-1.jpg\" \/><\/div><\/figure><\/div><\/div>\n\n\n<p><\/p>\n\n\n\n<p>Aquests s\u00f3n alguns exemples de posts i stories que s&#8217;han fet al llarg del curs: <\/p>\n\n\n\n<div class=\"wp-block-columns is-layout-flex wp-container-core-columns-is-layout-9d6595d7 wp-block-columns-is-layout-flex\">\n<div class=\"wp-block-column is-layout-flow wp-block-column-is-layout-flow\"><div  class=\"wp-block-ultimate-post-image ultp-block-9f8894\"><div class=\"ultp-block-wrapper\"><figure class=\"ultp-image-block-wrapper\"><div class=\"ultp-image-block ultp-image-block-none\"><img decoding=\"async\"  class=\"ultp-image\"  alt=\"Image\"  src=\"https:\/\/iceberg.udg.edu\/wp-content\/uploads\/2021\/05\/RecursSet1_Wonder1.png\" \/><\/div><\/figure><\/div><\/div>\n\n\n<p>Exemple de <em>post <\/em>per Instagram sobre el &#8220;Recurs de la setmana&#8221;.<\/p>\n<\/div>\n\n\n\n<div class=\"wp-block-column is-vertically-aligned-center is-layout-flow wp-block-column-is-layout-flow\"><div  class=\"wp-block-ultimate-post-image ultp-block-e23702\"><div class=\"ultp-block-wrapper\"><figure class=\"ultp-image-block-wrapper\"><div class=\"ultp-image-block ultp-image-block-none\"><img decoding=\"async\"  class=\"ultp-image\"  alt=\"Image\"  src=\"https:\/\/iceberg.udg.edu\/wp-content\/uploads\/2021\/05\/NouGrup_IdentificacioSignaturaElectronica2.png\" \/><\/div><\/figure><\/div><\/div>\n\n\n<p>Exemple de <em>story <\/em>per Instagram informant d&#8217;un nou grup per una activitat.<\/p>\n<\/div>\n\n\n\n<div class=\"wp-block-column is-layout-flow wp-block-column-is-layout-flow\"><div  class=\"wp-block-ultimate-post-image ultp-block-668618\"><div class=\"ultp-block-wrapper\"><figure class=\"ultp-image-block-wrapper\"><div class=\"ultp-image-block ultp-image-block-none\"><img decoding=\"async\"  class=\"ultp-image\"  alt=\"Image\"  src=\"https:\/\/iceberg.udg.edu\/wp-content\/uploads\/2021\/05\/Butlleti2aQuinzenaMaig.png\" \/><\/div><\/figure><\/div><\/div>\n\n\n<p>Exemple de <em>story <\/em>per Instagram informant d&#8217;un nou Butllet\u00ed ICEberg.<\/p>\n<\/div>\n<\/div>\n\n\n\n<h2 class=\"wp-block-heading\">4. YouTube<\/h2>\n\n\n\n<p>El <a href=\"https:\/\/www.youtube.com\/channel\/UCTOSFJFY2UUHho3i63-OYVQ\">canal de YouTube de <\/a><a rel=\"noreferrer noopener\" href=\"https:\/\/www.youtube.com\/channel\/UCTOSFJFY2UUHho3i63-OYVQ\" target=\"_blank\">l<\/a><a href=\"https:\/\/www.youtube.com\/channel\/UCTOSFJFY2UUHho3i63-OYVQ\">&#8216;ICE de la UdG<\/a> es va utilitzar per compartir v\u00eddeos importants, com per exemple els de la <a rel=\"noreferrer noopener\" href=\"https:\/\/iceberg.udg.edu\/?page_id=12896\" target=\"_blank\">2a edici\u00f3 del  Premi d&#8217;Innovaci\u00f3 Docent ICEberg UdG<\/a> o <a href=\"https:\/\/www.youtube.com\/playlist?list=PL_thfVPjuffTu7obV7s8lzIJ79nG4rHiZ\">els referents a l&#8217;Any Pallach<\/a>. Tamb\u00e9 va ser utilitzat per compartir gravacions de sessions i activitats, les qual han estat editades per protegir la identitat dels participants. <br>Tots els v\u00eddeos han sigut publicats en qualitat d'&#8221;Ocult&#8221;. D&#8217;aquesta manera, aquests v\u00eddeos no apareixen p\u00fablicament al canal de YouTube i s\u00f3n accessibles nom\u00e9s a trav\u00e9s de l&#8217;enlla\u00e7.<\/p>\n\n\n\n<h2 class=\"wp-block-heading\">5. Linktree<\/h2>\n\n\n\n<p>Aquest curs tamb\u00e9 es va habilitar un <a rel=\"noreferrer noopener\" href=\"https:\/\/linktr.ee\/iceudg\" target=\"_blank\">Linktree<\/a> per l&#8217;Institut de Ci\u00e8ncies de l&#8217;Educaci\u00f3 Josep Pallach. Aix\u00ed, es van poder guardar diversos enlla\u00e7os interessants, tant fixes com temporals, que es podien incorporar a Twitter o Instagram.<\/p>\n\n\n\n<div class=\"wp-block-columns is-layout-flex wp-container-core-columns-is-layout-9d6595d7 wp-block-columns-is-layout-flex\">\n<div class=\"wp-block-column is-layout-flow wp-block-column-is-layout-flow\"><div  class=\"wp-block-ultimate-post-image ultp-block-3fe179 aligncenter\"><div class=\"ultp-block-wrapper\"><figure class=\"ultp-image-block-wrapper\"><div class=\"ultp-image-block ultp-image-block-none\"><img decoding=\"async\"  class=\"ultp-image\"  alt=\"Image\"  src=\"https:\/\/iceberg.udg.edu\/wp-content\/uploads\/2021\/05\/linktreeICE.png\" \/><\/div><\/figure><\/div><\/div><\/div>\n<\/div>\n","protected":false},"excerpt":{"rendered":"<p>La difusi\u00f3 de les accions i activitats s&#8217;ha realitzat a trav\u00e9s de diferents canals P\u00e0gines web Butlletins informatius Xarxes socials YouTube Linktree 1. P\u00e0gines web Web de l\u2019Institut de Ci\u00e8ncies de l\u2019Educaci\u00f3 Josep Pallach Web ICEberg 2. Butlletins informatius A partir de l\u2019espai web ICEberg, elaborat amb WordPress, s&#8217;ha editat quinzenalment el Butllet\u00ed informatiu ICEberg. [&hellip;]<\/p>\n","protected":false},"author":1,"featured_media":0,"parent":12883,"menu_order":0,"comment_status":"closed","ping_status":"closed","template":"","meta":{"footnotes":""},"class_list":["post-12902","page","type-page","status-publish","hentry"],"_links":{"self":[{"href":"https:\/\/iceberg.udg.edu\/index.php?rest_route=\/wp\/v2\/pages\/12902","targetHints":{"allow":["GET"]}}],"collection":[{"href":"https:\/\/iceberg.udg.edu\/index.php?rest_route=\/wp\/v2\/pages"}],"about":[{"href":"https:\/\/iceberg.udg.edu\/index.php?rest_route=\/wp\/v2\/types\/page"}],"author":[{"embeddable":true,"href":"https:\/\/iceberg.udg.edu\/index.php?rest_route=\/wp\/v2\/users\/1"}],"replies":[{"embeddable":true,"href":"https:\/\/iceberg.udg.edu\/index.php?rest_route=%2Fwp%2Fv2%2Fcomments&post=12902"}],"version-history":[{"count":23,"href":"https:\/\/iceberg.udg.edu\/index.php?rest_route=\/wp\/v2\/pages\/12902\/revisions"}],"predecessor-version":[{"id":13911,"href":"https:\/\/iceberg.udg.edu\/index.php?rest_route=\/wp\/v2\/pages\/12902\/revisions\/13911"}],"up":[{"embeddable":true,"href":"https:\/\/iceberg.udg.edu\/index.php?rest_route=\/wp\/v2\/pages\/12883"}],"wp:attachment":[{"href":"https:\/\/iceberg.udg.edu\/index.php?rest_route=%2Fwp%2Fv2%2Fmedia&parent=12902"}],"curies":[{"name":"wp","href":"https:\/\/api.w.org\/{rel}","templated":true}]}}