{"id":12906,"date":"2021-04-21T12:50:25","date_gmt":"2021-04-21T10:50:25","guid":{"rendered":"https:\/\/icebergng.udg.edu\/?page_id=12906"},"modified":"2021-09-20T13:52:29","modified_gmt":"2021-09-20T11:52:29","slug":"actuacions-covid","status":"publish","type":"page","link":"https:\/\/iceberg.udg.edu\/?page_id=12906","title":{"rendered":"Innovaci\u00f3 docent i recursos digitals"},"content":{"rendered":"\n<p>Durant el curs 2020-2021 s\u2019han dut a terme diverses actuacions relacionades amb la innovaci\u00f3 docent i els recursos digitals.<\/p>\n\n\n\n<p>En general, aquestes actuacions es centren en:<\/p>\n\n\n\n<ol class=\"wp-block-list\" type=\"a\"><li>Assessorament i atenci\u00f3 a la doc\u00e8ncia i a l\u2019avaluaci\u00f3<\/li><li>Sala de gravaci\u00f3 de l\u2019ICE<\/li><li>Coordinaci\u00f3 amb el Servei Inform\u00e0tic de la UdG<\/li><li>Projecte OpenUdG<\/li><\/ol>\n\n\n\n<p><strong>1. Assessorament i atenci\u00f3 a la doc\u00e8ncia i a l\u2019avaluaci\u00f3<\/strong><\/p>\n\n\n\n<p>En general, durant aquest curs, la major part de les consultes i peticions d\u2019assessorament es van centrar sobre com organitzar la doc\u00e8ncia virtual, sobre tipus d\u2019activitats a realitzar de forma no presencial, com gestionar l\u2019avaluaci\u00f3 no presencial i quines activitats i recursos ofereix la plataforma Moodle. Els eixos b\u00e0sics d\u2019aquest apartat van ser:<\/p>\n\n\n\n<ul class=\"wp-block-list\"><li>Suport i atenci\u00f3 personalitzada a tot el PDI de la UdG. Aquesta atenci\u00f3 es va fer, majorit\u00e0riament, en format telef\u00f2nic i per videoconfer\u00e8ncia.<\/li><li>Gesti\u00f3 de recursos de suport aut\u00f2nom. Hi destaquen, especialment, el manteniment i ampliaci\u00f3 del <a href=\"http:\/\/bit.ly\/tutorialudgmoodle\">curs tutorial en l\u00ednia sobre Moodle<\/a> i la creaci\u00f3 de nous v\u00eddeos sobre l\u2019\u00fas de la plataforma Moodle al <a href=\"http:\/\/bit.ly\/videosudgmoodle\">canal de YouTube de l\u2019ICE<\/a>.<\/li><li>Oferta de recursos \u00fatils per als estudis semipresencials. Es fa a trav\u00e9s de l\u2019espai web de l\u2019ICEberg (<a href=\"https:\/\/iceberg.udg.edu\">https:\/\/iceberg.udg.edu<\/a>) i t\u00e9 la intenci\u00f3 de fer descobrir diverses eines i recursos tecnol\u00f2gics que el professorat pot utilitzar en la seva doc\u00e8ncia.<\/li><li>Formaci\u00f3 espec\u00edfica en l\u2019avaluaci\u00f3 des de Moodle, preparar l\u2019assignatura de Moodle i sobre eines telem\u00e0tiques per a un aprenentatge en l\u00ednia.<\/li><\/ul>\n\n\n\n<p><strong>2. Sala de gravaci\u00f3 de l&#8217;ICE<\/strong><\/p>\n\n\n\n<p>Durant aquest curs s\u2019ha consolidat la sala de gravaci\u00f3 que ha vist com han augmentat considerablement el nombre de reserves. Les tasques relacionades amb aquesta sala de gravaci\u00f3 han estat relacionades amb:<\/p>\n\n\n\n<ul class=\"wp-block-list\"><li>Gesti\u00f3 i compra de material per millorar les prestacions de l\u2019espai.<\/li><li>Configuraci\u00f3 dels diversos aparells.<\/li><li>Gesti\u00f3 de les reserves.<\/li><li>Formaci\u00f3 i coordinaci\u00f3 amb els becaris que donen suport a la sala.<\/li><\/ul>\n\n\n\n<p><strong>3. Coordinaci\u00f3 amb el Servei Inform\u00e0tic de la UdG<\/strong><\/p>\n\n\n\n<ul class=\"wp-block-list\"><li>\u00c9s important mantenir un contacte constant amb les persones del Servei Inform\u00e0tic de la UdG que tenen la tasca de mantenir la plataforma virtual d\u2019ensenyament i aprenentatge Moodle. En aquest sentit es pot destacar:<\/li><\/ul>\n\n\n\n<ul class=\"wp-block-list\"><li>Fer de pont entre el PDI i el Servei Inform\u00e0tic per detectar les necessitats del professorat i tamb\u00e9 per donar resposta i soluci\u00f3 a problemes o mancances globals de la plataforma.<\/li><li>Determinar quines s\u00f3n les millores (tant t\u00e8cniques com did\u00e0ctiques) que es poden aplicar a la plataforma per garantir un millor funcionament i estabilitat ,i per oferir el m\u00e0xim de recursos docents al professorat.<\/li><li>Acordar conjuntament les millors dates per a l\u2019actualitzaci\u00f3 de la plataforma.<\/li><\/ul>\n\n\n\n<p><strong>4. Projecte OpenUdG<\/strong><\/p>\n\n\n\n<p>Els cursos i assignatures de curr\u00edculum que s\u2019ofereixen des de la plataforma Moodle de la UdG nom\u00e9s s\u00f3n accessibles per a totes aquelles persones que gaudeixen d\u2019un perfil propi de la UdG. Ja fa uns anys que s\u2019havia detectat la necessitat de gaudir d\u2019un espai on el professorat de la UdG pogu\u00e9s oferir cursos i formacions obertes a persones que no tinguessin perfil UdG. Fins fa dos cursos hi havia un conveni amb la plataforma de MOOCs Mir\u00edadaX per poder allotjar aquest tipus de cursos. En haver de renovar el conveni, les condicions van canviar i la UdG va acordar no mantenir aquesta relaci\u00f3 amb Mir\u00edadaX.<\/p>\n\n\n\n<p>Durant aquest curs 2020-2021 es va explorar la possibilitat de gaudir d\u2019un espai propi de la UdG per poder allotjar tota aquella oferta que naixia de professorat de la UdG o de projectes on hi participava la comunitat UdG. Despr\u00e9s d\u2019una valoraci\u00f3 conjunta per part del Servei Inform\u00e0tic i pels vicerectorats de Doc\u00e8ncia i Planificaci\u00f3 Acad\u00e8mica, de Qualitat i Transpar\u00e8ncia i de Comunicaci\u00f3 i Relacions exteriors, es va acordar donar llum verda al projecte. Es va recuperar el nom d\u2019OpenUdG per donar a entendre que es tracta d\u2019un espai de la UdG obert al m\u00f3n.<\/p>\n\n\n\n<p>Durant el segon semestre es van fer les primeres proves d\u2019aquest espai que consisteix en una plataforma Moodle (amb un aspecte diferent dels cursos i assignatures oficials) allotjada en un servidor independent. Durant el mes de juny es va fer una primera prova pilot amb un curs d\u2019un projecte europeu on hi participava professorat de la Facultat d\u2019Educaci\u00f3 i Psicologia de la UdG.<\/p>\n\n\n\n<p>Es preveu que durant el primer semestre del curs 2021-2022 s\u2019elaborin diversos documents i protocols d\u2019\u00fas d\u2019aquest espai i que es faci el llan\u00e7ament oficial d\u2019aquesta plataforma.<\/p>\n","protected":false},"excerpt":{"rendered":"<p>Durant el curs 2020-2021 s\u2019han dut a terme diverses actuacions relacionades amb la innovaci\u00f3 docent i els recursos digitals. En general, aquestes actuacions es centren en: Assessorament i atenci\u00f3 a la doc\u00e8ncia i a l\u2019avaluaci\u00f3 Sala de gravaci\u00f3 de l\u2019ICE Coordinaci\u00f3 amb el Servei Inform\u00e0tic de la UdG Projecte OpenUdG 1. Assessorament i atenci\u00f3 a [&hellip;]<\/p>\n","protected":false},"author":1,"featured_media":0,"parent":12883,"menu_order":0,"comment_status":"closed","ping_status":"closed","template":"","meta":{"footnotes":""},"class_list":["post-12906","page","type-page","status-publish","hentry"],"_links":{"self":[{"href":"https:\/\/iceberg.udg.edu\/index.php?rest_route=\/wp\/v2\/pages\/12906","targetHints":{"allow":["GET"]}}],"collection":[{"href":"https:\/\/iceberg.udg.edu\/index.php?rest_route=\/wp\/v2\/pages"}],"about":[{"href":"https:\/\/iceberg.udg.edu\/index.php?rest_route=\/wp\/v2\/types\/page"}],"author":[{"embeddable":true,"href":"https:\/\/iceberg.udg.edu\/index.php?rest_route=\/wp\/v2\/users\/1"}],"replies":[{"embeddable":true,"href":"https:\/\/iceberg.udg.edu\/index.php?rest_route=%2Fwp%2Fv2%2Fcomments&post=12906"}],"version-history":[{"count":7,"href":"https:\/\/iceberg.udg.edu\/index.php?rest_route=\/wp\/v2\/pages\/12906\/revisions"}],"predecessor-version":[{"id":13679,"href":"https:\/\/iceberg.udg.edu\/index.php?rest_route=\/wp\/v2\/pages\/12906\/revisions\/13679"}],"up":[{"embeddable":true,"href":"https:\/\/iceberg.udg.edu\/index.php?rest_route=\/wp\/v2\/pages\/12883"}],"wp:attachment":[{"href":"https:\/\/iceberg.udg.edu\/index.php?rest_route=%2Fwp%2Fv2%2Fmedia&parent=12906"}],"curies":[{"name":"wp","href":"https:\/\/api.w.org\/{rel}","templated":true}]}}