{"id":12966,"date":"2021-04-21T15:02:30","date_gmt":"2021-04-21T13:02:30","guid":{"rendered":"https:\/\/icebergng.udg.edu\/?page_id=12966"},"modified":"2021-04-22T09:40:18","modified_gmt":"2021-04-22T07:40:18","slug":"dades-de-participacio","status":"publish","type":"page","link":"https:\/\/iceberg.udg.edu\/?page_id=12966","title":{"rendered":"Dades de participaci\u00f3"},"content":{"rendered":"\n<h2 class=\"wp-block-heading\">An\u00e0lisis d\u2019activitats<\/h2>\n\n\n\n<h3 class=\"wp-block-heading\">Activitats realitzades segons \u00e0mbits tem\u00e0tics<\/h3>\n\n\n\n<figure id=\"tablepress-16\" class=\"wp-block-table\"><table><thead><tr><th>\u00c0mbit tem\u00e0tic<\/th><th>Activitats<\/th><th>Participants<\/th><\/tr><\/thead><tbody><tr><td>Doc\u00e8ncia<\/td><td>8<\/td><td>128<\/td><\/tr><tr><td>Metodologies<\/td><td>9<\/td><td>49<\/td><\/tr><tr><td>Recursos Docents<\/td><td>10<\/td><td>259<\/td><\/tr><tr><td>Recerca<\/td><td>7<\/td><td>101<\/td><\/tr><tr><td>Salut<\/td><td>8<\/td><td>347<\/td><\/tr><tr><td>Gesti\u00f3<\/td><td>4<\/td><td>29<\/td><\/tr><tr><td>TIC<\/td><td>9<\/td><td>86<\/td><\/tr><tr><td>Webinars d&#8217;eines en l\u00ednia<\/td><td>18<\/td><td>1022<\/td><\/tr><tr><td>Cursos en l\u00ednia sobre Eines i doc\u00e8ncia en l\u00ednia<\/td><td>4<\/td><td>891<\/td><\/tr><tr><td>Jornades<\/td><td>2<\/td><td>9<\/td><\/tr><tr><td>Simposi CIDUI<\/td><td>1<\/td><td><\/td><\/tr><\/tbody><tfoot><tr><th>Totals<\/th><th>80<\/th><th>2921<\/th><\/tr><\/tfoot><\/table><\/figure>\n\n\n\n<h3 class=\"wp-block-heading\">Activitats segons format (virtual\/presencial)<\/h3>\n\n\n\n<figure id=\"tablepress-20\" class=\"wp-block-table\"><table><thead><tr><th>Activitats<\/th><th>N\u00fam.<\/th><\/tr><\/thead><tbody><tr><td>Presencials<\/td><td>50<\/td><\/tr><tr><td>Virtuals<\/td><td>30<\/td><\/tr><\/tbody><tfoot><tr><th><\/th><th>80<\/th><\/tr><\/tfoot><\/table><\/figure>\n\n\n\n<h3 class=\"wp-block-heading\">Cursos en l\u00ednia sobre Compet\u00e8ncies B\u00e0siques<\/h3>\n\n\n\n<figure id=\"tablepress-18\" class=\"wp-block-table\"><table><thead><tr><th>Curs<\/th><th>Participants<\/th><\/tr><\/thead><tbody><tr><td>Entorn UdG: qu\u00e8 \u00e9s el que has de saber?<\/td><td>146<\/td><\/tr><tr><td>Moodle a l&#8217;abast<\/td><td>267<\/td><\/tr><tr><td>Eines de doc\u00e8ncia i treball a dist\u00e0ncia: BBCollaborate<\/td><td>220<\/td><\/tr><tr><td>Eines de doc\u00e8ncia i treball a dist\u00e0ncia: GMeet<\/td><td>220<\/td><\/tr><tr><td>Eines de doc\u00e8ncia i treball a dist\u00e0ncia: MTeams<\/td><td>184<\/td><\/tr><\/tbody><tfoot><tr><th>Total<\/th><th>1037<\/th><\/tr><\/tfoot><\/table><\/figure>\n\n\n\n<h3 class=\"wp-block-heading\">Webinars sobre Compet\u00e8ncies B\u00e0siques<\/h3>\n\n\n\n<figure id=\"tablepress-17\" class=\"wp-block-table\"><table><thead><tr><th>Webinars<\/th><th>N\u00fam.<\/th><th>Participants<\/th><\/tr><\/thead><tbody><tr><td>Moodle. Deixar a punt l&#8217;assignatura per al curs vinent<\/td><td>9<\/td><td>218<\/td><\/tr><tr><td>\u00das de la plataforma Blackboard Collaborate<\/td><td>1<\/td><td>285<\/td><\/tr><tr><td>Seguretat i salut en l&#8217;activitat docent en situaci\u00f3 d&#8217;alerta d&#8217;\u00e0rea sanit\u00e0ria COVID-19<\/td><td>2<\/td><td>163<\/td><\/tr><tr><td>Entorn UdG: qu\u00e8 \u00e9s el que has de saber?<\/td><td>8<\/td><td>519<\/td><\/tr><\/tbody><tfoot><tr><th><\/th><th>20<\/th><th>1185<\/th><\/tr><\/tfoot><\/table><\/figure>\n\n\n\n<h3 class=\"wp-block-heading\">Equips d&#8217;innovaci\u00f3<\/h3>\n\n\n\n<figure id=\"tablepress-19\" class=\"wp-block-table\"><table><thead><tr><th>Equips<\/th><th>Participants<\/th><th>N\u00fam.<\/th><\/tr><\/thead><tbody><tr><td>Xarxes d&#8217;Innovaci\u00f3 Docent (XID)<\/td><td>119<\/td><td>13<\/td><\/tr><tr><td>Grups d&#8217;Innovaci\u00f3 Docent (GID)<\/td><td>111<\/td><td>12<\/td><\/tr><\/tbody><tfoot><tr><th>TOTALS<\/th><th>230<\/th><th>25<\/th><\/tr><\/tfoot><\/table><\/figure>\n","protected":false},"excerpt":{"rendered":"<p>An\u00e0lisis d\u2019activitats Activitats realitzades segons \u00e0mbits tem\u00e0tics \u00c0mbit tem\u00e0tic Activitats Participants Doc\u00e8ncia 8 128 Metodologies 9 49 Recursos Docents 10 259 Recerca 7 101 Salut 8 347 Gesti\u00f3 4 29 TIC 9 86 Webinars d&#8217;eines en l\u00ednia 18 1022 Cursos en l\u00ednia sobre Eines i doc\u00e8ncia en l\u00ednia 4 891 Jornades 2 9 Simposi CIDUI [&hellip;]<\/p>\n","protected":false},"author":1,"featured_media":0,"parent":12919,"menu_order":0,"comment_status":"closed","ping_status":"closed","template":"","meta":{"footnotes":""},"class_list":["post-12966","page","type-page","status-publish","hentry"],"_links":{"self":[{"href":"https:\/\/iceberg.udg.edu\/index.php?rest_route=\/wp\/v2\/pages\/12966","targetHints":{"allow":["GET"]}}],"collection":[{"href":"https:\/\/iceberg.udg.edu\/index.php?rest_route=\/wp\/v2\/pages"}],"about":[{"href":"https:\/\/iceberg.udg.edu\/index.php?rest_route=\/wp\/v2\/types\/page"}],"author":[{"embeddable":true,"href":"https:\/\/iceberg.udg.edu\/index.php?rest_route=\/wp\/v2\/users\/1"}],"replies":[{"embeddable":true,"href":"https:\/\/iceberg.udg.edu\/index.php?rest_route=%2Fwp%2Fv2%2Fcomments&post=12966"}],"version-history":[{"count":2,"href":"https:\/\/iceberg.udg.edu\/index.php?rest_route=\/wp\/v2\/pages\/12966\/revisions"}],"predecessor-version":[{"id":13041,"href":"https:\/\/iceberg.udg.edu\/index.php?rest_route=\/wp\/v2\/pages\/12966\/revisions\/13041"}],"up":[{"embeddable":true,"href":"https:\/\/iceberg.udg.edu\/index.php?rest_route=\/wp\/v2\/pages\/12919"}],"wp:attachment":[{"href":"https:\/\/iceberg.udg.edu\/index.php?rest_route=%2Fwp%2Fv2%2Fmedia&parent=12966"}],"curies":[{"name":"wp","href":"https:\/\/api.w.org\/{rel}","templated":true}]}}