{"id":12968,"date":"2021-04-21T15:02:45","date_gmt":"2021-04-21T13:02:45","guid":{"rendered":"https:\/\/icebergng.udg.edu\/?page_id=12968"},"modified":"2023-04-26T08:58:55","modified_gmt":"2023-04-26T06:58:55","slug":"publicacions","status":"publish","type":"page","link":"https:\/\/iceberg.udg.edu\/?page_id=12968","title":{"rendered":"Publicacions"},"content":{"rendered":"\n<div class=\"wp-block-columns is-layout-flex wp-container-core-columns-is-layout-9d6595d7 wp-block-columns-is-layout-flex\">\n<div class=\"wp-block-column is-layout-flow wp-block-column-is-layout-flow\" style=\"flex-basis:33.33%\">\n<figure class=\"wp-block-image size-large\"><img loading=\"lazy\" decoding=\"async\" width=\"211\" height=\"300\" src=\"https:\/\/iceberg.udg.edu\/wp-content\/uploads\/2021\/04\/llibre-211x300-1.jpg\" alt=\"\" class=\"wp-image-13042\"\/><\/figure>\n<\/div>\n\n\n\n<div class=\"wp-block-column is-layout-flow wp-block-column-is-layout-flow\" style=\"flex-basis:66.66%\">\n<h2 class=\"wp-block-heading\">El aprendizaje cooperativo en la universidad del siglo XXI<\/h2>\n\n\n\n<p>Aquest llibre recull una mostra significativa de diferents estudis sobre l\u2019aprenentatge cooperatiu des de diverses universitats, tamb\u00e9 internacionals, derivades en gran part del Simposi Internacional en Aprenentatge Cooperatiu a la Universitat, celebrat a la Universitat de Girona el maig de 2019. Aquest simposi fou organitzat per la Xarxa d\u2019Aprenentatge Cooperatiu (XIDAC) de la UdG, a trav\u00e9s de l\u2019Institut de Ci\u00e8ncies de l\u2019Educaci\u00f3 Josep Pallach.<\/p>\n\n\n\n<p>Propuestas, estrategias y reflexiones.<\/p>\n\n\n\n<p>Tamb\u00e9 s\u2019hi recullen les reflexions sobre sin\u00e8rgies i projectes d\u2019investigaci\u00f3 derivades del Simposi Internacional que ha implicat la creaci\u00f3 d\u2019una xarxa nacional en aprenentatge cooperatiu.<\/p>\n<\/div>\n<\/div>\n\n\n\n<div style=\"height:100px\" aria-hidden=\"true\" class=\"wp-block-spacer\"><\/div>\n\n\n\n<div class=\"wp-block-columns is-layout-flex wp-container-core-columns-is-layout-9d6595d7 wp-block-columns-is-layout-flex\">\n<div class=\"wp-block-column is-layout-flow wp-block-column-is-layout-flow\" style=\"flex-basis:33.33%\">\n<figure class=\"wp-block-image size-large\"><img loading=\"lazy\" decoding=\"async\" width=\"201\" height=\"300\" src=\"https:\/\/iceberg.udg.edu\/wp-content\/uploads\/2021\/04\/guia-201x300-1.png\" alt=\"\" class=\"wp-image-13044\"\/><\/figure>\n<\/div>\n\n\n\n<div class=\"wp-block-column is-layout-flow wp-block-column-is-layout-flow\" style=\"flex-basis:66.66%\">\n<h2 class=\"wp-block-heading\">Guia pr\u00e0ctica per implementar l\u2019aprenentatge per projectes a la universitat<\/h2>\n\n\n\n<p><a href=\"https:\/\/www.udg.edu\/ca\/ice\/Innovacio-docent\/Xarxes-dinnovacio-docent\/XID-Aprenentatge-per-Projectes\">Guia elaborada pels membres de la Xarxa d\u2019Innovaci\u00f3 Docent ICE sobre Aprenentatge per Projectes<\/a>.<\/p>\n\n\n\n<p>La Xarxa d\u2019Innovaci\u00f3 Docent d\u2019Aprenentatge per Projectes (XID-APP) es va constituir el curs 2010-2011 amb l&#8217;objectiu d&#8217;aprofundir en aquesta metodologia i estendre la seva utilitzaci\u00f3 en la doc\u00e8ncia universit\u00e0ria.<\/p>\n\n\n\n<p>L\u2019aprenentatge per projectes (APP) \u00e9s un m\u00e8tode docent en el qual les activitats d\u2019aprenentatge s\u2019organitzen al voltant d\u2019un projecte que l\u2019estudiant ha de desenvolupar.<\/p>\n\n\n\n<p><a label=\"PDF Guia pr\u00e0ctica per implementar l\u2019aprenentatge per projectes a la universitat\" href=\"https:\/\/www.udg.edu\/ca\/Portals\/51\/guiaapp.pdf?ver=X88eH9Mbsxyx7LlEuny4kQ%3d%3d\">PDF<\/a><\/p>\n<\/div>\n<\/div>\n\n\n\n<div style=\"height:100px\" aria-hidden=\"true\" class=\"wp-block-spacer\"><\/div>\n\n\n\n<div class=\"wp-block-columns is-layout-flex wp-container-core-columns-is-layout-9d6595d7 wp-block-columns-is-layout-flex\">\n<div class=\"wp-block-column is-layout-flow wp-block-column-is-layout-flow\" style=\"flex-basis:33.33%\">\n<figure class=\"wp-block-image size-large\"><img loading=\"lazy\" decoding=\"async\" width=\"300\" height=\"300\" src=\"https:\/\/iceberg.udg.edu\/wp-content\/uploads\/2021\/04\/moodle_450-300x300-1.jpg\" alt=\"\" class=\"wp-image-13045\" srcset=\"https:\/\/iceberg.udg.edu\/wp-content\/uploads\/2021\/04\/moodle_450-300x300-1.jpg 300w, https:\/\/iceberg.udg.edu\/wp-content\/uploads\/2021\/04\/moodle_450-300x300-1-150x150.jpg 150w\" sizes=\"auto, (max-width: 300px) 100vw, 300px\" \/><\/figure>\n<\/div>\n\n\n\n<div class=\"wp-block-column is-layout-flow wp-block-column-is-layout-flow\" style=\"flex-basis:66.66%\">\n<h2 class=\"wp-block-heading\">Tutorials de Moodle<\/h2>\n\n\n\n<p>Des de l\u2019ICE es publiquen peri\u00f2dicament v\u00eddeos tutorials sobre els diferents recursos que ofereix la plataforma Moodle. En aquests moments es compta amb 59 tutorials disponibles a trav\u00e9s del compte de Youtube de l\u2019ICE.<\/p>\n\n\n\n<p><a aria-label=\"Youtube tutorials de moodle\" href=\"https:\/\/www.youtube.com\/playlist?reload=9&amp;list=PL_thfVPjuffRKK3AjguQ_LOnW4ey3DN1T\">Youtube<\/a><\/p>\n<\/div>\n<\/div>\n\n\n\n<div style=\"height:100px\" aria-hidden=\"true\" class=\"wp-block-spacer\"><\/div>\n\n\n\n<div class=\"wp-block-columns is-layout-flex wp-container-core-columns-is-layout-9d6595d7 wp-block-columns-is-layout-flex\">\n<div class=\"wp-block-column is-layout-flow wp-block-column-is-layout-flow\" style=\"flex-basis:33.33%\">\n<figure class=\"wp-block-image size-large\"><img loading=\"lazy\" decoding=\"async\" width=\"300\" height=\"225\" src=\"https:\/\/iceberg.udg.edu\/wp-content\/uploads\/2021\/04\/xid_pub-300x225-1.png\" alt=\"\" class=\"wp-image-13046\"\/><\/figure>\n<\/div>\n\n\n\n<div class=\"wp-block-column is-layout-flow wp-block-column-is-layout-flow\" style=\"flex-basis:66.66%\">\n<h2 class=\"wp-block-heading\">Publicacions de les Xarxes d\u2019Innovaci\u00f3 Docent ICE<\/h2>\n\n\n\n<p>Les Xarxes d\u2019Innovaci\u00f3 Docent publiquen habitualment els seus treballs, innovacions docents i estudis en articles de revistes cient\u00edfiques, publicacions de congressos i simposis. Tamb\u00e9, han editat llibres i guies sobre les metodologies que implementen a les aules.<br>Es poden consultar les seves publicacions a trav\u00e9s del seu espai a la web de l\u2019ICE.<\/p>\n\n\n\n<p><a aria-label=\"Llegir-ne m\u00e9s Publicacions de les Xarxes d\u2019Innovaci\u00f3 Docent ICE\" href=\"https:\/\/www.udg.edu\/ca\/ice\/Innovacio-docent\/Xarxes-dinnovacio-docent\/Presentacio\">Llegir-ne m\u00e9s<\/a><\/p>\n<\/div>\n<\/div>\n","protected":false},"excerpt":{"rendered":"<p>El aprendizaje cooperativo en la universidad del siglo XXI Aquest llibre recull una mostra significativa de diferents estudis sobre l\u2019aprenentatge cooperatiu des de diverses universitats, tamb\u00e9 internacionals, derivades en gran part del Simposi Internacional en Aprenentatge Cooperatiu a la Universitat, celebrat a la Universitat de Girona el maig de 2019. Aquest simposi fou organitzat per [&hellip;]<\/p>\n","protected":false},"author":1,"featured_media":0,"parent":12919,"menu_order":0,"comment_status":"closed","ping_status":"closed","template":"","meta":{"footnotes":""},"class_list":["post-12968","page","type-page","status-publish","hentry"],"_links":{"self":[{"href":"https:\/\/iceberg.udg.edu\/index.php?rest_route=\/wp\/v2\/pages\/12968","targetHints":{"allow":["GET"]}}],"collection":[{"href":"https:\/\/iceberg.udg.edu\/index.php?rest_route=\/wp\/v2\/pages"}],"about":[{"href":"https:\/\/iceberg.udg.edu\/index.php?rest_route=\/wp\/v2\/types\/page"}],"author":[{"embeddable":true,"href":"https:\/\/iceberg.udg.edu\/index.php?rest_route=\/wp\/v2\/users\/1"}],"replies":[{"embeddable":true,"href":"https:\/\/iceberg.udg.edu\/index.php?rest_route=%2Fwp%2Fv2%2Fcomments&post=12968"}],"version-history":[{"count":6,"href":"https:\/\/iceberg.udg.edu\/index.php?rest_route=\/wp\/v2\/pages\/12968\/revisions"}],"predecessor-version":[{"id":16209,"href":"https:\/\/iceberg.udg.edu\/index.php?rest_route=\/wp\/v2\/pages\/12968\/revisions\/16209"}],"up":[{"embeddable":true,"href":"https:\/\/iceberg.udg.edu\/index.php?rest_route=\/wp\/v2\/pages\/12919"}],"wp:attachment":[{"href":"https:\/\/iceberg.udg.edu\/index.php?rest_route=%2Fwp%2Fv2%2Fmedia&parent=12968"}],"curies":[{"name":"wp","href":"https:\/\/api.w.org\/{rel}","templated":true}]}}