{"id":12977,"date":"2021-04-21T15:14:15","date_gmt":"2021-04-21T13:14:15","guid":{"rendered":"https:\/\/icebergng.udg.edu\/?page_id=12977"},"modified":"2021-04-21T16:06:56","modified_gmt":"2021-04-21T14:06:56","slug":"resultats-de-lenquesta-per-a-la-deteccio-de-necessitats-formatives-del-pdi","status":"publish","type":"page","link":"https:\/\/iceberg.udg.edu\/?page_id=12977","title":{"rendered":"Resultats de l\u2019enquesta per a la detecci\u00f3 de necessitats formatives del PDI"},"content":{"rendered":"\n<h2 class=\"wp-block-heading\">Introducci\u00f3<\/h2>\n\n\n\n<p>Com cada any, des de l\u2019ICE Josep Pallach s\u2019ha enviat a tot el PDI una enquesta per detectar les necessitats formatives, l\u2019inter\u00e8s per actualitzar-se i formar-se sobre innovaci\u00f3 i millora docent, gesti\u00f3 universit\u00e0ria i de gesti\u00f3 de la recerca. Enguany, l\u2019enquesta es va enviar el dia 5 de juliol i se\u2019n va fer un nou recordatori el dia 12 del mateix mes. Amb data 12 de setembre es van recollir 208 respostes, a partir de les quals s\u2019ha elaborat aquest document.<\/p>\n\n\n\n<p>L\u2019enquesta consta de tres parts:<\/p>\n\n\n\n<ol class=\"wp-block-list\"><li>en la primera, es recullen dades sobre el professorat i sobre q\u00fcestions generals relacionades amb la seva participaci\u00f3 en les accions promogudes des de l\u2019ICE;<\/li><li>en la segona, es demana sobre interessos i necessitats formatives<\/li><li>en la tercera es demana sobre l\u2019inter\u00e8s en participar en projectes d&#8217;innovaci\u00f3 a partir de xarxes i\/o de grups d&#8217;innovaci\u00f3 docent.<\/li><\/ol>\n\n\n\n<p>A continuaci\u00f3 es presenta un resum de les respostes donades en cada apartat<\/p>\n\n\n\n<h2 class=\"wp-block-heading\">Professorat que respon l\u2019enquesta<\/h2>\n\n\n\n<p>Els centres dels quals s\u2019ha rebut un major nombre de respostes s\u00f3n:<\/p>\n\n\n\n<figure class=\"wp-block-table\"><table><thead><tr><th>Centre<\/th><th>% sobre el total de respostes<\/th><\/tr><\/thead><tbody><tr><td>F Ci\u00e8ncies<\/td><td>20%<\/td><\/tr><tr><td>EPS<\/td><td>19%<\/td><\/tr><tr><td>F. Educaci\u00f3 i Psicologia<\/td><td>16%<\/td><\/tr><tr><td>F Dret<\/td><td>9%<\/td><\/tr><tr><td>Facultat Infermeria<\/td><td>9%<\/td><\/tr><tr><td>F Lletres<\/td><td>9%<\/td><\/tr><\/tbody><\/table><\/figure>\n\n\n\n<p>Pel que fa als departaments, el major nombre de respostes corresponen a:<\/p>\n\n\n\n<figure class=\"wp-block-table\"><table><thead><tr><th>Departament<\/th><th>% sobre el total de respostes<\/th><\/tr><\/thead><tbody><tr><td>Infermeria<\/td><td>9%<\/td><\/tr><tr><td>Dret P\u00fablic<\/td><td>9%<\/td><\/tr><tr><td>CC M\u00e8diques<\/td><td>9%<\/td><\/tr><tr><td>Qu\u00edmica<\/td><td>8%<\/td><\/tr><tr><td>Biologia<\/td><td>6%<\/td><\/tr><\/tbody><\/table><\/figure>\n\n\n\n<p>Prop d\u2019un 76% dels enquestats han realitzat alguna activitat de formaci\u00f3 en els darrers dos anys.<\/p>\n\n\n\n<figure class=\"wp-block-image size-large\"><img loading=\"lazy\" decoding=\"async\" width=\"435\" height=\"255\" src=\"https:\/\/iceberg.udg.edu\/wp-content\/uploads\/2021\/04\/g1-e1585734977991-435x255-1.png\" alt=\"75,8% dels enquestats diuen que s\u00ed i 24,2% no\" class=\"wp-image-12989\" srcset=\"https:\/\/iceberg.udg.edu\/wp-content\/uploads\/2021\/04\/g1-e1585734977991-435x255-1.png 435w, https:\/\/iceberg.udg.edu\/wp-content\/uploads\/2021\/04\/g1-e1585734977991-435x255-1-300x176.png 300w\" sizes=\"auto, (max-width: 435px) 100vw, 435px\" \/><\/figure>\n\n\n\n<p>Com a principals raons per participar en activitats formatives, destaquen les seg\u00fcents:<\/p>\n\n\n\n<ul class=\"wp-block-list\"><li>Per millorar la meva doc\u00e8ncia (72%)<\/li><li>Per desenvolupar-me professionalment (66%)<\/li><li>Per satisfacci\u00f3 i inter\u00e8s personal (53%)<\/li><\/ul>\n\n\n\n<p>Tamb\u00e9 s\u2019esmenten: \u201cPer promocionar-me\u201d i \u201cPer realitzar un projecte d\u2019innovaci\u00f3 docent\u201d.<\/p>\n\n\n\n<p>Pel que fa al format de les activitats, un 54% les prefereix presencials (similar a l\u2019any passat).<\/p>\n\n\n\n<figure class=\"wp-block-image size-large\"><img loading=\"lazy\" decoding=\"async\" width=\"435\" height=\"249\" src=\"https:\/\/iceberg.udg.edu\/wp-content\/uploads\/2021\/04\/g4-435x249-1.png\" alt=\"53,7% prefereix presencials i 46,3% semipresencials\" class=\"wp-image-12992\" srcset=\"https:\/\/iceberg.udg.edu\/wp-content\/uploads\/2021\/04\/g4-435x249-1.png 435w, https:\/\/iceberg.udg.edu\/wp-content\/uploads\/2021\/04\/g4-435x249-1-300x172.png 300w\" sizes=\"auto, (max-width: 435px) 100vw, 435px\" \/><\/figure>\n\n\n\n<p>Respecte la durada m\u00e0xima que haurien de tenir les activitats, la majoria de respostes se situen en una durada m\u00e0xima de 3 hores, 5 hores i 10 hores.<\/p>\n\n\n\n<figure class=\"wp-block-image size-large is-resized\"><img decoding=\"async\" src=\"https:\/\/iceberg.udg.edu\/wp-content\/uploads\/2021\/04\/g3-730x351-1.png\" alt=\"27,5% m\u00e0xim 3 hores, 26,5% 5 hores, 23,5% 10 hores i 8% 15 hores, la resta s\u00f3n respostes v\u00e0ries\" class=\"wp-image-12993\" width=\"435\" srcset=\"https:\/\/iceberg.udg.edu\/wp-content\/uploads\/2021\/04\/g3-730x351-1.png 730w, https:\/\/iceberg.udg.edu\/wp-content\/uploads\/2021\/04\/g3-730x351-1-300x144.png 300w\" sizes=\"(max-width: 730px) 100vw, 730px\" \/><\/figure>\n\n\n\n<p>En relaci\u00f3 a l\u2019horari, un 52,3% de les respostes opten per un horari de mat\u00ed.<\/p>\n\n\n\n<figure class=\"wp-block-image size-large\"><img loading=\"lazy\" decoding=\"async\" width=\"435\" height=\"249\" src=\"https:\/\/iceberg.udg.edu\/wp-content\/uploads\/2021\/04\/g4-435x249-2.png\" alt=\"52,3% opten per mat\u00ed i 47,7% per la tarda\" class=\"wp-image-12995\" srcset=\"https:\/\/iceberg.udg.edu\/wp-content\/uploads\/2021\/04\/g4-435x249-2.png 435w, https:\/\/iceberg.udg.edu\/wp-content\/uploads\/2021\/04\/g4-435x249-2-300x172.png 300w\" sizes=\"auto, (max-width: 435px) 100vw, 435px\" \/><\/figure>\n\n\n\n<p>Com a raons que dificulten participar en activitats de formaci\u00f3 s\u2019esmenten, principalment, la coincid\u00e8ncia amb classes o altres compromisos i la falta de temps. En menor mesura, s\u2019indiquen la conciliaci\u00f3 familiar, els horaris i la falta de coneixement sobre l\u2019activitat.<\/p>\n\n\n\n<p>Els \u00e0mbits per als quals es manifesta una major inter\u00e8s en actualitzar-se s\u00f3n:<\/p>\n\n\n\n<figure class=\"wp-block-table\"><table><thead><tr><th>\u00c0mbit<\/th><th>% sobre el total de respostes<\/th><\/tr><\/thead><tbody><tr><td>Doc\u00e8ncia<\/td><td>84,5%<\/td><\/tr><tr><td>Recerca<\/td><td>70%<\/td><\/tr><tr><td>Gesti\u00f3<\/td><td>23%<\/td><\/tr><\/tbody><\/table><\/figure>\n\n\n\n<p>Es constata un lleuger augment respecte l\u2019any anterior de l\u2019inter\u00e8s per la recerca.<\/p>\n\n\n\n<h2 class=\"wp-block-heading\">Inter\u00e8s en relaci\u00f3 a activitats de formaci\u00f3 i actualitzaci\u00f3 en doc\u00e8ncia<\/h2>\n\n\n\n<p>Sobre metodologies actives, l\u2019inter\u00e8s majoritari se centra en:<\/p>\n\n\n\n<figure class=\"wp-block-table\"><table><thead><tr><th>Metodologia<\/th><th>% sobre el total de respostes<\/th><\/tr><\/thead><tbody><tr><td>ABP<\/td><td>53%<\/td><\/tr><tr><td>Classe inversa<\/td><td>50%<\/td><\/tr><tr><td>APP<\/td><td>43%<\/td><\/tr><tr><td>Aprenentatge Cooperatiu<\/td><td>35%<\/td><\/tr><tr><td>Joc i aprenentatge<\/td><td>30%<\/td><\/tr><tr><td>Aprenentatge Reflexiu<\/td><td>23%<\/td><\/tr><tr><td>Aprenentatge Servei<\/td><td>13%<\/td><\/tr><\/tbody><\/table><\/figure>\n\n\n\n<p>La prefer\u00e8ncia vers les tres primeres metodologies indicades, es mant\u00e9 respecte l\u2019any passat.<\/p>\n\n\n\n<p>Altres temes que s\u2019apunten s\u00f3n la formaci\u00f3 en tutories acad\u00e8miques, l\u2019aprenentatge basat en reptes, la col\u00b7laboraci\u00f3 entre diferents assignatures i departaments.<\/p>\n\n\n\n<p>Sobre temes de doc\u00e8ncia, els principals interessos se centren en:<\/p>\n\n\n\n<figure class=\"wp-block-table\"><table><thead><tr><th>Temes<\/th><th>% sobre el total de respostes<\/th><\/tr><\/thead><tbody><tr><td>Participaci\u00f3 activa dels estudiants<\/td><td>73%<\/td><\/tr><tr><td>Estrat\u00e8gies d\u2019avaluaci\u00f3<\/td><td>51,5%<\/td><\/tr><tr><td>Aprenentatge a la universitat<\/td><td>28%<\/td><\/tr><tr><td>Perspectiva de g\u00e8nere en la doc\u00e8ncia<\/td><td>24%<\/td><\/tr><tr><td>Sostenibilitat i responsabilitat social<\/td><td>20%<\/td><\/tr><\/tbody><\/table><\/figure>\n\n\n\n<p>Tamb\u00e9 s\u2019esmenten, la formaci\u00f3 per a joves professors, l\u2019educaci\u00f3 de la veu, parlar en p\u00fablic i l\u2019\u00fas de Moodle.<\/p>\n\n\n\n<h2 class=\"wp-block-heading\">Inter\u00e8s en relaci\u00f3 a la formaci\u00f3 i actualitzaci\u00f3 en eines TIC<\/h2>\n\n\n\n<p>En aquesta tem\u00e0tica, les respostes apunten a:<\/p>\n\n\n\n<figure class=\"wp-block-table\"><table><thead><tr><th>Temes<\/th><th>% sobre el total de respostes<\/th><\/tr><\/thead><tbody><tr><td>Presentaci\u00f3 de dades, infografies<\/td><td>43%<\/td><\/tr><tr><td>Eines de control de plagi<\/td><td>37,5%<\/td><\/tr><tr><td>Semipresencialitat<\/td><td>36%<\/td><\/tr><tr><td>Open Data<\/td><td>36%<\/td><\/tr><tr><td>Moodle: gesti\u00f3 de l\u2019avaluaci\u00f3<\/td><td>31%<\/td><\/tr><tr><td>Mendeley: gestor bibliogr\u00e0fic<\/td><td>26%<\/td><\/tr><tr><td>Moodle: q\u00fcestionaris<\/td><td>26%<\/td><\/tr><\/tbody><\/table><\/figure>\n\n\n\n<p>Altres temes que tamb\u00e9 es plantegen son: programaris espec\u00edfics com l\u2019Excel, SPSS, Atlas.ti, etc., estad\u00edstica, eines i aplicacions per a la participaci\u00f3 dels estudiants a l\u2019aula, etc.<\/p>\n\n\n\n<h2 class=\"wp-block-heading\">Inter\u00e8s manifestat en relaci\u00f3 a la formaci\u00f3 en idiomes<\/h2>\n\n\n\n<p>Respete de la formaci\u00f3 en idiomes, les respostes majorit\u00e0ries assenyalen:<\/p>\n\n\n\n<figure class=\"wp-block-table\"><table><thead><tr><th>Temes<\/th><th>% sobre el total de respostes<\/th><\/tr><\/thead><tbody><tr><td>Angl\u00e8s: cursos de nivell<\/td><td>61%<\/td><\/tr><tr><td>Angl\u00e8s per a la doc\u00e8ncia<\/td><td>45%<\/td><\/tr><tr><td>Formaci\u00f3 pr\u00e0ctica i personalitzada<\/td><td>40%<\/td><\/tr><tr><td>Writting an academic paper<\/td><td>34%<\/td><\/tr><tr><td>Presenting your research in English<\/td><td>34%<\/td><\/tr><\/tbody><\/table><\/figure>\n\n\n\n<p>Entre d\u2019altres comentaris, un d\u2019ells fa refer\u00e8ncia a la conveni\u00e8ncia que els cursos siguin semestrals donats els horaris de la majoria de professorat.<\/p>\n\n\n\n<h2 class=\"wp-block-heading\">Inter\u00e8s manifestat en relaci\u00f3 a la formaci\u00f3 en gesti\u00f3 universit\u00e0ria<\/h2>\n\n\n\n<p>Les respostes en aquest apartat es reparteixen entre els tres \u00e0mbits presentats:<\/p>\n\n\n\n<figure class=\"wp-block-table\"><table><thead><tr><th>Temes<\/th><th>% sobre el total de respostes<\/th><\/tr><\/thead><tbody><tr><td>Gesti\u00f3 i organitzaci\u00f3 del temps<\/td><td>62%<\/td><\/tr><tr><td>Treball en equip<\/td><td>60%<\/td><\/tr><tr><td>Gesti\u00f3 de l\u2019estr\u00e8s<\/td><td>43%<\/td><\/tr><\/tbody><\/table><\/figure>\n\n\n\n<h2 class=\"wp-block-heading\">Inter\u00e8s en relaci\u00f3 a la gesti\u00f3 de la recerca<\/h2>\n\n\n\n<p>En relaci\u00f3 a l\u2019inter\u00e8s en actualitzar-se en temes de gesti\u00f3 de la recerca, destaquen:<\/p>\n\n\n\n<figure class=\"wp-block-table\"><table><thead><tr><th>Temes<\/th><th>% sobre el total de respostes<\/th><\/tr><\/thead><tbody><tr><td>Comunicaci\u00f3 i divulgaci\u00f3<\/td><td>78%<\/td><\/tr><tr><td>Processos d\u2019acreditaci\u00f3<\/td><td>55%<\/td><\/tr><\/tbody><\/table><\/figure>\n\n\n\n<p>Altres demandes plantejades s\u00f3n:<\/p>\n\n\n\n<ul class=\"wp-block-list\"><li>Utilitzaci\u00f3 de programari com Excel, Atlas.Ti, SPSS, programa R, etc.<\/li><li>Estad\u00edstica i tractament de dades<\/li><li>Gesti\u00f3 de projectes<\/li><\/ul>\n\n\n\n<h2 class=\"wp-block-heading\">Inter\u00e8s en processos d\u2019innovaci\u00f3 docent a trav\u00e9s de XID i GID<\/h2>\n\n\n\n<p>En el quadre seg\u00fcent es recullen les respostes referides a l\u2019inter\u00e8s en participar en alguna&nbsp; XID:<\/p>\n\n\n\n<figure class=\"wp-block-table\"><table><thead><tr><th>Temes<\/th><th>% sobre el total de respostes<\/th><\/tr><\/thead><tbody><tr><td>ABP<\/td><td>22%<\/td><\/tr><tr><td>Aprenentatge Cooperatiu<\/td><td>4%<\/td><\/tr><tr><td>Aprenentatge per Projectes<\/td><td>9,5%<\/td><\/tr><tr><td>Aprenentatge per Projectes Interdiscip.<\/td><td>4%<\/td><\/tr><tr><td>Aprenentatge Servei<\/td><td>5,4%<\/td><\/tr><tr><td>Avaluaci\u00f3<\/td><td>4%<\/td><\/tr><tr><td>Classe Inversa<\/td><td>12%<\/td><\/tr><tr><td>Joc i Aprenentatge<\/td><td>12%<\/td><\/tr><tr><td>Tutoria<\/td><td>8,1%<\/td><\/tr><tr><td>Virtualitzaci\u00f3 de la Doc\u00e8ncia<\/td><td>9,5%<\/td><\/tr><\/tbody><\/table><\/figure>\n\n\n\n<p>Enguany hi ha la proposta de constituir una Xarxa sobre perspectiva de g\u00e8nere en la doc\u00e8ncia.<\/p>\n\n\n\n<p>D\u2019altra banda, quinze persones manifesten el seu inter\u00e8s en participar en alguna xarxa. Es far\u00e0 arribar el seu inter\u00e8s a les diferents xarxes i es concretar\u00e0 el procediment a seguir<\/p>\n\n\n\n<p>Respecte de l\u2019inter\u00e8s en formar algun Grup d\u2019Innovaci\u00f3 Docent dins d\u2019un centre, departament o \u00e0rea d\u2019estudi, no hi ha cap proposta concreta.<\/p>\n\n\n\n<p>L\u2019any passat es va plantejar la idea de treballar la interacci\u00f3 universitat &#8211; instituts \/escoles (realitzar treballs i\/o projectes que es puguin implementar en escoles\/instituts, organitzar jornades de ci\u00e8ncia, etc. ), per\u00f2 sense cap concreci\u00f3.<\/p>\n","protected":false},"excerpt":{"rendered":"<p>Introducci\u00f3 Com cada any, des de l\u2019ICE Josep Pallach s\u2019ha enviat a tot el PDI una enquesta per detectar les necessitats formatives, l\u2019inter\u00e8s per actualitzar-se i formar-se sobre innovaci\u00f3 i millora docent, gesti\u00f3 universit\u00e0ria i de gesti\u00f3 de la recerca. Enguany, l\u2019enquesta es va enviar el dia 5 de juliol i se\u2019n va fer un [&hellip;]<\/p>\n","protected":false},"author":1,"featured_media":0,"parent":12922,"menu_order":0,"comment_status":"closed","ping_status":"closed","template":"","meta":{"footnotes":""},"class_list":["post-12977","page","type-page","status-publish","hentry"],"_links":{"self":[{"href":"https:\/\/iceberg.udg.edu\/index.php?rest_route=\/wp\/v2\/pages\/12977","targetHints":{"allow":["GET"]}}],"collection":[{"href":"https:\/\/iceberg.udg.edu\/index.php?rest_route=\/wp\/v2\/pages"}],"about":[{"href":"https:\/\/iceberg.udg.edu\/index.php?rest_route=\/wp\/v2\/types\/page"}],"author":[{"embeddable":true,"href":"https:\/\/iceberg.udg.edu\/index.php?rest_route=\/wp\/v2\/users\/1"}],"replies":[{"embeddable":true,"href":"https:\/\/iceberg.udg.edu\/index.php?rest_route=%2Fwp%2Fv2%2Fcomments&post=12977"}],"version-history":[{"count":7,"href":"https:\/\/iceberg.udg.edu\/index.php?rest_route=\/wp\/v2\/pages\/12977\/revisions"}],"predecessor-version":[{"id":12996,"href":"https:\/\/iceberg.udg.edu\/index.php?rest_route=\/wp\/v2\/pages\/12977\/revisions\/12996"}],"up":[{"embeddable":true,"href":"https:\/\/iceberg.udg.edu\/index.php?rest_route=\/wp\/v2\/pages\/12922"}],"wp:attachment":[{"href":"https:\/\/iceberg.udg.edu\/index.php?rest_route=%2Fwp%2Fv2%2Fmedia&parent=12977"}],"curies":[{"name":"wp","href":"https:\/\/api.w.org\/{rel}","templated":true}]}}