{"id":12997,"date":"2021-04-21T16:08:15","date_gmt":"2021-04-21T14:08:15","guid":{"rendered":"https:\/\/icebergng.udg.edu\/?page_id=12997"},"modified":"2021-04-22T08:40:45","modified_gmt":"2021-04-22T06:40:45","slug":"propostes-del-professorat-participant-en-activitats-del-curs-anterior","status":"publish","type":"page","link":"https:\/\/iceberg.udg.edu\/?page_id=12997","title":{"rendered":"Propostes del professorat participant en activitats del curs anterior"},"content":{"rendered":"\n<p>Una vegada finalitzades les activitats, la Secretaria de l\u2019ICE envia de forma on-line als participants una enquesta de valoraci\u00f3 de l\u2019activitat a la qual han assistit. De les respostes recollides destaquen per les excel\u00b7lents valoracions donades pels participants, les seg\u00fcents:<\/p>\n\n\n\n<ul class=\"wp-block-list\"><li>Seminari sobre motivaci\u00f3 i participaci\u00f3 activa<\/li><li>Taller sobre la implementaci\u00f3 de metodologies actives en grups nombrosos<\/li><li>La tutoria a la universitat<\/li><li>Moodle<\/li><li>Introducci\u00f3 a l\u2019ABP per a professorat<\/li><li>English as a Medium of Instruction<\/li><li>Construint relacions i emocions poderoses<\/li><li>Aprendre a aprendre a la universitat<\/li><li>Com convertir-nos en un equip extraordinari<\/li><\/ul>\n\n\n\n<p>D\u2019altra banda, respecte dels temes sobre els quals interessaria que s\u2019organitz\u00e9s alguna activitat formativa, els que s\u2019esmenten en m\u00e9s de dues ocasions s\u00f3n:<\/p>\n\n\n\n<ul class=\"wp-block-list\"><li>En relaci\u00f3 a doc\u00e8ncia i innovaci\u00f3:<ul><li>Metodologies actives i participatives<\/li><li>Motivaci\u00f3 dels estudiants<\/li><li>Jornades d\u2019experi\u00e8ncies pr\u00e0ctiques<\/li><li>Gesti\u00f3 de grups nombrosos<\/li><\/ul><\/li><li>En relaci\u00f3 a gesti\u00f3 de la recerca:<ul><li>Estad\u00edstica i an\u00e0lisi de dades<\/li><li>Gesti\u00f3 de grups de recerca<\/li><li>\u00das de Mendeley<\/li><\/ul><\/li><li>Sobre eines TIC:<ul><li>Excel<\/li><li>SPSS<\/li><li>Moodle<\/li><li>Elaboraci\u00f3 de v\u00eddeos docents<\/li><\/ul><\/li><li>Sobre gesti\u00f3:<ul><li>T\u00e8cniques de coaching i lideratge de grups<\/li><\/ul><\/li><li>Lleng\u00fces<ul><li>Doc\u00e8ncia en angl\u00e8s<\/li><\/ul><\/li><\/ul>\n\n\n\n<p>Altres respostes fan refer\u00e8ncia a q\u00fcestions com: orat\u00f2ria i millora de presentacions orals, l\u2019aprenentatge reflexiu, preparaci\u00f3 del CV per l\u2019acreditaci\u00f3 AQU.<\/p>\n\n\n\n<p>Per altra banda, pel que fa a suggeriments i propostes de millora de cara a futures edicions de les activitats, es fa refer\u00e8ncia, entre d\u2019altres, a les q\u00fcestions seg\u00fcents:<\/p>\n\n\n\n<ul class=\"wp-block-list\"><li>Organitzar m\u00e9s activitats els mesos de juny i juliol, quan hi ha menys doc\u00e8ncia<\/li><li>Fer formacions de m\u00e9s durada<\/li><li>Incloure la possibilitat de fer tutories segons necessitat dels usuaris<\/li><li>Organitzar m\u00e9s activitats en horaris que facilitin l\u2019assist\u00e8ncia del prof. associat<\/li><li>Organitzar m\u00e9s activitats que incloguin una part de treball no presencial d\u2019aplicaci\u00f3 pr\u00e0ctica i una sessi\u00f3 final per analitzar i compartir resultats<\/li><li>Organitzar sessions sobre eines i aplicacions gratu\u00eftes per a grups grans<\/li><li>Enviar la documentaci\u00f3 amb antelaci\u00f3 a les activitats (si \u00e9s el cas)<\/li><li>Millorar la comoditat de les cadires i la climatitzaci\u00f3 de les sales<\/li><\/ul>\n","protected":false},"excerpt":{"rendered":"<p>Una vegada finalitzades les activitats, la Secretaria de l\u2019ICE envia de forma on-line als participants una enquesta de valoraci\u00f3 de l\u2019activitat a la qual han assistit. De les respostes recollides destaquen per les excel\u00b7lents valoracions donades pels participants, les seg\u00fcents: Seminari sobre motivaci\u00f3 i participaci\u00f3 activa Taller sobre la implementaci\u00f3 de metodologies actives en grups [&hellip;]<\/p>\n","protected":false},"author":1,"featured_media":0,"parent":12922,"menu_order":0,"comment_status":"closed","ping_status":"closed","template":"","meta":{"footnotes":""},"class_list":["post-12997","page","type-page","status-publish","hentry"],"_links":{"self":[{"href":"https:\/\/iceberg.udg.edu\/index.php?rest_route=\/wp\/v2\/pages\/12997","targetHints":{"allow":["GET"]}}],"collection":[{"href":"https:\/\/iceberg.udg.edu\/index.php?rest_route=\/wp\/v2\/pages"}],"about":[{"href":"https:\/\/iceberg.udg.edu\/index.php?rest_route=\/wp\/v2\/types\/page"}],"author":[{"embeddable":true,"href":"https:\/\/iceberg.udg.edu\/index.php?rest_route=\/wp\/v2\/users\/1"}],"replies":[{"embeddable":true,"href":"https:\/\/iceberg.udg.edu\/index.php?rest_route=%2Fwp%2Fv2%2Fcomments&post=12997"}],"version-history":[{"count":2,"href":"https:\/\/iceberg.udg.edu\/index.php?rest_route=\/wp\/v2\/pages\/12997\/revisions"}],"predecessor-version":[{"id":13007,"href":"https:\/\/iceberg.udg.edu\/index.php?rest_route=\/wp\/v2\/pages\/12997\/revisions\/13007"}],"up":[{"embeddable":true,"href":"https:\/\/iceberg.udg.edu\/index.php?rest_route=\/wp\/v2\/pages\/12922"}],"wp:attachment":[{"href":"https:\/\/iceberg.udg.edu\/index.php?rest_route=%2Fwp%2Fv2%2Fmedia&parent=12997"}],"curies":[{"name":"wp","href":"https:\/\/api.w.org\/{rel}","templated":true}]}}