{"id":13026,"date":"2021-04-22T09:13:08","date_gmt":"2021-04-22T07:13:08","guid":{"rendered":"https:\/\/icebergng.udg.edu\/?page_id=13026"},"modified":"2021-04-22T09:13:48","modified_gmt":"2021-04-22T07:13:48","slug":"avaluacio-de-les-activitats-realitzades-per-part-dels-ponents-i-formadors","status":"publish","type":"page","link":"https:\/\/iceberg.udg.edu\/?page_id=13026","title":{"rendered":"Avaluaci\u00f3 de les activitats realitzades per part dels ponents i formadors"},"content":{"rendered":"\n<p>Una vegada finalitzades les activitats, s\u2019envia de forma on-line als ponents i formadors una enquesta de valoraci\u00f3 sobre la seva col\u00b7laboraci\u00f3.<br>Aquesta enquesta \u00e9s an\u00f2nima i consta de dues preguntes de resposta tipus Likert (1= dolenta; 4= molt bona) i dues preguntes de resposta oberta (veure Annex).<\/p>\n\n\n\n<p><strong>En la taula seg\u00fcent es mostren les mitjanes de les puntuacions donades a les preguntes quantitatives.<\/strong><\/p>\n\n\n\n<figure class=\"wp-block-table\"><table><thead><tr><th>PREGUNTA<\/th><th>Puntuaci\u00f3 mitjana<\/th><\/tr><\/thead><tbody><tr><td>Valori l\u2019organitzacio\u0301 de l\u2019activitat per part de l\u2019ICE<\/td><td>3,96<\/td><\/tr><tr><td>Valori la dina\u0300mica i la participacio\u0301 dels assistents<\/td><td>3,82<\/td><\/tr><\/tbody><tfoot><tr><th>Total<\/th><th>3,89<\/th><\/tr><\/tfoot><\/table><\/figure>\n\n\n\n<p>Les preguntes de resposta oberta fan refer\u00e8ncia als aspectes positius a destacar i les propostes de millora que proposen tenir en compte en properes edicions o activitats que s\u2019organitzin.<\/p>\n\n\n\n<p><strong>A continuaci\u00f3 es detallen alguns dels aspectes positius que s\u2019esmenten:<\/strong><\/p>\n\n\n\n<ul class=\"wp-block-list\"><li>Bona participaci\u00f3 i implicaci\u00f3 dels assistents durant les sessions<\/li><li>La possibilitat de compartir amb els participants les actuacions fetes des de les Xarxes d\u2019Innovaci\u00f3 Docent (XID)<\/li><li>\u00c9s interessant que el professorat novell conegui les XID<\/li><\/ul>\n\n\n\n<p>D\u2019altra banda, en relaci\u00f3 a propostes de millora a tenir en compte en properes edicions, destaquen:<\/p>\n\n\n\n<ul class=\"wp-block-list\"><li>Preveure m\u00e9s temps perqu\u00e8 els participants puguin debatre, preguntar, interactuar&#8230;<\/li><\/ul>\n","protected":false},"excerpt":{"rendered":"<p>Una vegada finalitzades les activitats, s\u2019envia de forma on-line als ponents i formadors una enquesta de valoraci\u00f3 sobre la seva col\u00b7laboraci\u00f3.Aquesta enquesta \u00e9s an\u00f2nima i consta de dues preguntes de resposta tipus Likert (1= dolenta; 4= molt bona) i dues preguntes de resposta oberta (veure Annex). En la taula seg\u00fcent es mostren les mitjanes de [&hellip;]<\/p>\n","protected":false},"author":1,"featured_media":0,"parent":12959,"menu_order":0,"comment_status":"closed","ping_status":"closed","template":"","meta":{"footnotes":""},"class_list":["post-13026","page","type-page","status-publish","hentry"],"_links":{"self":[{"href":"https:\/\/iceberg.udg.edu\/index.php?rest_route=\/wp\/v2\/pages\/13026","targetHints":{"allow":["GET"]}}],"collection":[{"href":"https:\/\/iceberg.udg.edu\/index.php?rest_route=\/wp\/v2\/pages"}],"about":[{"href":"https:\/\/iceberg.udg.edu\/index.php?rest_route=\/wp\/v2\/types\/page"}],"author":[{"embeddable":true,"href":"https:\/\/iceberg.udg.edu\/index.php?rest_route=\/wp\/v2\/users\/1"}],"replies":[{"embeddable":true,"href":"https:\/\/iceberg.udg.edu\/index.php?rest_route=%2Fwp%2Fv2%2Fcomments&post=13026"}],"version-history":[{"count":1,"href":"https:\/\/iceberg.udg.edu\/index.php?rest_route=\/wp\/v2\/pages\/13026\/revisions"}],"predecessor-version":[{"id":13027,"href":"https:\/\/iceberg.udg.edu\/index.php?rest_route=\/wp\/v2\/pages\/13026\/revisions\/13027"}],"up":[{"embeddable":true,"href":"https:\/\/iceberg.udg.edu\/index.php?rest_route=\/wp\/v2\/pages\/12959"}],"wp:attachment":[{"href":"https:\/\/iceberg.udg.edu\/index.php?rest_route=%2Fwp%2Fv2%2Fmedia&parent=13026"}],"curies":[{"name":"wp","href":"https:\/\/api.w.org\/{rel}","templated":true}]}}