{"id":13058,"date":"2021-04-22T11:52:37","date_gmt":"2021-04-22T09:52:37","guid":{"rendered":"https:\/\/icebergng.udg.edu\/?page_id=13058"},"modified":"2021-04-22T12:00:49","modified_gmt":"2021-04-22T10:00:49","slug":"grups-dinnovacio-docent","status":"publish","type":"page","link":"https:\/\/iceberg.udg.edu\/?page_id=13058","title":{"rendered":"Grups d\u2019innovaci\u00f3 docent"},"content":{"rendered":"\n<h2 class=\"wp-block-heading\">GID<\/h2>\n\n\n\n<figure class=\"wp-block-image size-large\"><img loading=\"lazy\" decoding=\"async\" width=\"150\" height=\"150\" src=\"https:\/\/iceberg.udg.edu\/wp-content\/uploads\/2021\/04\/gid-e1585135099475-150x150-1.jpg\" alt=\"\" class=\"wp-image-13059\"\/><\/figure>\n\n\n\n<p><\/p>\n\n\n\n<p>L\u2019ICE Josep Pallach va posar en marxa el curs 2016-2017, una nova l\u00ednia d\u2019actuaci\u00f3 i suport a la innovaci\u00f3 docent als centres i facultats de la UdG: els&nbsp;<strong>Grups d\u2019Innovaci\u00f3 Docent (GID)&nbsp;<\/strong>dins d\u2019un estudi, centre o departament de la Universitat de Girona.<\/p>\n\n\n\n<p>Amb aquesta acci\u00f3, l\u2019ICE pret\u00e9n complementar el treball i les actuacions interdisciplin\u00e0ries que desenvolupen les Xarxes d\u2019Innovaci\u00f3 Docent, formades, en aquest cas, per professorat de centres i estudis diferents.<\/p>\n\n\n\n<p>L\u2019objectiu \u00e9s donar suport a la constituci\u00f3 i funcionament de grups de professorat per dur a terme un projecte concret de millora docent dins del seu estudi, departament o centre.<\/p>\n\n\n\n<div class=\"wp-block-columns is-layout-flex wp-container-core-columns-is-layout-9d6595d7 wp-block-columns-is-layout-flex\">\n<div class=\"wp-block-column is-layout-flow wp-block-column-is-layout-flow\">\n<p>Per desenvolupar el seu treball, l\u2019ICE posa a disposici\u00f3 dels GID els recursos seg\u00fcents:<\/p>\n\n\n\n<ul class=\"wp-block-list\"><li>Alta com a Grup d\u2019Innovaci\u00f3 Docent a la base de dades d\u2019activitats de l\u2019ICE<\/li><li>Pressupost per desenvolupar el projecte presentat amb l\u2019import que es determini<\/li><li>Gesti\u00f3 d\u2019aquest pressupost a trav\u00e9s d\u2019una Unitat de Despesa espec\u00edfica per als GID<\/li><li>Espai al Moodle per a \u00fas exclusiu del grup<\/li><li>Espai a la web de l\u2019ICE per a informaci\u00f3 i difusi\u00f3<\/li><li>Certificaci\u00f3 als membres actius del grup fent-hi constar les hores de dedicaci\u00f3 justificades pel coordinador del grup<\/li><li>Espais de treball i reunions de l\u2019ICE<\/li><li>Suport t\u00e8cnic i assessorament<\/li><\/ul>\n<\/div>\n\n\n\n<div class=\"wp-block-column is-layout-flow wp-block-column-is-layout-flow\">\n<p>Per la seva part, els GID es comprometen a:<\/p>\n\n\n\n<ul class=\"wp-block-list\"><li>Presentar el projecte d\u2019innovaci\u00f3 i millora docent que es vol desenvolupar.<\/li><li>Treballar per garantir el compliment dels objectius del projecte<\/li><li>Participar en les reunions de coordinaci\u00f3 que es proposin des de l\u2019ICE<\/li><li>Presentar una mem\u00f2ria anual sobre les activitats realitzades<\/li><li>Compartir el treball realitzat i participar en activitats de formaci\u00f3 organitzades per l\u2019ICE<\/li><li>Fer constar en els documents de treball i difusi\u00f3 del projecte, el suport de l\u2019ICE<\/li><\/ul>\n<\/div>\n\n\n\n<div class=\"wp-block-column is-layout-flow wp-block-column-is-layout-flow\">\n<p>Durant el curs 2019-20 han estat actius els GID seg\u00fcents:<\/p>\n\n\n\n<ul class=\"wp-block-list\"><li><a target=\"_blank\" href=\"https:\/\/www.udg.edu\/ca\/ice\/Innovacio-docent\/Grups-dinnovacio-docent\/GID-dels-estudis-de-Treball-Social\" rel=\"noreferrer noopener\">Grau de Treball Social<\/a><\/li><li><a target=\"_blank\" href=\"https:\/\/www.udg.edu\/ca\/ice\/Innovacio-docent\/Grups-dinnovacio-docent\/GID-Plataforma-ACME\" rel=\"noreferrer noopener\">Plataforma ACME<\/a><\/li><li><a target=\"_blank\" href=\"https:\/\/www.udg.edu\/ca\/ice\/Innovacio-docent\/Grups-dinnovacio-docent\/GID-sobre-Transmedia-i-Educacio\" rel=\"noreferrer noopener\">Transm\u00e8dia i Educaci\u00f3<\/a><\/li><li><a target=\"_blank\" href=\"https:\/\/www.udg.edu\/ca\/ice\/Innovacio-docent\/Grups-dinnovacio-docent\/GID-dEnginyeria-Mecanica-i-Construccio-Ind-EMCI\" rel=\"noreferrer noopener\">Departament d\u2019EMCI<\/a><\/li><li><a target=\"_blank\" href=\"https:\/\/www.udg.edu\/ca\/ice\/Innovacio-docent\/Grups-dinnovacio-docent\/GID-Narratives-digitals-en-Educacio-Social\" rel=\"noreferrer noopener\">Narratives en Educaci\u00f3 Social<\/a><\/li><li><a target=\"_blank\" href=\"https:\/\/www.udg.edu\/ca\/ice\/Innovacio-docent\/Grups-dinnovacio-docent\/GID-en-Fisica\" rel=\"noreferrer noopener\">F\u00edsica<\/a><\/li><li><a target=\"_blank\" href=\"https:\/\/www.udg.edu\/ca\/ice\/Innovacio-docent\/Grups-dinnovacio-docent\/GID-Pla-Accio-Tutorial-i-Mentoria-Facultat-de-Dret\" rel=\"noreferrer noopener\">Pla d\u2019Acci\u00f3 Tutorial i Mentoratge (PATUM)<\/a><\/li><li><a target=\"_blank\" href=\"https:\/\/www.udg.edu\/ca\/ice\/Innovacio-docent\/Grups-dinnovacio-docent\/GID-Mentoria-Estudis-de-Psicologia-de-la-UdG\" rel=\"noreferrer noopener\">Mentoria dels Estudis de Psicologia<\/a><\/li><li><a target=\"_blank\" href=\"https:\/\/www.udg.edu\/ca\/ice\/Innovacio-docent\/Grups-dinnovacio-docent\/GID-sobre-Transversalitzacio-de-Genere\" rel=\"noreferrer noopener\">Transversalitzaci\u00f3 de G\u00e8nere<\/a><\/li><li><a target=\"_blank\" href=\"https:\/\/www.udg.edu\/ca\/ice\/Innovacio-docent\/Grups-dinnovacio-docent\/GID-sobre-Materials-per-a-Matematiques\" rel=\"noreferrer noopener\">Materials per a Matem\u00e0tiques<\/a><\/li><li><a target=\"_blank\" href=\"https:\/\/www.udg.edu\/ca\/ice\/Innovacio-docent\/Grups-dinnovacio-docent\/GID-a-lEnginyeria-Quimica\" rel=\"noreferrer noopener\">Enginyeria Qu\u00edmica<\/a><\/li><li><a target=\"_blank\" href=\"https:\/\/www.udg.edu\/ca\/ice\/Innovacio-docent\/Grups-dinnovacio-docent\/GID-sobre-Model-Academic-de-Psicologia\" rel=\"noreferrer noopener\">Model Acad\u00e8mic de Psicologia<\/a><\/li><\/ul>\n<\/div>\n<\/div>\n\n\n\n<p>En total, participen dels Grups d\u2019Innovaci\u00f3 Docent un total de 111 professors i professores de la UdG de diferents estudis i departaments de la Universitat de Girona.<\/p>\n\n\n\n<p>La plana web de l\u2019ICE inclou&nbsp;<a href=\"https:\/\/www.udg.edu\/ca\/ice\/Innovacio-docent\/Grups-dinnovacio-docent\/Presentacio\">webs espec\u00edfiques<\/a>&nbsp;per a cada un d\u2019aquests grups. S\u2019hi pot consultar la relaci\u00f3 de treballs publicats en revistes, congressos i altres f\u00f2rums, els membres d\u2019anteriors cursos acad\u00e8mics i les activitats que han anat duent a terme.<\/p>\n\n\n\n<p>D\u2019altra banda, des del curs passat comptem amb un compte de Twitter,&nbsp;<strong>@ICEUdGinnovacio<\/strong>, amb l\u2019objectiu de facilitar la difusi\u00f3 de les accions que es realitzen a trav\u00e9s dels GID i contribuir a la divulgaci\u00f3 de les innovacions i projectes de millora docent que es duen a terme a la Universitat de Girona.<\/p>\n\n\n\n<p>Finalment, els GID que ho sol\u00b7liciten disposen tamb\u00e9 d\u2019un espai Moodle on els seus membres comparteixen documents, material de treball, actes de les reunions, etc.<\/p>\n\n\n\n<p>Es preveu continuar intensificant i ampliant el treball a partir de Grups d\u2019Innovaci\u00f3 Docent amb l\u2019objectiu de promoure i generalitzar la innovaci\u00f3 a la Universitat de Girona.<\/p>\n","protected":false},"excerpt":{"rendered":"<p>GID L\u2019ICE Josep Pallach va posar en marxa el curs 2016-2017, una nova l\u00ednia d\u2019actuaci\u00f3 i suport a la innovaci\u00f3 docent als centres i facultats de la UdG: els&nbsp;Grups d\u2019Innovaci\u00f3 Docent (GID)&nbsp;dins d\u2019un estudi, centre o departament de la Universitat de Girona. Amb aquesta acci\u00f3, l\u2019ICE pret\u00e9n complementar el treball i les actuacions interdisciplin\u00e0ries que [&hellip;]<\/p>\n","protected":false},"author":1,"featured_media":0,"parent":12972,"menu_order":0,"comment_status":"closed","ping_status":"closed","template":"","meta":{"footnotes":""},"class_list":["post-13058","page","type-page","status-publish","hentry"],"_links":{"self":[{"href":"https:\/\/iceberg.udg.edu\/index.php?rest_route=\/wp\/v2\/pages\/13058","targetHints":{"allow":["GET"]}}],"collection":[{"href":"https:\/\/iceberg.udg.edu\/index.php?rest_route=\/wp\/v2\/pages"}],"about":[{"href":"https:\/\/iceberg.udg.edu\/index.php?rest_route=\/wp\/v2\/types\/page"}],"author":[{"embeddable":true,"href":"https:\/\/iceberg.udg.edu\/index.php?rest_route=\/wp\/v2\/users\/1"}],"replies":[{"embeddable":true,"href":"https:\/\/iceberg.udg.edu\/index.php?rest_route=%2Fwp%2Fv2%2Fcomments&post=13058"}],"version-history":[{"count":1,"href":"https:\/\/iceberg.udg.edu\/index.php?rest_route=\/wp\/v2\/pages\/13058\/revisions"}],"predecessor-version":[{"id":13060,"href":"https:\/\/iceberg.udg.edu\/index.php?rest_route=\/wp\/v2\/pages\/13058\/revisions\/13060"}],"up":[{"embeddable":true,"href":"https:\/\/iceberg.udg.edu\/index.php?rest_route=\/wp\/v2\/pages\/12972"}],"wp:attachment":[{"href":"https:\/\/iceberg.udg.edu\/index.php?rest_route=%2Fwp%2Fv2%2Fmedia&parent=13058"}],"curies":[{"name":"wp","href":"https:\/\/api.w.org\/{rel}","templated":true}]}}