{"id":13061,"date":"2021-04-22T11:57:30","date_gmt":"2021-04-22T09:57:30","guid":{"rendered":"https:\/\/icebergng.udg.edu\/?page_id=13061"},"modified":"2021-04-22T11:59:14","modified_gmt":"2021-04-22T09:59:14","slug":"xarxes-dinnovacio-docent","status":"publish","type":"page","link":"https:\/\/iceberg.udg.edu\/?page_id=13061","title":{"rendered":"Xarxes d\u2019innovaci\u00f3 docent"},"content":{"rendered":"\n<h2 class=\"wp-block-heading\">XID<\/h2>\n\n\n\n<figure class=\"wp-block-image size-large\"><img loading=\"lazy\" decoding=\"async\" width=\"150\" height=\"150\" src=\"https:\/\/iceberg.udg.edu\/wp-content\/uploads\/2021\/04\/xid-150x150-1.png\" alt=\"\" class=\"wp-image-13062\"\/><\/figure>\n\n\n\n<p>El projecte de les Xarxes d\u2019Innovaci\u00f3 Docent (XID) va n\u00e9ixer amb la implementaci\u00f3 del Pla Marc de Formaci\u00f3 del PDI de la UdG 2009-2013, el qual contemplava una l\u00ednia de formaci\u00f3 basada en la reflexi\u00f3 sobre la pr\u00f2pia pr\u00e0ctica.<\/p>\n\n\n\n<p>Des dels seus inicis les Xarxes han centrat el seu treball al voltant de tem\u00e0tiques relacionades amb les l\u00ednies priorit\u00e0ries de formaci\u00f3 a la UdG i d\u2019acord amb els interessos del professorat. Estan integrades per membres del PDI interessats en emprendre un proc\u00e9s de formaci\u00f3 avan\u00e7at i basat en la reflexi\u00f3 sobre la pr\u00f2pia pr\u00e0ctica docent.<\/p>\n\n\n\n<p>La coordinaci\u00f3 d\u2019aquestes xarxes \u00e9s a c\u00e0rrec de l\u2019ICE Josep Pallach.<\/p>\n\n\n\n<div class=\"wp-block-columns is-layout-flex wp-container-core-columns-is-layout-9d6595d7 wp-block-columns-is-layout-flex\">\n<div class=\"wp-block-column is-layout-flow wp-block-column-is-layout-flow\">\n<p>Els objectius de les XID s\u00f3n:<\/p>\n\n\n\n<ul class=\"wp-block-list\"><li>Afavorir un tipus de formaci\u00f3 docent basada en l&#8217;intercanvi i la reflexi\u00f3 del professorat sobre la pr\u00f2pia doc\u00e8ncia.<\/li><li>Crear espais per dur a terme aquesta reflexi\u00f3.<\/li><li>Promoure xarxes de treball estables entre el professorat interessat en millorar determinats aspectes de la seva doc\u00e8ncia.<\/li><li>Incorporar una din\u00e0mica de reflexi\u00f3 continuada i compartida sobre la pr\u00e0ctica docent.<\/li><\/ul>\n\n\n\n<p>Per a desenvolupar el seu treball, cada xarxa disposa dels recursos seg\u00fcents:<\/p>\n\n\n\n<ul class=\"wp-block-list\"><li>Pressupost per a formaci\u00f3 i difusi\u00f3 del treball desenvolupat.<\/li><li>Espai al Moodle per compartir documentaci\u00f3.<\/li><li>Suport t\u00e8cnic i assessorament per part de l\u2019ICE.<\/li><li>Suport administratiu per part de l\u2019ICE.<\/li><li>Sales de treball a la seu de l\u2019ICE.<\/li><\/ul>\n<\/div>\n\n\n\n<div class=\"wp-block-column is-layout-flow wp-block-column-is-layout-flow\">\n<p>Les persones que hi participen accepten per la seva part, aquests compromisos:<\/p>\n\n\n\n<ul class=\"wp-block-list\"><li>Reunir-se peri\u00f2dicament (una reuni\u00f3 mensual, aproximadament) i fer actes de les reunions que permetin fer un seguiment del treball.<\/li><li>Participar activament en les innovacions docents realitzades des de la xarxa i en la difusi\u00f3 del treball dut a terme (congressos, jornades, revistes cient\u00edfiques, etc.)<\/li><li>Compartir el treball desenvolupat i participar en activitats de formaci\u00f3 adre\u00e7ades al PDI de la UdG.<\/li><li>Fer una mem\u00f2ria anual (compilaci\u00f3 d\u2019actes, documents de treball, publicacions&#8230;) i participar en l\u2019avaluaci\u00f3 a final de curs.<\/li><\/ul>\n<\/div>\n\n\n\n<div class=\"wp-block-column is-layout-flow wp-block-column-is-layout-flow\">\n<p>Cal tenir en compte que les xarxes no s\u00f3n un espai de formaci\u00f3 inicial sobre el tema que tracten, sin\u00f3 un espai d\u2019intercanvi i reflexi\u00f3 sobre la pr\u00f2pia pr\u00e0ctica i experi\u00e8ncia docent en la tem\u00e0tica en q\u00fcesti\u00f3, amb l\u2019objectiu de desenvolupar innovacions i contribuir a un aprenentatge de m\u00e9s qualitat dels nostres estudiants.<\/p>\n\n\n\n<p>Durant el curs 2019-2020 han continuat actives les xarxes seg\u00fcents:<\/p>\n\n\n\n<ul class=\"wp-block-list\"><li><a target=\"_blank\" href=\"https:\/\/www.udg.edu\/ca\/ice\/Innovacio-docent\/XID-Aprenentatge-Basat-en-Problemes\" rel=\"noreferrer noopener\">Aprenentatge Basat en Problemes<\/a><\/li><li><a target=\"_blank\" href=\"https:\/\/www.udg.edu\/ca\/ice\/Innovacio-docent\/Xarxes-dinnovacio-docent\/XID-Avaluacio\" rel=\"noreferrer noopener\">Avaluaci\u00f3<\/a><\/li><li><a target=\"_blank\" href=\"https:\/\/www.udg.edu\/ca\/ice\/Innovacio-docent\/Xarxes-dinnovacio-docent\/XID-Aprenentatge-Cooperatiu\" rel=\"noreferrer noopener\">Aprenentatge Cooperatiu<\/a><\/li><li><a target=\"_blank\" href=\"https:\/\/www.udg.edu\/ca\/ice\/Innovacio-docent\/Xarxes-dinnovacio-docent\/XID-Aprenentatge-per-Projectes-I\" rel=\"noreferrer noopener\">Aprenentatge Per Projectes<\/a><\/li><li><a target=\"_blank\" href=\"https:\/\/www.udg.edu\/ca\/ice\/Innovacio-docent\/Xarxes-dinnovacio-docent\/Aprenentatge-Reflexiu\" rel=\"noreferrer noopener\">Aprenentatge Reflexiu<\/a><\/li><li><a target=\"_blank\" href=\"https:\/\/www.udg.edu\/ca\/ice\/Innovacio-docent\/Xarxes-dinnovacio-docent\/XID-Aprenentatge-per-Projectes-interdisciplinari\" rel=\"noreferrer noopener\">Aprenentatge Per Projectes Interdisciplinari<\/a><\/li><li><a target=\"_blank\" href=\"https:\/\/www.udg.edu\/ca\/ice\/Innovacio-docent\/Xarxes-dinnovacio-docent\/XID-Perspectiva-de-genere\" rel=\"noreferrer noopener\">Perspectiva de g\u00e8nere<\/a><\/li><li><a target=\"_blank\" href=\"https:\/\/www.udg.edu\/ca\/ice\/Innovacio-docent\/Xarxes-dinnovacio-docent\/XID-Aprenentatge-Servei\" rel=\"noreferrer noopener\">Aprenentatge Servei<\/a><\/li><li><a target=\"_blank\" href=\"https:\/\/www.udg.edu\/ca\/ice\/Innovacio-docent\/Xarxes-dinnovacio-docent\/XID-Joc-i-Aprenentatge\" rel=\"noreferrer noopener\">Joc i Aprenentatge<\/a><\/li><li><a target=\"_blank\" href=\"https:\/\/www.udg.edu\/ca\/ice\/Innovacio-docent\/Xarxes-dinnovacio-docent\/XID-Virtualitzacio-de-la-docencia\" rel=\"noreferrer noopener\">Virtualitzaci\u00f3 de la Doc\u00e8ncia<\/a><\/li><li><a target=\"_blank\" href=\"https:\/\/www.udg.edu\/ca\/ice\/Innovacio-docent\/Xarxes-dinnovacio-docent\/XID-Tutoria\" rel=\"noreferrer noopener\">Tutoria<\/a><\/li><li><a target=\"_blank\" href=\"https:\/\/www.udg.edu\/ca\/ice\/Innovacio-docent\/Xarxes-dinnovacio-docent\/XID-sobre-Classe-Inversa\" rel=\"noreferrer noopener\">Classe Inversa<\/a><\/li><li><a target=\"_blank\" href=\"https:\/\/www.udg.edu\/ca\/ice\/Innovacio-docent\/Xarxes-dinnovacio-docent\/XID-sobre-ODS-en-la-Docencia\" rel=\"noreferrer noopener\">ODS en la Doc\u00e8ncia<\/a><\/li><\/ul>\n<\/div>\n<\/div>\n\n\n\n<p>En total, participen en les Xarxes d\u2019Innovaci\u00f3 Docent 119 professors i professores de diferents centres de la Universitat de Girona. Algunes d\u2019elles compten tamb\u00e9 amb la col\u00b7laboraci\u00f3 d\u2019experts externs, personal de serveis de la UdG i&nbsp; professorat d\u2019altres universitats.<\/p>\n\n\n\n<p>La plana web de l\u2019ICE inclou&nbsp;<a href=\"https:\/\/www.udg.edu\/ca\/ice\/Innovacio-docent\/Xarxes-dinnovacio-docent\/Presentacio\">webs espec\u00edfiques<\/a>&nbsp;per a cada una d\u2019aquestes xarxes. S\u2019hi pot consultar la relaci\u00f3 de treballs publicats per les xarxes en revistes, congressos i altres f\u00f2rums, els membres d\u2019anteriors cursos acad\u00e8mics i les activitats que han anat duent a terme.<\/p>\n\n\n\n<p>D\u2019altra banda, cada xarxa disposa tamb\u00e9 d\u2019un espai Moodle on els seus membres comparteixen documents, material de treball, actes de les reunions, etc.<\/p>\n\n\n\n<p>A m\u00e9s, es compta amb un espai espec\u00edfic de coordinaci\u00f3 de totes les xarxes, on s\u2019hi publiquen les actes de les reunions de coordinaci\u00f3 i les mem\u00f2ries del treball anual realitzat per cadascuna d\u2019elles.<\/p>\n\n\n\n<p>Finalment, des del curs passat comptem amb un compte de Twitter,&nbsp;<strong>@ICEUdGinnovacio<\/strong>, amb l\u2019objectiu de facilitar la difusi\u00f3 de les accions que es realitzen a trav\u00e9s de les xarxes i contribuir a la divulgaci\u00f3 de les innovacions i projectes de millora docent que es duen a terme a la Universitat de Girona.<\/p>\n\n\n\n<p>Es preveu continuar intensificant i ampliant el treball a partir de Xarxes d\u2019Innovaci\u00f3 Docent amb l\u2019objectiu de promoure i generalitzar la innovaci\u00f3 a la Universitat de Girona.<\/p>\n","protected":false},"excerpt":{"rendered":"<p>XID El projecte de les Xarxes d\u2019Innovaci\u00f3 Docent (XID) va n\u00e9ixer amb la implementaci\u00f3 del Pla Marc de Formaci\u00f3 del PDI de la UdG 2009-2013, el qual contemplava una l\u00ednia de formaci\u00f3 basada en la reflexi\u00f3 sobre la pr\u00f2pia pr\u00e0ctica. Des dels seus inicis les Xarxes han centrat el seu treball al voltant de tem\u00e0tiques [&hellip;]<\/p>\n","protected":false},"author":1,"featured_media":0,"parent":12972,"menu_order":0,"comment_status":"closed","ping_status":"closed","template":"","meta":{"footnotes":""},"class_list":["post-13061","page","type-page","status-publish","hentry"],"_links":{"self":[{"href":"https:\/\/iceberg.udg.edu\/index.php?rest_route=\/wp\/v2\/pages\/13061","targetHints":{"allow":["GET"]}}],"collection":[{"href":"https:\/\/iceberg.udg.edu\/index.php?rest_route=\/wp\/v2\/pages"}],"about":[{"href":"https:\/\/iceberg.udg.edu\/index.php?rest_route=\/wp\/v2\/types\/page"}],"author":[{"embeddable":true,"href":"https:\/\/iceberg.udg.edu\/index.php?rest_route=\/wp\/v2\/users\/1"}],"replies":[{"embeddable":true,"href":"https:\/\/iceberg.udg.edu\/index.php?rest_route=%2Fwp%2Fv2%2Fcomments&post=13061"}],"version-history":[{"count":3,"href":"https:\/\/iceberg.udg.edu\/index.php?rest_route=\/wp\/v2\/pages\/13061\/revisions"}],"predecessor-version":[{"id":14750,"href":"https:\/\/iceberg.udg.edu\/index.php?rest_route=\/wp\/v2\/pages\/13061\/revisions\/14750"}],"up":[{"embeddable":true,"href":"https:\/\/iceberg.udg.edu\/index.php?rest_route=\/wp\/v2\/pages\/12972"}],"wp:attachment":[{"href":"https:\/\/iceberg.udg.edu\/index.php?rest_route=%2Fwp%2Fv2%2Fmedia&parent=13061"}],"curies":[{"name":"wp","href":"https:\/\/api.w.org\/{rel}","templated":true}]}}