{"id":13177,"date":"2021-05-20T10:25:27","date_gmt":"2021-05-20T08:25:27","guid":{"rendered":"https:\/\/icebergng.udg.edu\/?page_id=13177"},"modified":"2021-07-27T14:16:21","modified_gmt":"2021-07-27T12:16:21","slug":"xi-congres-cidui-20201","status":"publish","type":"page","link":"https:\/\/iceberg.udg.edu\/?page_id=13177","title":{"rendered":"XI Congr\u00e9s CIDUI 2020+1"},"content":{"rendered":"\n<div class=\"wp-block-columns is-layout-flex wp-container-core-columns-is-layout-9d6595d7 wp-block-columns-is-layout-flex\">\n<div class=\"wp-block-column is-layout-flow wp-block-column-is-layout-flow\">\n<p><a rel=\"noreferrer noopener\" href=\"https:\/\/www.cidui.org\/congressos-cidui\/xi-congres-cidui-2021\/\" target=\"_blank\">P\u00e0gina web del XI Congr\u00e9s CIDUI 2020+1<\/a><br>Del 29 de juny al 2 de juliol<br>Format \u00edntegrament virtual<\/p>\n\n\n\n<p><\/p>\n\n\n\n<h2 class=\"wp-block-heading\">Tem\u00e0tica<\/h2>\n\n\n\n<p class=\"has-text-align-left\">Aquesta edici\u00f3 porta per t\u00edtol&nbsp;<strong>\u201cM\u00e9s enll\u00e0 de les compet\u00e8ncies: nous reptes en la societat digital\u201d<\/strong>. El m\u00f3n universitari actual est\u00e0 assistint a una clara transformaci\u00f3 que comporta l\u2019aparici\u00f3 de nous reptes formatius, fruit dels canvis que est\u00e0 experimentant la societat (tecnol\u00f2gics, pol\u00edtics, socials, culturals, mediambientals\u2026). Reptes que tenen a veure, entre d\u2019altres, amb l\u2019aparici\u00f3 de nous perfils d\u2019estudiants que demanden nous models d\u2019ensenyament i aprenentatge, amb perfils professionals emergents, i amb l\u2019aplicaci\u00f3 de nous models organitzatius a l\u2019educaci\u00f3 superior.<\/p>\n\n\n\n<p><\/p>\n<\/div>\n\n\n\n<div class=\"wp-block-column is-layout-flow wp-block-column-is-layout-flow\"><div  class=\"wp-block-ultimate-post-image ultp-block-8b9b1e\"><div class=\"ultp-block-wrapper\"><figure class=\"ultp-image-block-wrapper\"><div class=\"ultp-image-block ultp-image-block-none\"><img decoding=\"async\"  class=\"ultp-image\"  alt=\"Image\"  src=\"https:\/\/iceberg.udg.edu\/wp-content\/uploads\/2021\/04\/logo.png\" \/><\/div><\/figure><\/div><\/div><\/div>\n<\/div>\n\n\n\n<h2 class=\"wp-block-heading\">Programa<\/h2>\n\n\n\n<p>El programa del XI Congr\u00e9s CIDUI 2020+1 va incloure:<\/p>\n\n\n\n<ul class=\"wp-block-list\"><li>Tres sessions plen\u00e0ries: <ul><li>Confer\u00e8ncia inaugural &#8220;Una nova era de l&#8217;educaci\u00f3 superior? Amenaces i oportunitas que plantegen els models innovadors&#8221;, a c\u00e0rrec de Julia Freeland<\/li><li>Di\u00e0leg &#8220;T\u00e9 sentit parlar d&#8217;una nova pedagogia?&#8221;, a c\u00e0rrec de Jeff Merriman i Anna Pons<\/li><li>Taula rodona &#8220;La transformaci\u00f3 dels models de governan\u00e7a de la universitat: com impacta en la dimensi\u00f3 docent?&#8221;, a c\u00e0rrec de Nekane Balluerka, Xavier Prats i Francesc Sol\u00e9<\/li><\/ul><\/li><\/ul>\n\n\n\n<ul class=\"wp-block-list\"><li>Deu sessions monogr\u00e0fiques centrades en els temes com l&#8217;avaluaci\u00f3 formativa, les t\u00e8cniques de ludificaci\u00f3 enla doc\u00e8ncia, nous perfils d&#8217;estudiants, la responsabilitat social universit\u00e0ria, el desenvolupament professional, l&#8217;Agenda 2030, els entorns digitals, la perspectiva de g\u00e8nere i la doc\u00e8ncia h\u00edbrida.<\/li><li>Vint-i-set sessions de presentaci\u00f3 de comunicacions en format oral<\/li><li>Set sessions de presentaci\u00f3 de p\u00f2sters<\/li><li>Nou tallers pr\u00e0ctics, sobre rol digital educatiu, m\u00e0gia i ci\u00e8ncia, estrat\u00e8gies per una doc\u00e8ncia en l\u00ednia, escape rooms educatius, sostenibilitat i ODS, intel\u00b7lig\u00e8ncia artifical, etc. <\/li><\/ul>\n\n\n\n<p><a rel=\"noreferrer noopener\" href=\"https:\/\/www.cidui.org\/wp-content\/uploads\/2021\/06\/PROGRAMA-CIDUI-2021_DEF.pdf\" target=\"_blank\">Programa complet del XI Congr\u00e9s CIDUI 2020+1<\/a><\/p>\n\n\n\n<p><\/p>\n\n\n\n<h2 class=\"wp-block-heading\">Ponents i moderadors<\/h2>\n\n\n\n<ul class=\"wp-block-list\"><li><strong>Nekane Balluerka Lasa.<\/strong> Professora Catedr\u00e0tica de Metodologia de les Ci\u00e8ncies s del Comportament a la Facultat de Psicologia de la&nbsp;Universidad del Pa\u00eds Vasco\/Euskal Herriko Unibertsitatea (UPV\/EHU).<\/li><li><strong>Maria Rosa Buxarrais Estrada.<\/strong> Directora de l\u2019Institut de Ci\u00e8ncies de l\u2019Educaci\u00f3 (IDP-ICE) de la&nbsp;Universitat de Barcelona (UB).<\/li><li><strong>Julia Freeland.<\/strong> Directora de recerca educativa del&nbsp;<em>Clayton Christensen Institute.<\/em><\/li><li><strong>Manel Jim\u00e9nez Morales.<\/strong> Vicerector de Transformaci\u00f3 Educativa, Cultura i Comunicaci\u00f3 de la&nbsp;Universitat Pompeu Fabra.<\/li><li><strong>Jeff Merriman. <\/strong>Cofundador i&nbsp;<em>Chief Technology Officer&nbsp;<\/em>(CTO) a&nbsp;<em>DXtera Institute<\/em>.<\/li><li><strong>Anna Pons.<\/strong> Analista de pol\u00edtiques p\u00fabliques a l\u2019OCDE.<\/li><li><strong>Joan Manuel del Pozo i \u00c0lvarez.<\/strong> Professor em\u00e8rit i s\u00edndic de la&nbsp;Universitat de Girona.<\/li><li><strong>Xavier Prats Monn\u00e9.<\/strong> Assessor per a iniciatives estrat\u00e8giques de la&nbsp;UOC.<\/li><li><strong>Silvia Sivera.<\/strong> Directora del&nbsp;eLearn Center&nbsp;de la Universitat Oberta de Catalunya.<\/li><li><strong>Francesc Sole Parellada.<\/strong> Catedr\u00e0tic em\u00e8rit de la Universitat Polit\u00e8cnica de Catalunya (UPC) i vicepresident de la&nbsp;<em>Fundaci\u00f3n Conocimiento y Desarrollo<\/em>&nbsp;(CYD).<\/li><li><strong>Josep M. Vilalta Verd\u00fa. <\/strong>Secretari Executiu de l\u2019Associaci\u00f3 Catalana d\u2019Universitats P\u00fabliques (ACUP) i Director de la Global University Network for Innovation (GUNi).<\/li><\/ul>\n\n\n\n<p><\/p>\n\n\n\n<h2 class=\"wp-block-heading\">Participaci\u00f3<\/h2>\n\n\n\n<p>Enguany, s&#8217;han comptabilitzat 550 participants i 350 experi\u00e8ncies compartides.<\/p>\n\n\n<div  class=\"wp-block-ultimate-post-image ultp-block-f858c1\"><div class=\"ultp-block-wrapper\"><figure class=\"ultp-image-block-wrapper\"><div class=\"ultp-image-block ultp-image-block-none\"><img decoding=\"async\"  class=\"ultp-image\"  alt=\"Image\"  src=\"https:\/\/iceberg.udg.edu\/wp-content\/uploads\/2021\/07\/cidui2021.png\" \/><\/div><\/figure><\/div><\/div>\n\n\n<p><\/p>\n\n\n\n<h2 class=\"wp-block-heading\">Organitzadors<\/h2>\n\n\n<div  class=\"wp-block-ultimate-post-image ultp-block-546e95\"><div class=\"ultp-block-wrapper\"><figure class=\"ultp-image-block-wrapper\"><div class=\"ultp-image-block ultp-image-block-none\"><img decoding=\"async\"  class=\"ultp-image\"  alt=\"Image\"  src=\"https:\/\/iceberg.udg.edu\/wp-content\/uploads\/2021\/04\/organitzadors.png\" \/><\/div><\/figure><\/div><\/div>","protected":false},"excerpt":{"rendered":"<p>P\u00e0gina web del XI Congr\u00e9s CIDUI 2020+1Del 29 de juny al 2 de juliolFormat \u00edntegrament virtual Tem\u00e0tica Aquesta edici\u00f3 porta per t\u00edtol&nbsp;\u201cM\u00e9s enll\u00e0 de les compet\u00e8ncies: nous reptes en la societat digital\u201d. El m\u00f3n universitari actual est\u00e0 assistint a una clara transformaci\u00f3 que comporta l\u2019aparici\u00f3 de nous reptes formatius, fruit dels canvis que est\u00e0 experimentant [&hellip;]<\/p>\n","protected":false},"author":1,"featured_media":0,"parent":12894,"menu_order":0,"comment_status":"closed","ping_status":"closed","template":"","meta":{"footnotes":""},"class_list":["post-13177","page","type-page","status-publish","hentry"],"_links":{"self":[{"href":"https:\/\/iceberg.udg.edu\/index.php?rest_route=\/wp\/v2\/pages\/13177","targetHints":{"allow":["GET"]}}],"collection":[{"href":"https:\/\/iceberg.udg.edu\/index.php?rest_route=\/wp\/v2\/pages"}],"about":[{"href":"https:\/\/iceberg.udg.edu\/index.php?rest_route=\/wp\/v2\/types\/page"}],"author":[{"embeddable":true,"href":"https:\/\/iceberg.udg.edu\/index.php?rest_route=\/wp\/v2\/users\/1"}],"replies":[{"embeddable":true,"href":"https:\/\/iceberg.udg.edu\/index.php?rest_route=%2Fwp%2Fv2%2Fcomments&post=13177"}],"version-history":[{"count":14,"href":"https:\/\/iceberg.udg.edu\/index.php?rest_route=\/wp\/v2\/pages\/13177\/revisions"}],"predecessor-version":[{"id":13594,"href":"https:\/\/iceberg.udg.edu\/index.php?rest_route=\/wp\/v2\/pages\/13177\/revisions\/13594"}],"up":[{"embeddable":true,"href":"https:\/\/iceberg.udg.edu\/index.php?rest_route=\/wp\/v2\/pages\/12894"}],"wp:attachment":[{"href":"https:\/\/iceberg.udg.edu\/index.php?rest_route=%2Fwp%2Fv2%2Fmedia&parent=13177"}],"curies":[{"name":"wp","href":"https:\/\/api.w.org\/{rel}","templated":true}]}}