{"id":13231,"date":"2021-05-31T12:44:12","date_gmt":"2021-05-31T10:44:12","guid":{"rendered":"https:\/\/icebergng.udg.edu\/?page_id=13231"},"modified":"2021-07-20T14:47:05","modified_gmt":"2021-07-20T12:47:05","slug":"xarxes-dinnovacio-docent-xid","status":"publish","type":"page","link":"https:\/\/iceberg.udg.edu\/?page_id=13231","title":{"rendered":"Xarxes d\u2019Innovaci\u00f3 Docent (XID)"},"content":{"rendered":"<div  class=\"wp-block-ultimate-post-image ultp-block-5a2f33\"><div class=\"ultp-block-wrapper\"><figure class=\"ultp-image-block-wrapper\"><div class=\"ultp-image-block ultp-image-block-none\"><img decoding=\"async\"  class=\"ultp-image\"  alt=\"Image\"  src=\"https:\/\/iceberg.udg.edu\/wp-content\/uploads\/2021\/04\/xid-150x150-1.png\" \/><\/div><\/figure><\/div><\/div>\n\n\n<p><\/p>\n\n\n\n<p class=\"has-text-align-left\">Les <strong>Xarxes d\u2019Innovaci\u00f3 Docent (XID)<\/strong> es creen al voltant de tem\u00e0tiques relacionades amb les l\u00ednies priorit\u00e0ries de formaci\u00f3 a la Universitat de Girona&nbsp;i d\u2019acord amb els interessos del professorat de la UdG. Estan integrades per membres del PDI&nbsp;interessats en emprendre un proc\u00e9s de formaci\u00f3 avan\u00e7at i basat en la reflexi\u00f3 sobre la pr\u00f2pia pr\u00e0ctica docent.<\/p>\n\n\n\n<p>Cal tenir en compte que les xarxes no s\u00f3n un espai de formaci\u00f3 inicial sobre el tema que tracten, sin\u00f3 un espai d\u2019intercanvi i reflexi\u00f3 sobre la pr\u00f2pia pr\u00e0ctica i experi\u00e8ncia docent en la tem\u00e0tica en q\u00fcesti\u00f3, amb l\u2019objectiu de desenvolupar innovacions i contribuir a un aprenentatge de m\u00e9s qualitat dels nostres estudiants. La coordinaci\u00f3 d\u2019aquestes xarxes \u00e9s a c\u00e0rrec de l\u2019Institut de Ci\u00e8ncies de l\u2019Educaci\u00f3 Josep Pallach.<\/p>\n\n\n\n<p><strong>Durant el curs 2020-2021, les Xarxes d&#8217;Innovaci\u00f3 Docent que estan en actiu s\u00f3n:<\/strong><\/p>\n\n\n\n<ul class=\"wp-block-list\"><li><a rel=\"noreferrer noopener\" href=\"https:\/\/www.udg.edu\/ca\/ice\/Innovacio-docent\/XID-Aprenentatge-Basat-en-Problemes\" target=\"_blank\">XID Aprenentatge Basat en Problemes\u00a0<\/a><\/li><li><a rel=\"noreferrer noopener\" href=\"https:\/\/www.udg.edu\/ca\/ice\/Innovacio-docent\/XID-Aprenentatge-Basat-en-Problemes\" target=\"_blank\">XID Aprenentatge Cooperatiu\u00a0<\/a><\/li><li><a rel=\"noreferrer noopener\" href=\"https:\/\/www.udg.edu\/ca\/ice\/Innovacio-docent\/XID-Aprenentatge-Basat-en-Problemes\" target=\"_blank\">XID Avaluaci\u00f3\u00a0<\/a><\/li><li><a rel=\"noreferrer noopener\" href=\"https:\/\/www.udg.edu\/ca\/ice\/Innovacio-docent\/XID-Aprenentatge-Basat-en-Problemes\" target=\"_blank\">XID Aprenentatge per Projectes\u00a0<\/a><\/li><li><a rel=\"noreferrer noopener\" href=\"https:\/\/www.udg.edu\/ca\/ice\/Innovacio-docent\/XID-Aprenentatge-Basat-en-Problemes\" target=\"_blank\">XID Aprenentatge per Projectes-interdisciplinari\u00a0<\/a><\/li><li><a rel=\"noreferrer noopener\" href=\"https:\/\/www.udg.edu\/ca\/ice\/Innovacio-docent\/XID-Aprenentatge-Basat-en-Problemes\" target=\"_blank\">XID Aprenentatge Servei\u00a0<\/a><\/li><li><a href=\"https:\/\/www.udg.edu\/ca\/ice\/innovacio-docent\/xarxes-dinnovacio-docent\/xid-aprenentatge-reflexiu\" target=\"_blank\" rel=\"noreferrer noopener\">XID Aprenentatge Reflexiu<\/a><\/li><li><a rel=\"noreferrer noopener\" href=\"https:\/\/www.udg.edu\/ca\/ice\/Innovacio-docent\/XID-Aprenentatge-Basat-en-Problemes\" target=\"_blank\">XID Joc i Aprenentatge\u00a0<\/a><\/li><li><a rel=\"noreferrer noopener\" href=\"https:\/\/www.udg.edu\/ca\/ice\/Innovacio-docent\/XID-Aprenentatge-Basat-en-Problemes\" target=\"_blank\">XID Tutoria\u00a0<\/a><\/li><li><a rel=\"noreferrer noopener\" href=\"https:\/\/www.udg.edu\/ca\/ice\/Innovacio-docent\/XID-Aprenentatge-Basat-en-Problemes\" target=\"_blank\">XID Classe inversa\u00a0<\/a><\/li><li><a rel=\"noreferrer noopener\" href=\"https:\/\/www.udg.edu\/ca\/ice\/Innovacio-docent\/XID-Aprenentatge-Basat-en-Problemes\" target=\"_blank\">XID ODS\u00a0<\/a><\/li><li><a rel=\"noreferrer noopener\" href=\"https:\/\/www.udg.edu\/ca\/ice\/Innovacio-docent\/XID-Aprenentatge-Basat-en-Problemes\" target=\"_blank\">XID Perspectiva de g\u00e8nere\u00a0<\/a><\/li><li><a rel=\"noreferrer noopener\" href=\"https:\/\/www.udg.edu\/ca\/ice\/Innovacio-docent\/XID-Aprenentatge-Basat-en-Problemes\" target=\"_blank\">XID English as a Medium of Education<\/a><\/li><li><a href=\"https:\/\/www.udg.edu\/ca\/ice\/innovacio-docent\/xarxes-dinnovacio-docent\/xid-intercanvi-virtual-i-coil\" target=\"_blank\" rel=\"noreferrer noopener\">XID Intercanvi virtual i COIL<\/a><\/li><\/ul>\n\n\n\n<p><\/p>\n\n\n\n<div class=\"wp-block-columns are-vertically-aligned-top is-layout-flex wp-container-core-columns-is-layout-9d6595d7 wp-block-columns-is-layout-flex\">\n<div class=\"wp-block-column is-vertically-aligned-top is-layout-flow wp-block-column-is-layout-flow\">\n<p><strong>Els objectius de les XID s\u00f3n:<\/strong><\/p>\n\n\n\n<ul class=\"wp-block-list\"><li>Afavorir un tipus de formaci\u00f3 docent basada en l&#8217;intercanvi&nbsp;i la&nbsp;reflexi\u00f3&nbsp;del professorat sobre la pr\u00f2pia doc\u00e8ncia.<\/li><li>Crear&nbsp;espais&nbsp;per dur a terme aquesta reflexi\u00f3.<\/li><li>Promoure&nbsp;xarxes de treball&nbsp;estables entre el professorat interessat en&nbsp;millorar determinats aspectes de la seva doc\u00e8ncia.<\/li><li>Incorporar una din\u00e0mica de&nbsp;reflexi\u00f3 continuada i compartida sobre la pr\u00e0ctica docent.<\/li><\/ul>\n<\/div>\n\n\n\n<div class=\"wp-block-column is-vertically-aligned-top is-layout-flow wp-block-column-is-layout-flow\">\n<p><strong>Cada xarxa disposa dels recursos seg\u00fcents:<\/strong><\/p>\n\n\n\n<ul class=\"wp-block-list\"><li>Pressupost per a formaci\u00f3 i difusi\u00f3 del treball desenvolupat.<\/li><li>Espai al Moodle per compartir documentaci\u00f3.<\/li><li>Suport t\u00e8cnic i assessorament per part de l\u2019ICE.<\/li><li>Suport administratiu per part de l\u2019ICE.<\/li><li>Sales de treball a la seu de l\u2019ICE.<\/li><\/ul>\n<\/div>\n\n\n\n<div class=\"wp-block-column is-layout-flow wp-block-column-is-layout-flow\">\n<p><strong>Les persones que hi participen accepten  aquests compromisos:<\/strong><\/p>\n\n\n\n<ul class=\"wp-block-list\"><li>Reunir-se peri\u00f2dicament i fer actes de les reunions que permetin fer un seguiment del treball.<\/li><li>Participar activament en les innovacions docents realitzades des de la xarxa i en la difusi\u00f3 del treball dut a terme.<\/li><li>Compartir el treball desenvolupat i participar en activitats de formaci\u00f3 adre\u00e7ades al PDI de la UdG.<\/li><li>Fer una mem\u00f2ria anual&nbsp;i participar en l\u2019avaluaci\u00f3 a final de curs.<\/li><\/ul>\n<\/div>\n<\/div>\n\n\n\n<p><\/p>\n\n\n\n<p><\/p>\n\n\n\n<p><\/p>\n","protected":false},"excerpt":{"rendered":"<p>Les Xarxes d\u2019Innovaci\u00f3 Docent (XID) es creen al voltant de tem\u00e0tiques relacionades amb les l\u00ednies priorit\u00e0ries de formaci\u00f3 a la Universitat de Girona&nbsp;i d\u2019acord amb els interessos del professorat de la UdG. Estan integrades per membres del PDI&nbsp;interessats en emprendre un proc\u00e9s de formaci\u00f3 avan\u00e7at i basat en la reflexi\u00f3 sobre la pr\u00f2pia pr\u00e0ctica docent. [&hellip;]<\/p>\n","protected":false},"author":1,"featured_media":0,"parent":12904,"menu_order":0,"comment_status":"closed","ping_status":"closed","template":"","meta":{"footnotes":""},"class_list":["post-13231","page","type-page","status-publish","hentry"],"_links":{"self":[{"href":"https:\/\/iceberg.udg.edu\/index.php?rest_route=\/wp\/v2\/pages\/13231","targetHints":{"allow":["GET"]}}],"collection":[{"href":"https:\/\/iceberg.udg.edu\/index.php?rest_route=\/wp\/v2\/pages"}],"about":[{"href":"https:\/\/iceberg.udg.edu\/index.php?rest_route=\/wp\/v2\/types\/page"}],"author":[{"embeddable":true,"href":"https:\/\/iceberg.udg.edu\/index.php?rest_route=\/wp\/v2\/users\/1"}],"replies":[{"embeddable":true,"href":"https:\/\/iceberg.udg.edu\/index.php?rest_route=%2Fwp%2Fv2%2Fcomments&post=13231"}],"version-history":[{"count":15,"href":"https:\/\/iceberg.udg.edu\/index.php?rest_route=\/wp\/v2\/pages\/13231\/revisions"}],"predecessor-version":[{"id":13458,"href":"https:\/\/iceberg.udg.edu\/index.php?rest_route=\/wp\/v2\/pages\/13231\/revisions\/13458"}],"up":[{"embeddable":true,"href":"https:\/\/iceberg.udg.edu\/index.php?rest_route=\/wp\/v2\/pages\/12904"}],"wp:attachment":[{"href":"https:\/\/iceberg.udg.edu\/index.php?rest_route=%2Fwp%2Fv2%2Fmedia&parent=13231"}],"curies":[{"name":"wp","href":"https:\/\/api.w.org\/{rel}","templated":true}]}}