{"id":13991,"date":"2021-12-10T12:00:28","date_gmt":"2021-12-10T11:00:28","guid":{"rendered":"https:\/\/icebergng.udg.edu\/?page_id=13991"},"modified":"2023-04-26T09:06:30","modified_gmt":"2023-04-26T07:06:30","slug":"premi-iceberg","status":"publish","type":"page","link":"https:\/\/iceberg.udg.edu\/?page_id=13991","title":{"rendered":"Premi ICEberg"},"content":{"rendered":"\n<figure class=\"wp-block-image size-full\"><img loading=\"lazy\" decoding=\"async\" width=\"400\" height=\"300\" src=\"https:\/\/iceberg.udg.edu\/wp-content\/uploads\/2022\/01\/3aEdicioPremiICEberg400300.png\" alt=\"\" class=\"wp-image-14089\" srcset=\"https:\/\/iceberg.udg.edu\/wp-content\/uploads\/2022\/01\/3aEdicioPremiICEberg400300.png 400w, https:\/\/iceberg.udg.edu\/wp-content\/uploads\/2022\/01\/3aEdicioPremiICEberg400300-300x225.png 300w\" sizes=\"auto, (max-width: 400px) 100vw, 400px\" \/><\/figure>\n\n\n\n<h2 class=\"wp-block-heading\">Premi d\u2019innovaci\u00f3 docent ICEberg UdG. Tercera edici\u00f3<\/h2>\n\n\n\n<p>L\u2019<a href=\"https:\/\/www.udg.edu\/ca\/ice\/\" target=\"_blank\" rel=\"noreferrer noopener\">Institut de Ci\u00e8ncies de l\u2019Educaci\u00f3 Josep Pallach<\/a>&nbsp;ha convocat aquest curs la tercera edici\u00f3 del Premi ICEberg UdG, amb la finalitat de fomentar la innovaci\u00f3 docent a la Universitat de Girona i premiar les millors iniciatives dutes a terme en el context d\u2019un o varis estudis de la Universitat de Girona.<\/p>\n\n\n\n<p>Amb aquest premi es pret\u00e9n impulsar el reconeixement als docents implicats en projectes d\u2019innovaci\u00f3 docent i de millora dels estudis de la nostra universitat. Tamb\u00e9, contribuir a l\u2019impuls i la consolidaci\u00f3 d\u2019una doc\u00e8ncia centrada en l\u2019estudiant, en la qual es fomenti la seva implicaci\u00f3 i participaci\u00f3 activa en el seu proc\u00e9s d\u2019aprenentatge.<\/p>\n\n\n\n<p>La convocat\u00f2ria de la tercera edici\u00f3 est\u00e0 oberta fins el 30 de setembre de 2022.<\/p>\n\n\n\n<ul class=\"wp-block-list\"><li><a rel=\"noreferrer noopener\" href=\"https:\/\/www.udg.edu\/ca\/Portals\/51\/DOCUMENTS-FU\/PREMI%20Innovaci%C3%B3%20ICEberg\/3a%20edicio\/bases.pdf?ver=xbSxddMxVFSepO5K6JaUgQ%3d%3d\" target=\"_blank\">Bases del premi<\/a><\/li><li><a rel=\"noreferrer noopener\" href=\"https:\/\/www.udg.edu\/ca\/ice\/beques-i-premis\/premi-iceberg\" target=\"_blank\">M\u00e9s informaci\u00f3 sobre el Premi d\u2019Innovaci\u00f3 Docent ICEberg UdG<\/a><\/li><\/ul>\n","protected":false},"excerpt":{"rendered":"<p>Premi d\u2019innovaci\u00f3 docent ICEberg UdG. Tercera edici\u00f3 L\u2019Institut de Ci\u00e8ncies de l\u2019Educaci\u00f3 Josep Pallach&nbsp;ha convocat aquest curs la tercera edici\u00f3 del Premi ICEberg UdG, amb la finalitat de fomentar la innovaci\u00f3 docent a la Universitat de Girona i premiar les millors iniciatives dutes a terme en el context d\u2019un o varis estudis de la Universitat [&hellip;]<\/p>\n","protected":false},"author":1,"featured_media":0,"parent":13978,"menu_order":0,"comment_status":"closed","ping_status":"closed","template":"","meta":{"footnotes":""},"class_list":["post-13991","page","type-page","status-publish","hentry"],"_links":{"self":[{"href":"https:\/\/iceberg.udg.edu\/index.php?rest_route=\/wp\/v2\/pages\/13991","targetHints":{"allow":["GET"]}}],"collection":[{"href":"https:\/\/iceberg.udg.edu\/index.php?rest_route=\/wp\/v2\/pages"}],"about":[{"href":"https:\/\/iceberg.udg.edu\/index.php?rest_route=\/wp\/v2\/types\/page"}],"author":[{"embeddable":true,"href":"https:\/\/iceberg.udg.edu\/index.php?rest_route=\/wp\/v2\/users\/1"}],"replies":[{"embeddable":true,"href":"https:\/\/iceberg.udg.edu\/index.php?rest_route=%2Fwp%2Fv2%2Fcomments&post=13991"}],"version-history":[{"count":5,"href":"https:\/\/iceberg.udg.edu\/index.php?rest_route=\/wp\/v2\/pages\/13991\/revisions"}],"predecessor-version":[{"id":16214,"href":"https:\/\/iceberg.udg.edu\/index.php?rest_route=\/wp\/v2\/pages\/13991\/revisions\/16214"}],"up":[{"embeddable":true,"href":"https:\/\/iceberg.udg.edu\/index.php?rest_route=\/wp\/v2\/pages\/13978"}],"wp:attachment":[{"href":"https:\/\/iceberg.udg.edu\/index.php?rest_route=%2Fwp%2Fv2%2Fmedia&parent=13991"}],"curies":[{"name":"wp","href":"https:\/\/api.w.org\/{rel}","templated":true}]}}