{"id":13993,"date":"2021-12-10T12:01:02","date_gmt":"2021-12-10T11:01:02","guid":{"rendered":"https:\/\/icebergng.udg.edu\/?page_id=13993"},"modified":"2022-07-20T20:59:54","modified_gmt":"2022-07-20T18:59:54","slug":"dades-de-participacio","status":"publish","type":"page","link":"https:\/\/iceberg.udg.edu\/?page_id=13993","title":{"rendered":"Dades de participaci\u00f3"},"content":{"rendered":"\n<h2 class=\"wp-block-heading\" id=\"An\u00e0lisi_dactivitats\">An\u00e0lisis d&#8217;activitats<\/h2>\n\n\n\n<hr class=\"wp-block-separator\"\/>\n\n\n\n<h4 class=\"wp-block-heading\" id=\"_Activitats_realitzades_segons_\u00e0mbits_tem\u00e0tics\"><strong><a style=\"text-decoration: none;\" href=\"#Bloc-1\">1. Activitats realitzades segons \u00e0mbits tem\u00e0tics<\/a><\/strong><\/h4>\n\n\n\n<h4 class=\"wp-block-heading\"><a style=\"text-decoration: none;\" href=\"#Bloc-2\"><strong>2. Cursos en l\u00ednia sobre Compet\u00e8ncies B\u00e0siques habilitats a La Meva per a tot el PDI<\/strong><\/a><\/h4>\n\n\n\n<h4 class=\"wp-block-heading\"><a style=\"text-decoration: none;\" href=\"#Bloc-3\"><strong>3. Activitats realitzades segons format<\/strong><\/a><\/h4>\n\n\n\n<h4 class=\"wp-block-heading\"><strong><a style=\"text-decoration: none;\" href=\"#Bloc-4\">4. Participaci\u00f3 en les activitats segons Departament<\/a><\/strong><\/h4>\n\n\n\n<h4 class=\"wp-block-heading\"><strong><a style=\"text-decoration: none;\" href=\"#Bloc-5\">5. Participaci\u00f3 en les activitats segons Facultat o Col\u00b7lectiu<\/a><\/strong><\/h4>\n\n\n\n<h4 class=\"wp-block-heading\"><a style=\"text-decoration: none;\" href=\"#Bloc-6\"><strong>6. Participaci\u00f3 en les activitats segons Categoria<\/strong><\/a><\/h4>\n\n\n\n<hr class=\"wp-block-separator\"\/>\n\n\n\n<h3 class=\"wp-block-heading\" id=\"Bloc-1\">1. Activitats realitzades segons \u00e0mbit tem\u00e0tics<\/h3>\n\n\n\n<figure class=\"wp-block-table is-style-stripes\"><table><tbody><tr><td><strong>\u00c0mbit tem\u00e0tic<\/strong><\/td><td class=\"has-text-align-center\" data-align=\"center\"><strong>Activitats<\/strong><\/td><td class=\"has-text-align-center\" data-align=\"center\"><strong>Participants<\/strong><\/td><td class=\"has-text-align-center\" data-align=\"center\"><strong>Aptes<\/strong><\/td><td class=\"has-text-align-center\" data-align=\"center\"><strong>Llista d&#8217;espera<\/strong><\/td><td class=\"has-text-align-center\" data-align=\"center\"><strong>Anul\u00b7lats<\/strong><\/td><\/tr><tr><td>Doc\u00e8ncia Universit\u00e0ria<\/td><td class=\"has-text-align-center\" data-align=\"center\">13<\/td><td class=\"has-text-align-center\" data-align=\"center\">339<\/td><td class=\"has-text-align-center\" data-align=\"center\">258<\/td><td class=\"has-text-align-center\" data-align=\"center\">0<\/td><td class=\"has-text-align-center\" data-align=\"center\">27<\/td><\/tr><tr><td>Gesti\u00f3 Universit\u00e0ria<\/td><td class=\"has-text-align-center\" data-align=\"center\">4<\/td><td class=\"has-text-align-center\" data-align=\"center\">51<\/td><td class=\"has-text-align-center\" data-align=\"center\">37<\/td><td class=\"has-text-align-center\" data-align=\"center\">17<\/td><td class=\"has-text-align-center\" data-align=\"center\">10<\/td><\/tr><tr><td>Jornades i Congressos<\/td><td class=\"has-text-align-center\" data-align=\"center\">3<\/td><td class=\"has-text-align-center\" data-align=\"center\">2<\/td><td class=\"has-text-align-center\" data-align=\"center\">2<\/td><td class=\"has-text-align-center\" data-align=\"center\">0<\/td><td class=\"has-text-align-center\" data-align=\"center\">0<\/td><\/tr><tr><td>Metodologies Docents<\/td><td class=\"has-text-align-center\" data-align=\"center\">11<\/td><td class=\"has-text-align-center\" data-align=\"center\">117<\/td><td class=\"has-text-align-center\" data-align=\"center\">73<\/td><td class=\"has-text-align-center\" data-align=\"center\">0<\/td><td class=\"has-text-align-center\" data-align=\"center\">14<\/td><\/tr><tr><td>Recerca<\/td><td class=\"has-text-align-center\" data-align=\"center\">10<\/td><td class=\"has-text-align-center\" data-align=\"center\">170<\/td><td class=\"has-text-align-center\" data-align=\"center\">116<\/td><td class=\"has-text-align-center\" data-align=\"center\">43<\/td><td class=\"has-text-align-center\" data-align=\"center\">34<\/td><\/tr><tr><td>Recursos Docents<\/td><td class=\"has-text-align-center\" data-align=\"center\">25<\/td><td class=\"has-text-align-center\" data-align=\"center\">696<\/td><td class=\"has-text-align-center\" data-align=\"center\">584<\/td><td class=\"has-text-align-center\" data-align=\"center\">13<\/td><td class=\"has-text-align-center\" data-align=\"center\">20<\/td><\/tr><tr><td>Salut Laboral<\/td><td class=\"has-text-align-center\" data-align=\"center\">12<\/td><td class=\"has-text-align-center\" data-align=\"center\">105<\/td><td class=\"has-text-align-center\" data-align=\"center\">70<\/td><td class=\"has-text-align-center\" data-align=\"center\">0<\/td><td class=\"has-text-align-center\" data-align=\"center\">13<\/td><\/tr><tr><td>TIC<\/td><td class=\"has-text-align-center\" data-align=\"center\">6<\/td><td class=\"has-text-align-center\" data-align=\"center\">207<\/td><td class=\"has-text-align-center\" data-align=\"center\">180<\/td><td class=\"has-text-align-center\" data-align=\"center\">0<\/td><td class=\"has-text-align-center\" data-align=\"center\">10<\/td><\/tr><tr><td><strong>Total<\/strong><\/td><td class=\"has-text-align-center\" data-align=\"center\"><strong>84<\/strong><\/td><td class=\"has-text-align-center\" data-align=\"center\"><strong>1687<\/strong><\/td><td class=\"has-text-align-center\" data-align=\"center\"><strong>1320<\/strong><\/td><td class=\"has-text-align-center\" data-align=\"center\"><strong>73<\/strong><\/td><td class=\"has-text-align-center\" data-align=\"center\"><strong>128<\/strong><\/td><\/tr><\/tbody><\/table><\/figure>\n\n\n\n<div style=\"height:35px\" aria-hidden=\"true\" class=\"wp-block-spacer\"><\/div>\n\n\n\n<h3 class=\"wp-block-heading\" id=\"Bloc-2\">2. Cursos en l\u00ednia sobre Compet\u00e8ncies B\u00e0siques habilitats a La Meva per a tot el PDI<\/h3>\n\n\n\n<figure class=\"wp-block-table is-style-stripes\"><table class=\"has-fixed-layout\"><tbody><tr><td><strong>Nom<\/strong><\/td><td class=\"has-text-align-center\" data-align=\"center\"><strong>Participants<\/strong><\/td><\/tr><tr><td>Entorn UdG: qu\u00e8 \u00e9s el que has de saber?<\/td><td class=\"has-text-align-center\" data-align=\"center\">140<\/td><\/tr><tr><td>\u00das de la plataforma Blackboard Collaborate<\/td><td class=\"has-text-align-center\" data-align=\"center\">86<\/td><\/tr><tr><td>Moodle a l\u2019abast: nivell b\u00e0sic<\/td><td class=\"has-text-align-center\" data-align=\"center\">110<\/td><\/tr><tr><td>Conceptes b\u00e0sics de la plataforma Microsoft Teams<\/td><td class=\"has-text-align-center\" data-align=\"center\">94<\/td><\/tr><tr><td>\u00das de la plataforma Google Meet<\/td><td class=\"has-text-align-center\" data-align=\"center\">93<\/td><\/tr><tr><td><strong>Total<\/strong><\/td><td class=\"has-text-align-center\" data-align=\"center\"><strong>523<\/strong><\/td><\/tr><\/tbody><\/table><\/figure>\n\n\n\n<div style=\"height:35px\" aria-hidden=\"true\" class=\"wp-block-spacer\"><\/div>\n\n\n\n<h3 class=\"wp-block-heading\" id=\"Bloc-3\">3. Activitats segons format<\/h3>\n\n\n\n<figure class=\"wp-block-table is-style-stripes\"><table class=\"has-fixed-layout\"><tbody><tr><td><strong>Format<\/strong><\/td><td class=\"has-text-align-center\" data-align=\"center\"><strong>Activitats<\/strong><\/td><\/tr><tr><td>Presencial<\/td><td class=\"has-text-align-center\" data-align=\"center\">38<\/td><\/tr><tr><td>Semipresencial<\/td><td class=\"has-text-align-center\" data-align=\"center\">3<\/td><\/tr><tr><td>Virtual<\/td><td class=\"has-text-align-center\" data-align=\"center\">43<\/td><\/tr><tr><td><strong>Total<\/strong><\/td><td class=\"has-text-align-center\" data-align=\"center\"><strong>84<\/strong><\/td><\/tr><\/tbody><\/table><\/figure>\n\n\n\n<div style=\"height:35px\" aria-hidden=\"true\" class=\"wp-block-spacer\"><\/div>\n\n\n\n<h3 class=\"wp-block-heading\" id=\"Bloc-4\">4. Participaci\u00f3 en les activitats segons Departament<\/h3>\n\n\n\n<figure class=\"wp-block-table is-style-stripes\"><table class=\"has-fixed-layout\"><tbody><tr><td><strong>Departament<\/strong><\/td><td class=\"has-text-align-center\" data-align=\"center\"><strong>Participants<\/strong><\/td><\/tr><tr><td>Arquitectura i Enginyeria de la Construcci\u00f3<\/td><td class=\"has-text-align-center\" data-align=\"center\">19<\/td><\/tr><tr><td>Arquitectura i Tecnologia de Computadors<\/td><td class=\"has-text-align-center\" data-align=\"center\">22<\/td><\/tr><tr><td>Biologia<\/td><td class=\"has-text-align-center\" data-align=\"center\">105<\/td><\/tr><tr><td>Ci\u00e8ncies Ambientals<\/td><td class=\"has-text-align-center\" data-align=\"center\">51<\/td><\/tr><tr><td>Ci\u00e8ncies M\u00e8diques<\/td><td class=\"has-text-align-center\" data-align=\"center\">84<\/td><\/tr><tr><td>Did\u00e0ctiques Espec\u00edfiques<\/td><td class=\"has-text-align-center\" data-align=\"center\">82<\/td><\/tr><tr><td>Dret Privat<\/td><td class=\"has-text-align-center\" data-align=\"center\">28<\/td><\/tr><tr><td>Dret P\u00fablic<\/td><td class=\"has-text-align-center\" data-align=\"center\">54<\/td><\/tr><tr><td>Economia<\/td><td class=\"has-text-align-center\" data-align=\"center\">77<\/td><\/tr><tr><td>Enginyeria El\u00e8ctrica, Electr\u00f2nica i Autom\u00e0tica<\/td><td class=\"has-text-align-center\" data-align=\"center\">44<\/td><\/tr><tr><td>Empresa<\/td><td class=\"has-text-align-center\" data-align=\"center\">94<\/td><\/tr><tr><td>Enginyeria Mec\u00e0nica i de la Construcci\u00f3 Industrial<\/td><td class=\"has-text-align-center\" data-align=\"center\">32<\/td><\/tr><tr><td>Enginyeria Qu\u00edmica, Agr\u00e0ria i Tecnologia Agroaliment\u00e0ria<\/td><td class=\"has-text-align-center\" data-align=\"center\">65<\/td><\/tr><tr><td>F\u00edsica<\/td><td class=\"has-text-align-center\" data-align=\"center\">15<\/td><\/tr><tr><td>Filologia i Comunicaci\u00f3<\/td><td class=\"has-text-align-center\" data-align=\"center\">98<\/td><\/tr><tr><td>Filosofia<\/td><td class=\"has-text-align-center\" data-align=\"center\">7<\/td><\/tr><tr><td>Geografia<\/td><td class=\"has-text-align-center\" data-align=\"center\">41<\/td><\/tr><tr><td>Hist\u00f2ria i Hist\u00f2ria de l&#8217;Art<\/td><td class=\"has-text-align-center\" data-align=\"center\">72<\/td><\/tr><tr><td>Infermeria<\/td><td class=\"has-text-align-center\" data-align=\"center\">161<\/td><\/tr><tr><td>Institut d&#8217;Ecologia Aqu\u00e0tica<\/td><td class=\"has-text-align-center\" data-align=\"center\">12<\/td><\/tr><tr><td>Inform\u00e0tica, Matem\u00e0tica Aplicada i Estad\u00edstica<\/td><td class=\"has-text-align-center\" data-align=\"center\">44<\/td><\/tr><tr><td>Organitzaci\u00f3, Gesti\u00f3 Empresarial i Disseny del Producte<\/td><td class=\"has-text-align-center\" data-align=\"center\">63<\/td><\/tr><tr><td>Pedagogia<\/td><td class=\"has-text-align-center\" data-align=\"center\">88<\/td><\/tr><tr><td>Psicologia<\/td><td class=\"has-text-align-center\" data-align=\"center\">48<\/td><\/tr><tr><td>Qu\u00edmica<\/td><td class=\"has-text-align-center\" data-align=\"center\">100<\/td><\/tr><tr><td>\u00c0rea de Comunicaci\u00f3 i Relacions Institucionals<\/td><td class=\"has-text-align-center\" data-align=\"center\">2<\/td><\/tr><tr><td>\u00c0rea d&#8217;Estudis de Ci\u00e8ncies<\/td><td class=\"has-text-align-center\" data-align=\"center\">1<\/td><\/tr><tr><td>\u00c0rea d&#8217;Estudis de Dret i d&#8217;Econ\u00f2miques<\/td><td class=\"has-text-align-center\" data-align=\"center\">1<\/td><\/tr><tr><td>Biblioteca<\/td><td class=\"has-text-align-center\" data-align=\"center\">2<\/td><\/tr><tr><td>Ger\u00e8ncia<\/td><td class=\"has-text-align-center\" data-align=\"center\">2<\/td><\/tr><tr><td>Institut de Ci\u00e8ncies de l&#8217;Educaci\u00f3 Josep Pallach i de Lleng\u00fces Modernes<\/td><td class=\"has-text-align-center\" data-align=\"center\">19<\/td><\/tr><tr><td>Servei de Sistemes d&#8217;Informaci\u00f3 Geogr\u00e0fia i Teledetecci\u00f3<\/td><td class=\"has-text-align-center\" data-align=\"center\">1<\/td><\/tr><tr><td>Servei d&#8217;Esports<\/td><td class=\"has-text-align-center\" data-align=\"center\">1<\/td><\/tr><tr><td>Centre Adscrit: Escola Universit\u00e0ria de la Salut i l&#8217;Esport (EUSES)<\/td><td class=\"has-text-align-center\" data-align=\"center\">2<\/td><\/tr><tr><td>Centre Adscrit: Escola Universit\u00e0ria Mediterrani<\/td><td class=\"has-text-align-center\" data-align=\"center\">28<\/td><\/tr><tr><td>Altres<\/td><td class=\"has-text-align-center\" data-align=\"center\">125<\/td><\/tr><tr><td><strong>Total<\/strong><\/td><td class=\"has-text-align-center\" data-align=\"center\"><strong>1687<\/strong><\/td><\/tr><\/tbody><\/table><\/figure>\n\n\n\n<div style=\"height:35px\" aria-hidden=\"true\" class=\"wp-block-spacer\"><\/div>\n\n\n\n<h3 class=\"wp-block-heading\" id=\"Bloc-5\">5. Participaci\u00f3 en les activitats segons Facultat o Col\u00b7lectiu<\/h3>\n\n\n\n<figure class=\"wp-block-table is-style-stripes\"><table class=\"has-fixed-layout\"><tbody><tr><td><strong>Facultat<\/strong> <strong>\/ Col\u00b7lectiu<\/strong><\/td><td class=\"has-text-align-center\" data-align=\"center\"><strong>Participants<\/strong><\/td><\/tr><tr><td>Doctorat<\/td><td class=\"has-text-align-center\" data-align=\"center\">14<\/td><\/tr><tr><td>Escola Polit\u00e8cnica Superior<\/td><td class=\"has-text-align-center\" data-align=\"center\">236<\/td><\/tr><tr><td>Facultat de Ci\u00e8ncies<\/td><td class=\"has-text-align-center\" data-align=\"center\">282<\/td><\/tr><tr><td>Facultat d&#8217;Educaci\u00f3 i Psicologia<\/td><td class=\"has-text-align-center\" data-align=\"center\">237<\/td><\/tr><tr><td>Facultat de Dret<\/td><td class=\"has-text-align-center\" data-align=\"center\">81<\/td><\/tr><tr><td>Facultat de Ci\u00e8ncies Econ\u00f2miques i Empresarials<\/td><td class=\"has-text-align-center\" data-align=\"center\">147<\/td><\/tr><tr><td>Facultat de Lletres<\/td><td class=\"has-text-align-center\" data-align=\"center\">139<\/td><\/tr><tr><td>Facultat d&#8217;Infermeria<\/td><td class=\"has-text-align-center\" data-align=\"center\">183<\/td><\/tr><tr><td>Facultat de Medicina<\/td><td class=\"has-text-align-center\" data-align=\"center\">115<\/td><\/tr><tr><td>Facultat de Turisme<\/td><td class=\"has-text-align-center\" data-align=\"center\">130<\/td><\/tr><tr><td>Centre Adscrit: Escola Universit\u00e0ria de Turisme Euroaula<\/td><td class=\"has-text-align-center\" data-align=\"center\">1<\/td><\/tr><tr><td>Centre Adscrit: Escola Universit\u00e0ria de la Salut i l&#8217;Esport (EUSES)<\/td><td class=\"has-text-align-center\" data-align=\"center\">2<\/td><\/tr><tr><td>Centre Adscrit: Escola Universit\u00e0ria Formatic Barcelona<\/td><td class=\"has-text-align-center\" data-align=\"center\">2<\/td><\/tr><tr><td>Centre Adscrit: Escola Universit\u00e0ria Mediterrani<\/td><td class=\"has-text-align-center\" data-align=\"center\">24<\/td><\/tr><tr><td>Altres<\/td><td class=\"has-text-align-center\" data-align=\"center\">94<\/td><\/tr><tr><td><strong>Total<\/strong><\/td><td class=\"has-text-align-center\" data-align=\"center\"><strong>1687<\/strong><\/td><\/tr><\/tbody><\/table><\/figure>\n\n\n\n<div style=\"height:35px\" aria-hidden=\"true\" class=\"wp-block-spacer\"><\/div>\n\n\n\n<h3 class=\"wp-block-heading\" id=\"Bloc-6\">6.  Participaci\u00f3 en les activitats segons Categoria <\/h3>\n\n\n\n<figure class=\"wp-block-table is-style-stripes\"><table class=\"has-fixed-layout\"><tbody><tr><td><strong>Categoria<\/strong><\/td><td class=\"has-text-align-center\" data-align=\"center\"><strong>Participants<\/strong><\/td><\/tr><tr><td>Professorat associat<\/td><td class=\"has-text-align-center\" data-align=\"center\">678<\/td><\/tr><tr><td>Professorat  a temps complert<\/td><td class=\"has-text-align-center\" data-align=\"center\">687<\/td><\/tr><tr><td>Becaris\/Bec\u00e0ries<\/td><td class=\"has-text-align-center\" data-align=\"center\">163<\/td><\/tr><tr><td>Altres<\/td><td class=\"has-text-align-center\" data-align=\"center\">159<\/td><\/tr><tr><td><strong>Total<\/strong><\/td><td class=\"has-text-align-center\" data-align=\"center\"><strong>1687<\/strong><\/td><\/tr><\/tbody><\/table><\/figure>\n","protected":false},"excerpt":{"rendered":"<p>An\u00e0lisis d&#8217;activitats 1. Activitats realitzades segons \u00e0mbits tem\u00e0tics 2. Cursos en l\u00ednia sobre Compet\u00e8ncies B\u00e0siques habilitats a La Meva per a tot el PDI 3. Activitats realitzades segons format 4. Participaci\u00f3 en les activitats segons Departament 5. Participaci\u00f3 en les activitats segons Facultat o Col\u00b7lectiu 6. Participaci\u00f3 en les activitats segons Categoria 1. Activitats realitzades [&hellip;]<\/p>\n","protected":false},"author":1,"featured_media":0,"parent":13978,"menu_order":0,"comment_status":"closed","ping_status":"closed","template":"","meta":{"footnotes":""},"class_list":["post-13993","page","type-page","status-publish","hentry"],"_links":{"self":[{"href":"https:\/\/iceberg.udg.edu\/index.php?rest_route=\/wp\/v2\/pages\/13993","targetHints":{"allow":["GET"]}}],"collection":[{"href":"https:\/\/iceberg.udg.edu\/index.php?rest_route=\/wp\/v2\/pages"}],"about":[{"href":"https:\/\/iceberg.udg.edu\/index.php?rest_route=\/wp\/v2\/types\/page"}],"author":[{"embeddable":true,"href":"https:\/\/iceberg.udg.edu\/index.php?rest_route=\/wp\/v2\/users\/1"}],"replies":[{"embeddable":true,"href":"https:\/\/iceberg.udg.edu\/index.php?rest_route=%2Fwp%2Fv2%2Fcomments&post=13993"}],"version-history":[{"count":15,"href":"https:\/\/iceberg.udg.edu\/index.php?rest_route=\/wp\/v2\/pages\/13993\/revisions"}],"predecessor-version":[{"id":14970,"href":"https:\/\/iceberg.udg.edu\/index.php?rest_route=\/wp\/v2\/pages\/13993\/revisions\/14970"}],"up":[{"embeddable":true,"href":"https:\/\/iceberg.udg.edu\/index.php?rest_route=\/wp\/v2\/pages\/13978"}],"wp:attachment":[{"href":"https:\/\/iceberg.udg.edu\/index.php?rest_route=%2Fwp%2Fv2%2Fmedia&parent=13993"}],"curies":[{"name":"wp","href":"https:\/\/api.w.org\/{rel}","templated":true}]}}