{"id":13995,"date":"2021-12-10T12:02:18","date_gmt":"2021-12-10T11:02:18","guid":{"rendered":"https:\/\/icebergng.udg.edu\/?page_id=13995"},"modified":"2022-07-19T12:54:38","modified_gmt":"2022-07-19T10:54:38","slug":"publicacions","status":"publish","type":"page","link":"https:\/\/iceberg.udg.edu\/?page_id=13995","title":{"rendered":"Publicacions"},"content":{"rendered":"\n<div class=\"wp-block-columns is-layout-flex wp-container-core-columns-is-layout-9d6595d7 wp-block-columns-is-layout-flex\">\n<div class=\"wp-block-column is-layout-flow wp-block-column-is-layout-flow\" style=\"flex-basis:33.33%\">\n<figure class=\"wp-block-image size-large\"><img loading=\"lazy\" decoding=\"async\" width=\"1024\" height=\"1024\" src=\"https:\/\/iceberg.udg.edu\/wp-content\/uploads\/2022\/06\/CartesXIDApS-1024x1024.jpg\" alt=\"\" class=\"wp-image-14742\"\/><\/figure>\n<\/div>\n\n\n\n<div class=\"wp-block-column is-layout-flow wp-block-column-is-layout-flow\" style=\"flex-basis:66.66%\">\n<h2 class=\"wp-block-heading\"><strong>Joc APS &#8211; Anima\u2019t, projecta, segueix<\/strong><\/h2>\n\n\n\n<p><a href=\"https:\/\/www.udg.edu\/ca\/ice\/innovacio-docent\/xarxes-dinnovacio-docent\/xid-aprenentatge-servei\" target=\"_blank\" rel=\"noreferrer noopener\">Joc de cartes elaborat pels membres de la Xarxa d&#8217;Innovaci\u00f3 Docent d&#8217;Aprenentatge Servei (ApS)<\/a><\/p>\n\n\n\n<p>Aquest joc est\u00e0 pensat per poder integrar projectes d\u2019aprenentatge servei en tot tipus d\u2019assignatures o b\u00e9 reformular projectes ja existents. Es tracta d\u2019una baralla composta de nou fam\u00edlies amb set cartes cadascuna, que sistematitzen el coneixement t\u00e0cit acumulat per professors amb una llarga experi\u00e8ncia en l\u2019ApS.<\/p>\n\n\n\n<p><a href=\"https:\/\/www.youtube.com\/watch?v=0L7ery0sI2E\" target=\"_blank\" rel=\"noreferrer noopener\">Clip sobre el joc<\/a><\/p>\n<\/div>\n<\/div>\n","protected":false},"excerpt":{"rendered":"<p>Joc APS &#8211; Anima\u2019t, projecta, segueix Joc de cartes elaborat pels membres de la Xarxa d&#8217;Innovaci\u00f3 Docent d&#8217;Aprenentatge Servei (ApS) Aquest joc est\u00e0 pensat per poder integrar projectes d\u2019aprenentatge servei en tot tipus d\u2019assignatures o b\u00e9 reformular projectes ja existents. Es tracta d\u2019una baralla composta de nou fam\u00edlies amb set cartes cadascuna, que sistematitzen el [&hellip;]<\/p>\n","protected":false},"author":1,"featured_media":0,"parent":13978,"menu_order":0,"comment_status":"closed","ping_status":"closed","template":"","meta":{"footnotes":""},"class_list":["post-13995","page","type-page","status-publish","hentry"],"_links":{"self":[{"href":"https:\/\/iceberg.udg.edu\/index.php?rest_route=\/wp\/v2\/pages\/13995","targetHints":{"allow":["GET"]}}],"collection":[{"href":"https:\/\/iceberg.udg.edu\/index.php?rest_route=\/wp\/v2\/pages"}],"about":[{"href":"https:\/\/iceberg.udg.edu\/index.php?rest_route=\/wp\/v2\/types\/page"}],"author":[{"embeddable":true,"href":"https:\/\/iceberg.udg.edu\/index.php?rest_route=\/wp\/v2\/users\/1"}],"replies":[{"embeddable":true,"href":"https:\/\/iceberg.udg.edu\/index.php?rest_route=%2Fwp%2Fv2%2Fcomments&post=13995"}],"version-history":[{"count":6,"href":"https:\/\/iceberg.udg.edu\/index.php?rest_route=\/wp\/v2\/pages\/13995\/revisions"}],"predecessor-version":[{"id":14908,"href":"https:\/\/iceberg.udg.edu\/index.php?rest_route=\/wp\/v2\/pages\/13995\/revisions\/14908"}],"up":[{"embeddable":true,"href":"https:\/\/iceberg.udg.edu\/index.php?rest_route=\/wp\/v2\/pages\/13978"}],"wp:attachment":[{"href":"https:\/\/iceberg.udg.edu\/index.php?rest_route=%2Fwp%2Fv2%2Fmedia&parent=13995"}],"curies":[{"name":"wp","href":"https:\/\/api.w.org\/{rel}","templated":true}]}}