{"id":14001,"date":"2021-12-10T12:04:42","date_gmt":"2021-12-10T11:04:42","guid":{"rendered":"https:\/\/icebergng.udg.edu\/?page_id=14001"},"modified":"2023-07-21T07:56:43","modified_gmt":"2023-07-21T05:56:43","slug":"innovacio-docent-i-recursos-digitals","status":"publish","type":"page","link":"https:\/\/iceberg.udg.edu\/?page_id=14001","title":{"rendered":"Innovaci\u00f3 docent i recursos digitals"},"content":{"rendered":"\n<p>Durant el curs 2021-2022 s\u2019han dut a terme diverses actuacions relacionades amb la innovaci\u00f3 docent i els recursos digitals.<\/p>\n\n\n\n<p>En general, aquestes actuacions es centren en:<\/p>\n\n\n\n<ol class=\"wp-block-list\" type=\"1\">\n<li>Assessorament i atenci\u00f3 a la doc\u00e8ncia i a l\u2019avaluaci\u00f3<\/li>\n\n\n\n<li>Sala de gravaci\u00f3 de l\u2019ICE<\/li>\n\n\n\n<li>Coordinaci\u00f3 amb el Servei Inform\u00e0tic de la UdG<\/li>\n\n\n\n<li>Projecte openUdG<\/li>\n<\/ol>\n\n\n\n<p><strong>1. Assessorament i atenci\u00f3 a la doc\u00e8ncia i a l\u2019avaluaci\u00f3<\/strong><\/p>\n\n\n\n<p>En general, tot i que al llarg del curs es dona atenci\u00f3 individualitzada sobre Moodle i recursos digitals, les consultes s\u2019incrementen en els inicis i finals dels semestres docents. A l\u2019inici dels semestres les consultes van lligades a l\u2019organitzaci\u00f3 de les assignatures dins l\u2019entorn Moodle i a estructurar la doc\u00e8ncia virtual. Al final dels semestres les consultes es centren en la gesti\u00f3 de l\u2019avaluaci\u00f3 i en com vincular Moodle i actes de forma efectiva.<\/p>\n\n\n\n<p>Els eixos b\u00e0sics d\u2019actuaci\u00f3 han sigut:<\/p>\n\n\n\n<ul class=\"wp-block-list\">\n<li>Suport i atenci\u00f3 personalitzada a tot el PDI de la UdG. Aquesta atenci\u00f3 s\u2019ha fet, majorit\u00e0riament, en format telef\u00f2nic i per videoconfer\u00e8ncia.<\/li>\n\n\n\n<li>Gesti\u00f3 de recursos de suport aut\u00f2nom. Hi destaquen, especialment, el manteniment i ampliaci\u00f3 del&nbsp;<a href=\"http:\/\/bit.ly\/tutorialudgmoodle\"><strong>curs tutorial en l\u00ednia sobre Moodle<\/strong><\/a>.<\/li>\n\n\n\n<li>Oferta de recursos \u00fatils per als estudis semipresencials. Es fa a trav\u00e9s de l\u2019espai web de l\u2019ICEberg (<a href=\"https:\/\/iceberg.udg.edu\/\"><strong>https:\/\/iceberg.udg.edu<\/strong><\/a>) i t\u00e9 la intenci\u00f3 de fer descobrir diverses eines i recursos tecnol\u00f2gics que el professorat pot utilitzar en la seva doc\u00e8ncia. Queden recollits a l\u2019apartat de <strong>Recursos<\/strong>.<\/li>\n\n\n\n<li>Formaci\u00f3 espec\u00edfica en l\u2019avaluaci\u00f3 des de Moodle, preparar l\u2019assignatura de Moodle i sobre eines telem\u00e0tiques per a un aprenentatge en l\u00ednia.<\/li>\n<\/ul>\n\n\n\n<p><strong>2. Sala de gravaci\u00f3 de l\u2019ICE<\/strong><\/p>\n\n\n\n<p>Durant aquest curs s\u2019ha seguit consolidant la sala de gravaci\u00f3 que ha vist com va augmentat el nombre de reserves. Les tasques relacionades amb aquesta sala de gravaci\u00f3 han estat relacionades amb:<\/p>\n\n\n\n<ul class=\"wp-block-list\">\n<li>Gesti\u00f3 i compra de material per millorar les prestacions de l\u2019espai.<\/li>\n\n\n\n<li>Configuraci\u00f3 dels diversos ordinadors i aparells.<\/li>\n\n\n\n<li>Gesti\u00f3 de les reserves.<\/li>\n\n\n\n<li>Formaci\u00f3 i coordinaci\u00f3 amb els becaris que donen suport a la sala.<\/li>\n<\/ul>\n\n\n\n<p><strong>3. Coordinaci\u00f3 amb el Servei Inform\u00e0tic de la UdG<\/strong><\/p>\n\n\n\n<p>\u00c9s important tenir un contacte constant amb les persones del Servei Inform\u00e0tic de la UdG que tenen la tasca de mantenir la plataforma virtual d\u2019ensenyament i aprenentatge Moodle. En aquest sentit es pot destacar:<\/p>\n\n\n\n<ul class=\"wp-block-list\">\n<li>Fer de pont entre el PDI i el Servei Inform\u00e0tic per detectar les necessitats del professorat i tamb\u00e9 per donar resposta i soluci\u00f3 a problemes o mancances globals de la plataforma.<\/li>\n\n\n\n<li>Determinar quines s\u00f3n les millores (tant t\u00e8cniques com did\u00e0ctiques) que es poden aplicar a la plataforma per garantir un millor funcionament i estabilitat ,i per oferir el m\u00e0xim de recursos docents al professorat.<\/li>\n\n\n\n<li>Acordar conjuntament les millors dates per a l\u2019actualitzaci\u00f3 de la plataforma.<\/li>\n<\/ul>\n\n\n\n<p><strong>4. Projecte openUdG<\/strong><\/p>\n\n\n\n<p>Els cursos i assignatures de curr\u00edculum que s\u2019ofereixen des de la plataforma Moodle de la UdG nom\u00e9s s\u00f3n accessibles per a totes aquelles persones que gaudeixen d\u2019un perfil propi de la UdG. Ja fa uns anys que s\u2019havia detectat la necessitat de gaudir d\u2019un espai on el professorat de la UdG pogu\u00e9s oferir cursos i formacions obertes a persones que no tinguessin perfil UdG.<\/p>\n\n\n\n<p>Durant el curs 2020-2021 es va explorar la possibilitat de gaudir d\u2019un espai propi de la UdG per poder allotjar tota aquella oferta que naixia de professorat de la UdG o de projectes on hi participava la comunitat UdG. Despr\u00e9s d\u2019una valoraci\u00f3 conjunta per part del Servei Inform\u00e0tic i pels vicerectorats de Doc\u00e8ncia i Planificaci\u00f3 Acad\u00e8mica, de Qualitat i Transpar\u00e8ncia i de Comunicaci\u00f3 i Relacions exteriors, es va acordar donar llum verda al projecte. Es va recuperar el nom d\u2019openUdG per donar a entendre que es tracta d\u2019un espai de la UdG obert al m\u00f3n.<\/p>\n\n\n\n<p>Des de llavors s\u2019han anat oferint alguns cursos. Diversos problemes de configuraci\u00f3 van fer endarrerir la publicaci\u00f3 d\u2019alguns d\u2019ells. Bona part dels esfor\u00e7os dedicats a aquesta plataforma han estat, doncs, els que fan refer\u00e8ncia a l\u2019estabilitzaci\u00f3 i configuraci\u00f3 de l\u2019entorn per garantir el correcte funcionament de la plataforma. Es preveu que durant els mesos de setembre i octubre de 2022 quedin resolts tots els problemes i es puguin publicar els cursos que van quedar encallats durant aquest curs 2021-2022.<\/p>\n","protected":false},"excerpt":{"rendered":"<p>Durant el curs 2021-2022 s\u2019han dut a terme diverses actuacions relacionades amb la innovaci\u00f3 docent i els recursos digitals. En general, aquestes actuacions es centren en: 1. Assessorament i atenci\u00f3 a la doc\u00e8ncia i a l\u2019avaluaci\u00f3 En general, tot i que al llarg del curs es dona atenci\u00f3 individualitzada sobre Moodle i recursos digitals, les [&hellip;]<\/p>\n","protected":false},"author":1,"featured_media":0,"parent":13978,"menu_order":0,"comment_status":"closed","ping_status":"closed","template":"","meta":{"footnotes":""},"class_list":["post-14001","page","type-page","status-publish","hentry"],"_links":{"self":[{"href":"https:\/\/iceberg.udg.edu\/index.php?rest_route=\/wp\/v2\/pages\/14001","targetHints":{"allow":["GET"]}}],"collection":[{"href":"https:\/\/iceberg.udg.edu\/index.php?rest_route=\/wp\/v2\/pages"}],"about":[{"href":"https:\/\/iceberg.udg.edu\/index.php?rest_route=\/wp\/v2\/types\/page"}],"author":[{"embeddable":true,"href":"https:\/\/iceberg.udg.edu\/index.php?rest_route=\/wp\/v2\/users\/1"}],"replies":[{"embeddable":true,"href":"https:\/\/iceberg.udg.edu\/index.php?rest_route=%2Fwp%2Fv2%2Fcomments&post=14001"}],"version-history":[{"count":3,"href":"https:\/\/iceberg.udg.edu\/index.php?rest_route=\/wp\/v2\/pages\/14001\/revisions"}],"predecessor-version":[{"id":16698,"href":"https:\/\/iceberg.udg.edu\/index.php?rest_route=\/wp\/v2\/pages\/14001\/revisions\/16698"}],"up":[{"embeddable":true,"href":"https:\/\/iceberg.udg.edu\/index.php?rest_route=\/wp\/v2\/pages\/13978"}],"wp:attachment":[{"href":"https:\/\/iceberg.udg.edu\/index.php?rest_route=%2Fwp%2Fv2%2Fmedia&parent=14001"}],"curies":[{"name":"wp","href":"https:\/\/api.w.org\/{rel}","templated":true}]}}