{"id":14003,"date":"2021-12-10T12:05:42","date_gmt":"2021-12-10T11:05:42","guid":{"rendered":"https:\/\/icebergng.udg.edu\/?page_id=14003"},"modified":"2022-07-22T12:57:05","modified_gmt":"2022-07-22T10:57:05","slug":"calendari","status":"publish","type":"page","link":"https:\/\/iceberg.udg.edu\/?page_id=14003","title":{"rendered":"Calendari"},"content":{"rendered":"\n<div data-wp-interactive=\"core\/file\" class=\"wp-block-file\"><object data-wp-bind--hidden=\"!state.hasPdfPreview\" hidden class=\"wp-block-file__embed\" data=\"https:\/\/iceberg.udg.edu\/wp-content\/uploads\/2022\/07\/Calendari-Memoria-ICE-21-22.pdf\" type=\"application\/pdf\" style=\"width:100%;height:600px\" aria-label=\"Incrustaci\u00f3 del fitxer Incrustaci\u00f3 del fitxer Calendari Mem\u00f2ria ICE 21-22..\"><\/object><a href=\"https:\/\/iceberg.udg.edu\/wp-content\/uploads\/2022\/07\/Calendari-Memoria-ICE-21-22.pdf\" target=\"_blank\" rel=\"noreferrer noopener\">Calendari Mem\u00f2ria ICE 21-22<\/a><a href=\"https:\/\/iceberg.udg.edu\/wp-content\/uploads\/2022\/07\/Calendari-Memoria-ICE-21-22.pdf\" class=\"wp-block-file__button\" download>Baixa<\/a><\/div>\n","protected":false},"excerpt":{"rendered":"","protected":false},"author":1,"featured_media":0,"parent":13978,"menu_order":0,"comment_status":"closed","ping_status":"closed","template":"","meta":{"footnotes":""},"class_list":["post-14003","page","type-page","status-publish","hentry"],"_links":{"self":[{"href":"https:\/\/iceberg.udg.edu\/index.php?rest_route=\/wp\/v2\/pages\/14003","targetHints":{"allow":["GET"]}}],"collection":[{"href":"https:\/\/iceberg.udg.edu\/index.php?rest_route=\/wp\/v2\/pages"}],"about":[{"href":"https:\/\/iceberg.udg.edu\/index.php?rest_route=\/wp\/v2\/types\/page"}],"author":[{"embeddable":true,"href":"https:\/\/iceberg.udg.edu\/index.php?rest_route=\/wp\/v2\/users\/1"}],"replies":[{"embeddable":true,"href":"https:\/\/iceberg.udg.edu\/index.php?rest_route=%2Fwp%2Fv2%2Fcomments&post=14003"}],"version-history":[{"count":6,"href":"https:\/\/iceberg.udg.edu\/index.php?rest_route=\/wp\/v2\/pages\/14003\/revisions"}],"predecessor-version":[{"id":16735,"href":"https:\/\/iceberg.udg.edu\/index.php?rest_route=\/wp\/v2\/pages\/14003\/revisions\/16735"}],"up":[{"embeddable":true,"href":"https:\/\/iceberg.udg.edu\/index.php?rest_route=\/wp\/v2\/pages\/13978"}],"wp:attachment":[{"href":"https:\/\/iceberg.udg.edu\/index.php?rest_route=%2Fwp%2Fv2%2Fmedia&parent=14003"}],"curies":[{"name":"wp","href":"https:\/\/api.w.org\/{rel}","templated":true}]}}