{"id":15978,"date":"2023-02-27T10:41:09","date_gmt":"2023-02-27T09:41:09","guid":{"rendered":"https:\/\/icebergng.udg.edu\/?page_id=15978"},"modified":"2023-07-21T14:35:53","modified_gmt":"2023-07-21T12:35:53","slug":"xiii-simposi-cidui","status":"publish","type":"page","link":"https:\/\/iceberg.udg.edu\/?page_id=15978","title":{"rendered":"XIII Congr\u00e9s CIDUI"},"content":{"rendered":"\n<p><strong>4, 5 i 6 de juliol de 2023<\/strong><\/p>\n\n\n\n<p> <\/p>\n\n\n\n<h2 class=\"wp-block-heading\">Tem\u00e0tica<\/h2>\n\n\n\n<p>Aquesta nova edici\u00f3 del<a rel=\"noreferrer noopener\" href=\"https:\/\/www.cidui.org\/xii-congres-cidui-2023\/\" data-type=\"URL\" data-id=\"https:\/\/www.cidui.org\/xii-congres-cidui-2023\/\" target=\"_blank\"> Congr\u00e9s CIDUI 2023<\/a>, celebrada a la Universitat de Lleida, ha portat per t\u00edtol\u00a0<strong>\u201cMillora de les experi\u00e8ncies d\u2019aprenentatge: transformaci\u00f3 i reptes\u201d<\/strong>. <\/p>\n\n\n\n<p>Hi han participat prop de 600 persones, professorat, t\u00e8cnics i especialistes de l&#8217;\u00e0mbit d&#8217;educaci\u00f3 superior. <\/p>\n\n\n\n<p>La Universitat de Girona hi ha tingut una pres\u00e8ncia destacada, especialment per part de les <a rel=\"noreferrer noopener\" href=\"https:\/\/www.udg.edu\/ca\/ice\/innovacio-docent\/xarxes-dinnovacio-docent\/presentacio\" data-type=\"URL\" data-id=\"https:\/\/www.udg.edu\/ca\/ice\/innovacio-docent\/xarxes-dinnovacio-docent\/presentacio\" target=\"_blank\">Xarxes d&#8217;Innovaci\u00f3 Docent<\/a> i els <a rel=\"noreferrer noopener\" href=\"https:\/\/www.udg.edu\/ca\/ice\/innovacio-docent\/grups-dinnovacio-docent\/presentacio\" data-type=\"URL\" data-id=\"https:\/\/www.udg.edu\/ca\/ice\/innovacio-docent\/grups-dinnovacio-docent\/presentacio\" target=\"_blank\">Grups d&#8217;Innovaci\u00f3 Docent<\/a> de l&#8217;ICE de la UdG. Si han presentat 23 comunicacions sobre experi\u00e8ncies diverses d&#8217;aplicaci\u00f3 de metodologies actives, noves estrat\u00e8gies d&#8217;aprenentatge i transfer\u00e8ncia i transformaci\u00f3 social. <\/p>\n\n\n<div class=\"wp-block-image\">\n<figure class=\"aligncenter\"><img decoding=\"async\" src=\"https:\/\/iceberg.udg.edu\/wp-content\/uploads\/2021\/04\/logo.png\" alt=\"Image\"\/><\/figure>\n<\/div>\n\n\n<h2 class=\"wp-block-heading\">Ponents i moderadors participants en l&#8217;edici\u00f3 d&#8217;enguany:<\/h2>\n\n\n\n<ul class=\"wp-block-list\">\n<li>Alberto Arenaza: Fundador de Transcend Network i graduat per la Minerva University<\/li>\n\n\n\n<li>Ana Bernat: Estudiant d\u2019Enginyeria Electr\u00f2nica, Industrial i Autom\u00e0tica en l\u2019Escola Polit\u00e8cnica Superior d\u2019Enginyeria de Vilanova i la Geltr\u00fa de la Universitat Polit\u00e8cnica de Catalunya (EPSEVG-UPC)<\/li>\n\n\n\n<li>Manuel Cuadrado-Garc\u00eda: Professor del departament de Comercialitzaci\u00f3 i Recerca de Mercats de la Universitat de Val\u00e8ncia.<\/li>\n\n\n\n<li>Jos\u00e9 Escamilla: Director associat del Instituto para el Futuro de la Educaci\u00f3n del Tecnol\u00f3gico de Monterrey<\/li>\n\n\n\n<li>Mariano Fern\u00e1ndez Enguita: Catedr\u00e0tic em\u00e8rit de Sociologia de la Universidad Complutense de Madrid<\/li>\n\n\n\n<li>Eva Garc\u00e9s de Los Fayos L\u00f3pez: Vocal del Consejo de Estudiantes Universitarios del Estado (CEUNE)<\/li>\n\n\n\n<li>Miriam Molina Soria: Professora de la Universitat de Valladolid, Facultat d\u2019Educaci\u00f3 de Seg\u00f2via, Departament de Did\u00e0ctica de l\u2019Expressi\u00f3 Musical, Pl\u00e0stica i Corporal.<\/li>\n\n\n\n<li>Ana Montes: Graduada en Educaci\u00f3 Infantil per la Universidad de Valladolid<\/li>\n\n\n\n<li>Ingrid Noguera: Professora de la Facultat de Ci\u00e8ncies de l\u2019Educaci\u00f3 de la Universitat Aut\u00f2noma de Barcelona<\/li>\n\n\n\n<li>Luc\u00eda Olmos Mart\u00edn: Estudiant de Grau en Farm\u00e0cia de la Universidad San Jorge<\/li>\n\n\n\n<li>Andr\u00e9s Pedre\u00f1o: Catedr\u00e0tic d\u2019Universitat en Economia Aplicada i Doctor Honoris causa per la Nottingham Trent University (Regne Unit)<\/li>\n\n\n\n<li>Marina Ramos: Professora titular a la Facultat de Comunicaci\u00f3 de la Universidad de Sevilla<\/li>\n\n\n\n<li>S\u00edlvia Sivera-Bello: Directora de l\u2019eLearning Innovation Center de la Universitat Oberta de Catalunya<\/li>\n<\/ul>\n\n\n\n<p><a rel=\"noreferrer noopener\" href=\"https:\/\/www.cidui.org\/xii-congres-cidui-2023\/calendari\/\" data-type=\"URL\" data-id=\"https:\/\/www.cidui.org\/xii-congres-cidui-2023\/calendari\/\" target=\"_blank\">Veure el programa complet del XII Simposi CIDUI 2023<\/a><\/p>\n","protected":false},"excerpt":{"rendered":"<p>4, 5 i 6 de juliol de 2023 Tem\u00e0tica Aquesta nova edici\u00f3 del Congr\u00e9s CIDUI 2023, celebrada a la Universitat de Lleida, ha portat per t\u00edtol\u00a0\u201cMillora de les experi\u00e8ncies d\u2019aprenentatge: transformaci\u00f3 i reptes\u201d. Hi han participat prop de 600 persones, professorat, t\u00e8cnics i especialistes de l&#8217;\u00e0mbit d&#8217;educaci\u00f3 superior. La Universitat de Girona hi ha tingut [&hellip;]<\/p>\n","protected":false},"author":1,"featured_media":0,"parent":15782,"menu_order":0,"comment_status":"closed","ping_status":"closed","template":"","meta":{"footnotes":""},"class_list":["post-15978","page","type-page","status-publish","hentry"],"_links":{"self":[{"href":"https:\/\/iceberg.udg.edu\/index.php?rest_route=\/wp\/v2\/pages\/15978","targetHints":{"allow":["GET"]}}],"collection":[{"href":"https:\/\/iceberg.udg.edu\/index.php?rest_route=\/wp\/v2\/pages"}],"about":[{"href":"https:\/\/iceberg.udg.edu\/index.php?rest_route=\/wp\/v2\/types\/page"}],"author":[{"embeddable":true,"href":"https:\/\/iceberg.udg.edu\/index.php?rest_route=\/wp\/v2\/users\/1"}],"replies":[{"embeddable":true,"href":"https:\/\/iceberg.udg.edu\/index.php?rest_route=%2Fwp%2Fv2%2Fcomments&post=15978"}],"version-history":[{"count":5,"href":"https:\/\/iceberg.udg.edu\/index.php?rest_route=\/wp\/v2\/pages\/15978\/revisions"}],"predecessor-version":[{"id":16729,"href":"https:\/\/iceberg.udg.edu\/index.php?rest_route=\/wp\/v2\/pages\/15978\/revisions\/16729"}],"up":[{"embeddable":true,"href":"https:\/\/iceberg.udg.edu\/index.php?rest_route=\/wp\/v2\/pages\/15782"}],"wp:attachment":[{"href":"https:\/\/iceberg.udg.edu\/index.php?rest_route=%2Fwp%2Fv2%2Fmedia&parent=15978"}],"curies":[{"name":"wp","href":"https:\/\/api.w.org\/{rel}","templated":true}]}}