{"id":15982,"date":"2023-02-27T10:56:11","date_gmt":"2023-02-27T09:56:11","guid":{"rendered":"https:\/\/icebergng.udg.edu\/?page_id=15982"},"modified":"2023-07-05T10:14:32","modified_gmt":"2023-07-05T08:14:32","slug":"difusio","status":"publish","type":"page","link":"https:\/\/iceberg.udg.edu\/?page_id=15982","title":{"rendered":"Difusi\u00f3"},"content":{"rendered":"\n<p>La difusi\u00f3 de les accions i activitats s\u2019ha realitzat a trav\u00e9s de diferents canals<\/p>\n\n\n\n<ol class=\"wp-block-list\">\n<li>P\u00e0gines web<\/li>\n\n\n\n<li>Butlletins informatius<\/li>\n\n\n\n<li>Xarxes socials<\/li>\n\n\n\n<li>YouTube<\/li>\n\n\n\n<li>Linktree<\/li>\n<\/ol>\n\n\n\n<h2 class=\"wp-block-heading\">1. P\u00e0gines web<\/h2>\n\n\n\n<p> <\/p>\n\n\n\n<p><a rel=\"noreferrer noopener\" href=\"https:\/\/www.udg.edu\/ca\/ice\" target=\"_blank\"><strong>Web de l\u2019Institut de Ci\u00e8ncies de l\u2019Educaci\u00f3 Josep Pallach<\/strong><\/a><\/p>\n\n\n\n<p><\/p>\n\n\n<div class=\"wp-block-image\">\n<figure class=\"aligncenter size-large is-resized\"><img loading=\"lazy\" decoding=\"async\" src=\"https:\/\/iceberg.udg.edu\/wp-content\/uploads\/2023\/06\/image-8-1024x592.png\" alt=\"\" class=\"wp-image-16505\" width=\"484\" height=\"279\" srcset=\"https:\/\/iceberg.udg.edu\/wp-content\/uploads\/2023\/06\/image-8-1024x592.png 1024w, https:\/\/iceberg.udg.edu\/wp-content\/uploads\/2023\/06\/image-8-300x173.png 300w, https:\/\/iceberg.udg.edu\/wp-content\/uploads\/2023\/06\/image-8-768x444.png 768w, https:\/\/iceberg.udg.edu\/wp-content\/uploads\/2023\/06\/image-8-1536x888.png 1536w, https:\/\/iceberg.udg.edu\/wp-content\/uploads\/2023\/06\/image-8-1320x763.png 1320w, https:\/\/iceberg.udg.edu\/wp-content\/uploads\/2023\/06\/image-8.png 1554w\" sizes=\"auto, (max-width: 484px) 100vw, 484px\" \/><\/figure>\n<\/div>\n\n\n<p> <\/p>\n\n\n\n<p><a rel=\"noreferrer noopener\" href=\"https:\/\/iceberg.udg.edu\/\" target=\"_blank\"><strong>Web ICEberg<\/strong><\/a><\/p>\n\n\n\n<p> <\/p>\n\n\n<div class=\"wp-block-image\">\n<figure class=\"aligncenter size-large is-resized\"><img loading=\"lazy\" decoding=\"async\" src=\"https:\/\/iceberg.udg.edu\/wp-content\/uploads\/2023\/06\/image-9-1024x533.png\" alt=\"\" class=\"wp-image-16506\" width=\"564\" height=\"294\" srcset=\"https:\/\/iceberg.udg.edu\/wp-content\/uploads\/2023\/06\/image-9-1024x533.png 1024w, https:\/\/iceberg.udg.edu\/wp-content\/uploads\/2023\/06\/image-9-300x156.png 300w, https:\/\/iceberg.udg.edu\/wp-content\/uploads\/2023\/06\/image-9-768x400.png 768w, https:\/\/iceberg.udg.edu\/wp-content\/uploads\/2023\/06\/image-9-1536x800.png 1536w, https:\/\/iceberg.udg.edu\/wp-content\/uploads\/2023\/06\/image-9-1320x688.png 1320w, https:\/\/iceberg.udg.edu\/wp-content\/uploads\/2023\/06\/image-9.png 1655w\" sizes=\"auto, (max-width: 564px) 100vw, 564px\" \/><\/figure>\n<\/div>\n\n\n<p> <\/p>\n\n\n\n<h2 class=\"wp-block-heading\">2. Butlletins informatius<\/h2>\n\n\n\n<p>A partir de l\u2019espai web ICEberg, elaborat amb WordPress, s\u2019ha editat quinzenalment el Butllet\u00ed informatiu ICEberg.<\/p>\n\n\n\n<p>Aquest butllet\u00ed va adre\u00e7at priorit\u00e0riament a tot el PDI de la UdG. Tamb\u00e9 s\u2019envia a altres membres de la comunitat UdG (caps de servei, administradors de centre, t\u00e8cnics i altres persones d\u2019administraci\u00f3 i serveis).<\/p>\n\n\n\n<p>Tamb\u00e9 est\u00e0 obert a la subscripci\u00f3 de professionals externs (acad\u00e8mics i t\u00e8cnics d\u2019altres universitats, docents d\u2019altres nivells educatius, etc).<\/p>\n\n\n\n<p>El Butllet\u00ed recull informacions i novetats sobre l\u2019actuaci\u00f3 de l\u2019ICE en relaci\u00f3 a la innovaci\u00f3 docent i les accions de suport a la millora de la doc\u00e8ncia, les activitats de formaci\u00f3 i actualitzaci\u00f3, recursos tic i aplicacions docents, esdeveniments sobre doc\u00e8ncia universit\u00e0ria i altres projectes d\u2019aquest \u00e0mbit.<\/p>\n\n\n\n<p><strong>Les diferents informacions s\u2019estructuren en base als apartats seg\u00fcents:<\/strong><\/p>\n\n\n\n<ul class=\"wp-block-list\">\n<li>Activitats amb matr\u00edcula oberta<\/li>\n\n\n\n<li>Recursos<\/li>\n\n\n\n<li>Not\u00edcies<\/li>\n\n\n\n<li>Altres propostes<\/li>\n<\/ul>\n\n\n<div class=\"wp-block-image\">\n<figure class=\"aligncenter size-full is-resized\"><img loading=\"lazy\" decoding=\"async\" src=\"https:\/\/iceberg.udg.edu\/wp-content\/uploads\/2023\/06\/BUTLLETI-1-1.jpg\" alt=\"\" class=\"wp-image-16501\" width=\"363\" height=\"971\" srcset=\"https:\/\/iceberg.udg.edu\/wp-content\/uploads\/2023\/06\/BUTLLETI-1-1.jpg 336w, https:\/\/iceberg.udg.edu\/wp-content\/uploads\/2023\/06\/BUTLLETI-1-1-112x300.jpg 112w\" sizes=\"auto, (max-width: 363px) 100vw, 363px\" \/><\/figure>\n<\/div>\n\n\n<p> <\/p>\n\n\n\n<h2 class=\"wp-block-heading\">3. Xarxes Socials <\/h2>\n\n\n\n<p><strong>Twitter<\/strong><br>Des del compte\u00a0<a rel=\"noreferrer noopener\" href=\"https:\/\/twitter.com\/iceudg\" target=\"_blank\">@iceudg<\/a>, s\u2019han anat publicant tamb\u00e9 peri\u00f2dicament a Twitter informacions de les activitats realitzades i per realitzar. Tamb\u00e9 s\u2019hi han compartit not\u00edcies rellevants, informaci\u00f3 sobre recursos interessants i altres.<\/p>\n\n\n<div class=\"wp-block-image\">\n<figure class=\"aligncenter size-full\"><img loading=\"lazy\" decoding=\"async\" width=\"624\" height=\"485\" src=\"https:\/\/iceberg.udg.edu\/wp-content\/uploads\/2023\/07\/image.png\" alt=\"\" class=\"wp-image-16585\" srcset=\"https:\/\/iceberg.udg.edu\/wp-content\/uploads\/2023\/07\/image.png 624w, https:\/\/iceberg.udg.edu\/wp-content\/uploads\/2023\/07\/image-300x233.png 300w\" sizes=\"auto, (max-width: 624px) 100vw, 624px\" \/><\/figure>\n<\/div>\n\n\n<p> <\/p>\n\n\n\n<p>A m\u00e9s, tamb\u00e9 s\u2019ha utilitzat el compte obert el curs anterior,\u00a0<a rel=\"noreferrer noopener\" href=\"https:\/\/twitter.com\/ICEUdGinnovacio\" target=\"_blank\"><\/a><a href=\"https:\/\/twitter.com\/ICEUdGinnova\">@ICEUdGinnova<\/a>. Aquest compte \u00e9s utilitzat principalment per la difusi\u00f3 de les accions que es realitzen a trav\u00e9s de les Xarxes d\u2019Innovaci\u00f3 Docent i dels Grups d\u2019Innovaci\u00f3 Docent, i contribuir a la divulgaci\u00f3 de les innovacions i projectes de millora en doc\u00e8ncia que es duen a terme a la Universitat de Girona.<\/p>\n\n\n\n<p> <\/p>\n\n\n\n<p><strong>Instagram<\/strong><br>Aquest compte, tamb\u00e9 sota el nom\u00a0<a rel=\"noreferrer noopener\" href=\"https:\/\/www.instagram.com\/iceudg\/\" target=\"_blank\">@iceudg<\/a>, ha funcionat juntament amb el de Twitter, ja que es fan publicacions de manera peri\u00f2dica sobre activitats, not\u00edcies, recursos i d\u2019altres. A m\u00e9s, aquest compte ha perm\u00e9s trobar noves maneres m\u00e9s visuals per compartir informaci\u00f3, com s\u00f3n per exemple les\u00a0<em>stories<\/em>.<\/p>\n\n\n<div class=\"wp-block-image\">\n<figure class=\"aligncenter size-full\"><img loading=\"lazy\" decoding=\"async\" width=\"858\" height=\"413\" src=\"https:\/\/iceberg.udg.edu\/wp-content\/uploads\/2023\/07\/image-1.png\" alt=\"\" class=\"wp-image-16586\" srcset=\"https:\/\/iceberg.udg.edu\/wp-content\/uploads\/2023\/07\/image-1.png 858w, https:\/\/iceberg.udg.edu\/wp-content\/uploads\/2023\/07\/image-1-300x144.png 300w, https:\/\/iceberg.udg.edu\/wp-content\/uploads\/2023\/07\/image-1-768x370.png 768w\" sizes=\"auto, (max-width: 858px) 100vw, 858px\" \/><\/figure>\n<\/div>\n\n\n<p> <\/p>\n\n\n\n<h2 class=\"wp-block-heading\">4. YouTube<\/h2>\n\n\n\n<p>El\u00a0<a href=\"https:\/\/www.youtube.com\/channel\/UCTOSFJFY2UUHho3i63-OYVQ\">canal de YouTube de\u00a0<\/a><a rel=\"noreferrer noopener\" href=\"https:\/\/www.youtube.com\/channel\/UCTOSFJFY2UUHho3i63-OYVQ\" target=\"_blank\">l<\/a><a href=\"https:\/\/www.youtube.com\/channel\/UCTOSFJFY2UUHho3i63-OYVQ\">\u2018ICE de la UdG<\/a>\u00a0es va utilitzar per compartir v\u00eddeos importants, com per exemple el de la\u00a0<a rel=\"noreferrer noopener\" href=\"https:\/\/iceberg.udg.edu\/?page_id=12896\" target=\"_blank\">jornada ICEday<\/a>. Tamb\u00e9 va ser utilitzat per compartir gravacions de sessions i activitats, les quals han estat editades per protegir la identitat dels participants.<br>Tots els v\u00eddeos han sigut publicats en qualitat d&#8217;\u201dOcult\u201d. D\u2019aquesta manera, aquests v\u00eddeos no apareixen p\u00fablicament al canal de YouTube i s\u00f3n accessibles nom\u00e9s a trav\u00e9s de l\u2019enlla\u00e7.<\/p>\n\n\n<div class=\"wp-block-image\">\n<figure class=\"aligncenter size-large\"><img loading=\"lazy\" decoding=\"async\" width=\"1024\" height=\"513\" src=\"https:\/\/iceberg.udg.edu\/wp-content\/uploads\/2023\/07\/image-3-1024x513.png\" alt=\"\" class=\"wp-image-16589\" srcset=\"https:\/\/iceberg.udg.edu\/wp-content\/uploads\/2023\/07\/image-3-1024x513.png 1024w, https:\/\/iceberg.udg.edu\/wp-content\/uploads\/2023\/07\/image-3-300x150.png 300w, https:\/\/iceberg.udg.edu\/wp-content\/uploads\/2023\/07\/image-3-768x385.png 768w, https:\/\/iceberg.udg.edu\/wp-content\/uploads\/2023\/07\/image-3-1320x662.png 1320w, https:\/\/iceberg.udg.edu\/wp-content\/uploads\/2023\/07\/image-3.png 1440w\" sizes=\"auto, (max-width: 1024px) 100vw, 1024px\" \/><\/figure>\n<\/div>\n\n\n<p> <\/p>\n\n\n\n<h2 class=\"wp-block-heading\">5. Linktree<\/h2>\n\n\n\n<p>Hem seguit utilitzant l\u2019eina\u00a0<a rel=\"noreferrer noopener\" href=\"https:\/\/linktr.ee\/iceudg\" target=\"_blank\">Linktree<\/a>\u00a0per poder guardar diversos enlla\u00e7os interessants, tant fixes com temporals, que es podien incorporar a Twitter o Instagram.<\/p>\n\n\n<div class=\"wp-block-image\">\n<figure class=\"aligncenter size-full\"><img loading=\"lazy\" decoding=\"async\" width=\"392\" height=\"664\" src=\"https:\/\/iceberg.udg.edu\/wp-content\/uploads\/2023\/07\/image-2.png\" alt=\"\" class=\"wp-image-16588\" srcset=\"https:\/\/iceberg.udg.edu\/wp-content\/uploads\/2023\/07\/image-2.png 392w, https:\/\/iceberg.udg.edu\/wp-content\/uploads\/2023\/07\/image-2-177x300.png 177w\" sizes=\"auto, (max-width: 392px) 100vw, 392px\" \/><\/figure>\n<\/div>","protected":false},"excerpt":{"rendered":"<p>La difusi\u00f3 de les accions i activitats s\u2019ha realitzat a trav\u00e9s de diferents canals 1. P\u00e0gines web Web de l\u2019Institut de Ci\u00e8ncies de l\u2019Educaci\u00f3 Josep Pallach Web ICEberg 2. Butlletins informatius A partir de l\u2019espai web ICEberg, elaborat amb WordPress, s\u2019ha editat quinzenalment el Butllet\u00ed informatiu ICEberg. Aquest butllet\u00ed va adre\u00e7at priorit\u00e0riament a tot el [&hellip;]<\/p>\n","protected":false},"author":1,"featured_media":0,"parent":15703,"menu_order":0,"comment_status":"closed","ping_status":"closed","template":"","meta":{"footnotes":""},"class_list":["post-15982","page","type-page","status-publish","hentry"],"_links":{"self":[{"href":"https:\/\/iceberg.udg.edu\/index.php?rest_route=\/wp\/v2\/pages\/15982","targetHints":{"allow":["GET"]}}],"collection":[{"href":"https:\/\/iceberg.udg.edu\/index.php?rest_route=\/wp\/v2\/pages"}],"about":[{"href":"https:\/\/iceberg.udg.edu\/index.php?rest_route=\/wp\/v2\/types\/page"}],"author":[{"embeddable":true,"href":"https:\/\/iceberg.udg.edu\/index.php?rest_route=\/wp\/v2\/users\/1"}],"replies":[{"embeddable":true,"href":"https:\/\/iceberg.udg.edu\/index.php?rest_route=%2Fwp%2Fv2%2Fcomments&post=15982"}],"version-history":[{"count":11,"href":"https:\/\/iceberg.udg.edu\/index.php?rest_route=\/wp\/v2\/pages\/15982\/revisions"}],"predecessor-version":[{"id":16596,"href":"https:\/\/iceberg.udg.edu\/index.php?rest_route=\/wp\/v2\/pages\/15982\/revisions\/16596"}],"up":[{"embeddable":true,"href":"https:\/\/iceberg.udg.edu\/index.php?rest_route=\/wp\/v2\/pages\/15703"}],"wp:attachment":[{"href":"https:\/\/iceberg.udg.edu\/index.php?rest_route=%2Fwp%2Fv2%2Fmedia&parent=15982"}],"curies":[{"name":"wp","href":"https:\/\/api.w.org\/{rel}","templated":true}]}}