{"id":15990,"date":"2023-02-27T11:07:50","date_gmt":"2023-02-27T10:07:50","guid":{"rendered":"https:\/\/icebergng.udg.edu\/?page_id=15990"},"modified":"2023-10-17T13:11:18","modified_gmt":"2023-10-17T11:11:18","slug":"xarxes-dinnovacio-docent","status":"publish","type":"page","link":"https:\/\/iceberg.udg.edu\/?page_id=15990","title":{"rendered":"Xarxes d&#8217;Innovaci\u00f3 Docent"},"content":{"rendered":"\n<figure class=\"wp-block-image\"><img decoding=\"async\" src=\"https:\/\/iceberg.udg.edu\/wp-content\/uploads\/2021\/04\/xid-150x150-1.png\" alt=\"Image\"\/><\/figure>\n\n\n\n<p>Les&nbsp;<strong>Xarxes d\u2019Innovaci\u00f3 Docent (XID)<\/strong>&nbsp;es creen al voltant de tem\u00e0tiques relacionades amb les l\u00ednies priorit\u00e0ries de formaci\u00f3 a la Universitat de Girona&nbsp;i d\u2019acord amb els interessos del professorat de la UdG. Estan integrades per membres del PDI&nbsp;interessats en emprendre un proc\u00e9s de formaci\u00f3 avan\u00e7at i basat en la reflexi\u00f3 sobre la pr\u00f2pia pr\u00e0ctica docent.<\/p>\n\n\n\n<p>Cal tenir en compte que les xarxes no s\u00f3n un espai de formaci\u00f3 inicial sobre el tema que tracten, sin\u00f3 un espai d\u2019intercanvi i reflexi\u00f3 sobre la pr\u00f2pia pr\u00e0ctica i experi\u00e8ncia docent en la tem\u00e0tica en q\u00fcesti\u00f3, amb l\u2019objectiu de desenvolupar innovacions i contribuir a un aprenentatge de m\u00e9s qualitat dels nostres estudiants. La coordinaci\u00f3 d\u2019aquestes xarxes \u00e9s a c\u00e0rrec de l\u2019Institut de Ci\u00e8ncies de l\u2019Educaci\u00f3 Josep Pallach.<\/p>\n\n\n\n<p><strong>Durant el curs 2022-2023, hi ha hagut 14 Xarxes d\u2019Innovaci\u00f3 Docent en actiu, amb un total de 156 participants:<\/strong><\/p>\n\n\n\n<ul class=\"wp-block-list\">\n<li><a rel=\"noreferrer noopener\" href=\"https:\/\/www.udg.edu\/ca\/ice\/Innovacio-docent\/XID-Aprenentatge-Basat-en-Problemes\" target=\"_blank\">XID Aprenentatge Basat en Problemes<\/a><\/li>\n\n\n\n<li><a rel=\"noreferrer noopener\" href=\"https:\/\/www.udg.edu\/ca\/ice\/Innovacio-docent\/XID-Aprenentatge-Basat-en-Problemes\" target=\"_blank\">XID Aprenentatge Cooperatiu<\/a><\/li>\n\n\n\n<li><a rel=\"noreferrer noopener\" href=\"https:\/\/www.udg.edu\/ca\/ice\/Innovacio-docent\/XID-Aprenentatge-Basat-en-Problemes\" target=\"_blank\">XID Aprenentatge per Projectes<\/a><\/li>\n\n\n\n<li><a rel=\"noreferrer noopener\" href=\"https:\/\/www.udg.edu\/ca\/ice\/Innovacio-docent\/XID-Aprenentatge-Basat-en-Problemes\" target=\"_blank\">XID Aprenentatge per Projectes-interdisciplinari<\/a><\/li>\n\n\n\n<li><a rel=\"noreferrer noopener\" href=\"https:\/\/www.udg.edu\/ca\/ice\/Innovacio-docent\/XID-Aprenentatge-Basat-en-Problemes\" target=\"_blank\">XID <\/a><a href=\"https:\/\/www.udg.edu\/ca\/ice\/innovacio-docent\/xarxes-dinnovacio-docent\/xid-aprenentatge-servei\" target=\"_blank\" rel=\"noreferrer noopener\">Aprenentatge <\/a><a rel=\"noreferrer noopener\" href=\"https:\/\/www.udg.edu\/ca\/ice\/Innovacio-docent\/XID-Aprenentatge-Basat-en-Problemes\" target=\"_blank\">Servei<\/a><\/li>\n\n\n\n<li><a rel=\"noreferrer noopener\" href=\"https:\/\/www.udg.edu\/ca\/ice\/innovacio-docent\/xarxes-dinnovacio-docent\/xid-estrategies-davaluacio\" target=\"_blank\">XID d\u2019Estrat\u00e8gies d\u2019Avaluaci\u00f3<\/a><\/li>\n\n\n\n<li><a rel=\"noreferrer noopener\" href=\"https:\/\/www.udg.edu\/ca\/ice\/Innovacio-docent\/XID-Aprenentatge-Basat-en-Problemes\" target=\"_blank\">XID Tutoria<\/a><\/li>\n\n\n\n<li><a rel=\"noreferrer noopener\" href=\"https:\/\/www.udg.edu\/ca\/ice\/Innovacio-docent\/XID-Aprenentatge-Basat-en-Problemes\" target=\"_blank\">XID Classe inversa<\/a><\/li>\n\n\n\n<li><a rel=\"noreferrer noopener\" href=\"https:\/\/www.udg.edu\/ca\/ice\/Innovacio-docent\/XID-Aprenentatge-Basat-en-Problemes\" target=\"_blank\">XID ODS<\/a><\/li>\n\n\n\n<li><a rel=\"noreferrer noopener\" href=\"https:\/\/www.udg.edu\/ca\/ice\/Innovacio-docent\/XID-Aprenentatge-Basat-en-Problemes\" target=\"_blank\">XID Perspectiva de g\u00e8nere<\/a><\/li>\n\n\n\n<li><a rel=\"noreferrer noopener\" href=\"https:\/\/www.udg.edu\/ca\/ice\/Innovacio-docent\/XID-Aprenentatge-Basat-en-Problemes\" target=\"_blank\">XID English as a Medium of Education<\/a><\/li>\n\n\n\n<li><a rel=\"noreferrer noopener\" href=\"https:\/\/www.udg.edu\/ca\/ice\/innovacio-docent\/xarxes-dinnovacio-docent\/xid-intercanvi-virtual-i-coil\" target=\"_blank\">XID Intercanvi virtual i COIL<\/a><\/li>\n\n\n\n<li><a href=\"https:\/\/www.udg.edu\/ca\/ice\/innovacio-docent\/xarxes-dinnovacio-docent\/xid-educacio-en-ciencies-de-la-salut\" data-type=\"URL\" data-id=\"https:\/\/www.udg.edu\/ca\/ice\/innovacio-docent\/xarxes-dinnovacio-docent\/xid-educacio-en-ciencies-de-la-salut\" target=\"_blank\" rel=\"noreferrer noopener\">XID Educaci\u00f3 en Ci\u00e8ncies de la Salut<\/a><\/li>\n\n\n\n<li><a href=\"https:\/\/www.udg.edu\/ca\/ice\/innovacio-docent\/xarxes-dinnovacio-docent\/xarxa-interuniversitaria-en-a-cooperatiu\" data-type=\"URL\" data-id=\"https:\/\/www.udg.edu\/ca\/ice\/innovacio-docent\/xarxes-dinnovacio-docent\/xarxa-interuniversitaria-en-a-cooperatiu\" target=\"_blank\" rel=\"noreferrer noopener\">XID Interuniversit\u00e0ria en Aprenentatge Cooperatiu<\/a><\/li>\n<\/ul>\n\n\n\n<p><strong>Els objectius de les XID s\u00f3n:<\/strong><\/p>\n\n\n\n<ul class=\"wp-block-list\">\n<li>Afavorir un tipus de formaci\u00f3 docent basada en l\u2019intercanvi&nbsp;i la&nbsp;reflexi\u00f3&nbsp;del professorat sobre la pr\u00f2pia doc\u00e8ncia.<\/li>\n\n\n\n<li>Crear&nbsp;espais&nbsp;per dur a terme aquesta reflexi\u00f3.<\/li>\n\n\n\n<li>Promoure&nbsp;xarxes de treball&nbsp;estables entre el professorat interessat en&nbsp;millorar determinats aspectes de la seva doc\u00e8ncia.<\/li>\n\n\n\n<li>Incorporar una din\u00e0mica de&nbsp;reflexi\u00f3 continuada i compartida sobre la pr\u00e0ctica docent.<\/li>\n<\/ul>\n\n\n\n<p><strong>Cada xarxa disposa dels recursos seg\u00fcents:<\/strong><\/p>\n\n\n\n<ul class=\"wp-block-list\">\n<li>Pressupost per a formaci\u00f3 i difusi\u00f3 del treball desenvolupat.<\/li>\n\n\n\n<li>Espai al Moodle per compartir documentaci\u00f3.<\/li>\n\n\n\n<li>Suport t\u00e8cnic i assessorament per part de l\u2019ICE.<\/li>\n\n\n\n<li>Suport administratiu per part de l\u2019ICE.<\/li>\n\n\n\n<li>Sales de treball a la seu de l\u2019ICE.<\/li>\n<\/ul>\n\n\n\n<p><strong>Les persones que hi participen accepten aquests compromisos:<\/strong><\/p>\n\n\n\n<ul class=\"wp-block-list\">\n<li>Reunir-se peri\u00f2dicament i fer actes de les reunions que permetin fer un seguiment del treball.<\/li>\n\n\n\n<li>Participar activament en les innovacions docents realitzades des de la xarxa i en la difusi\u00f3 del treball dut a terme.<\/li>\n\n\n\n<li>Compartir el treball desenvolupat i participar en activitats de formaci\u00f3 adre\u00e7ades al PDI de la UdG.<\/li>\n\n\n\n<li>Fer una mem\u00f2ria anual&nbsp;i participar en l\u2019avaluaci\u00f3 a final de curs.<\/li>\n<\/ul>\n","protected":false},"excerpt":{"rendered":"<p>Les&nbsp;Xarxes d\u2019Innovaci\u00f3 Docent (XID)&nbsp;es creen al voltant de tem\u00e0tiques relacionades amb les l\u00ednies priorit\u00e0ries de formaci\u00f3 a la Universitat de Girona&nbsp;i d\u2019acord amb els interessos del professorat de la UdG. Estan integrades per membres del PDI&nbsp;interessats en emprendre un proc\u00e9s de formaci\u00f3 avan\u00e7at i basat en la reflexi\u00f3 sobre la pr\u00f2pia pr\u00e0ctica docent. Cal tenir [&hellip;]<\/p>\n","protected":false},"author":1,"featured_media":0,"parent":15785,"menu_order":0,"comment_status":"closed","ping_status":"closed","template":"","meta":{"footnotes":""},"class_list":["post-15990","page","type-page","status-publish","hentry"],"_links":{"self":[{"href":"https:\/\/iceberg.udg.edu\/index.php?rest_route=\/wp\/v2\/pages\/15990","targetHints":{"allow":["GET"]}}],"collection":[{"href":"https:\/\/iceberg.udg.edu\/index.php?rest_route=\/wp\/v2\/pages"}],"about":[{"href":"https:\/\/iceberg.udg.edu\/index.php?rest_route=\/wp\/v2\/types\/page"}],"author":[{"embeddable":true,"href":"https:\/\/iceberg.udg.edu\/index.php?rest_route=\/wp\/v2\/users\/1"}],"replies":[{"embeddable":true,"href":"https:\/\/iceberg.udg.edu\/index.php?rest_route=%2Fwp%2Fv2%2Fcomments&post=15990"}],"version-history":[{"count":5,"href":"https:\/\/iceberg.udg.edu\/index.php?rest_route=\/wp\/v2\/pages\/15990\/revisions"}],"predecessor-version":[{"id":16894,"href":"https:\/\/iceberg.udg.edu\/index.php?rest_route=\/wp\/v2\/pages\/15990\/revisions\/16894"}],"up":[{"embeddable":true,"href":"https:\/\/iceberg.udg.edu\/index.php?rest_route=\/wp\/v2\/pages\/15785"}],"wp:attachment":[{"href":"https:\/\/iceberg.udg.edu\/index.php?rest_route=%2Fwp%2Fv2%2Fmedia&parent=15990"}],"curies":[{"name":"wp","href":"https:\/\/api.w.org\/{rel}","templated":true}]}}