{"id":15994,"date":"2023-02-27T11:20:16","date_gmt":"2023-02-27T10:20:16","guid":{"rendered":"https:\/\/icebergng.udg.edu\/?page_id=15994"},"modified":"2023-07-21T14:37:20","modified_gmt":"2023-07-21T12:37:20","slug":"premis-iceberg","status":"publish","type":"page","link":"https:\/\/iceberg.udg.edu\/?page_id=15994","title":{"rendered":"Premi ICEberg"},"content":{"rendered":"\n<h2 class=\"wp-block-heading\">Premi d\u2019innovaci\u00f3 docent ICEberg UdG. Resoluci\u00f3 Tercera edici\u00f3<\/h2>\n\n\n\n<p>L\u2019Institut de Ci\u00e8ncies de l\u2019Educaci\u00f3 Josep Pallach organitza biennalment el Premi ICEberg UdG, amb la finalitat de fomentar la innovaci\u00f3 docent a la Universitat de Girona i premiar les millors iniciatives dutes a terme en el context d\u2019un o varis estudis de la Universitat de Girona.<\/p>\n\n\n\n<p>Amb aquest premi es pret\u00e9n impulsar el reconeixement als docents implicats en projectes d\u2019innovaci\u00f3 docent i de millora dels estudis de la nostra universitat. Tamb\u00e9, contribuir a l\u2019impuls i la consolidaci\u00f3 d\u2019una doc\u00e8ncia centrada en l\u2019estudiant, en la qual es fomenti la seva implicaci\u00f3 i participaci\u00f3 activa en el seu proc\u00e9s d\u2019aprenentatge.<\/p>\n\n\n\n<p> <\/p>\n\n\n\n<p><strong>La resoluci\u00f3 de la tercera edici\u00f3 va ser la seguent: <\/strong><\/p>\n\n\n\n<p><em>Reunit el 25 de novembre de 2022 el jurat&nbsp;de la tercera edici\u00f3 del Premi d\u2019Innovaci\u00f3 Docent ICEberg UdG, s&#8217;ha resolt per unanimitat que el projecte guanyadro d&#8217;aquesta edici\u00f3 \u00e9s el que porta per t\u00edtol &#8220;<strong>Experi\u00e8ncia d&#8217;Aprenentatge-Servei dels estudiants de Grau d&#8217;Infermeria als Instituts de formaci\u00f3 secund\u00e0ria<\/strong>&#8220;.&nbsp;<\/em><\/p>\n\n\n\n<p><em>Aquest projecte ha estat presentat per Gl\u00f2ria Reig, Carme Malag\u00f3n, Marta Roqueta i Bel\u00e9n P\u00e9rez, de la Facultat d&#8217;Infermeria.&nbsp;<\/em><\/p>\n\n\n\n<p><em>El jurat n&#8217;ha destacat &#8220;el treball col\u00b7lectiu, el foment dela implicaci\u00f3 i participaci\u00f3 activa dels estudiants en el seu proc\u00e9s d&#8217;aprenentatge, la implicaci\u00f3 de l&#8217;entorn social i, especialment, de l&#8217;educaci\u00f3 secund\u00e0ria i, per tant, la transfer\u00e8ncia del projuecte a altres conextos i estudis aix\u00ed com la factibilitat de continu\u00eftat en el temps.&#8221;<\/em><\/p>\n\n\n\n<ul class=\"wp-block-list\">\n<li><a rel=\"noreferrer noopener\" href=\"https:\/\/www.udg.edu\/ca\/Portals\/51\/DOCUMENTS-FU\/PREMI%20Innovaci%C3%B3%20ICEberg\/3a%20edicio\/bases.pdf?ver=xbSxddMxVFSepO5K6JaUgQ%3d%3d\" target=\"_blank\">Bases del premi<\/a><\/li>\n\n\n\n<li><a rel=\"noreferrer noopener\" href=\"https:\/\/www.udg.edu\/ca\/ice\/beques-i-premis\/premi-iceberg\" target=\"_blank\">M\u00e9s informaci\u00f3 sobre el Premi d\u2019Innovaci\u00f3 Docent ICEberg UdG<\/a><\/li>\n<\/ul>\n","protected":false},"excerpt":{"rendered":"<p>Premi d\u2019innovaci\u00f3 docent ICEberg UdG. Resoluci\u00f3 Tercera edici\u00f3 L\u2019Institut de Ci\u00e8ncies de l\u2019Educaci\u00f3 Josep Pallach organitza biennalment el Premi ICEberg UdG, amb la finalitat de fomentar la innovaci\u00f3 docent a la Universitat de Girona i premiar les millors iniciatives dutes a terme en el context d\u2019un o varis estudis de la Universitat de Girona. Amb [&hellip;]<\/p>\n","protected":false},"author":1,"featured_media":0,"parent":15703,"menu_order":0,"comment_status":"closed","ping_status":"closed","template":"","meta":{"footnotes":""},"class_list":["post-15994","page","type-page","status-publish","hentry"],"_links":{"self":[{"href":"https:\/\/iceberg.udg.edu\/index.php?rest_route=\/wp\/v2\/pages\/15994","targetHints":{"allow":["GET"]}}],"collection":[{"href":"https:\/\/iceberg.udg.edu\/index.php?rest_route=\/wp\/v2\/pages"}],"about":[{"href":"https:\/\/iceberg.udg.edu\/index.php?rest_route=\/wp\/v2\/types\/page"}],"author":[{"embeddable":true,"href":"https:\/\/iceberg.udg.edu\/index.php?rest_route=\/wp\/v2\/users\/1"}],"replies":[{"embeddable":true,"href":"https:\/\/iceberg.udg.edu\/index.php?rest_route=%2Fwp%2Fv2%2Fcomments&post=15994"}],"version-history":[{"count":4,"href":"https:\/\/iceberg.udg.edu\/index.php?rest_route=\/wp\/v2\/pages\/15994\/revisions"}],"predecessor-version":[{"id":16730,"href":"https:\/\/iceberg.udg.edu\/index.php?rest_route=\/wp\/v2\/pages\/15994\/revisions\/16730"}],"up":[{"embeddable":true,"href":"https:\/\/iceberg.udg.edu\/index.php?rest_route=\/wp\/v2\/pages\/15703"}],"wp:attachment":[{"href":"https:\/\/iceberg.udg.edu\/index.php?rest_route=%2Fwp%2Fv2%2Fmedia&parent=15994"}],"curies":[{"name":"wp","href":"https:\/\/api.w.org\/{rel}","templated":true}]}}