{"id":16001,"date":"2023-02-27T11:38:44","date_gmt":"2023-02-27T10:38:44","guid":{"rendered":"https:\/\/icebergng.udg.edu\/?page_id=16001"},"modified":"2023-03-16T14:00:44","modified_gmt":"2023-03-16T13:00:44","slug":"propostes-del-pdi-participant-en-activitats-del-curs-anterior","status":"publish","type":"page","link":"https:\/\/iceberg.udg.edu\/?page_id=16001","title":{"rendered":"Propostes del PDI participant en activitats del curs anterior"},"content":{"rendered":"\n<p>Els temes d\u2019inter\u00e8s esmentats en les enquestes de valoraci\u00f3 de les activitats realitzades per part del PDI participant s\u00f3n:<\/p>\n\n\n\n<p><strong>Doc\u00e8ncia<\/strong><\/p>\n\n\n\n<ul class=\"wp-block-list\">\n<li>Formaci\u00f3 per a professorat nouvingut<\/li>\n\n\n\n<li>Nous models d\u2019avaluaci\u00f3<\/li>\n\n\n\n<li>Avaluaci\u00f3, autoavaluaci\u00f3 i coavaluaci\u00f3<\/li>\n\n\n\n<li>T\u00e8cniques participatives<\/li>\n\n\n\n<li>Perspectiva de g\u00e8nere en la doc\u00e8ncia<\/li>\n\n\n\n<li>Estrat\u00e8gies de dinamitzaci\u00f3 a l\u2019aula<\/li>\n\n\n\n<li>Expressi\u00f3 oral<\/li>\n\n\n\n<li>Atenci\u00f3 a alumnes amb necessitats especials<\/li>\n<\/ul>\n\n\n\n<p><strong>Metodologies<\/strong><\/p>\n\n\n\n<ul class=\"wp-block-list\">\n<li>Metodologies actives<\/li>\n\n\n\n<li>ABP<\/li>\n\n\n\n<li>Gamificaci\u00f3<\/li>\n\n\n\n<li>COIL<\/li>\n<\/ul>\n\n\n\n<p><strong>Recerca<\/strong><\/p>\n\n\n\n<ul class=\"wp-block-list\">\n<li>Investigaci\u00f3 qualitativa<\/li>\n\n\n\n<li>Models d\u2019equacions estructurals<\/li>\n\n\n\n<li>Estad\u00edstica<\/li>\n<\/ul>\n\n\n\n<p><strong>Gesti\u00f3<\/strong><\/p>\n\n\n\n<ul class=\"wp-block-list\">\n<li>Organitzaci\u00f3 i gesti\u00f3 del temps<\/li>\n\n\n\n<li>Coaching<\/li>\n\n\n\n<li>Gesti\u00f3 d\u2019emocions i resili\u00e8ncia<\/li>\n\n\n\n<li>Organitzaci\u00f3 del teletreball<\/li>\n<\/ul>\n\n\n\n<p><strong>Virtualitat i TIC<\/strong><\/p>\n\n\n\n<ul class=\"wp-block-list\">\n<li>Moodle<\/li>\n\n\n\n<li>Avaluaci\u00f3 amb Moodle<\/li>\n\n\n\n<li>Microsoft Teams<\/li>\n\n\n\n<li>Eines per a la doc\u00e8ncia virtual<\/li>\n<\/ul>\n\n\n\n<p><strong>Programari i<\/strong>&nbsp;<strong>Plataformes<\/strong><\/p>\n\n\n\n<ul class=\"wp-block-list\">\n<li>Programa R<\/li>\n\n\n\n<li>SPSS<\/li>\n\n\n\n<li>Excel<\/li>\n\n\n\n<li>Canva<\/li>\n\n\n\n<li>Outlook<\/li>\n<\/ul>\n\n\n\n<p><strong>Recursos<\/strong><\/p>\n\n\n\n<ul class=\"wp-block-list\">\n<li>Edici\u00f3 de videos<\/li>\n\n\n\n<li>Apps per a la doc\u00e8ncia<\/li>\n\n\n\n<li>\u00das de xarxes socials<\/li>\n<\/ul>\n\n\n\n<p><strong>Idiomes<\/strong><\/p>\n\n\n\n<ul class=\"wp-block-list\">\n<li>Conversa en angl\u00e8s<\/li>\n\n\n\n<li>English as a Medium of Education<\/li>\n<\/ul>\n\n\n\n<p><strong>Salut i seguretat<\/strong><\/p>\n\n\n\n<ul class=\"wp-block-list\">\n<li>\u00das de la veu en doc\u00e8ncia<\/li>\n\n\n\n<li>Salut<\/li>\n\n\n\n<li>Mindfulness<\/li>\n<\/ul>\n","protected":false},"excerpt":{"rendered":"<p>Els temes d\u2019inter\u00e8s esmentats en les enquestes de valoraci\u00f3 de les activitats realitzades per part del PDI participant s\u00f3n: Doc\u00e8ncia Metodologies Recerca Gesti\u00f3 Virtualitat i TIC Programari i&nbsp;Plataformes Recursos Idiomes Salut i seguretat<\/p>\n","protected":false},"author":1,"featured_media":0,"parent":15767,"menu_order":0,"comment_status":"closed","ping_status":"closed","template":"","meta":{"footnotes":""},"class_list":["post-16001","page","type-page","status-publish","hentry"],"_links":{"self":[{"href":"https:\/\/iceberg.udg.edu\/index.php?rest_route=\/wp\/v2\/pages\/16001","targetHints":{"allow":["GET"]}}],"collection":[{"href":"https:\/\/iceberg.udg.edu\/index.php?rest_route=\/wp\/v2\/pages"}],"about":[{"href":"https:\/\/iceberg.udg.edu\/index.php?rest_route=\/wp\/v2\/types\/page"}],"author":[{"embeddable":true,"href":"https:\/\/iceberg.udg.edu\/index.php?rest_route=\/wp\/v2\/users\/1"}],"replies":[{"embeddable":true,"href":"https:\/\/iceberg.udg.edu\/index.php?rest_route=%2Fwp%2Fv2%2Fcomments&post=16001"}],"version-history":[{"count":2,"href":"https:\/\/iceberg.udg.edu\/index.php?rest_route=\/wp\/v2\/pages\/16001\/revisions"}],"predecessor-version":[{"id":16145,"href":"https:\/\/iceberg.udg.edu\/index.php?rest_route=\/wp\/v2\/pages\/16001\/revisions\/16145"}],"up":[{"embeddable":true,"href":"https:\/\/iceberg.udg.edu\/index.php?rest_route=\/wp\/v2\/pages\/15767"}],"wp:attachment":[{"href":"https:\/\/iceberg.udg.edu\/index.php?rest_route=%2Fwp%2Fv2%2Fmedia&parent=16001"}],"curies":[{"name":"wp","href":"https:\/\/api.w.org\/{rel}","templated":true}]}}