{"id":16004,"date":"2023-02-27T11:40:46","date_gmt":"2023-02-27T10:40:46","guid":{"rendered":"https:\/\/icebergng.udg.edu\/?page_id=16004"},"modified":"2023-06-19T11:12:12","modified_gmt":"2023-06-19T09:12:12","slug":"demandes-de-centres-departaments-i-instituts","status":"publish","type":"page","link":"https:\/\/iceberg.udg.edu\/?page_id=16004","title":{"rendered":"Demandes de centres, departaments i instituts"},"content":{"rendered":"\n<p>A m\u00e9s de la recollida de necessitats i demandes individuals per part del PDI, tamb\u00e9 es recullen les peticions de formaci\u00f3 col\u00b7lectiva que els deganats i direcci\u00f3 dels centres, departaments i instituts de recerca fan arribar al vicerectorat de Personal.<\/p>\n\n\n\n<p>En aquest sentit, es van rebre peticions de formaci\u00f3 per part de les unitats seg\u00fcents:<\/p>\n\n\n\n<p><strong>Facultat d&#8217;Infermeria: <\/strong><\/p>\n\n\n\n<ul class=\"wp-block-list\">\n<li>Capacitaci\u00f3 de tutors i tutores del Pr\u00e0cticum <\/li>\n\n\n\n<li>Formaci\u00f3 en ABP<\/li>\n\n\n\n<li>Introducci\u00f3 a la perspectiva de g\u00e8nere als estudis de Grau d&#8217;Infermeria<\/li>\n<\/ul>\n\n\n\n<p><strong>Facultat de Ci\u00e8ncies Econ\u00f2miques i Empresarials<\/strong>:<\/p>\n\n\n\n<ul class=\"wp-block-list\">\n<li>Seminaris de formaci\u00f3 sobre Intel\u00b7lig\u00e8ncia Artificial<\/li>\n\n\n\n<li>Formaci\u00f3 per a la tutoritzaci\u00f3 del TFG<\/li>\n<\/ul>\n\n\n\n<p><strong>Facultat de Dret<\/strong>:<\/p>\n\n\n\n<ul class=\"wp-block-list\">\n<li>Formaci\u00f3 sobre orat\u00f2ria i t\u00e8cniques d&#8217;interrogatori<\/li>\n<\/ul>\n\n\n\n<p><\/p>\n\n\n\n<p>Des de l\u2019ICE s\u2019ha anat donant resposta al llarg del curs a aquestes peticions, organitzant les diferents activitats de formaci\u00f3 plantejades i derivant aquelles que ha calgut organitzar espec\u00edficament des d\u2019algun altre servei.<\/p>\n\n\n\n<p><\/p>\n","protected":false},"excerpt":{"rendered":"<p>A m\u00e9s de la recollida de necessitats i demandes individuals per part del PDI, tamb\u00e9 es recullen les peticions de formaci\u00f3 col\u00b7lectiva que els deganats i direcci\u00f3 dels centres, departaments i instituts de recerca fan arribar al vicerectorat de Personal. En aquest sentit, es van rebre peticions de formaci\u00f3 per part de les unitats seg\u00fcents: [&hellip;]<\/p>\n","protected":false},"author":1,"featured_media":0,"parent":15767,"menu_order":0,"comment_status":"closed","ping_status":"closed","template":"","meta":{"footnotes":""},"class_list":["post-16004","page","type-page","status-publish","hentry"],"_links":{"self":[{"href":"https:\/\/iceberg.udg.edu\/index.php?rest_route=\/wp\/v2\/pages\/16004","targetHints":{"allow":["GET"]}}],"collection":[{"href":"https:\/\/iceberg.udg.edu\/index.php?rest_route=\/wp\/v2\/pages"}],"about":[{"href":"https:\/\/iceberg.udg.edu\/index.php?rest_route=\/wp\/v2\/types\/page"}],"author":[{"embeddable":true,"href":"https:\/\/iceberg.udg.edu\/index.php?rest_route=\/wp\/v2\/users\/1"}],"replies":[{"embeddable":true,"href":"https:\/\/iceberg.udg.edu\/index.php?rest_route=%2Fwp%2Fv2%2Fcomments&post=16004"}],"version-history":[{"count":3,"href":"https:\/\/iceberg.udg.edu\/index.php?rest_route=\/wp\/v2\/pages\/16004\/revisions"}],"predecessor-version":[{"id":16486,"href":"https:\/\/iceberg.udg.edu\/index.php?rest_route=\/wp\/v2\/pages\/16004\/revisions\/16486"}],"up":[{"embeddable":true,"href":"https:\/\/iceberg.udg.edu\/index.php?rest_route=\/wp\/v2\/pages\/15767"}],"wp:attachment":[{"href":"https:\/\/iceberg.udg.edu\/index.php?rest_route=%2Fwp%2Fv2%2Fmedia&parent=16004"}],"curies":[{"name":"wp","href":"https:\/\/api.w.org\/{rel}","templated":true}]}}