{"id":16011,"date":"2023-02-27T11:47:40","date_gmt":"2023-02-27T10:47:40","guid":{"rendered":"https:\/\/icebergng.udg.edu\/?page_id=16011"},"modified":"2023-07-21T14:31:28","modified_gmt":"2023-07-21T12:31:28","slug":"valoracio-de-les-activitats-realitzades-per-part-del-pdi-participant-2","status":"publish","type":"page","link":"https:\/\/iceberg.udg.edu\/?page_id=16011","title":{"rendered":"Valoraci\u00f3 de les activitats realitzades per part del PDI participant"},"content":{"rendered":"\n<p>Una vegada finalitzades les activitats, s&#8217;ha enviat als participants una enquesta en l\u00ednia de valoraci\u00f3 de cada activitat.<br>Aquesta enquesta \u00e9s an\u00f2nima i consta de 12 preguntes de resposta tipus Likert (1= Totalment desacord; 4= Totalment d\u2019acord), i quatre preguntes de resposta oberta.<\/p>\n\n\n\n<p>En la taula seg\u00fcent es mostren les mitjanes de les puntuacions donades a les preguntes quantitatives (sobre 4).<\/p>\n\n\n\n<figure class=\"wp-block-table\"><table><tbody><tr><td class=\"has-text-align-left\" data-align=\"left\"><strong>PREGUNTA<\/strong><\/td><td class=\"has-text-align-center\" data-align=\"center\"><strong>MITJANA<\/strong><\/td><\/tr><tr><td class=\"has-text-align-left\" data-align=\"left\">L\u2019organitzaci\u00f3 general d\u2019aquesta activitat ha funcionat correctament<\/td><td class=\"has-text-align-center\" data-align=\"center\">3.77<\/td><\/tr><tr><td class=\"has-text-align-left\" data-align=\"left\">La tem\u00e0tica que s\u2019ha tractat ha estat interessant<\/td><td class=\"has-text-align-center\" data-align=\"center\">3.68<\/td><\/tr><tr><td class=\"has-text-align-left\" data-align=\"left\">El clima de treball que s\u2019ha generat durant l\u2019activitat ha estat participatiu<\/td><td class=\"has-text-align-center\" data-align=\"center\">3.65<\/td><\/tr><tr><td class=\"has-text-align-left\" data-align=\"left\">Els continguts de l\u2019activitat han respost a les meves expectatives<\/td><td class=\"has-text-align-center\" data-align=\"center\">3.41<\/td><\/tr><tr><td class=\"has-text-align-left\" data-align=\"left\">La tasca desenvolupada pel ponent\/s ha estat adequada<\/td><td class=\"has-text-align-center\" data-align=\"center\">3.71<\/td><\/tr><tr><td class=\"has-text-align-left\" data-align=\"left\">La din\u00e0mica general de les sessions m\u2019ha satisfet<\/td><td class=\"has-text-align-center\" data-align=\"center\">3.54<\/td><\/tr><tr><td class=\"has-text-align-left\" data-align=\"left\">Participar en aquesta activitat em permetr\u00e0 millorar elements de la meva doc\u00e8ncia<\/td><td class=\"has-text-align-center\" data-align=\"center\">3.44<\/td><\/tr><tr><td class=\"has-text-align-left\" data-align=\"left\">Realitzar aquesta activitat em permetr\u00e0 participar en projectes d\u2019innovaci\u00f3 docent<\/td><td class=\"has-text-align-center\" data-align=\"center\">3.31<\/td><\/tr><tr><td class=\"has-text-align-left\" data-align=\"left\">Tinc inter\u00e8s en continuar participant en altres activitats formatives<\/td><td class=\"has-text-align-center\" data-align=\"center\">3.81<\/td><\/tr><tr><td class=\"has-text-align-left\" data-align=\"left\">L\u2019equilibri entre la pr\u00e0ctica i les exposicions te\u00f2riques ha estat adequat<\/td><td class=\"has-text-align-center\" data-align=\"center\">3.42<\/td><\/tr><tr><td class=\"has-text-align-left\" data-align=\"left\">La documentaci\u00f3 que s\u2019ha lliurat ha estat adequada (en cas que s\u2019hagi lliurat)<\/td><td class=\"has-text-align-center\" data-align=\"center\">3.51<\/td><\/tr><tr><td class=\"has-text-align-left\" data-align=\"left\">L\u2019espai on s\u2019ha realitzat l\u2019activitat ha estat adequat<\/td><td class=\"has-text-align-center\" data-align=\"center\">3.54<\/td><\/tr><tr><td class=\"has-text-align-left\" data-align=\"left\"><strong>Puntuaci\u00f3 mitjana total (sobre 4)<\/strong><\/td><td class=\"has-text-align-center\" data-align=\"center\"><strong>3.58<\/strong><\/td><\/tr><\/tbody><\/table><\/figure>\n\n\n\n<p>Destaca l\u2019alta puntuaci\u00f3 donada en tots els \u00edtems, obtenint una puntuaci\u00f3 mitjana general de 3.58 sobre 4, en la l\u00ednia de l&#8217;obtinguda en els cursos anteriors.<\/p>\n\n\n\n<p>D\u2019altra banda, les preguntes de resposta oberta fan refer\u00e8ncia a:<\/p>\n\n\n\n<ul class=\"wp-block-list\">\n<li>Temes sobre els quals interessaria que s\u2019organitz\u00e9s alguna activitat formativa<\/li>\n\n\n\n<li>Propostes i suggeriments de millora per a futures edicions<\/li>\n\n\n\n<li>Aspectes positius a destacar sobre les activitats realitzades<\/li>\n<\/ul>\n\n\n\n<p>En relaci\u00f3 als temes sobre els quals interessaria que s\u2019organitz\u00e9s alguna activitat formativa, s&#8217;esmenten els seg\u00fcents: <\/p>\n\n\n\n<ul class=\"wp-block-list\">\n<li>Metodologies participatives<\/li>\n\n\n\n<li>Aplicacions tecnol\u00f2giques<\/li>\n\n\n\n<li>ODS en la doc\u00e8ncia <\/li>\n\n\n\n<li>Tutoritzaci\u00f3 de treballs de practicum<\/li>\n\n\n\n<li>IA en la doc\u00e8ncia <\/li>\n\n\n\n<li>Salut mental i estudiantat<\/li>\n\n\n\n<li>Avaluaci\u00f3<\/li>\n\n\n\n<li>Tutories<\/li>\n\n\n\n<li>Estad\u00edstica<\/li>\n\n\n\n<li>Programari espec\u00edfic com R o Python <\/li>\n<\/ul>\n\n\n\n<p><\/p>\n\n\n\n<p>En relaci\u00f3 a propostes i suggeriments de millora per a futures edicions, alguns dels comentaris expressats fan refer\u00e8ncia a aspectes com: <\/p>\n\n\n\n<ul class=\"wp-block-list\">\n<li>Ampliar en alguns casos la informaci\u00f3 pr\u00e8via sobre la formaci\u00f3<\/li>\n\n\n\n<li>Lliurar material sobre els continguts de la formaci\u00f3, en els casos en qu\u00e8 no es faci<\/li>\n\n\n\n<li>Incloure activitats pr\u00e0ctiques<\/li>\n\n\n\n<li>Ampliar la durada <\/li>\n\n\n\n<li>Fer la formaci\u00f3 en espais m\u00e9s tipus seminari que no aula tradicional <\/li>\n\n\n\n<li>Espais climatitzats i m\u00e9s adequats per al treball en grup<\/li>\n\n\n\n<li>La puntualitat dels participants<\/li>\n\n\n\n<li>Donar m\u00e9s temps per a debat<\/li>\n<\/ul>\n\n\n\n<p>Finalment, pel que fa a aspectes positius a destacar sobre les activitats realitzades s&#8217;esmenta:<\/p>\n\n\n\n<ul class=\"wp-block-list\">\n<li>La qualitat dels ponents, i la claredat en les seves exposicions<\/li>\n\n\n\n<li>La bona organtizaci\u00f3 de les activitats<\/li>\n\n\n\n<li>El bon clima creat i la participaci\u00f3 dels assistents<\/li>\n\n\n\n<li>El fet d&#8217;implementar un projecte com a part de la formaci\u00f3<\/li>\n\n\n\n<li>L&#8217;actualitat de les propostes<\/li>\n<\/ul>\n\n\n\n<p><\/p>\n\n\n\n<p><\/p>\n\n\n\n<p><\/p>\n","protected":false},"excerpt":{"rendered":"<p>Una vegada finalitzades les activitats, s&#8217;ha enviat als participants una enquesta en l\u00ednia de valoraci\u00f3 de cada activitat.Aquesta enquesta \u00e9s an\u00f2nima i consta de 12 preguntes de resposta tipus Likert (1= Totalment desacord; 4= Totalment d\u2019acord), i quatre preguntes de resposta oberta. En la taula seg\u00fcent es mostren les mitjanes de les puntuacions donades a [&hellip;]<\/p>\n","protected":false},"author":1,"featured_media":0,"parent":15779,"menu_order":0,"comment_status":"closed","ping_status":"closed","template":"","meta":{"footnotes":""},"class_list":["post-16011","page","type-page","status-publish","hentry"],"_links":{"self":[{"href":"https:\/\/iceberg.udg.edu\/index.php?rest_route=\/wp\/v2\/pages\/16011","targetHints":{"allow":["GET"]}}],"collection":[{"href":"https:\/\/iceberg.udg.edu\/index.php?rest_route=\/wp\/v2\/pages"}],"about":[{"href":"https:\/\/iceberg.udg.edu\/index.php?rest_route=\/wp\/v2\/types\/page"}],"author":[{"embeddable":true,"href":"https:\/\/iceberg.udg.edu\/index.php?rest_route=\/wp\/v2\/users\/1"}],"replies":[{"embeddable":true,"href":"https:\/\/iceberg.udg.edu\/index.php?rest_route=%2Fwp%2Fv2%2Fcomments&post=16011"}],"version-history":[{"count":8,"href":"https:\/\/iceberg.udg.edu\/index.php?rest_route=\/wp\/v2\/pages\/16011\/revisions"}],"predecessor-version":[{"id":16727,"href":"https:\/\/iceberg.udg.edu\/index.php?rest_route=\/wp\/v2\/pages\/16011\/revisions\/16727"}],"up":[{"embeddable":true,"href":"https:\/\/iceberg.udg.edu\/index.php?rest_route=\/wp\/v2\/pages\/15779"}],"wp:attachment":[{"href":"https:\/\/iceberg.udg.edu\/index.php?rest_route=%2Fwp%2Fv2%2Fmedia&parent=16011"}],"curies":[{"name":"wp","href":"https:\/\/api.w.org\/{rel}","templated":true}]}}