{"id":16014,"date":"2023-02-27T11:50:34","date_gmt":"2023-02-27T10:50:34","guid":{"rendered":"https:\/\/icebergng.udg.edu\/?page_id=16014"},"modified":"2023-07-21T11:11:55","modified_gmt":"2023-07-21T09:11:55","slug":"valoracio-de-les-activitats-realitzades-per-part-dels-i-les-ponents","status":"publish","type":"page","link":"https:\/\/iceberg.udg.edu\/?page_id=16014","title":{"rendered":"Valoraci\u00f3 de les activitats realitzades per part dels i les ponents"},"content":{"rendered":"\n<p>Una vegada finalitzades les activitats, s\u2019ha enviat de forma on-line als ponents i formadors una enquesta de valoraci\u00f3 sobre la seva col\u00b7laboraci\u00f3.<br>Aquesta enquesta consta de dues preguntes de resposta tipus Likert (1= dolenta; 4= molt bona) i dues preguntes de resposta oberta.<\/p>\n\n\n\n<p>En la taula seg\u00fcent es mostren les mitjanes de les puntuacions donades a les preguntes quantitatives.<\/p>\n\n\n\n<figure class=\"wp-block-table\"><table><tbody><tr><td><strong>PREGUNTA<\/strong><\/td><td><strong>Puntuaci\u00f3 mitjana<\/strong><\/td><\/tr><tr><td>Valori l\u2019organitzaci\u00f3 de l\u2019activitat per part de l\u2019ICE<\/td><td>3.88<\/td><\/tr><tr><td>Valori la din\u00e0mica i la participaci\u00f3 dels assistents<\/td><td>3.61<\/td><\/tr><tr><td><strong>Total<\/strong><\/td><td><strong>3.75<\/strong><\/td><\/tr><\/tbody><\/table><\/figure>\n\n\n\n<p>Les preguntes de resposta oberta fan refer\u00e8ncia als aspectes positius a destacar i les propostes de millora que proposen tenir en compte en properes edicions o activitats que s\u2019organitzin.<\/p>\n\n\n\n<p>A continuaci\u00f3 es detallen alguns dels aspectes positius que s\u2019esmenten:<\/p>\n\n\n\n<ul class=\"wp-block-list\">\n<li>L&#8217;inter\u00e8s i motivaci\u00f3 de la majoria de participants<\/li>\n\n\n\n<li>La possibilitat de poder intercanviar coneixement,la bona predisposici\u00f3 dels participants a compartir inquietuds i dificultats.<\/li>\n\n\n\n<li>La participaci\u00f3 activa i l&#8217;inter\u00e8s dels participants <\/li>\n\n\n\n<li>La bona predisposici\u00f3 dels participants a fer activitats din\u00e0miques.<\/li>\n\n\n\n<li>S&#8217;agraeix l&#8217;organitzaci\u00f3 duta a terme per part de l&#8217;ICE.<\/li>\n\n\n\n<li>La possibilitat de formar el professorat en temes i q\u00fcestions d&#8217;inter\u00e8s i necess\u00e0ries per a dur a terme la seva tasca docent <\/li>\n<\/ul>\n\n\n\n<p>En relaci\u00f3 a les propostes de millora, algunes de les que s&#8217;esmenten s\u00f3n: <\/p>\n\n\n\n<ul class=\"wp-block-list\">\n<li>El fet que alguns dels inscrits no acabin assistint a les sessions.<\/li>\n\n\n\n<li>En alguns casos, gravar les sessions i posar-les a disposici\u00f3 del professorat.<\/li>\n\n\n\n<li>Incloure m\u00e9s din\u00e0miques participatives en algunes sessions.<\/li>\n\n\n\n<li>En alguns casos, procurar fer les sessions en aules m\u00e9s c\u00f2modes.<\/li>\n\n\n\n<li>Disposar de m\u00e9s temps. <\/li>\n\n\n\n<li>En els casos que sigui convenient, intentar organitzar els grups segons nivells dels assistents.<\/li>\n<\/ul>\n\n\n\n<p><\/p>\n","protected":false},"excerpt":{"rendered":"<p>Una vegada finalitzades les activitats, s\u2019ha enviat de forma on-line als ponents i formadors una enquesta de valoraci\u00f3 sobre la seva col\u00b7laboraci\u00f3.Aquesta enquesta consta de dues preguntes de resposta tipus Likert (1= dolenta; 4= molt bona) i dues preguntes de resposta oberta. En la taula seg\u00fcent es mostren les mitjanes de les puntuacions donades a [&hellip;]<\/p>\n","protected":false},"author":1,"featured_media":0,"parent":15779,"menu_order":0,"comment_status":"closed","ping_status":"closed","template":"","meta":{"footnotes":""},"class_list":["post-16014","page","type-page","status-publish","hentry"],"_links":{"self":[{"href":"https:\/\/iceberg.udg.edu\/index.php?rest_route=\/wp\/v2\/pages\/16014","targetHints":{"allow":["GET"]}}],"collection":[{"href":"https:\/\/iceberg.udg.edu\/index.php?rest_route=\/wp\/v2\/pages"}],"about":[{"href":"https:\/\/iceberg.udg.edu\/index.php?rest_route=\/wp\/v2\/types\/page"}],"author":[{"embeddable":true,"href":"https:\/\/iceberg.udg.edu\/index.php?rest_route=\/wp\/v2\/users\/1"}],"replies":[{"embeddable":true,"href":"https:\/\/iceberg.udg.edu\/index.php?rest_route=%2Fwp%2Fv2%2Fcomments&post=16014"}],"version-history":[{"count":4,"href":"https:\/\/iceberg.udg.edu\/index.php?rest_route=\/wp\/v2\/pages\/16014\/revisions"}],"predecessor-version":[{"id":16717,"href":"https:\/\/iceberg.udg.edu\/index.php?rest_route=\/wp\/v2\/pages\/16014\/revisions\/16717"}],"up":[{"embeddable":true,"href":"https:\/\/iceberg.udg.edu\/index.php?rest_route=\/wp\/v2\/pages\/15779"}],"wp:attachment":[{"href":"https:\/\/iceberg.udg.edu\/index.php?rest_route=%2Fwp%2Fv2%2Fmedia&parent=16014"}],"curies":[{"name":"wp","href":"https:\/\/api.w.org\/{rel}","templated":true}]}}