{"id":16023,"date":"2023-02-27T12:04:09","date_gmt":"2023-02-27T11:04:09","guid":{"rendered":"https:\/\/icebergng.udg.edu\/?page_id=16023"},"modified":"2023-07-21T12:59:45","modified_gmt":"2023-07-21T10:59:45","slug":"dades-de-participacio","status":"publish","type":"page","link":"https:\/\/iceberg.udg.edu\/?page_id=16023","title":{"rendered":"Dades de participaci\u00f3"},"content":{"rendered":"\n<h2 class=\"wp-block-heading\" id=\"An\u00e0lisi_dactivitats\">An\u00e0lisis d&#8217;activitats<\/h2>\n\n\n\n<hr class=\"wp-block-separator has-css-opacity\"\/>\n\n\n\n<h4 class=\"wp-block-heading\" id=\"_Activitats_realitzades_segons_\u00e0mbits_tem\u00e0tics\"><a href=\"#bloc-1\" data-type=\"internal\" data-id=\"#bloc-1\"><strong>1. Activitats realitzades segons \u00e0mbit tem\u00e0tics<\/strong><\/a><\/h4>\n\n\n\n<h4 class=\"wp-block-heading\"><a href=\"#bloc-2\"><strong>2. Cursos en l\u00ednia sobre Compet\u00e8ncies B\u00e0siques habilitats a La Meva per a tot el PDI<\/strong><\/a><\/h4>\n\n\n\n<h4 class=\"wp-block-heading\"><a href=\"#bloc-3\"><strong>3. Activitats realitzades segons format<\/strong><\/a><\/h4>\n\n\n\n<h4 class=\"wp-block-heading\"><strong><a href=\"#bloc-4\">4. Participaci\u00f3 en les activitats segons Departament<\/a><\/strong><\/h4>\n\n\n\n<h4 class=\"wp-block-heading\"><strong><a href=\"#bloc-5\">5. Participaci\u00f3 en les activitats segons Facultat o Col\u00b7lectiu<\/a><\/strong><\/h4>\n\n\n\n<h4 class=\"wp-block-heading\"><a href=\"#bloc-6\"><strong>6. Participaci\u00f3 en les activitats segons Categoria<\/strong><\/a><\/h4>\n\n\n\n<hr class=\"wp-block-separator has-css-opacity\"\/>\n\n\n\n<h3 class=\"wp-block-heading\" id=\"bloc-1\">1. Activitats realitzades segons \u00e0mbit tem\u00e0tics<\/h3>\n\n\n\n<figure class=\"wp-block-table is-style-stripes\"><table><tbody><tr><td><strong>\u00c0mbit tem\u00e0tic<\/strong><\/td><td><strong>Activitats<\/strong><\/td><td><strong>Participants<\/strong><\/td><td><strong>Aptes<\/strong><\/td><td><strong>Llista d&#8217;espera<\/strong><\/td><td><\/td><td><strong>Anul\u00b7lats<\/strong><\/td><\/tr><tr><td>Doc\u00e8ncia Universit\u00e0ria<\/td><td>22<\/td><td>622<\/td><td>443<\/td><td>0<\/td><td><\/td><td>58<\/td><\/tr><tr><td>Jornades i Congressos<\/td><td>2<\/td><td>8<\/td><td>8<\/td><td>0<\/td><td><\/td><td>0<\/td><\/tr><tr><td>Metodologies Docents<\/td><td>14<\/td><td>181<\/td><td>141<\/td><td>1<\/td><td><\/td><td>17<\/td><\/tr><tr><td>Recerca<\/td><td>2<\/td><td>46<\/td><td>38<\/td><td>0<\/td><td><\/td><td>13<\/td><\/tr><tr><td>Recursos Docents<\/td><td>19<\/td><td>427<\/td><td>378<\/td><td>41<\/td><td><\/td><td>44<\/td><\/tr><tr><td>Salut Laboral<\/td><td>1<\/td><td>16<\/td><td>12<\/td><td>0<\/td><td><\/td><td>2<\/td><\/tr><tr><td>TIC<\/td><td>5<\/td><td>82<\/td><td>72<\/td><td>0<\/td><td><\/td><td>1<\/td><\/tr><tr><td><strong>Total<\/strong><\/td><td><strong>65<\/strong><\/td><td><strong>1385<\/strong><\/td><td><strong>1092<\/strong><\/td><td><strong>42<\/strong><\/td><td><\/td><td><strong>135<\/strong><\/td><\/tr><\/tbody><\/table><\/figure>\n\n\n\n<h3 class=\"wp-block-heading\" id=\"bloc-2\">2. Cursos en l\u00ednia sobre Compet\u00e8ncies B\u00e0siques habilitats a La Meva per a tot el PDI<\/h3>\n\n\n\n<figure class=\"wp-block-table is-style-stripes\"><table><tbody><tr><td><strong>Nom<\/strong><\/td><td class=\"has-text-align-center\" data-align=\"center\"><strong>Participants<\/strong><\/td><\/tr><tr><td>Conceptes b\u00e0sics de la plataforma Microsoft Teams<\/td><td class=\"has-text-align-center\" data-align=\"center\">37<\/td><\/tr><tr><td>Entorn UdG: qu\u00e8 \u00e9s el que has de saber?<\/td><td class=\"has-text-align-center\" data-align=\"center\">39<\/td><\/tr><tr><td>Moodle a l&#8217;abast: nivell b\u00e0sic<\/td><td class=\"has-text-align-center\" data-align=\"center\">45<\/td><\/tr><tr><td>\u00das de la plataforma Blockboard Collaborate<\/td><td class=\"has-text-align-center\" data-align=\"center\">36<\/td><\/tr><tr><td>\u00das de la plataforma Google Meet<\/td><td class=\"has-text-align-center\" data-align=\"center\">36<\/td><\/tr><tr><td><strong>Total<\/strong><\/td><td class=\"has-text-align-center\" data-align=\"center\"><strong>193<\/strong><\/td><\/tr><\/tbody><\/table><\/figure>\n\n\n\n<h3 class=\"wp-block-heading\" id=\"bloc-3\">3. Activitats segons format<\/h3>\n\n\n\n<figure class=\"wp-block-table is-style-stripes\"><table><tbody><tr><td><strong>Format<\/strong><\/td><td class=\"has-text-align-center\" data-align=\"center\"><strong>Activitats<\/strong><\/td><\/tr><tr><td>Presencial<\/td><td class=\"has-text-align-center\" data-align=\"center\">46<\/td><\/tr><tr><td>Semipresencial<\/td><td class=\"has-text-align-center\" data-align=\"center\">3<\/td><\/tr><tr><td>Virtual<\/td><td class=\"has-text-align-center\" data-align=\"center\">16<\/td><\/tr><tr><td><strong>Total<\/strong><\/td><td class=\"has-text-align-center\" data-align=\"center\"><strong>65<\/strong><\/td><\/tr><\/tbody><\/table><\/figure>\n\n\n\n<h3 class=\"wp-block-heading\" id=\"bloc-4\">4. Participaci\u00f3 en les activitats segons Departament<\/h3>\n\n\n\n<figure class=\"wp-block-table is-style-stripes\"><table><tbody><tr><td><strong>Departament<\/strong><\/td><td class=\"has-text-align-center\" data-align=\"center\"><strong>Participants<\/strong><\/td><\/tr><tr><td>Arquitectura i Enginyeria de la Construcci\u00f3<\/td><td class=\"has-text-align-center\" data-align=\"center\">16<\/td><\/tr><tr><td>Arquitectura i Tecnologia de Computadors<\/td><td class=\"has-text-align-center\" data-align=\"center\">16<\/td><\/tr><tr><td>\u00c0rea de Comunicaci\u00f3 i Relacions Institucionals<\/td><td class=\"has-text-align-center\" data-align=\"center\">1<\/td><\/tr><tr><td>\u00c0rea d&#8217;Estudis T\u00e8cnics<\/td><td class=\"has-text-align-center\" data-align=\"center\">2<\/td><\/tr><tr><td>Biologia<\/td><td class=\"has-text-align-center\" data-align=\"center\">93<\/td><\/tr><tr><td>Biblioteca<\/td><td class=\"has-text-align-center\" data-align=\"center\">23<\/td><\/tr><tr><td>Ci\u00e8ncies Ambientals<\/td><td class=\"has-text-align-center\" data-align=\"center\">19<\/td><\/tr><tr><td>Ci\u00e8ncies M\u00e8diques<\/td><td class=\"has-text-align-center\" data-align=\"center\">75<\/td><\/tr><tr><td>Did\u00e0ctiques Espec\u00edfiques<\/td><td class=\"has-text-align-center\" data-align=\"center\">73<\/td><\/tr><tr><td>Dret Privat<\/td><td class=\"has-text-align-center\" data-align=\"center\">26<\/td><\/tr><tr><td>Dret P\u00fablic<\/td><td class=\"has-text-align-center\" data-align=\"center\">59<\/td><\/tr><tr><td>Economia<\/td><td class=\"has-text-align-center\" data-align=\"center\">56<\/td><\/tr><tr><td>Enginyeria El\u00e8ctrica, Electr\u00f2nica i Autom\u00e0tica<\/td><td class=\"has-text-align-center\" data-align=\"center\">22<\/td><\/tr><tr><td>Empresa<\/td><td class=\"has-text-align-center\" data-align=\"center\">25<\/td><\/tr><tr><td>Enginyeria Mec\u00e0nica i de la Construcci\u00f3 Industrial<\/td><td class=\"has-text-align-center\" data-align=\"center\">29<\/td><\/tr><tr><td>Enginyeria Qu\u00edmica, Agr\u00e0ria i Tecnologia Agroaliment\u00e0ria<\/td><td class=\"has-text-align-center\" data-align=\"center\">62<\/td><\/tr><tr><td>F\u00edsica<\/td><td class=\"has-text-align-center\" data-align=\"center\">23<\/td><\/tr><tr><td>Filologia i Comunicaci\u00f3<\/td><td class=\"has-text-align-center\" data-align=\"center\">49<\/td><\/tr><tr><td>Filosofia<\/td><td class=\"has-text-align-center\" data-align=\"center\">5<\/td><\/tr><tr><td>Geografia<\/td><td class=\"has-text-align-center\" data-align=\"center\">15<\/td><\/tr><tr><td>Hist\u00f2ria i Hist\u00f2ria de l\u2019Art<\/td><td class=\"has-text-align-center\" data-align=\"center\">55<\/td><\/tr><tr><td>Infermeria<\/td><td class=\"has-text-align-center\" data-align=\"center\">115<\/td><\/tr><tr><td>Institut d\u2019Ecologia Aqu\u00e0tica<\/td><td class=\"has-text-align-center\" data-align=\"center\">15<\/td><\/tr><tr><td>Inform\u00e0tica, Matem\u00e0tica Aplicada i Estad\u00edstica<\/td><td class=\"has-text-align-center\" data-align=\"center\">41<\/td><\/tr><tr><td>Institut de Ci\u00e8ncies de l&#8217;Educaci\u00f3 Josep Pallach i de Lleng\u00fces Modernes<\/td><td class=\"has-text-align-center\" data-align=\"center\">17<\/td><\/tr><tr><td>Oficina d&#8217;Investigaci\u00f3 i Transfer\u00e8ncia Tecnol\u00f2gica<\/td><td class=\"has-text-align-center\" data-align=\"center\">3<\/td><\/tr><tr><td>Organitzaci\u00f3, Gesti\u00f3 Empresarial i Disseny del Producte<\/td><td class=\"has-text-align-center\" data-align=\"center\">58<\/td><\/tr><tr><td>Pedagogia<\/td><td class=\"has-text-align-center\" data-align=\"center\">92<\/td><\/tr><tr><td>Psicologia<\/td><td class=\"has-text-align-center\" data-align=\"center\">49<\/td><\/tr><tr><td>Qu\u00edmica<\/td><td class=\"has-text-align-center\" data-align=\"center\">79<\/td><\/tr><tr><td>Servei de Sistemes d\u2019Informaci\u00f3 Geogr\u00e0fia i Teledetecci\u00f3<\/td><td class=\"has-text-align-center\" data-align=\"center\">1<\/td><\/tr><tr><td>Centre Adscrit: Escola Universit\u00e0ria de la Salut i l\u2019Esport (EUSES)<\/td><td class=\"has-text-align-center\" data-align=\"center\">28<\/td><\/tr><tr><td>Centre Adscrit: Escola Universit\u00e0ria Mediterrani<\/td><td class=\"has-text-align-center\" data-align=\"center\">43<\/td><\/tr><tr><td>Centre Adscrit: Escola Universit\u00e0ria de les Arts (ERAM)<\/td><td class=\"has-text-align-center\" data-align=\"center\">6<\/td><\/tr><tr><td>Altres<\/td><td class=\"has-text-align-center\" data-align=\"center\">90<\/td><\/tr><tr><td><strong>Total<\/strong><\/td><td class=\"has-text-align-center\" data-align=\"center\"><strong>1385<\/strong><\/td><\/tr><\/tbody><\/table><\/figure>\n\n\n\n<h3 class=\"wp-block-heading\" id=\"bloc-5\">5. Participaci\u00f3 en les activitats segons Facultat o Col\u00b7lectiu<\/h3>\n\n\n\n<figure class=\"wp-block-table is-style-stripes\"><table><tbody><tr><td><strong>Facultat \/ Col\u00b7lectiu<\/strong><\/td><td class=\"has-text-align-center\" data-align=\"center\"><strong>Participants<\/strong><\/td><\/tr><tr><td>Doctorat<\/td><td class=\"has-text-align-center\" data-align=\"center\">3<\/td><\/tr><tr><td>Escola Polit\u00e8cnica Superior<\/td><td class=\"has-text-align-center\" data-align=\"center\">227<\/td><\/tr><tr><td>Facultat de Ci\u00e8ncies<\/td><td class=\"has-text-align-center\" data-align=\"center\">209<\/td><\/tr><tr><td>Facultat d\u2019Educaci\u00f3 i Psicologia<\/td><td class=\"has-text-align-center\" data-align=\"center\">222<\/td><\/tr><tr><td>Facultat de Dret<\/td><td class=\"has-text-align-center\" data-align=\"center\">94<\/td><\/tr><tr><td>Facultat de Ci\u00e8ncies Econ\u00f2miques i Empresarials<\/td><td class=\"has-text-align-center\" data-align=\"center\">63<\/td><\/tr><tr><td>Facultat d\u2019Infermeria<\/td><td class=\"has-text-align-center\" data-align=\"center\">123<\/td><\/tr><tr><td>Facultat de Lletres<\/td><td class=\"has-text-align-center\" data-align=\"center\">96<\/td><\/tr><tr><td>Facultat de Medicina<\/td><td class=\"has-text-align-center\" data-align=\"center\">91<\/td><\/tr><tr><td>Facultat de Turisme<\/td><td class=\"has-text-align-center\" data-align=\"center\">63<\/td><\/tr><tr><td>Centre Adscrit: Escola Universit\u00e0ria de la Salut i l\u2019Esport (EUSES)<\/td><td class=\"has-text-align-center\" data-align=\"center\">28<\/td><\/tr><tr><td>Centre Adscrit: Escola Universit\u00e0ria Mediterrani<\/td><td class=\"has-text-align-center\" data-align=\"center\">31<\/td><\/tr><tr><td>Centre Adscrit: Escola Universit\u00e0ria de les Arts (ERAM)<\/td><td class=\"has-text-align-center\" data-align=\"center\">6<\/td><\/tr><tr><td>Centre Adscrit: Escola Universitaria d&#8217;Hosteleria i Turisme<\/td><td class=\"has-text-align-center\" data-align=\"center\">7<\/td><\/tr><tr><td>Centre Adscrit: Escola Universitaria FORMATIC<\/td><td class=\"has-text-align-center\" data-align=\"center\">1<\/td><\/tr><tr><td>Altres<\/td><td class=\"has-text-align-center\" data-align=\"center\">117<\/td><\/tr><tr><td><strong>Total<\/strong><\/td><td class=\"has-text-align-center\" data-align=\"center\"><strong>1385<\/strong><\/td><\/tr><\/tbody><\/table><\/figure>\n\n\n\n<h3 class=\"wp-block-heading\" id=\"bloc-6\">6.  Participaci\u00f3 en les activitats segons Categoria <\/h3>\n\n\n\n<figure class=\"wp-block-table is-style-stripes\"><table><tbody><tr><td><strong>Categoria<\/strong><\/td><td class=\"has-text-align-center\" data-align=\"center\"><strong>Participants<\/strong><\/td><\/tr><tr><td>Professorat associat<\/td><td class=\"has-text-align-center\" data-align=\"center\">392<\/td><\/tr><tr><td>Professorat a temps complert<\/td><td class=\"has-text-align-center\" data-align=\"center\">616<\/td><\/tr><tr><td>Becaris\/Bec\u00e0ries<\/td><td class=\"has-text-align-center\" data-align=\"center\">200<\/td><\/tr><tr><td>Altres<\/td><td class=\"has-text-align-center\" data-align=\"center\">177<\/td><\/tr><tr><td><strong>Total<\/strong><\/td><td class=\"has-text-align-center\" data-align=\"center\"><strong>1385<\/strong><\/td><\/tr><\/tbody><\/table><\/figure>\n","protected":false},"excerpt":{"rendered":"<p>An\u00e0lisis d&#8217;activitats 1. Activitats realitzades segons \u00e0mbit tem\u00e0tics 2. Cursos en l\u00ednia sobre Compet\u00e8ncies B\u00e0siques habilitats a La Meva per a tot el PDI 3. Activitats realitzades segons format 4. Participaci\u00f3 en les activitats segons Departament 5. Participaci\u00f3 en les activitats segons Facultat o Col\u00b7lectiu 6. Participaci\u00f3 en les activitats segons Categoria 1. Activitats realitzades [&hellip;]<\/p>\n","protected":false},"author":1,"featured_media":0,"parent":15703,"menu_order":0,"comment_status":"closed","ping_status":"closed","template":"","meta":{"footnotes":""},"class_list":["post-16023","page","type-page","status-publish","hentry"],"_links":{"self":[{"href":"https:\/\/iceberg.udg.edu\/index.php?rest_route=\/wp\/v2\/pages\/16023","targetHints":{"allow":["GET"]}}],"collection":[{"href":"https:\/\/iceberg.udg.edu\/index.php?rest_route=\/wp\/v2\/pages"}],"about":[{"href":"https:\/\/iceberg.udg.edu\/index.php?rest_route=\/wp\/v2\/types\/page"}],"author":[{"embeddable":true,"href":"https:\/\/iceberg.udg.edu\/index.php?rest_route=\/wp\/v2\/users\/1"}],"replies":[{"embeddable":true,"href":"https:\/\/iceberg.udg.edu\/index.php?rest_route=%2Fwp%2Fv2%2Fcomments&post=16023"}],"version-history":[{"count":18,"href":"https:\/\/iceberg.udg.edu\/index.php?rest_route=\/wp\/v2\/pages\/16023\/revisions"}],"predecessor-version":[{"id":16723,"href":"https:\/\/iceberg.udg.edu\/index.php?rest_route=\/wp\/v2\/pages\/16023\/revisions\/16723"}],"up":[{"embeddable":true,"href":"https:\/\/iceberg.udg.edu\/index.php?rest_route=\/wp\/v2\/pages\/15703"}],"wp:attachment":[{"href":"https:\/\/iceberg.udg.edu\/index.php?rest_route=%2Fwp%2Fv2%2Fmedia&parent=16023"}],"curies":[{"name":"wp","href":"https:\/\/api.w.org\/{rel}","templated":true}]}}