{"id":16030,"date":"2023-02-27T12:10:18","date_gmt":"2023-02-27T11:10:18","guid":{"rendered":"https:\/\/icebergng.udg.edu\/?page_id=16030"},"modified":"2024-07-09T14:05:39","modified_gmt":"2024-07-09T12:05:39","slug":"innovacio-docent-i-recursos-digitals","status":"publish","type":"page","link":"https:\/\/iceberg.udg.edu\/?page_id=16030","title":{"rendered":"Innovaci\u00f3 docent i recursos digitals"},"content":{"rendered":"\n<p>Durant el curs 2023-2024 s\u2019han dut a terme diverses actuacions que relacionen la innovaci\u00f3 docent i els recursos digitals.<\/p>\n\n\n\n<p>En general, aquestes actuacions es centren en:<\/p>\n\n\n\n<ol class=\"wp-block-list\" type=\"1\">\n<li>Assessorament i atenci\u00f3 a la doc\u00e8ncia i a l\u2019avaluaci\u00f3<\/li>\n\n\n\n<li>Sala de gravaci\u00f3 de l\u2019ICE<\/li>\n\n\n\n<li>Coordinaci\u00f3 amb el Servei Inform\u00e0tic de la UdG<\/li>\n\n\n\n<li>Projecte openUdG<\/li>\n\n\n\n<li>Participaci\u00f3 en els projectes interuniversitaris relacionats amb la Compet\u00e8ncia Digital Docent <\/li>\n\n\n\n<li>Actualitzaci\u00f3 i manteniment d&#8217;un curs sobre recursos digitals per a la doc\u00e8ncia<\/li>\n<\/ol>\n\n\n\n<p>Publicaci\u00f3 de recursos digitals al butllet\u00ed de l&#8217;ice<\/p>\n\n\n\n<p>pensar nous recursos digitals per a la udg: panopto, compilatio, readspeaker<\/p>\n\n\n\n<p><strong>1. Assessorament i atenci\u00f3 a la doc\u00e8ncia i a l\u2019avaluaci\u00f3<\/strong><\/p>\n\n\n\n<p>En general, tot i que al llarg del curs es dona atenci\u00f3 individualitzada sobre Moodle i recursos digitals, les consultes s\u2019incrementen en els inicis i finals dels semestres docents. A l\u2019inici dels semestres les consultes van lligades a l\u2019organitzaci\u00f3 de les assignatures dins l\u2019entorn Moodle i a estructurar la doc\u00e8ncia virtual. Al final dels semestres les consultes es centren en la gesti\u00f3 de l\u2019avaluaci\u00f3 i en com vincular Moodle i actes de forma efectiva.<\/p>\n\n\n\n<p>Els eixos b\u00e0sics d\u2019actuaci\u00f3 han sigut:<\/p>\n\n\n\n<ul class=\"wp-block-list\">\n<li>Suport i atenci\u00f3 personalitzada a tot el PDI de la UdG. Aquesta atenci\u00f3 s\u2019ha fet, majorit\u00e0riament, en format telef\u00f2nic i per videoconfer\u00e8ncia.<\/li>\n\n\n\n<li>Gesti\u00f3 de recursos de suport aut\u00f2nom. Hi destaquen, especialment, el manteniment i ampliaci\u00f3 del&nbsp;<a href=\"http:\/\/bit.ly\/tutorialudgmoodle\"><strong>curs tutorial en l\u00ednia sobre Moodle<\/strong><\/a> (aquest curs deixar\u00e0 de ser accessible a principis del curs 2023-2024 degut a la seva adaptaci\u00f3 a Moodle 4) .<\/li>\n\n\n\n<li>Oferta de recursos \u00fatils per als estudis semipresencials. Es fa a trav\u00e9s de l\u2019espai web de l\u2019ICEberg (<a href=\"https:\/\/iceberg.udg.edu\/\"><strong>https:\/\/iceberg.udg.edu<\/strong><\/a>) i t\u00e9 la intenci\u00f3 de fer descobrir diverses eines i recursos tecnol\u00f2gics que el professorat pot utilitzar en la seva doc\u00e8ncia. Queden recollits a l\u2019apartat de&nbsp;<strong>Recursos<\/strong>.<\/li>\n\n\n\n<li>Formaci\u00f3 espec\u00edfica en l\u2019avaluaci\u00f3 des de Moodle, preparar l\u2019assignatura de Moodle i sobre eines telem\u00e0tiques per a un aprenentatge en l\u00ednia.<\/li>\n<\/ul>\n\n\n\n<p><em>Consolidaci\u00f3 del JIRA de Moodle<\/em><\/p>\n\n\n\n<p>A partir del curs 2023-2024 les consultes sobre l&#8217;entorn Moodle (i sobre l&#8217;\u00fas d&#8217;altres recursos digitals docents) es far\u00e0 a trav\u00e9s de la plataforma JIRA, que \u00e9s el mateix sistema utilitzat per la UdG per gestionar les incid\u00e8ncies inform\u00e0tiques. Es preveu que aquest nou sistema centralitzi totes les consultes i se&#8217;n pugui fer un seguiment m\u00e9s acurat. Durant aquesta darrera etapa del present curs, s&#8217;ha configurat i provat aquest nou sistema d&#8217;incid\u00e8ncies sobre Moodle.<\/p>\n\n\n\n<p><strong>2. Sala de gravaci\u00f3 de l\u2019ICE<\/strong><\/p>\n\n\n\n<p>Durant aquest curs s\u2019ha seguit consolidant la sala de gravaci\u00f3 que ha vist com va augmentat el nombre de reserves. Les tasques relacionades amb aquesta sala de gravaci\u00f3 han estat relacionades amb:<\/p>\n\n\n\n<ul class=\"wp-block-list\">\n<li>Configuraci\u00f3 dels diversos ordinadors i aparells.<\/li>\n\n\n\n<li>Gesti\u00f3 de les reserves.<\/li>\n\n\n\n<li>Formaci\u00f3 i coordinaci\u00f3 amb els becaris que donen suport a la sala.<\/li>\n<\/ul>\n\n\n\n<p>Compra de nou material<\/p>\n\n\n\n<p><strong>3. Coordinaci\u00f3 amb el Servei Inform\u00e0tic de la UdG<\/strong><\/p>\n\n\n\n<p>\u00c9s important tenir un contacte constant amb les persones del Servei Inform\u00e0tic de la UdG que tenen la tasca de mantenir la plataforma virtual d\u2019ensenyament i aprenentatge Moodle. En aquest sentit es pot destacar:<\/p>\n\n\n\n<ul class=\"wp-block-list\">\n<li>Fer de pont entre el PDI i el Servei Inform\u00e0tic per detectar les necessitats del professorat i tamb\u00e9 per donar resposta i soluci\u00f3 a problemes o mancances globals de la plataforma.<\/li>\n\n\n\n<li>Determinar quines s\u00f3n les millores (tant t\u00e8cniques com did\u00e0ctiques) que es poden aplicar a la plataforma per garantir un millor funcionament i estabilitat ,i per oferir el m\u00e0xim de recursos docents al professorat.<\/li>\n\n\n\n<li>Acordar conjuntament les millors dates per a l\u2019actualitzaci\u00f3 de la plataforma.<\/li>\n\n\n\n<li>Durant el final de curs ha pres molta import\u00e0ncia el canvi de versi\u00f3 de Moodle (de la 3.11 a la 4.1). Aquest fet ha demanat una atenci\u00f3 especial en provar la nova versi\u00f3 i adaptar-la a les necessitats de la nostra universitat.<\/li>\n<\/ul>\n\n\n\n<p><strong>4. Projecte openUdG<\/strong><\/p>\n\n\n\n<p>Els cursos i assignatures de curr\u00edculum que s\u2019ofereixen des de la plataforma Moodle de la UdG nom\u00e9s s\u00f3n accessibles per a totes aquelles persones que gaudeixen d\u2019un perfil propi de la UdG. Ja fa uns anys que s\u2019havia detectat la necessitat de gaudir d\u2019un espai on el professorat de la UdG pogu\u00e9s oferir cursos i formacions obertes a persones que no tinguessin perfil UdG.<\/p>\n\n\n\n<p>Durant el curs 2020-2021 es va explorar la possibilitat de gaudir d\u2019un espai propi de la UdG per poder allotjar tota aquella oferta que naixia de professorat de la UdG o de projectes on hi participava la comunitat UdG. Despr\u00e9s d\u2019una valoraci\u00f3 conjunta per part del Servei Inform\u00e0tic i pels vicerectorats de Doc\u00e8ncia i Planificaci\u00f3 Acad\u00e8mica, de Qualitat i Transpar\u00e8ncia i de Comunicaci\u00f3 i Relacions exteriors, es va acordar donar llum verda al projecte. Es va recuperar el nom d\u2019openUdG per donar a entendre que es tracta d\u2019un espai de la UdG obert al m\u00f3n.<\/p>\n\n\n\n<p>Durant aquest curs 2022-2023 aquesta plataforma ha allotjat diversos cursos destinats a col\u00b7lectius de la UdG i d&#8217;altres universitats.<\/p>\n\n\n\n<p><strong>5. Participaci\u00f3 en projectes interuniversitaris <\/strong><\/p>\n\n\n\n<p>Dins el marc europeu del desenvolupament de la compet\u00e8ncia digital docent (DigCompEdu) s&#8217;est\u00e0 participant en tres projectes universitaris:<\/p>\n\n\n\n<ul class=\"wp-block-list\">\n<li>Disseny i coordinaci\u00f3 de la formaci\u00f3 dels nivells A2 i B1 sobre la compet\u00e8ncia digital per a tot el professorat de la UdG; aquesta tasca es treballa de forma conjunta entre totes les universitats catalanes. L&#8217;elaboraci\u00f3 de la formaci\u00f3 s&#8217;ha encarregat a una empresa externa.<\/li>\n\n\n\n<li>Disseny i coordinaci\u00f3 de la formaci\u00f3 dels nivells A2 i B1 a nivell d&#8217;estat espanyol. Des de l&#8217;ICE hem coordinat la creaci\u00f3 dels seg\u00fcents cursos i s&#8217;ha encarregat la seva elaboraci\u00f3 a diversos professionals:\n<ul class=\"wp-block-list\">\n<li>Moodle a l&#8217;abast; adaptat a la versi\u00f3 4 d&#8217;aquesta plataforma,<\/li>\n\n\n\n<li>Gravaci\u00f3 de v\u00eddeos docents,<\/li>\n\n\n\n<li>Elaboraci\u00f3 de portafolis digitals,<\/li>\n\n\n\n<li>Avaluaci\u00f3 utilitzant eines digitals,<\/li>\n\n\n\n<li>Recursos digitals per a la doc\u00e8ncia (elaboraci\u00f3 des de l&#8217;ICE)<\/li>\n\n\n\n<li>\u00das de la Intel\u00b7lig\u00e8ncia Artificial en doc\u00e8ncia<\/li>\n<\/ul>\n<\/li>\n\n\n\n<li>Anal\u00edtiques d&#8217;Aprenentatge; en aquest cas, es fa conjuntament amb universitats catalanes i algunes de l&#8217;estat espanyol.<\/li>\n<\/ul>\n\n\n\n<p><strong>6. Actualitzaci\u00f3 i manteniment d&#8217;un curs sobre recursos digitals per a la doc\u00e8ncia<\/strong><\/p>\n\n\n\n<p>Des de l&#8217;ICE s&#8217;ha creat aquest curs que forma part dels cursos que la UdG oferir\u00e0 en el marc de la participaci\u00f3 en projectes interuniversitaris (descrits en el punt 5)<\/p>\n\n\n\n<p><\/p>\n\n\n\n<p><\/p>\n\n\n\n<p><\/p>\n","protected":false},"excerpt":{"rendered":"<p>Durant el curs 2023-2024 s\u2019han dut a terme diverses actuacions que relacionen la innovaci\u00f3 docent i els recursos digitals. En general, aquestes actuacions es centren en: Publicaci\u00f3 de recursos digitals al butllet\u00ed de l&#8217;ice pensar nous recursos digitals per a la udg: panopto, compilatio, readspeaker 1. Assessorament i atenci\u00f3 a la doc\u00e8ncia i a l\u2019avaluaci\u00f3 [&hellip;]<\/p>\n","protected":false},"author":1,"featured_media":0,"parent":15703,"menu_order":0,"comment_status":"closed","ping_status":"closed","template":"","meta":{"footnotes":""},"class_list":["post-16030","page","type-page","status-publish","hentry"],"_links":{"self":[{"href":"https:\/\/iceberg.udg.edu\/index.php?rest_route=\/wp\/v2\/pages\/16030","targetHints":{"allow":["GET"]}}],"collection":[{"href":"https:\/\/iceberg.udg.edu\/index.php?rest_route=\/wp\/v2\/pages"}],"about":[{"href":"https:\/\/iceberg.udg.edu\/index.php?rest_route=\/wp\/v2\/types\/page"}],"author":[{"embeddable":true,"href":"https:\/\/iceberg.udg.edu\/index.php?rest_route=\/wp\/v2\/users\/1"}],"replies":[{"embeddable":true,"href":"https:\/\/iceberg.udg.edu\/index.php?rest_route=%2Fwp%2Fv2%2Fcomments&post=16030"}],"version-history":[{"count":6,"href":"https:\/\/iceberg.udg.edu\/index.php?rest_route=\/wp\/v2\/pages\/16030\/revisions"}],"predecessor-version":[{"id":17991,"href":"https:\/\/iceberg.udg.edu\/index.php?rest_route=\/wp\/v2\/pages\/16030\/revisions\/17991"}],"up":[{"embeddable":true,"href":"https:\/\/iceberg.udg.edu\/index.php?rest_route=\/wp\/v2\/pages\/15703"}],"wp:attachment":[{"href":"https:\/\/iceberg.udg.edu\/index.php?rest_route=%2Fwp%2Fv2%2Fmedia&parent=16030"}],"curies":[{"name":"wp","href":"https:\/\/api.w.org\/{rel}","templated":true}]}}