{"id":16608,"date":"2023-07-05T10:42:06","date_gmt":"2023-07-05T08:42:06","guid":{"rendered":"https:\/\/icebergng.udg.edu\/?page_id=16608"},"modified":"2023-07-20T10:42:44","modified_gmt":"2023-07-20T08:42:44","slug":"xarxa-eme","status":"publish","type":"page","link":"https:\/\/iceberg.udg.edu\/?page_id=16608","title":{"rendered":"Jornada d\u2019English Medium Education"},"content":{"rendered":"\n<p>La Xarxa d\u2019Innovaci\u00f3 Docent English as a Medium of Education (EME) va proposar aquesta jornada amb l\u2019objectiu d\u2019estimular la reflexi\u00f3 i la discussi\u00f3 sobre l&#8217;\u00fas de l\u2019angl\u00e8s a les classes universit\u00e0ries. El creixent inter\u00e8s en la doc\u00e8ncia en angl\u00e8s a la universitat \u00e9s un fenomen global, vinculat a la internacionalitzaci\u00f3 de l\u2019educaci\u00f3 superior. El fenomen ens planteja preguntes i debats que es van tractar al llarg de la jornada amb un objectiu doble: conscienciar-nos m\u00e9s sobre els temes claus d\u2019aquest fenomen internacional i reflexionar sobre la nostra pr\u00f2pia pr\u00e0ctica docent.<\/p>\n\n\n\n<p>La pon\u00e8ncia principal va ser a c\u00e0rrec de la Dra. Nicola Galloway, Senior Lecturer, University of Glasgow.  <\/p>\n\n\n\n<p>Hi van participar prop de 40 professors i professores de la UdG. <\/p>\n\n\n\n<hr class=\"wp-block-separator has-alpha-channel-opacity\"\/>\n\n\n\n<p><strong>Programa:<\/strong><\/p>\n\n\n\n<ul class=\"wp-block-list\">\n<li>08:45 &#8211; 09:15 Recepci\u00f3 participants<\/li>\n<\/ul>\n\n\n\n<ul class=\"wp-block-list\">\n<li>09:15 &#8211; 09:30 Inauguraci\u00f3<\/li>\n<\/ul>\n\n\n\n<ul class=\"wp-block-list\">\n<li>09:30 &#8211; 10:30 Opening Plenary \u201cEME as Aladdin\u2019s magic lamp\u201d <strong>Dr. Nicola Galloway, University of Glasgow<\/strong><\/li>\n<\/ul>\n\n\n\n<ul class=\"wp-block-list\">\n<li>10:30 &#8211; 11:00 Pausa caf\u00e8<\/li>\n<\/ul>\n\n\n\n<ul class=\"wp-block-list\">\n<li>11:00 &#8211; 12:30 Tallers\u201c I aqu\u00ed com ho portem? Reflecting on own practice and beliefs\u201d<\/li>\n<\/ul>\n\n\n\n<ul class=\"wp-block-list\">\n<li>12:30 &#8211; 13:45 Symposium\/Taula Rodona \u201cEnglish Medium Education at the University of Girona\u201d Moderadora S\u00edlvia Aznar\n<ul class=\"wp-block-list\">\n<li>La xarxa d\u2019innovaci\u00f3 com a catalitzadora de canvi: col\u00b7laboraci\u00f3 entre facultats i serveis\u00a0<br>A c\u00e0rrec d\u2019Andreu Pulido i Gl\u00f2ria Ferrer (Servei de Lleng\u00fces i XiD EME)<\/li>\n\n\n\n<li>Sharing experiences: ongoing professional development &amp; EME research&nbsp;<br>A c\u00e0rrec de&nbsp;Gl\u00f2ria Mateu, M\u00f2nica Punt\u00ed i Marc Yeste (membres de la XiD EME)&nbsp;<\/li>\n\n\n\n<li>Presentation of EME Handbook\u00a0<br>A c\u00e0rrec de\u00a0Julie Waddington (coordinadora de la XiD EME)<\/li>\n<\/ul>\n<\/li>\n<\/ul>\n\n\n\n<ul class=\"wp-block-list\">\n<li>13:45 &#8211; 14:00 Cloenda<\/li>\n<\/ul>\n\n\n\n<p><a href=\"https:\/\/esdeveniments.udg.edu\/99991\/detail\/jornada-drenglish-medium-education.html\" data-type=\"URL\" data-id=\"https:\/\/esdeveniments.udg.edu\/99991\/detail\/jornada-drenglish-medium-education.html\" target=\"_blank\" rel=\"noreferrer noopener\">Veure m\u00e9s informaci\u00f3 de la jornada<\/a><\/p>\n","protected":false},"excerpt":{"rendered":"<p>La Xarxa d\u2019Innovaci\u00f3 Docent English as a Medium of Education (EME) va proposar aquesta jornada amb l\u2019objectiu d\u2019estimular la reflexi\u00f3 i la discussi\u00f3 sobre l&#8217;\u00fas de l\u2019angl\u00e8s a les classes universit\u00e0ries. El creixent inter\u00e8s en la doc\u00e8ncia en angl\u00e8s a la universitat \u00e9s un fenomen global, vinculat a la internacionalitzaci\u00f3 de l\u2019educaci\u00f3 superior. El fenomen [&hellip;]<\/p>\n","protected":false},"author":1,"featured_media":0,"parent":15782,"menu_order":0,"comment_status":"closed","ping_status":"closed","template":"","meta":{"footnotes":""},"class_list":["post-16608","page","type-page","status-publish","hentry"],"_links":{"self":[{"href":"https:\/\/iceberg.udg.edu\/index.php?rest_route=\/wp\/v2\/pages\/16608","targetHints":{"allow":["GET"]}}],"collection":[{"href":"https:\/\/iceberg.udg.edu\/index.php?rest_route=\/wp\/v2\/pages"}],"about":[{"href":"https:\/\/iceberg.udg.edu\/index.php?rest_route=\/wp\/v2\/types\/page"}],"author":[{"embeddable":true,"href":"https:\/\/iceberg.udg.edu\/index.php?rest_route=\/wp\/v2\/users\/1"}],"replies":[{"embeddable":true,"href":"https:\/\/iceberg.udg.edu\/index.php?rest_route=%2Fwp%2Fv2%2Fcomments&post=16608"}],"version-history":[{"count":2,"href":"https:\/\/iceberg.udg.edu\/index.php?rest_route=\/wp\/v2\/pages\/16608\/revisions"}],"predecessor-version":[{"id":16692,"href":"https:\/\/iceberg.udg.edu\/index.php?rest_route=\/wp\/v2\/pages\/16608\/revisions\/16692"}],"up":[{"embeddable":true,"href":"https:\/\/iceberg.udg.edu\/index.php?rest_route=\/wp\/v2\/pages\/15782"}],"wp:attachment":[{"href":"https:\/\/iceberg.udg.edu\/index.php?rest_route=%2Fwp%2Fv2%2Fmedia&parent=16608"}],"curies":[{"name":"wp","href":"https:\/\/api.w.org\/{rel}","templated":true}]}}