{"id":16641,"date":"2023-07-12T10:01:36","date_gmt":"2023-07-12T08:01:36","guid":{"rendered":"https:\/\/icebergng.udg.edu\/?page_id=16641"},"modified":"2023-07-21T10:38:53","modified_gmt":"2023-07-21T08:38:53","slug":"handbook-xid-eme","status":"publish","type":"page","link":"https:\/\/iceberg.udg.edu\/?page_id=16641","title":{"rendered":"English Medium Education: A Handbook for Teachers"},"content":{"rendered":"\n<h2 class=\"wp-block-heading\">Insights from the University of Girona<\/h2>\n\n\n\n<h2 class=\"wp-block-heading\">Xarxa d&#8217;Innovaci\u00f3 Docent sobre English as a Medium of Education<\/h2>\n\n\n\n<p>Al llarg d&#8217;aquest curs la Xarxa d&#8217;Innovaci\u00f3 Docent sobre English as a Medium of Education ha estat treballant en l&#8217;elaboraci\u00f3 del Handbook &#8220;<strong>English Medium Education: A Handbook for Teachers<\/strong>. <strong>Insights from the University of Girona<\/strong>&#8220;, una guia per al professorat sobre la doc\u00e8ncia en angl\u00e8s.<\/p>\n\n\n\n<p>Com s&#8217;esmenta en la seva introducci\u00f3: <\/p>\n\n\n\n<p> &#8220;The Handbook aims to be <strong>accessible and useful<\/strong> to current and future EME teachers. Although conceived initially for teachers at the University of Girona, it may be of equal interest to teachers and policymakers in other higher education (hereinafter HE) settings where EME is being implemented. The Handbook is organised into separate sections focusing on different themes of interest and concern to EME teachers. These themes have been extracted from an in-depth thematic analysis of presentations delivered by members of the EME Teaching Innovation Network (Institute of Education Sciences, UdG).&#8221;<\/p>\n\n\n\n<p>Est\u00e0 previst que la publicaci\u00f3 surti a la llum la tardor de 2023.<\/p>\n\n\n\n<p><\/p>\n\n\n\n<p><\/p>\n","protected":false},"excerpt":{"rendered":"<p>Insights from the University of Girona Xarxa d&#8217;Innovaci\u00f3 Docent sobre English as a Medium of Education Al llarg d&#8217;aquest curs la Xarxa d&#8217;Innovaci\u00f3 Docent sobre English as a Medium of Education ha estat treballant en l&#8217;elaboraci\u00f3 del Handbook &#8220;English Medium Education: A Handbook for Teachers. Insights from the University of Girona&#8220;, una guia per al [&hellip;]<\/p>\n","protected":false},"author":1,"featured_media":0,"parent":16026,"menu_order":0,"comment_status":"closed","ping_status":"closed","template":"","meta":{"footnotes":""},"class_list":["post-16641","page","type-page","status-publish","hentry"],"_links":{"self":[{"href":"https:\/\/iceberg.udg.edu\/index.php?rest_route=\/wp\/v2\/pages\/16641","targetHints":{"allow":["GET"]}}],"collection":[{"href":"https:\/\/iceberg.udg.edu\/index.php?rest_route=\/wp\/v2\/pages"}],"about":[{"href":"https:\/\/iceberg.udg.edu\/index.php?rest_route=\/wp\/v2\/types\/page"}],"author":[{"embeddable":true,"href":"https:\/\/iceberg.udg.edu\/index.php?rest_route=\/wp\/v2\/users\/1"}],"replies":[{"embeddable":true,"href":"https:\/\/iceberg.udg.edu\/index.php?rest_route=%2Fwp%2Fv2%2Fcomments&post=16641"}],"version-history":[{"count":5,"href":"https:\/\/iceberg.udg.edu\/index.php?rest_route=\/wp\/v2\/pages\/16641\/revisions"}],"predecessor-version":[{"id":16715,"href":"https:\/\/iceberg.udg.edu\/index.php?rest_route=\/wp\/v2\/pages\/16641\/revisions\/16715"}],"up":[{"embeddable":true,"href":"https:\/\/iceberg.udg.edu\/index.php?rest_route=\/wp\/v2\/pages\/16026"}],"wp:attachment":[{"href":"https:\/\/iceberg.udg.edu\/index.php?rest_route=%2Fwp%2Fv2%2Fmedia&parent=16641"}],"curies":[{"name":"wp","href":"https:\/\/api.w.org\/{rel}","templated":true}]}}