{"id":16643,"date":"2023-07-12T10:02:17","date_gmt":"2023-07-12T08:02:17","guid":{"rendered":"https:\/\/icebergng.udg.edu\/?page_id=16643"},"modified":"2023-07-21T10:27:05","modified_gmt":"2023-07-21T08:27:05","slug":"informe-xarxa-app","status":"publish","type":"page","link":"https:\/\/iceberg.udg.edu\/?page_id=16643","title":{"rendered":"L\u2019Aprenentatge Per Projectes (APP) a la Universitat de Girona"},"content":{"rendered":"\n<h2 class=\"wp-block-heading\">Xarxa d&#8217;Innovaci\u00f3 Docent sobre Aprenentatge Per Projectes<\/h2>\n\n\n\n<p>Aquest curs 2022-23 la Xarxa d&#8217;Innovaci\u00f3 Docent sobre Aprenentatge Per Projectes ha finalitzat l&#8217;elaboraci\u00f3 de l&#8217;informe \u201c<strong>L\u2019aprenentatge per projectes (APP) a la Universitat de Girona<\/strong>\u201d que ha centrat gran part de la seva activitat durant els tres darrers cursos acad\u00e8mics.<\/p>\n\n\n\n<p>En aquest informe s&#8217;analitza la pres\u00e8ncia de l\u2019APP en els centres docents de la Universitat de Girona, el seu desenvolupament i funcionament. Tamb\u00e9 s&#8217;hi inclou una part dedicada a l&#8217;avaluaci\u00f3 de l&#8217;APP i a la valoraci\u00f3 que en fan els estudiants participants. <\/p>\n\n\n\n<p>Est\u00e0 previst que la publicaci\u00f3 de l&#8217;informe surti a la llum a la tardor de 2023. <\/p>\n\n\n\n<p><\/p>\n","protected":false},"excerpt":{"rendered":"<p>Xarxa d&#8217;Innovaci\u00f3 Docent sobre Aprenentatge Per Projectes Aquest curs 2022-23 la Xarxa d&#8217;Innovaci\u00f3 Docent sobre Aprenentatge Per Projectes ha finalitzat l&#8217;elaboraci\u00f3 de l&#8217;informe \u201cL\u2019aprenentatge per projectes (APP) a la Universitat de Girona\u201d que ha centrat gran part de la seva activitat durant els tres darrers cursos acad\u00e8mics. En aquest informe s&#8217;analitza la pres\u00e8ncia de l\u2019APP [&hellip;]<\/p>\n","protected":false},"author":1,"featured_media":0,"parent":16026,"menu_order":0,"comment_status":"closed","ping_status":"closed","template":"","meta":{"footnotes":""},"class_list":["post-16643","page","type-page","status-publish","hentry"],"_links":{"self":[{"href":"https:\/\/iceberg.udg.edu\/index.php?rest_route=\/wp\/v2\/pages\/16643","targetHints":{"allow":["GET"]}}],"collection":[{"href":"https:\/\/iceberg.udg.edu\/index.php?rest_route=\/wp\/v2\/pages"}],"about":[{"href":"https:\/\/iceberg.udg.edu\/index.php?rest_route=\/wp\/v2\/types\/page"}],"author":[{"embeddable":true,"href":"https:\/\/iceberg.udg.edu\/index.php?rest_route=\/wp\/v2\/users\/1"}],"replies":[{"embeddable":true,"href":"https:\/\/iceberg.udg.edu\/index.php?rest_route=%2Fwp%2Fv2%2Fcomments&post=16643"}],"version-history":[{"count":3,"href":"https:\/\/iceberg.udg.edu\/index.php?rest_route=\/wp\/v2\/pages\/16643\/revisions"}],"predecessor-version":[{"id":16713,"href":"https:\/\/iceberg.udg.edu\/index.php?rest_route=\/wp\/v2\/pages\/16643\/revisions\/16713"}],"up":[{"embeddable":true,"href":"https:\/\/iceberg.udg.edu\/index.php?rest_route=\/wp\/v2\/pages\/16026"}],"wp:attachment":[{"href":"https:\/\/iceberg.udg.edu\/index.php?rest_route=%2Fwp%2Fv2%2Fmedia&parent=16643"}],"curies":[{"name":"wp","href":"https:\/\/api.w.org\/{rel}","templated":true}]}}