{"id":17444,"date":"2024-07-31T10:37:53","date_gmt":"2024-07-31T08:37:53","guid":{"rendered":"https:\/\/icebergng.udg.edu\/?page_id=17444"},"modified":"2024-07-31T10:37:54","modified_gmt":"2024-07-31T08:37:54","slug":"deteccio-de-necessitats-formatives","status":"publish","type":"page","link":"https:\/\/iceberg.udg.edu\/?page_id=17444","title":{"rendered":"Detecci\u00f3 de necessitats formatives"},"content":{"rendered":"\n<div class=\"wp-block-columns is-layout-flex wp-container-core-columns-is-layout-9d6595d7 wp-block-columns-is-layout-flex\">\n<div class=\"wp-block-column is-layout-flow wp-block-column-is-layout-flow\">\n<div class=\"wp-block-cover is-light\" style=\"min-height:160px;aspect-ratio:unset;\"><span aria-hidden=\"true\" class=\"wp-block-cover__background has-background-dim\" style=\"background-color:#393939\"><\/span><img loading=\"lazy\" decoding=\"async\" width=\"2560\" height=\"1920\" class=\"wp-block-cover__image-background wp-image-17688\" alt=\"\" src=\"https:\/\/iceberg.udg.edu\/wp-content\/uploads\/2024\/05\/pexels-energepic-com-27411-110473-scaled.jpg\" style=\"object-position:54% 69%\" data-object-fit=\"cover\" data-object-position=\"54% 69%\" srcset=\"https:\/\/iceberg.udg.edu\/wp-content\/uploads\/2024\/05\/pexels-energepic-com-27411-110473-scaled.jpg 2560w, https:\/\/iceberg.udg.edu\/wp-content\/uploads\/2024\/05\/pexels-energepic-com-27411-110473-300x225.jpg 300w, https:\/\/iceberg.udg.edu\/wp-content\/uploads\/2024\/05\/pexels-energepic-com-27411-110473-1024x768.jpg 1024w, https:\/\/iceberg.udg.edu\/wp-content\/uploads\/2024\/05\/pexels-energepic-com-27411-110473-768x576.jpg 768w, https:\/\/iceberg.udg.edu\/wp-content\/uploads\/2024\/05\/pexels-energepic-com-27411-110473-1536x1152.jpg 1536w, https:\/\/iceberg.udg.edu\/wp-content\/uploads\/2024\/05\/pexels-energepic-com-27411-110473-2048x1536.jpg 2048w, https:\/\/iceberg.udg.edu\/wp-content\/uploads\/2024\/05\/pexels-energepic-com-27411-110473-1320x990.jpg 1320w\" sizes=\"auto, (max-width: 2560px) 100vw, 2560px\" \/><div class=\"wp-block-cover__inner-container is-layout-flow wp-block-cover-is-layout-flow\">\n<div class=\"wp-block-buttons is-horizontal is-content-justification-center is-layout-flex wp-container-core-buttons-is-layout-499968f5 wp-block-buttons-is-layout-flex\">\n<div class=\"wp-block-button has-custom-font-size is-style-fill has-small-font-size\"><a class=\"wp-block-button__link has-black-color has-light-green-cyan-to-vivid-green-cyan-gradient-background has-text-color has-background wp-element-button\" href=\"https:\/\/iceberg.udg.edu\/?page_id=17605\" style=\"border-radius:10px\"><strong>Necessitats formatives del PDI<\/strong><\/a><\/div>\n<\/div>\n<\/div><\/div>\n<\/div>\n\n\n\n<div class=\"wp-block-column is-layout-flow wp-block-column-is-layout-flow\">\n<div class=\"wp-block-cover is-light\" style=\"min-height:160px;aspect-ratio:unset;\"><span aria-hidden=\"true\" class=\"wp-block-cover__background has-background-dim\"><\/span><img loading=\"lazy\" decoding=\"async\" width=\"2560\" height=\"1707\" class=\"wp-block-cover__image-background wp-image-17689\" alt=\"\" src=\"https:\/\/iceberg.udg.edu\/wp-content\/uploads\/2024\/05\/pexels-thepaintedsquare-4022332-scaled.jpg\" data-object-fit=\"cover\" srcset=\"https:\/\/iceberg.udg.edu\/wp-content\/uploads\/2024\/05\/pexels-thepaintedsquare-4022332-scaled.jpg 2560w, https:\/\/iceberg.udg.edu\/wp-content\/uploads\/2024\/05\/pexels-thepaintedsquare-4022332-300x200.jpg 300w, https:\/\/iceberg.udg.edu\/wp-content\/uploads\/2024\/05\/pexels-thepaintedsquare-4022332-1024x683.jpg 1024w, https:\/\/iceberg.udg.edu\/wp-content\/uploads\/2024\/05\/pexels-thepaintedsquare-4022332-768x512.jpg 768w, https:\/\/iceberg.udg.edu\/wp-content\/uploads\/2024\/05\/pexels-thepaintedsquare-4022332-1536x1024.jpg 1536w, https:\/\/iceberg.udg.edu\/wp-content\/uploads\/2024\/05\/pexels-thepaintedsquare-4022332-2048x1365.jpg 2048w, https:\/\/iceberg.udg.edu\/wp-content\/uploads\/2024\/05\/pexels-thepaintedsquare-4022332-1200x800.jpg 1200w, https:\/\/iceberg.udg.edu\/wp-content\/uploads\/2024\/05\/pexels-thepaintedsquare-4022332-1320x880.jpg 1320w\" sizes=\"auto, (max-width: 2560px) 100vw, 2560px\" \/><div class=\"wp-block-cover__inner-container is-layout-flow wp-block-cover-is-layout-flow\">\n<div class=\"wp-block-buttons is-content-justification-center is-layout-flex wp-container-core-buttons-is-layout-16018d1d wp-block-buttons-is-layout-flex\">\n<div class=\"wp-block-button has-custom-font-size has-small-font-size\"><a class=\"wp-block-button__link has-black-color has-light-green-cyan-to-vivid-green-cyan-gradient-background has-text-color has-background wp-element-button\" href=\"https:\/\/iceberg.udg.edu\/?page_id=17766\" style=\"border-radius:10px\"><strong>Prova diagn\u00f2stica de terceres lleng\u00fces als estudiants de nou acc\u00e9s<\/strong><\/a><\/div>\n<\/div>\n<\/div><\/div>\n<\/div>\n\n\n\n<div class=\"wp-block-column is-layout-flow wp-block-column-is-layout-flow\">\n<div class=\"wp-block-cover is-light\" style=\"min-height:160px;aspect-ratio:unset;\"><span aria-hidden=\"true\" class=\"wp-block-cover__background has-background-dim\" style=\"background-color:#393939\"><\/span><img loading=\"lazy\" decoding=\"async\" width=\"2560\" height=\"1708\" class=\"wp-block-cover__image-background wp-image-17690\" alt=\"\" src=\"https:\/\/iceberg.udg.edu\/wp-content\/uploads\/2024\/05\/pexels-pixabay-289737-1-1-scaled.jpg\" style=\"object-position:55% 54%\" data-object-fit=\"cover\" data-object-position=\"55% 54%\" srcset=\"https:\/\/iceberg.udg.edu\/wp-content\/uploads\/2024\/05\/pexels-pixabay-289737-1-1-scaled.jpg 2560w, https:\/\/iceberg.udg.edu\/wp-content\/uploads\/2024\/05\/pexels-pixabay-289737-1-1-300x200.jpg 300w, https:\/\/iceberg.udg.edu\/wp-content\/uploads\/2024\/05\/pexels-pixabay-289737-1-1-1024x683.jpg 1024w, https:\/\/iceberg.udg.edu\/wp-content\/uploads\/2024\/05\/pexels-pixabay-289737-1-1-768x512.jpg 768w, https:\/\/iceberg.udg.edu\/wp-content\/uploads\/2024\/05\/pexels-pixabay-289737-1-1-1536x1025.jpg 1536w, https:\/\/iceberg.udg.edu\/wp-content\/uploads\/2024\/05\/pexels-pixabay-289737-1-1-2048x1366.jpg 2048w, https:\/\/iceberg.udg.edu\/wp-content\/uploads\/2024\/05\/pexels-pixabay-289737-1-1-1200x800.jpg 1200w, https:\/\/iceberg.udg.edu\/wp-content\/uploads\/2024\/05\/pexels-pixabay-289737-1-1-1320x881.jpg 1320w\" sizes=\"auto, (max-width: 2560px) 100vw, 2560px\" \/><div class=\"wp-block-cover__inner-container is-layout-flow wp-block-cover-is-layout-flow\">\n<div class=\"wp-block-buttons is-horizontal is-content-justification-center is-layout-flex wp-container-core-buttons-is-layout-499968f5 wp-block-buttons-is-layout-flex\">\n<div class=\"wp-block-button has-custom-font-size is-style-fill has-small-font-size\"><a class=\"wp-block-button__link has-black-color has-light-green-cyan-to-vivid-green-cyan-gradient-background has-text-color has-background wp-element-button\" href=\"https:\/\/iceberg.udg.edu\/?page_id=17763\" style=\"border-radius:10px\"><strong>Necessitats formatives del PTGAS<\/strong><\/a><\/div>\n<\/div>\n<\/div><\/div>\n<\/div>\n<\/div>\n","protected":false},"excerpt":{"rendered":"","protected":false},"author":1,"featured_media":0,"parent":16861,"menu_order":0,"comment_status":"closed","ping_status":"closed","template":"","meta":{"footnotes":""},"class_list":["post-17444","page","type-page","status-publish","hentry"],"_links":{"self":[{"href":"https:\/\/iceberg.udg.edu\/index.php?rest_route=\/wp\/v2\/pages\/17444","targetHints":{"allow":["GET"]}}],"collection":[{"href":"https:\/\/iceberg.udg.edu\/index.php?rest_route=\/wp\/v2\/pages"}],"about":[{"href":"https:\/\/iceberg.udg.edu\/index.php?rest_route=\/wp\/v2\/types\/page"}],"author":[{"embeddable":true,"href":"https:\/\/iceberg.udg.edu\/index.php?rest_route=\/wp\/v2\/users\/1"}],"replies":[{"embeddable":true,"href":"https:\/\/iceberg.udg.edu\/index.php?rest_route=%2Fwp%2Fv2%2Fcomments&post=17444"}],"version-history":[{"count":11,"href":"https:\/\/iceberg.udg.edu\/index.php?rest_route=\/wp\/v2\/pages\/17444\/revisions"}],"predecessor-version":[{"id":17768,"href":"https:\/\/iceberg.udg.edu\/index.php?rest_route=\/wp\/v2\/pages\/17444\/revisions\/17768"}],"up":[{"embeddable":true,"href":"https:\/\/iceberg.udg.edu\/index.php?rest_route=\/wp\/v2\/pages\/16861"}],"wp:attachment":[{"href":"https:\/\/iceberg.udg.edu\/index.php?rest_route=%2Fwp%2Fv2%2Fmedia&parent=17444"}],"curies":[{"name":"wp","href":"https:\/\/api.w.org\/{rel}","templated":true}]}}