{"id":17605,"date":"2024-05-16T12:15:11","date_gmt":"2024-05-16T10:15:11","guid":{"rendered":"https:\/\/icebergng.udg.edu\/?page_id=17605"},"modified":"2024-07-31T10:44:27","modified_gmt":"2024-07-31T08:44:27","slug":"necessitats-formatives-del-pdi","status":"publish","type":"page","link":"https:\/\/iceberg.udg.edu\/?page_id=17605","title":{"rendered":"Necessitats formatives del PDI"},"content":{"rendered":"\n<p>La recollida de necessitats formatives del PDI per a l\u2019elaboraci\u00f3 del Pla Anual de Formaci\u00f3 del curs 2023-24 va incloure les propostes, demandes i suggeriments de centres, direccions de departaments i instituts aix\u00ed com les de les diferents unitats i serveis que ofereixen activitats formatives per al PDI.<\/p>\n\n\n\n<p>El proc\u00e9s de detecci\u00f3 es va realitzar durant el mes d\u2019octubre de 2023 a trav\u00e9s d\u2019un formulari Microsoft, en el cas dels deganats de centres i direccions de departaments i instituts, i a trav\u00e9s del correu electr\u00f2nic en el cas dels serveis. Es van recollir propostes i\/o demandes de quatre facultats, dos departaments i vuit serveis, les quals es van incorporar al Pla Anual de Formaci\u00f3 d\u2019enguany.<\/p>\n\n\n\n<p>Aquest Pla fou aprovat el 21 de febrer de 2024 en la sessi\u00f3 ordin\u00e0ria n\u00fam. 1\/2024 de la Comissi\u00f3 de Formaci\u00f3 del Personal Docent i Investigador de la Universitat de Girona, d\u2019aprovaci\u00f3 del Pla Anual de Formaci\u00f3 del PDI 2023-24. <\/p>\n\n\n\n<p><a href=\"https:\/\/www.udg.edu\/ca\/Portals\/51\/DOCUMENTS-FU\/Proposta_ACORD_CdF_PDI.pdf?ver=T9OUvVAM82dkcyzHq145mQ%3D%3D\"><strong>Ac\u00e9s al Pla Anual de Formaci\u00f3 del PDI 2023-24<\/strong><\/a><\/p>\n\n\n\n<p>A continuaci\u00f3 es pot veure el formulari enviat a centres, departaments i instituts:<\/p>\n\n\n<div class=\"wp-block-image\">\n<figure class=\"aligncenter size-full\"><img loading=\"lazy\" decoding=\"async\" width=\"803\" height=\"937\" src=\"https:\/\/iceberg.udg.edu\/wp-content\/uploads\/2024\/07\/image-2.png\" alt=\"\" class=\"wp-image-17964\" srcset=\"https:\/\/iceberg.udg.edu\/wp-content\/uploads\/2024\/07\/image-2.png 803w, https:\/\/iceberg.udg.edu\/wp-content\/uploads\/2024\/07\/image-2-257x300.png 257w, https:\/\/iceberg.udg.edu\/wp-content\/uploads\/2024\/07\/image-2-768x896.png 768w\" sizes=\"auto, (max-width: 803px) 100vw, 803px\" \/><\/figure>\n<\/div>\n\n<div class=\"wp-block-image\">\n<figure class=\"aligncenter size-full\"><img loading=\"lazy\" decoding=\"async\" width=\"804\" height=\"738\" src=\"https:\/\/iceberg.udg.edu\/wp-content\/uploads\/2024\/07\/image-3.png\" alt=\"\" class=\"wp-image-17965\" srcset=\"https:\/\/iceberg.udg.edu\/wp-content\/uploads\/2024\/07\/image-3.png 804w, https:\/\/iceberg.udg.edu\/wp-content\/uploads\/2024\/07\/image-3-300x275.png 300w, https:\/\/iceberg.udg.edu\/wp-content\/uploads\/2024\/07\/image-3-768x705.png 768w\" sizes=\"auto, (max-width: 804px) 100vw, 804px\" \/><\/figure>\n<\/div>\n\n<div class=\"wp-block-image\">\n<figure class=\"aligncenter size-full\"><img loading=\"lazy\" decoding=\"async\" width=\"804\" height=\"886\" src=\"https:\/\/iceberg.udg.edu\/wp-content\/uploads\/2024\/07\/image-4.png\" alt=\"\" class=\"wp-image-17966\" srcset=\"https:\/\/iceberg.udg.edu\/wp-content\/uploads\/2024\/07\/image-4.png 804w, https:\/\/iceberg.udg.edu\/wp-content\/uploads\/2024\/07\/image-4-272x300.png 272w, https:\/\/iceberg.udg.edu\/wp-content\/uploads\/2024\/07\/image-4-768x846.png 768w\" sizes=\"auto, (max-width: 804px) 100vw, 804px\" \/><\/figure>\n<\/div>\n\n<div class=\"wp-block-image\">\n<figure class=\"aligncenter size-full\"><img loading=\"lazy\" decoding=\"async\" width=\"803\" height=\"786\" src=\"https:\/\/iceberg.udg.edu\/wp-content\/uploads\/2024\/07\/image-5.png\" alt=\"\" class=\"wp-image-17967\" srcset=\"https:\/\/iceberg.udg.edu\/wp-content\/uploads\/2024\/07\/image-5.png 803w, https:\/\/iceberg.udg.edu\/wp-content\/uploads\/2024\/07\/image-5-300x294.png 300w, https:\/\/iceberg.udg.edu\/wp-content\/uploads\/2024\/07\/image-5-768x752.png 768w\" sizes=\"auto, (max-width: 803px) 100vw, 803px\" \/><\/figure>\n<\/div>","protected":false},"excerpt":{"rendered":"<p>La recollida de necessitats formatives del PDI per a l\u2019elaboraci\u00f3 del Pla Anual de Formaci\u00f3 del curs 2023-24 va incloure les propostes, demandes i suggeriments de centres, direccions de departaments i instituts aix\u00ed com les de les diferents unitats i serveis que ofereixen activitats formatives per al PDI. El proc\u00e9s de detecci\u00f3 es va realitzar [&hellip;]<\/p>\n","protected":false},"author":1,"featured_media":0,"parent":17444,"menu_order":0,"comment_status":"closed","ping_status":"closed","template":"","meta":{"footnotes":""},"class_list":["post-17605","page","type-page","status-publish","hentry"],"_links":{"self":[{"href":"https:\/\/iceberg.udg.edu\/index.php?rest_route=\/wp\/v2\/pages\/17605","targetHints":{"allow":["GET"]}}],"collection":[{"href":"https:\/\/iceberg.udg.edu\/index.php?rest_route=\/wp\/v2\/pages"}],"about":[{"href":"https:\/\/iceberg.udg.edu\/index.php?rest_route=\/wp\/v2\/types\/page"}],"author":[{"embeddable":true,"href":"https:\/\/iceberg.udg.edu\/index.php?rest_route=\/wp\/v2\/users\/1"}],"replies":[{"embeddable":true,"href":"https:\/\/iceberg.udg.edu\/index.php?rest_route=%2Fwp%2Fv2%2Fcomments&post=17605"}],"version-history":[{"count":11,"href":"https:\/\/iceberg.udg.edu\/index.php?rest_route=\/wp\/v2\/pages\/17605\/revisions"}],"predecessor-version":[{"id":18334,"href":"https:\/\/iceberg.udg.edu\/index.php?rest_route=\/wp\/v2\/pages\/17605\/revisions\/18334"}],"up":[{"embeddable":true,"href":"https:\/\/iceberg.udg.edu\/index.php?rest_route=\/wp\/v2\/pages\/17444"}],"wp:attachment":[{"href":"https:\/\/iceberg.udg.edu\/index.php?rest_route=%2Fwp%2Fv2%2Fmedia&parent=17605"}],"curies":[{"name":"wp","href":"https:\/\/api.w.org\/{rel}","templated":true}]}}