{"id":17763,"date":"2024-06-13T12:13:38","date_gmt":"2024-06-13T10:13:38","guid":{"rendered":"https:\/\/icebergng.udg.edu\/?page_id=17763"},"modified":"2024-07-31T10:46:11","modified_gmt":"2024-07-31T08:46:11","slug":"necessitats-formatives-del-ptgas","status":"publish","type":"page","link":"https:\/\/iceberg.udg.edu\/?page_id=17763","title":{"rendered":"Necessitats formatives del PTGAS"},"content":{"rendered":"\n<p><\/p>\n\n\n\n<p>La recollida de necessitats formatives del PTGAS per a l\u2019elaboraci\u00f3 del Pla Anual de Formaci\u00f3 del curs 2023-24 va incloure les propostes, demandes i suggeriments de centres i caps de serveis de les unitats.<\/p>\n\n\n\n<p>El proc\u00e9s de detecci\u00f3 es va realitzar durant el mes d\u2019octubre de 2023 a trav\u00e9s d\u2019un del correu electr\u00f2nic enviat als responsables de les unitats administratives.<\/p>\n\n\n\n<p>12 unitats administratives varen respondre a la crida:<\/p>\n\n\n\n<ul class=\"wp-block-list\">\n<li>\u00c0rea d\u2019Educaci\u00f3 i Psicologia<\/li>\n\n\n\n<li>\u00c0rea d\u2019Estudis de Ci\u00e8ncies<\/li>\n\n\n\n<li>\u00c0rea d\u2019Estudis de Dret i Econ\u00f2miques<\/li>\n\n\n\n<li>\u00c0rea d\u2019Estudis de Lletres i Turisme<\/li>\n\n\n\n<li>\u00c0rea de Comunicaci\u00f3 i Relacions Institucionals<\/li>\n\n\n\n<li>Assessoria Jur\u00eddica<\/li>\n\n\n\n<li>Institut de Ci\u00e8ncies de l\u2019Educaci\u00f3 Josep Pallach \u2013 Servei d\u2019Aprenentatge i Innovaci\u00f3 Docent<\/li>\n\n\n\n<li>La Biblioteca<\/li>\n\n\n\n<li>Oficina de Salut Laboral<\/li>\n\n\n\n<li>Oficina Internacional<\/li>\n\n\n\n<li>Oficina T\u00e8cnica de Ger\u00e8ncia<\/li>\n\n\n\n<li>Recursos Humans<\/li>\n\n\n\n<li>Servei d\u2019Economia, Patrimoni i Contractaci\u00f3<\/li>\n\n\n\n<li>Servei de Sistemes d&#8217;Informaci\u00f3 Geogr\u00e0fica i Teledetecci\u00f3<\/li>\n\n\n\n<li>Servei Inform\u00e0tic<\/li>\n\n\n\n<li>Servei T\u00e8cnic de Recerca<\/li>\n\n\n\n<li>Unitat de Comprom\u00eds Social<\/li>\n\n\n\n<li>Viceger\u00e8ncia d\u2019organitzaci\u00f3<\/li>\n<\/ul>\n\n\n\n<p>A partir d\u2019aquesta detecci\u00f3 de necessitat es va elaborar la proposta de cursos del Pla Anual de Formaci\u00f3 del PTGAS. El pla fou aprovat el 15 de novembre de 2023 per la Comissi\u00f3 de Formaci\u00f3 del Personal T\u00e8cnic, de Gesti\u00f3 i Administraci\u00f3 de la Universitat de Girona, d\u2019aprovaci\u00f3 del Pla Anual de Formaci\u00f3 del PTGAS 2023-24.<\/p>\n","protected":false},"excerpt":{"rendered":"<p>La recollida de necessitats formatives del PTGAS per a l\u2019elaboraci\u00f3 del Pla Anual de Formaci\u00f3 del curs 2023-24 va incloure les propostes, demandes i suggeriments de centres i caps de serveis de les unitats. El proc\u00e9s de detecci\u00f3 es va realitzar durant el mes d\u2019octubre de 2023 a trav\u00e9s d\u2019un del correu electr\u00f2nic enviat als [&hellip;]<\/p>\n","protected":false},"author":1,"featured_media":0,"parent":17444,"menu_order":0,"comment_status":"closed","ping_status":"closed","template":"","meta":{"footnotes":""},"class_list":["post-17763","page","type-page","status-publish","hentry"],"_links":{"self":[{"href":"https:\/\/iceberg.udg.edu\/index.php?rest_route=\/wp\/v2\/pages\/17763","targetHints":{"allow":["GET"]}}],"collection":[{"href":"https:\/\/iceberg.udg.edu\/index.php?rest_route=\/wp\/v2\/pages"}],"about":[{"href":"https:\/\/iceberg.udg.edu\/index.php?rest_route=\/wp\/v2\/types\/page"}],"author":[{"embeddable":true,"href":"https:\/\/iceberg.udg.edu\/index.php?rest_route=\/wp\/v2\/users\/1"}],"replies":[{"embeddable":true,"href":"https:\/\/iceberg.udg.edu\/index.php?rest_route=%2Fwp%2Fv2%2Fcomments&post=17763"}],"version-history":[{"count":4,"href":"https:\/\/iceberg.udg.edu\/index.php?rest_route=\/wp\/v2\/pages\/17763\/revisions"}],"predecessor-version":[{"id":18336,"href":"https:\/\/iceberg.udg.edu\/index.php?rest_route=\/wp\/v2\/pages\/17763\/revisions\/18336"}],"up":[{"embeddable":true,"href":"https:\/\/iceberg.udg.edu\/index.php?rest_route=\/wp\/v2\/pages\/17444"}],"wp:attachment":[{"href":"https:\/\/iceberg.udg.edu\/index.php?rest_route=%2Fwp%2Fv2%2Fmedia&parent=17763"}],"curies":[{"name":"wp","href":"https:\/\/api.w.org\/{rel}","templated":true}]}}