{"id":18560,"date":"2024-10-07T13:12:18","date_gmt":"2024-10-07T11:12:18","guid":{"rendered":"https:\/\/icebergng.udg.edu\/?page_id=18560"},"modified":"2024-10-14T13:17:10","modified_gmt":"2024-10-14T11:17:10","slug":"memoria-dactivitats-2007-2008","status":"publish","type":"page","link":"https:\/\/iceberg.udg.edu\/?page_id=18560","title":{"rendered":"Mem\u00f2ria d&#8217;activitats 2007-2008"},"content":{"rendered":"\n<h2 class=\"wp-block-heading\">1.- Doc\u00e8ncia universit\u00e0ria<\/h2>\n\n\n\n<ul class=\"wp-block-list\">\n<li>1.1.- Activitats de formaci\u00f3 i actualitzaci\u00f3 sobre doc\u00e8ncia universit\u00e0ria i innovaci\u00f31.\n<ul class=\"wp-block-list\">\n<li>1.1.1.- <a href=\"\/wp-content\/uploads\/2024\/10\/mem2007-2008fu.pdf\" data-type=\"URL\" data-id=\"\/wp-content\/uploads\/2024\/10\/mem2007-2008fu.pdf\" target=\"_blank\" rel=\"noreferrer noopener\">Cursos, tallers i seminaris<\/a><\/li>\n\n\n\n<li><span style=\"font-size: revert; color: initial;\">1.1.2.- <\/span><a style=\"font-size: revert;\" rel=\"noopener\" href=\"\/wp-content\/uploads\/2024\/10\/mem2007-2008postgraus.pdf\" target=\"_blank\">Postgrau en doc\u00e8ncia universit\u00e0ria i cursos d&#8217;especialitzaci\u00f3<\/a><\/li>\n\n\n\n<li><span style=\"font-size: revert; color: initial;\">1.1.3.- <\/span><a style=\"font-size: revert;\" rel=\"noopener\" href=\"\/wp-content\/uploads\/2024\/10\/mem2007-2008jornades.pdf\" target=\"_blank\">Jornades i confer\u00e8ncies<\/a><\/li>\n<\/ul>\n<\/li>\n\n\n\n<li>1.2.- Congressos internacionals1.\n<ul class=\"wp-block-list\">\n<li>1.2.1.- <a rel=\"noopener\" href=\"\/wp-content\/uploads\/2024\/10\/mem2007-2008univest.pdf\" target=\"_blank\">I Congr\u00e9s Internacionals UNIVEST&#8217;08. L&#8217;estudiant, eix del canvi a la universitat<\/a>1.<\/li>\n\n\n\n<li>1.2.2.- <a rel=\"noopener\" href=\"\/wp-content\/uploads\/2024\/10\/mem2007-2008cidui.pdf\" target=\"_blank\">V Congr\u00e9s Internacional Doc\u00e8ncia Universit\u00e0ria i Innovaci\u00f3. CIDUI<\/a>1.<\/li>\n<\/ul>\n<\/li>\n\n\n\n<li>1.3.- <a rel=\"noopener\" href=\"\/wp-content\/uploads\/2024\/10\/mem2007-2008pmmd.pdf\" target=\"_blank\">Programa Producci\u00f3 de Materials Multim\u00e8dia per a la Doc\u00e8ncia<\/a>1.<\/li>\n\n\n\n<li>1.4.- <a rel=\"noopener\" href=\"\/wp-content\/uploads\/2024\/10\/mem2007-2008inscripcions.pdf\" target=\"_blank\">Dades sobre les activitats<\/a><\/li>\n<\/ul>\n\n\n\n<h2 class=\"wp-block-heading\">2.- Formaci\u00f3 no universit\u00e0ria<\/h2>\n\n\n\n<ul class=\"wp-block-list\">\n<li>2.1.- <a rel=\"noopener\" href=\"\/wp-content\/uploads\/2024\/10\/mem2007-2008formacio_professors.pdf\" target=\"_blank\">Activitats de formaci\u00f3 adre\u00e7ades al professorat d&#8217;infantil, prim\u00e0ria, secund\u00e0ria, batxillerat i formaci\u00f3 professional<\/a><\/li>\n\n\n\n<li>2.2.- <a rel=\"noopener\" href=\"\/wp-content\/uploads\/2024\/10\/mem2007-2008equips.pdf\" target=\"_blank\">Equips ICE<\/a><\/li>\n\n\n\n<li>2.3.- <a rel=\"noopener\" href=\"\/wp-content\/uploads\/2024\/10\/mem2007-2008formacio_novells.pdf\" target=\"_blank\">Formaci\u00f3 professorat novell, substituts i tutors<\/a><\/li>\n<\/ul>\n\n\n\n<h2 class=\"wp-block-heading\">3.- CAP<\/h2>\n\n\n\n<ul class=\"wp-block-list\">\n<li><b> <a rel=\"noopener\" href=\"\/wp-content\/uploads\/2024\/10\/mem2007-2008cap.pdf\" target=\"_blank\">Certificat d&#8217;Aptitud Pedag\u00f2gica (CAP)<\/a><\/b><\/li>\n<\/ul>\n\n\n\n<h2 class=\"wp-block-heading\">4.- Certificat del M\u00f2dul II<\/h2>\n\n\n\n<ul class=\"wp-block-list\">\n<li><b> <a rel=\"noopener\" href=\"\/wp-content\/uploads\/2024\/10\/mem2007-2008modul2.pdf\" target=\"_blank\">Certificat de capacitaci\u00f3 en llengua catalana M\u00f2dul II<\/a><\/b><\/li>\n<\/ul>\n\n\n\n<h2 class=\"wp-block-heading\">5.- Publicacions<\/h2>\n\n\n\n<ul class=\"wp-block-list\">\n<li>5.1.-&nbsp;<a rel=\"noreferrer noopener\" href=\"\/wp-content\/uploads\/2024\/10\/mem2007-2008univest08.pdf\" target=\"_blank\">Congr\u00e9s Internacional L&#8217;estudiant, eix del canvi a la universitat. UNIVEST 08.<\/a><\/li>\n\n\n\n<li>5.2.-&nbsp;<a rel=\"noreferrer noopener\" href=\"\/wp-content\/uploads\/2024\/10\/mem2007-2008donar.pdf\" target=\"_blank\">Donar, rebre i compartir. L&#8217;estructura de l&#8217;aprenentatge cooperatiu a l&#8217;aula.<\/a><\/li>\n\n\n\n<li>5.3.-&nbsp;<a rel=\"noreferrer noopener\" href=\"\/wp-content\/uploads\/2024\/10\/mem2007-2008escultura.pdf\" target=\"_blank\">EScultura. Tallers pr\u00e0ctics a partir de les escultures p\u00fabliques de la ciutat de Girona.<\/a><\/li>\n\n\n\n<li>5.4.-&nbsp;<a rel=\"noreferrer noopener\" href=\"\/wp-content\/uploads\/2024\/10\/mem2007-2008eees.pdf\" target=\"_blank\">Experi\u00e8ncies d&#8217;adaptaci\u00f3 a l&#8217;EEES a l&#8217;Escola Polit\u00e8cnica Superior de la UdG.<\/a><\/li>\n\n\n\n<li>5.5.-&nbsp;<a rel=\"noreferrer noopener\" href=\"\/wp-content\/uploads\/2024\/10\/mem2007-2008nouvinguts.pdf\" target=\"_blank\">Nouvinguts, fins quan? La incorporaci\u00f3 de l&#8217;alumnat estranger nouvingut al curr\u00edculum ordinari.<\/a><\/li>\n<\/ul>\n\n\n\n<p><\/p>\n","protected":false},"excerpt":{"rendered":"<p>1.- Doc\u00e8ncia universit\u00e0ria 2.- Formaci\u00f3 no universit\u00e0ria 3.- CAP 4.- Certificat del M\u00f2dul II 5.- Publicacions<\/p>\n","protected":false},"author":1,"featured_media":0,"parent":12856,"menu_order":0,"comment_status":"closed","ping_status":"closed","template":"","meta":{"footnotes":""},"class_list":["post-18560","page","type-page","status-publish","hentry"],"_links":{"self":[{"href":"https:\/\/iceberg.udg.edu\/index.php?rest_route=\/wp\/v2\/pages\/18560","targetHints":{"allow":["GET"]}}],"collection":[{"href":"https:\/\/iceberg.udg.edu\/index.php?rest_route=\/wp\/v2\/pages"}],"about":[{"href":"https:\/\/iceberg.udg.edu\/index.php?rest_route=\/wp\/v2\/types\/page"}],"author":[{"embeddable":true,"href":"https:\/\/iceberg.udg.edu\/index.php?rest_route=\/wp\/v2\/users\/1"}],"replies":[{"embeddable":true,"href":"https:\/\/iceberg.udg.edu\/index.php?rest_route=%2Fwp%2Fv2%2Fcomments&post=18560"}],"version-history":[{"count":8,"href":"https:\/\/iceberg.udg.edu\/index.php?rest_route=\/wp\/v2\/pages\/18560\/revisions"}],"predecessor-version":[{"id":18902,"href":"https:\/\/iceberg.udg.edu\/index.php?rest_route=\/wp\/v2\/pages\/18560\/revisions\/18902"}],"up":[{"embeddable":true,"href":"https:\/\/iceberg.udg.edu\/index.php?rest_route=\/wp\/v2\/pages\/12856"}],"wp:attachment":[{"href":"https:\/\/iceberg.udg.edu\/index.php?rest_route=%2Fwp%2Fv2%2Fmedia&parent=18560"}],"curies":[{"name":"wp","href":"https:\/\/api.w.org\/{rel}","templated":true}]}}