{"id":18702,"date":"2024-10-09T13:46:04","date_gmt":"2024-10-09T11:46:04","guid":{"rendered":"https:\/\/icebergng.udg.edu\/?page_id=18702"},"modified":"2024-10-14T13:12:12","modified_gmt":"2024-10-14T11:12:12","slug":"memoria-dactivitats-2008-2009","status":"publish","type":"page","link":"https:\/\/iceberg.udg.edu\/?page_id=18702","title":{"rendered":"Mem\u00f2ria d&#8217;activitats 2008-2009"},"content":{"rendered":"\n<h2 class=\"wp-block-heading\">1.- Doc\u00e8ncia universit\u00e0ria<\/h2>\n\n\n\n<ul class=\"wp-block-list\">\n<li>1.1.-&nbsp;<a rel=\"noreferrer noopener\" href=\"\/wp-content\/uploads\/2024\/10\/mem2008-2009enquesta_necessitats.pdf\" target=\"_blank\">Resultats de l&#8217;Enquesta per a la detecci\u00f3 de necessitats formatives del PDI<\/a><\/li>\n\n\n\n<li>1.2.- Activitats de formaci\u00f3 i actualitzaci\u00f3 sobre doc\u00e8ncia universit\u00e0ria i innovaci\u00f3 classificades per modalitat\n<ul class=\"wp-block-list\">\n<li>1.2.1.-&nbsp;<a rel=\"noreferrer noopener\" href=\"\/wp-content\/uploads\/2024\/10\/mem2008-2009conferencies.pdf\" target=\"_blank\">Confer\u00e8ncies<\/a><\/li>\n\n\n\n<li>1.2.2.-&nbsp;<a rel=\"noreferrer noopener\" href=\"\/wp-content\/uploads\/2024\/10\/mem2008-2009cursos.pdf\" target=\"_blank\">Cursos<\/a><\/li>\n\n\n\n<li>1.2.3.-&nbsp;<a rel=\"noreferrer noopener\" href=\"\/wp-content\/uploads\/2024\/10\/mem2008-2009especialitzacio.pdf\" target=\"_blank\">Cursos d&#8217;Especialitzaci\u00f3<\/a><\/li>\n\n\n\n<li>1.2.4.-&nbsp;<a rel=\"noreferrer noopener\" href=\"\/wp-content\/uploads\/2024\/10\/mem2008-2009jornades.pdf\" target=\"_blank\">Jornades<\/a><\/li>\n\n\n\n<li>1.2.5.-&nbsp;<a rel=\"noreferrer noopener\" href=\"\/wp-content\/uploads\/2024\/10\/mem2008-2009seminaris.pdf\" target=\"_blank\">Seminaris<\/a><\/li>\n\n\n\n<li>1.2.6.-&nbsp;<a rel=\"noreferrer noopener\" href=\"\/wp-content\/uploads\/2024\/10\/mem2008-2009sessions.pdf\" target=\"_blank\">Sessions de Formaci\u00f3<\/a><\/li>\n\n\n\n<li>1.2.7.-&nbsp;<a rel=\"noreferrer noopener\" href=\"\/wp-content\/uploads\/2024\/10\/mem2008-2009tallers.pdf\" target=\"_blank\">Tallers<\/a><\/li>\n\n\n\n<li>1.2.8.-&nbsp;<a rel=\"noreferrer noopener\" href=\"\/wp-content\/uploads\/2024\/10\/mem2008-2009congressos_i_simposis.pdf\" target=\"_blank\">Congressos i simposis<\/a><\/li>\n<\/ul>\n<\/li>\n<\/ul>\n\n\n\n<p><\/p>\n\n\n\n<ul class=\"wp-block-list\">\n<li>1.3.-&nbsp;<a rel=\"noreferrer noopener\" href=\"\/wp-content\/uploads\/2024\/10\/mem2008-2009generals.pdf\" target=\"_blank\">Dades generals<\/a>\n<ul class=\"wp-block-list\">\n<li>1.3.1.-&nbsp;<a rel=\"noreferrer noopener\" href=\"\/wp-content\/uploads\/2024\/10\/mem2008-2009centres.pdf\" target=\"_blank\">Dades per Centres<\/a><\/li>\n\n\n\n<li>1.3.2.-&nbsp;<a rel=\"noreferrer noopener\" href=\"\/wp-content\/uploads\/2024\/10\/mem2008-2009departaments.pdf\" target=\"_blank\">Dades per Departaments<\/a><\/li>\n\n\n\n<li>1.3.3.-&nbsp;<a rel=\"noreferrer noopener\" href=\"\/wp-content\/uploads\/2024\/10\/mem2008-2009categories.pdf\" target=\"_blank\">Dades per Categoria del professorat<\/a><\/li>\n<\/ul>\n<\/li>\n\n\n\n<li>1.4.-&nbsp;<a rel=\"noreferrer noopener\" href=\"\/wp-content\/uploads\/2024\/10\/mem2008-2009pmmd.pdf\" target=\"_blank\">Programa Producci\u00f3 de Materials Multim\u00e8dia per a la Doc\u00e8ncia (PMMD)<\/a><\/li>\n\n\n\n<li>1.5.-&nbsp;<a rel=\"noreferrer noopener\" href=\"\/wp-content\/uploads\/2024\/10\/mem2008-2009avaluacio_activitats.pdf\" target=\"_blank\">Resultats de l&#8217;Enquesta d&#8217;Avaluaci\u00f3 de les Activitats realitzades<\/a><\/li>\n\n\n\n<li>1.6.-&nbsp;<a rel=\"noreferrer noopener\" href=\"\/wp-content\/uploads\/2024\/10\/mem2008-2009evolucio_activitats_inscripcions.pdf\" target=\"_blank\">Evoluci\u00f3 de les activitats i de les inscripcions en els darrers cursos<\/a><\/li>\n<\/ul>\n\n\n\n<h2 class=\"wp-block-heading\">2.- Formaci\u00f3 no universit\u00e0ria<\/h2>\n\n\n\n<ul class=\"wp-block-list\">\n<li>2.1.-&nbsp;<a rel=\"noreferrer noopener\" href=\"\/wp-content\/uploads\/2024\/10\/mem2008-2009formacio_professors.pdf\" target=\"_blank\">Activitats de formaci\u00f3 adre\u00e7ades al professorat d&#8217;infantil, prim\u00e0ria, secund\u00e0ria, batxillerat i formaci\u00f3 professional<\/a><\/li>\n\n\n\n<li>2.2.-&nbsp;<a rel=\"noreferrer noopener\" href=\"\/wp-content\/uploads\/2024\/10\/mem2008-2009equips.pdf\" target=\"_blank\">Equips ICE de formaci\u00f3 de formadors\/es<\/a><\/li>\n\n\n\n<li>2.3.-&nbsp;<a rel=\"noreferrer noopener\" href=\"\/wp-content\/uploads\/2024\/10\/mem2008-2009formacio_novells.pdf\" target=\"_blank\">Formaci\u00f3 professorat novell, substituts i tutors<\/a><\/li>\n<\/ul>\n\n\n\n<h2 class=\"wp-block-heading\">3.- <a rel=\"noreferrer noopener\" href=\"\/wp-content\/uploads\/2024\/10\/mem2008-2009Memoria_VISimposi.pdf\" target=\"_blank\">VI Simposi: Llengua, Educaci\u00f3 i Immigraci\u00f3<\/a><\/h2>\n\n\n\n<h2 class=\"wp-block-heading\">4.- <a rel=\"noopener\" href=\"\/wp-content\/uploads\/2024\/10\/mem2008-2009cap.pdf\" target=\"_blank\">Certificat d&#8217;Aptitud Pedag\u00f2gica (CAP)<\/a><\/h2>\n\n\n\n<h2 class=\"wp-block-heading\">5.- <a rel=\"noreferrer noopener\" href=\"\/wp-content\/uploads\/2024\/10\/mem2008-2009modul2.pdf\" target=\"_blank\">Certificat de capacitaci\u00f3 en llengua catalana M\u00f2dul II<\/a><\/h2>\n\n\n\n<h2 class=\"wp-block-heading\">6.-&nbsp;<a href=\"\/wp-content\/uploads\/2024\/10\/mem2008-2009publicacions.pdf\">Publicacions<\/a><\/h2>\n\n\n\n<h2 class=\"wp-block-heading\">7.-&nbsp;<a target=\"_blank\" href=\"\/wp-content\/uploads\/2024\/10\/mem2008-2009beca_pallach.pdf\" rel=\"noreferrer noopener\">Beca Pallach<\/a><\/h2>\n","protected":false},"excerpt":{"rendered":"<p>1.- Doc\u00e8ncia universit\u00e0ria 2.- Formaci\u00f3 no universit\u00e0ria 3.- VI Simposi: Llengua, Educaci\u00f3 i Immigraci\u00f3 4.- Certificat d&#8217;Aptitud Pedag\u00f2gica (CAP) 5.- Certificat de capacitaci\u00f3 en llengua catalana M\u00f2dul II 6.-&nbsp;Publicacions 7.-&nbsp;Beca Pallach<\/p>\n","protected":false},"author":1,"featured_media":0,"parent":12856,"menu_order":0,"comment_status":"closed","ping_status":"closed","template":"","meta":{"footnotes":""},"class_list":["post-18702","page","type-page","status-publish","hentry"],"_links":{"self":[{"href":"https:\/\/iceberg.udg.edu\/index.php?rest_route=\/wp\/v2\/pages\/18702","targetHints":{"allow":["GET"]}}],"collection":[{"href":"https:\/\/iceberg.udg.edu\/index.php?rest_route=\/wp\/v2\/pages"}],"about":[{"href":"https:\/\/iceberg.udg.edu\/index.php?rest_route=\/wp\/v2\/types\/page"}],"author":[{"embeddable":true,"href":"https:\/\/iceberg.udg.edu\/index.php?rest_route=\/wp\/v2\/users\/1"}],"replies":[{"embeddable":true,"href":"https:\/\/iceberg.udg.edu\/index.php?rest_route=%2Fwp%2Fv2%2Fcomments&post=18702"}],"version-history":[{"count":7,"href":"https:\/\/iceberg.udg.edu\/index.php?rest_route=\/wp\/v2\/pages\/18702\/revisions"}],"predecessor-version":[{"id":18900,"href":"https:\/\/iceberg.udg.edu\/index.php?rest_route=\/wp\/v2\/pages\/18702\/revisions\/18900"}],"up":[{"embeddable":true,"href":"https:\/\/iceberg.udg.edu\/index.php?rest_route=\/wp\/v2\/pages\/12856"}],"wp:attachment":[{"href":"https:\/\/iceberg.udg.edu\/index.php?rest_route=%2Fwp%2Fv2%2Fmedia&parent=18702"}],"curies":[{"name":"wp","href":"https:\/\/api.w.org\/{rel}","templated":true}]}}