{"id":18806,"date":"2024-10-14T09:34:22","date_gmt":"2024-10-14T07:34:22","guid":{"rendered":"https:\/\/icebergng.udg.edu\/?page_id=18806"},"modified":"2024-10-14T11:31:59","modified_gmt":"2024-10-14T09:31:59","slug":"memoria-dactivitats-2009-2010","status":"publish","type":"page","link":"https:\/\/iceberg.udg.edu\/?page_id=18806","title":{"rendered":"Mem\u00f2ria d&#8217;activitats 2009-2010"},"content":{"rendered":"\n<h2 class=\"wp-block-heading\">1.- Doc\u00e8ncia universit\u00e0ria<\/h2>\n\n\n\n<ul class=\"wp-block-list\">\n<li>1.1.-&nbsp;<a rel=\"noreferrer noopener\" href=\"\/wp-content\/uploads\/2024\/10\/mem2009-2010enquesta_necessitats.pdf\" target=\"_blank\"><em>Resultats de l&#8217;Enquesta per a la detecci\u00f3 de necessitats formatives del PDI<\/em><\/a><\/li>\n\n\n\n<li>1.2.-&nbsp;<em>Activitats de formaci\u00f3 i actualitzaci\u00f3 sobre doc\u00e8ncia universit\u00e0ria i innovaci\u00f3 classificades per modalitat:<\/em>\n<ul class=\"wp-block-list\">\n<li>1.2.1.-&nbsp;<a rel=\"noreferrer noopener\" href=\"\/wp-content\/uploads\/2024\/10\/mem2009-2010cursos.pdf\" target=\"_blank\">Cursos<\/a><\/li>\n\n\n\n<li>1.2.2.-&nbsp;<a rel=\"noreferrer noopener\" href=\"\/wp-content\/uploads\/2024\/10\/mem2009-2010especialitzacio.pdf\" target=\"_blank\">Cursos d&#8217;Especialitzaci\u00f3<\/a><\/li>\n\n\n\n<li>1.2.3.-&nbsp;<a rel=\"noreferrer noopener\" href=\"\/wp-content\/uploads\/2024\/10\/mem2009-2010JBP.pdf\" target=\"_blank\">Jornada de Bones Pr\u00e0ctiques<\/a><\/li>\n\n\n\n<li>1.2.4.-&nbsp;<a rel=\"noreferrer noopener\" href=\"\/wp-content\/uploads\/2024\/10\/mem2009-2010jornades.pdf\" target=\"_blank\">Jornades en col\u00b7laboraci\u00f3<\/a><\/li>\n\n\n\n<li>1.2.5.-&nbsp;<a rel=\"noreferrer noopener\" href=\"\/wp-content\/uploads\/2024\/10\/mem2009-2010seminaris.pdf\" target=\"_blank\">Seminaris<\/a><\/li>\n\n\n\n<li>1.2.6.-&nbsp;<a rel=\"noreferrer noopener\" href=\"\/wp-content\/uploads\/2024\/10\/mem2009-2010sessions.pdf\" target=\"_blank\">Sessions de Formaci\u00f3<\/a><\/li>\n\n\n\n<li>1.2.7.-&nbsp;<a rel=\"noreferrer noopener\" href=\"\/wp-content\/uploads\/2024\/10\/mem2009-2010XID.pdf\" target=\"_blank\">Xarxes d&#8217;innovaci\u00f3 docent<\/a><\/li>\n\n\n\n<li>1.2.8.- Congressos i simposis\n<ul class=\"wp-block-list\">\n<li>1.2.8.1.-<a rel=\"noreferrer noopener\" href=\"\/wp-content\/uploads\/2024\/10\/mem2009-2010memoria_UNIVEST09.pdf\" target=\"_blank\">II Congr\u00e9s Internacional UNIVEST&#8217;09<\/a><\/li>\n\n\n\n<li>1.2.8.2.-<a rel=\"noreferrer noopener\" href=\"\/wp-content\/uploads\/2024\/10\/mem2009-2010congressos_i_simposis.pdf\" target=\"_blank\">Congr\u00e9s Internacional CIDUI<\/a><\/li>\n<\/ul>\n<\/li>\n<\/ul>\n<\/li>\n\n\n\n<li>1.3.-&nbsp;<a rel=\"noreferrer noopener\" href=\"\/wp-content\/uploads\/2024\/10\/mem2009-2010generals.pdf\" target=\"_blank\"><em>Dades generals<\/em><\/a>\n<ul class=\"wp-block-list\">\n<li>1.3.1.- Dades de cursos, tallers, sessions, seminaris sobre doc\u00e8ncia universit\u00e0ria i jornades internes:\n<ul class=\"wp-block-list\">\n<li>1.3.1.1.-&nbsp;<a rel=\"noreferrer noopener\" href=\"\/wp-content\/uploads\/2024\/10\/mem2009-2010centres.pdf\" target=\"_blank\">Dades per Centres<\/a><\/li>\n\n\n\n<li>1.3.1.2.-&nbsp;<a rel=\"noreferrer noopener\" href=\"\/wp-content\/uploads\/2024\/10\/mem2009-2010departaments.pdf\" target=\"_blank\">Dades per Departaments<\/a><\/li>\n\n\n\n<li>1.3.1.3.-&nbsp;<a rel=\"noreferrer noopener\" href=\"\/wp-content\/uploads\/2024\/10\/mem2009-2010categories.pdf\" target=\"_blank\">Dades per Categoria del professorat<\/a><\/li>\n<\/ul>\n<\/li>\n<\/ul>\n<\/li>\n\n\n\n<li>1.4.-&nbsp;<a rel=\"noreferrer noopener\" href=\"\/wp-content\/uploads\/2024\/10\/mem2009-2010pmmd.pdf\" target=\"_blank\"><em>Programa Producci\u00f3 de Materials Multim\u00e8dia per a la Doc\u00e8ncia (PMMD)<\/em><\/a><\/li>\n\n\n\n<li>1.5.-&nbsp;<a rel=\"noreferrer noopener\" href=\"\/wp-content\/uploads\/2024\/10\/mem2009-2010avaluacio_activitats.pdf\" target=\"_blank\"><em>Resultats de l&#8217;Enquesta d&#8217;Avaluaci\u00f3 de les Activitats realitzades<\/em><\/a><\/li>\n\n\n\n<li>1.6.-&nbsp;<a rel=\"noreferrer noopener\" href=\"\/wp-content\/uploads\/2024\/10\/mem2009-2010evolucio_activitats_inscripcions.pdf\" target=\"_blank\"><em>Evoluci\u00f3 de les activitats i de les inscripcions en els darrers cursos<\/em><\/a><\/li>\n<\/ul>\n\n\n\n<h2 class=\"wp-block-heading\">2.- Formaci\u00f3 no universit\u00e0ria<\/h2>\n\n\n\n<ul class=\"wp-block-list\">\n<li>2.1.-&nbsp;<a rel=\"noreferrer noopener\" href=\"\/wp-content\/uploads\/2024\/10\/mem2009-2010formacio_professors.pdf\" target=\"_blank\">Activitats de formaci\u00f3 adre\u00e7ades al professorat d&#8217;infantil, prim\u00e0ria, secund\u00e0ria, batxillerat i formaci\u00f3 professional<\/a><\/li>\n\n\n\n<li>2.2.-&nbsp;<a rel=\"noreferrer noopener\" href=\"\/wp-content\/uploads\/2024\/10\/mem2009-2010equips.pdf\" target=\"_blank\">Equips ICE de formaci\u00f3 de formadors\/es<\/a><\/li>\n\n\n\n<li>2.3.-&nbsp;<a rel=\"noreferrer noopener\" href=\"\/wp-content\/uploads\/2024\/10\/mem2009-2010formacio_novells.pdf\" target=\"_blank\">Formaci\u00f3 professorat novell, substituts i tutors<\/a><\/li>\n<\/ul>\n\n\n\n<h2 class=\"wp-block-heading\">3.- <a rel=\"noreferrer noopener\" href=\"\/wp-content\/uploads\/2024\/10\/mem2009-2010modul2.pdf\" target=\"_blank\">Certificat de capacitaci\u00f3 en llengua catalana M\u00f2dul II<\/a><\/h2>\n\n\n\n<h2 class=\"wp-block-heading\">4.-&nbsp;<a href=\"\/wp-content\/uploads\/2024\/10\/mem2009-2010publicacions.pdf\">Publicacions<\/a><\/h2>\n\n\n\n<h2 class=\"wp-block-heading\">5.-&nbsp;<a rel=\"noreferrer noopener\" href=\"\/wp-content\/uploads\/2024\/10\/mem2009-2010beca_pallach.pdf\" target=\"_blank\">Beca Pallach<\/a><\/h2>\n","protected":false},"excerpt":{"rendered":"<p>1.- Doc\u00e8ncia universit\u00e0ria 2.- Formaci\u00f3 no universit\u00e0ria 3.- Certificat de capacitaci\u00f3 en llengua catalana M\u00f2dul II 4.-&nbsp;Publicacions 5.-&nbsp;Beca Pallach<\/p>\n","protected":false},"author":1,"featured_media":0,"parent":12856,"menu_order":0,"comment_status":"closed","ping_status":"closed","template":"","meta":{"footnotes":""},"class_list":["post-18806","page","type-page","status-publish","hentry"],"_links":{"self":[{"href":"https:\/\/iceberg.udg.edu\/index.php?rest_route=\/wp\/v2\/pages\/18806","targetHints":{"allow":["GET"]}}],"collection":[{"href":"https:\/\/iceberg.udg.edu\/index.php?rest_route=\/wp\/v2\/pages"}],"about":[{"href":"https:\/\/iceberg.udg.edu\/index.php?rest_route=\/wp\/v2\/types\/page"}],"author":[{"embeddable":true,"href":"https:\/\/iceberg.udg.edu\/index.php?rest_route=\/wp\/v2\/users\/1"}],"replies":[{"embeddable":true,"href":"https:\/\/iceberg.udg.edu\/index.php?rest_route=%2Fwp%2Fv2%2Fcomments&post=18806"}],"version-history":[{"count":7,"href":"https:\/\/iceberg.udg.edu\/index.php?rest_route=\/wp\/v2\/pages\/18806\/revisions"}],"predecessor-version":[{"id":18864,"href":"https:\/\/iceberg.udg.edu\/index.php?rest_route=\/wp\/v2\/pages\/18806\/revisions\/18864"}],"up":[{"embeddable":true,"href":"https:\/\/iceberg.udg.edu\/index.php?rest_route=\/wp\/v2\/pages\/12856"}],"wp:attachment":[{"href":"https:\/\/iceberg.udg.edu\/index.php?rest_route=%2Fwp%2Fv2%2Fmedia&parent=18806"}],"curies":[{"name":"wp","href":"https:\/\/api.w.org\/{rel}","templated":true}]}}