{"id":18836,"date":"2024-10-14T11:48:40","date_gmt":"2024-10-14T09:48:40","guid":{"rendered":"https:\/\/icebergng.udg.edu\/?page_id=18836"},"modified":"2024-10-14T11:48:41","modified_gmt":"2024-10-14T09:48:41","slug":"memoria-dactivitats-2010-2011","status":"publish","type":"page","link":"https:\/\/iceberg.udg.edu\/?page_id=18836","title":{"rendered":"Mem\u00f2ria d&#8217;activitats 2010-2011"},"content":{"rendered":"\n<h2 class=\"wp-block-heading\">1.- Doc\u00e8ncia universit\u00e0ria<\/h2>\n\n\n\n<ul class=\"wp-block-list\">\n<li>1.1.-&nbsp;<a rel=\"noreferrer noopener\" href=\"\/wp-content\/uploads\/2024\/10\/mem2010-2011enquesta_necessitats.pdf\" target=\"_blank\"><em>Resultats de l&#8217;Enquesta per a la detecci\u00f3 de necessitats formatives del PDI<\/em><\/a><\/li>\n\n\n\n<li>1.2.-&nbsp;<em>Activitats de formaci\u00f3 i actualitzaci\u00f3 sobre doc\u00e8ncia universit\u00e0ria i innovaci\u00f3 classificades per modalitat:<\/em>\n<ul class=\"wp-block-list\">\n<li>1.2.1.-&nbsp;<a rel=\"noreferrer noopener\" href=\"\/wp-content\/uploads\/2024\/10\/mem2010-2011cursos.pdf\" target=\"_blank\">Cursos<\/a><\/li>\n\n\n\n<li>1.2.2.-&nbsp;<a rel=\"noreferrer noopener\" href=\"\/wp-content\/uploads\/2024\/10\/mem2010-2011especialitzacio.pdf\" target=\"_blank\">Postgrau i Cursos d&#8217;Especialitzaci\u00f3<\/a><\/li>\n\n\n\n<li>1.2.3.-&nbsp;<a rel=\"noreferrer noopener\" href=\"\/wp-content\/uploads\/2024\/10\/mem2010-2011JBP.pdf\" target=\"_blank\">2es Jornades de Bones Pr\u00e0ctiques<\/a><\/li>\n\n\n\n<li>1.2.4.-&nbsp;<a rel=\"noreferrer noopener\" href=\"\/wp-content\/uploads\/2024\/10\/mem2010-2011jornades.pdf\" target=\"_blank\">Jornades en col\u00b7laboraci\u00f3<\/a><\/li>\n\n\n\n<li>1.2.5.-&nbsp;<a rel=\"noreferrer noopener\" href=\"\/wp-content\/uploads\/2024\/10\/mem2010-2011seminaris.pdf\" target=\"_blank\">Seminaris<\/a><\/li>\n\n\n\n<li>1.2.6.-&nbsp;<a rel=\"noreferrer noopener\" href=\"\/wp-content\/uploads\/2024\/10\/mem2010-2011sessions.pdf\" target=\"_blank\">Sessions de Formaci\u00f3<\/a><\/li>\n\n\n\n<li>1.2.7.-&nbsp;<a rel=\"noreferrer noopener\" href=\"\/wp-content\/uploads\/2024\/10\/mem2010-2011XID.pdf\" target=\"_blank\">Xarxes d&#8217;innovaci\u00f3 docent<\/a><\/li>\n\n\n\n<li>1.2.8.- Congressos i simposis\n<ul class=\"wp-block-list\">\n<li>1.2.8.1.-<a rel=\"noreferrer noopener\" href=\"\/wp-content\/uploads\/2024\/10\/mem2010-2011memoria_UNIVEST11.pdf\" target=\"_blank\">III Congr\u00e9s Internacional UNIVEST&#8217;11<\/a><\/li>\n\n\n\n<li>1.2.8.2.-<a rel=\"noreferrer noopener\" href=\"\/wp-content\/uploads\/2024\/10\/mem2010-2011congressos_i_simposis.pdf\" target=\"_blank\">Simposi CIDUI<\/a><\/li>\n<\/ul>\n<\/li>\n<\/ul>\n<\/li>\n\n\n\n<li>1.3.-&nbsp;<a rel=\"noreferrer noopener\" href=\"\/wp-content\/uploads\/2024\/10\/mem2010-2011generals.pdf\" target=\"_blank\"><em>Dades generals<\/em><\/a>\n<ul class=\"wp-block-list\">\n<li>1.3.1.- Dades de cursos, tallers, sessions, seminaris sobre doc\u00e8ncia universit\u00e0ria i jornades internes:\n<ul class=\"wp-block-list\">\n<li>1.3.1.1.-&nbsp;<a rel=\"noreferrer noopener\" href=\"\/wp-content\/uploads\/2024\/10\/mem2010-2011centres.pdf\" target=\"_blank\">Dades per Centres<\/a><\/li>\n\n\n\n<li>1.3.1.2.-&nbsp;<a rel=\"noreferrer noopener\" href=\"\/wp-content\/uploads\/2024\/10\/mem2010-2011departaments.pdf\" target=\"_blank\">Dades per Departaments<\/a><\/li>\n\n\n\n<li>1.3.1.3.-&nbsp;<a rel=\"noreferrer noopener\" href=\"\/wp-content\/uploads\/2024\/10\/mem2010-2011categories.pdf\" target=\"_blank\">Dades per Categoria del professorat<\/a><\/li>\n<\/ul>\n<\/li>\n<\/ul>\n<\/li>\n\n\n\n<li>1.4.-&nbsp;<a rel=\"noreferrer noopener\" href=\"\/wp-content\/uploads\/2024\/10\/mem2010-2011pmmd.pdf\" target=\"_blank\"><em>Programa Producci\u00f3 de Materials Multim\u00e8dia per a la Doc\u00e8ncia (PMMD)<\/em><\/a><\/li>\n\n\n\n<li>1.5.-&nbsp;<a rel=\"noreferrer noopener\" href=\"\/wp-content\/uploads\/2024\/10\/mem2010-2011avaluacio_activitats.pdf\" target=\"_blank\"><em>Resultats de l&#8217;Enquesta d&#8217;Avaluaci\u00f3 de les Activitats realitzades<\/em><\/a><\/li>\n\n\n\n<li>1.6.-&nbsp;<a rel=\"noreferrer noopener\" href=\"\/wp-content\/uploads\/2024\/10\/mem2010-2011evolucio_activitats_inscripcions.pdf\" target=\"_blank\"><em>Evoluci\u00f3 de les activitats i de les inscripcions en els darrers cursos<\/em><\/a><\/li>\n<\/ul>\n\n\n\n<ul class=\"wp-block-list\">\n<li><\/li>\n<\/ul>\n\n\n\n<h2 class=\"wp-block-heading\">2.- Formaci\u00f3 no universit\u00e0ria<\/h2>\n\n\n\n<ul class=\"wp-block-list\">\n<li>2.1.-&nbsp;<a rel=\"noreferrer noopener\" href=\"\/wp-content\/uploads\/2024\/10\/mem2010-2011formacio_professors.pdf\" target=\"_blank\"><em>Activitats de formaci\u00f3 adre\u00e7ades al professorat d&#8217;infantil, prim\u00e0ria, secund\u00e0ria, batxillerat i formaci\u00f3 professional<\/em><\/a><\/li>\n\n\n\n<li>2.2.-&nbsp;<a rel=\"noreferrer noopener\" href=\"\/wp-content\/uploads\/2024\/10\/mem2010-2011equips.pdf\" target=\"_blank\"><em>Equips ICE de formaci\u00f3 de formadors\/es<\/em><\/a><\/li>\n\n\n\n<li>2.3.-&nbsp;<a rel=\"noreferrer noopener\" href=\"\/wp-content\/uploads\/2024\/10\/mem2010-2011formacio_novells.pdf\" target=\"_blank\"><em>Formaci\u00f3 professorat novell, substituts i tutors<\/em><\/a><\/li>\n<\/ul>\n\n\n\n<h2 class=\"wp-block-heading\">3.- <a rel=\"noreferrer noopener\" href=\"\/wp-content\/uploads\/2024\/10\/mem2010-2011modul2.pdf\" target=\"_blank\"><\/a><a rel=\"noreferrer noopener\" href=\"\/wp-content\/uploads\/2024\/10\/mem2010-2011VIISimposi.pdf\" target=\"_blank\">VII Simposi: Llengua, Educaci\u00f3 i Immigraci\u00f3<\/a><\/h2>\n\n\n\n<h2 class=\"wp-block-heading\">4.-&nbsp;<a href=\"\/wp-content\/uploads\/2024\/10\/mem2010-2011publicacions.pdf\">Publicacions<\/a><\/h2>\n\n\n\n<h2 class=\"wp-block-heading\">5.-&nbsp;<a rel=\"noreferrer noopener\" href=\"\/wp-content\/uploads\/2024\/10\/mem2010-2011beca_pallach.pdf\" target=\"_blank\">Beca Pallach<\/a><\/h2>\n","protected":false},"excerpt":{"rendered":"<p>1.- Doc\u00e8ncia universit\u00e0ria 2.- Formaci\u00f3 no universit\u00e0ria 3.- VII Simposi: Llengua, Educaci\u00f3 i Immigraci\u00f3 4.-&nbsp;Publicacions 5.-&nbsp;Beca Pallach<\/p>\n","protected":false},"author":1,"featured_media":0,"parent":12856,"menu_order":0,"comment_status":"closed","ping_status":"closed","template":"","meta":{"footnotes":""},"class_list":["post-18836","page","type-page","status-publish","hentry"],"_links":{"self":[{"href":"https:\/\/iceberg.udg.edu\/index.php?rest_route=\/wp\/v2\/pages\/18836","targetHints":{"allow":["GET"]}}],"collection":[{"href":"https:\/\/iceberg.udg.edu\/index.php?rest_route=\/wp\/v2\/pages"}],"about":[{"href":"https:\/\/iceberg.udg.edu\/index.php?rest_route=\/wp\/v2\/types\/page"}],"author":[{"embeddable":true,"href":"https:\/\/iceberg.udg.edu\/index.php?rest_route=\/wp\/v2\/users\/1"}],"replies":[{"embeddable":true,"href":"https:\/\/iceberg.udg.edu\/index.php?rest_route=%2Fwp%2Fv2%2Fcomments&post=18836"}],"version-history":[{"count":3,"href":"https:\/\/iceberg.udg.edu\/index.php?rest_route=\/wp\/v2\/pages\/18836\/revisions"}],"predecessor-version":[{"id":18865,"href":"https:\/\/iceberg.udg.edu\/index.php?rest_route=\/wp\/v2\/pages\/18836\/revisions\/18865"}],"up":[{"embeddable":true,"href":"https:\/\/iceberg.udg.edu\/index.php?rest_route=\/wp\/v2\/pages\/12856"}],"wp:attachment":[{"href":"https:\/\/iceberg.udg.edu\/index.php?rest_route=%2Fwp%2Fv2%2Fmedia&parent=18836"}],"curies":[{"name":"wp","href":"https:\/\/api.w.org\/{rel}","templated":true}]}}