{"id":18892,"date":"2024-10-14T12:56:49","date_gmt":"2024-10-14T10:56:49","guid":{"rendered":"https:\/\/icebergng.udg.edu\/?page_id=18892"},"modified":"2024-10-14T13:07:09","modified_gmt":"2024-10-14T11:07:09","slug":"memoria-dactivitats-2011-2012","status":"publish","type":"page","link":"https:\/\/iceberg.udg.edu\/?page_id=18892","title":{"rendered":"Mem\u00f2ria d&#8217;activitats 2011-2012"},"content":{"rendered":"\n<h2 class=\"wp-block-heading\">1.- Doc\u00e8ncia universit\u00e0ria<\/h2>\n\n\n\n<ul class=\"wp-block-list\">\n<li>1.1.-&nbsp;<a rel=\"noreferrer noopener\" href=\"\/wp-content\/uploads\/2024\/10\/mem2011-2012enquesta_necessitats.pdf\" target=\"_blank\"><em>Resultats de l&#8217;Enquesta per a la detecci\u00f3 de necessitats formatives del PDI<\/em><\/a><\/li>\n\n\n\n<li>1.2.-&nbsp;<em>Activitats de formaci\u00f3 i actualitzaci\u00f3 sobre doc\u00e8ncia universit\u00e0ria i innovaci\u00f3 classificades per modalitat:<\/em>\n<ul class=\"wp-block-list\">\n<li>1.2.1.-&nbsp;<a rel=\"noreferrer noopener\" href=\"\/wp-content\/uploads\/2024\/10\/mem2011-2012cursos.pdf\" target=\"_blank\">Cursos<\/a><\/li>\n\n\n\n<li>1.2.2.-&nbsp;<a rel=\"noreferrer noopener\" href=\"\/wp-content\/uploads\/2024\/10\/mem2011-2012especialitzacio.pdf\" target=\"_blank\">Postgrau i Cursos d&#8217;Especialitzaci\u00f3<\/a><\/li>\n\n\n\n<li>1.2.3.-&nbsp;<a rel=\"noreferrer noopener\" href=\"\/wp-content\/uploads\/2024\/10\/mem2011-2012JBP.pdf\" target=\"_blank\">3es Jornades de Bones Pr\u00e0ctiques<\/a><\/li>\n\n\n\n<li>1.2.4.-&nbsp;<a rel=\"noreferrer noopener\" href=\"\/wp-content\/uploads\/2024\/10\/mem2011-2012jornades.pdf\" target=\"_blank\">Jornades en col\u00b7laboraci\u00f3<\/a><\/li>\n\n\n\n<li>1.2.5.-&nbsp;<a rel=\"noreferrer noopener\" href=\"\/wp-content\/uploads\/2024\/10\/mem2011-2012seminaris.pdf\" target=\"_blank\">Seminaris<\/a><\/li>\n\n\n\n<li>1.2.6.-&nbsp;<a rel=\"noreferrer noopener\" href=\"\/wp-content\/uploads\/2024\/10\/mem2011-2012sessions.pdf\" target=\"_blank\">Sessions de Formaci\u00f3<\/a><\/li>\n\n\n\n<li>1.2.7.-&nbsp;<a rel=\"noreferrer noopener\" href=\"\/wp-content\/uploads\/2024\/10\/mem2011-2012XID.pdf\" target=\"_blank\">Xarxes d&#8217;innovaci\u00f3 docent<\/a><\/li>\n\n\n\n<li>1.2.8.- Congressos i simposis\n<ul class=\"wp-block-list\">\n<li>1.2.8.1.-<a rel=\"noreferrer noopener\" href=\"\/wp-content\/uploads\/2024\/10\/mem2011-2012memoria_VII_CIDUI.pdf\" target=\"_blank\">VII CIDUI<\/a><\/li>\n<\/ul>\n<\/li>\n<\/ul>\n<\/li>\n\n\n\n<li>1.3.-&nbsp;<a rel=\"noreferrer noopener\" href=\"\/wp-content\/uploads\/2024\/10\/mem2011-2012generals.pdf\" target=\"_blank\"><em>Dades generals<\/em><\/a>\n<ul class=\"wp-block-list\">\n<li>1.3.1.- Dades de cursos, tallers, sessions, seminaris sobre doc\u00e8ncia universit\u00e0ria i jornades internes:\n<ul class=\"wp-block-list\">\n<li>1.3.1.1.-&nbsp;<a rel=\"noreferrer noopener\" href=\"\/wp-content\/uploads\/2024\/10\/mem2011-2012centres.pdf\" target=\"_blank\">Dades per Centres<\/a><\/li>\n\n\n\n<li>1.3.1.2.-&nbsp;<a rel=\"noreferrer noopener\" href=\"\/wp-content\/uploads\/2024\/10\/mem2011-2012departaments.pdf\" target=\"_blank\">Dades per Departaments<\/a><\/li>\n\n\n\n<li>1.3.1.3.-&nbsp;<a rel=\"noreferrer noopener\" href=\"\/wp-content\/uploads\/2024\/10\/mem2011-2012categories.pdf\" target=\"_blank\">Dades per Categoria del professorat<\/a><\/li>\n<\/ul>\n<\/li>\n<\/ul>\n<\/li>\n\n\n\n<li>1.4.-&nbsp;<a rel=\"noreferrer noopener\" href=\"\/wp-content\/uploads\/2024\/10\/mem2011-2012pmmd.pdf\" target=\"_blank\"><em>Programa Producci\u00f3 de Materials Multim\u00e8dia per a la Doc\u00e8ncia (PMMD)<\/em><\/a><\/li>\n\n\n\n<li>1.5.-&nbsp;<a rel=\"noreferrer noopener\" href=\"\/wp-content\/uploads\/2024\/10\/mem2011-2012avaluacio_activitats.pdf\" target=\"_blank\"><em>Resultats de l&#8217;Enquesta d&#8217;Avaluaci\u00f3 de les Activitats realitzades<\/em><\/a><\/li>\n\n\n\n<li>1.6.-&nbsp;<a rel=\"noreferrer noopener\" href=\"\/wp-content\/uploads\/2024\/10\/mem2011-2012evolucio_activitats_inscripcions.pdf\" target=\"_blank\"><em>Evoluci\u00f3 de les activitats i de les inscripcions en els darrers cursos<\/em><\/a><\/li>\n<\/ul>\n\n\n\n<h2 class=\"wp-block-heading\">2.- Formaci\u00f3 no universit\u00e0ria<\/h2>\n\n\n\n<ul class=\"wp-block-list\">\n<li>2.1.-&nbsp;<a rel=\"noreferrer noopener\" href=\"\/wp-content\/uploads\/2024\/10\/mem2011-2012formacio_professors.pdf\" target=\"_blank\"><em>Activitats de formaci\u00f3 adre\u00e7ades al professorat d&#8217;infantil, prim\u00e0ria, secund\u00e0ria, batxillerat i formaci\u00f3 professional<\/em><\/a><\/li>\n\n\n\n<li>2.2.-&nbsp;<a rel=\"noreferrer noopener\" href=\"\/wp-content\/uploads\/2024\/10\/mem2011-2012equips.pdf\" target=\"_blank\"><em>Equips ICE de formaci\u00f3 de formadors\/es<\/em><\/a><\/li>\n\n\n\n<li>2.3.-&nbsp;<a rel=\"noreferrer noopener\" href=\"\/wp-content\/uploads\/2024\/10\/mem2011-2012formacio_novells.pdf\" target=\"_blank\"><em>Formaci\u00f3 professorat novell, substituts i tutors<\/em><\/a><\/li>\n<\/ul>\n\n\n\n<h2 class=\"wp-block-heading\">3.-&nbsp;<a href=\"\/wp-content\/uploads\/2024\/10\/mem2011-2012publicacions.pdf\">Publicacions<\/a><\/h2>\n\n\n\n<h2 class=\"wp-block-heading\">4.-&nbsp;<a rel=\"noreferrer noopener\" href=\"\/wp-content\/uploads\/2024\/10\/mem2011-2012beca_pallach.pdf\" target=\"_blank\">Beca Pallach<\/a><\/h2>\n","protected":false},"excerpt":{"rendered":"<p>1.- Doc\u00e8ncia universit\u00e0ria 2.- Formaci\u00f3 no universit\u00e0ria 3.-&nbsp;Publicacions 4.-&nbsp;Beca Pallach<\/p>\n","protected":false},"author":1,"featured_media":0,"parent":12856,"menu_order":0,"comment_status":"closed","ping_status":"closed","template":"","meta":{"footnotes":""},"class_list":["post-18892","page","type-page","status-publish","hentry"],"_links":{"self":[{"href":"https:\/\/iceberg.udg.edu\/index.php?rest_route=\/wp\/v2\/pages\/18892","targetHints":{"allow":["GET"]}}],"collection":[{"href":"https:\/\/iceberg.udg.edu\/index.php?rest_route=\/wp\/v2\/pages"}],"about":[{"href":"https:\/\/iceberg.udg.edu\/index.php?rest_route=\/wp\/v2\/types\/page"}],"author":[{"embeddable":true,"href":"https:\/\/iceberg.udg.edu\/index.php?rest_route=\/wp\/v2\/users\/1"}],"replies":[{"embeddable":true,"href":"https:\/\/iceberg.udg.edu\/index.php?rest_route=%2Fwp%2Fv2%2Fcomments&post=18892"}],"version-history":[{"count":4,"href":"https:\/\/iceberg.udg.edu\/index.php?rest_route=\/wp\/v2\/pages\/18892\/revisions"}],"predecessor-version":[{"id":18896,"href":"https:\/\/iceberg.udg.edu\/index.php?rest_route=\/wp\/v2\/pages\/18892\/revisions\/18896"}],"up":[{"embeddable":true,"href":"https:\/\/iceberg.udg.edu\/index.php?rest_route=\/wp\/v2\/pages\/12856"}],"wp:attachment":[{"href":"https:\/\/iceberg.udg.edu\/index.php?rest_route=%2Fwp%2Fv2%2Fmedia&parent=18892"}],"curies":[{"name":"wp","href":"https:\/\/api.w.org\/{rel}","templated":true}]}}